{"id":27569,"date":"2023-02-01T15:30:09","date_gmt":"2023-05-05T08:19:13","guid":{"rendered":"https:\/\/factory.sale\/?post_type=product&#038;p=27569"},"modified":"2026-02-10T16:48:23","modified_gmt":"2026-02-10T13:48:23","slug":"tulva-kaulus-huum-hive-mini-kiuaslle-hive-mini-6-9-11","status":"publish","type":"product","link":"https:\/\/factory.sale\/fi\/tuote\/tulva-kaulus-huum-hive-mini-kiuaslle-hive-mini-6-9-11\/","title":{"rendered":"Tulva-kaulus HUUM HIVE Mini Kiukaalle (HIVE Mini 6, 9, 11)"},"content":{"rendered":"<h2><span style=\"font-size: 14pt;\">Tulva-kaulus HUUM HIVE Mini Kiukaalle (HIVE Mini 6, 9, 11)<\/span><\/h2>\n<p>Jos haluat erottua naapuristasi ja asentaa HUUM HIVE Mini -kiukaasi osittain saunan lattian sis\u00e4\u00e4n, upotuskaulus on tarpeen. Se on valmistettu ruostumattomasta ter\u00e4ksest\u00e4 ja peitt\u00e4\u00e4 ep\u00e4tasaiset puuviisteet kiukaan ymp\u00e4rill\u00e4, luoden siistin ja houkuttelevan viimeistelyn.<\/p>\n<p>&nbsp;<\/p>\n<p><strong>Tuotetiedot:<\/strong><\/p>\n<ul>\n<li>PAINO: 1,5 kg<\/li>\n<li>SIS\u00c4HALKAISIJA: 46,5 cm<\/li>\n<li>ULKOHALKAISIJA: 62,5 cm<\/li>\n<li>EAN: 4744103019137<\/li>\n<\/ul>\n<p>&nbsp;<\/p>\n<div class=\"video-wrapper \"><iframe loading=\"lazy\" title=\"HUUM HIVE embedding\" src=\"https:\/\/player.vimeo.com\/video\/986248138?dnt=1&amp;app_id=122963\" width=\"500\" height=\"281\" frameborder=\"0\" allow=\"autoplay; fullscreen; picture-in-picture; clipboard-write; encrypted-media; web-share\" referrerpolicy=\"strict-origin-when-cross-origin\"><\/iframe><\/div>\n<p>&nbsp;<\/p>\n<p><a title=\"Avaa video uudessa v\u00e4lilehdess\u00e4\" href=\"https:\/\/vimeo.com\/986248138\" target=\"_blank\" rel=\"noopener\">Avaa video uudessa v\u00e4lilehdess\u00e4<\/a><\/p>\n<p><a title=\"Tutustu samankaltaisiin tuotteisiin t\u00e4\u00e4ll\u00e4\" href=\"https:\/\/factory.sale\/fi\/tuote-osasto\/saniteetti\/sauna-kiukaiden-tarvikkeet\/\">Tutustu samankaltaisiin tuotteisiin t\u00e4\u00e4ll\u00e4<\/a><\/p>\n","protected":false},"excerpt":{"rendered":"<p>Jos haluat erottua naapuristasi ja asentaa HUUM HIVE Mini -kiukaasi osittain saunan lattian sis\u00e4\u00e4n, upotuskaulus on tarpeen. Se on valmistettu ruostumattomasta ter\u00e4ksest\u00e4 ja peitt\u00e4\u00e4 ep\u00e4tasaiset puuviisteet kiukaan ymp\u00e4rill\u00e4, luoden siistin ja houkuttelevan viimeistelyn.<\/p>\n","protected":false},"featured_media":100157,"comment_status":"open","ping_status":"closed","template":"","meta":{"_acf_changed":false},"factory":[],"free-shipment":[],"product_brand":[4433],"product_cat":[4893],"product_tag":[859],"class_list":{"0":"post-27569","1":"product","2":"type-product","3":"status-publish","4":"has-post-thumbnail","6":"product_brand-huum-fi","7":"product_cat-sauna-kiukaiden-tarvikkeet","8":"product_tag-huum-fi","10":"first","11":"instock","12":"sale","13":"taxable","14":"shipping-taxable","15":"purchasable","16":"product-type-simple"},"acf":[],"_links":{"self":[{"href":"https:\/\/factory.sale\/fi\/wp-json\/wp\/v2\/product\/27569","targetHints":{"allow":["GET"]}}],"collection":[{"href":"https:\/\/factory.sale\/fi\/wp-json\/wp\/v2\/product"}],"about":[{"href":"https:\/\/factory.sale\/fi\/wp-json\/wp\/v2\/types\/product"}],"replies":[{"embeddable":true,"href":"https:\/\/factory.sale\/fi\/wp-json\/wp\/v2\/comments?post=27569"}],"wp:featuredmedia":[{"embeddable":true,"href":"https:\/\/factory.sale\/fi\/wp-json\/wp\/v2\/media\/100157"}],"wp:attachment":[{"href":"https:\/\/factory.sale\/fi\/wp-json\/wp\/v2\/media?parent=27569"}],"wp:term":[{"taxonomy":"factory","embeddable":true,"href":"https:\/\/factory.sale\/fi\/wp-json\/wp\/v2\/factory?post=27569"},{"taxonomy":"free-shipment","embeddable":true,"href":"https:\/\/factory.sale\/fi\/wp-json\/wp\/v2\/free-shipment?post=27569"},{"taxonomy":"product_brand","embeddable":true,"href":"https:\/\/factory.sale\/fi\/wp-json\/wp\/v2\/product_brand?post=27569"},{"taxonomy":"product_cat","embeddable":true,"href":"https:\/\/factory.sale\/fi\/wp-json\/wp\/v2\/product_cat?post=27569"},{"taxonomy":"product_tag","embeddable":true,"href":"https:\/\/factory.sale\/fi\/wp-json\/wp\/v2\/product_tag?post=27569"}],"curies":[{"name":"wp","href":"https:\/\/api.w.org\/{rel}","templated":true}]}}