{"id":27567,"date":"2023-02-01T20:59:35","date_gmt":"2023-05-05T08:10:13","guid":{"rendered":"https:\/\/factory.sale\/?post_type=product&#038;p=27567"},"modified":"2026-02-10T14:37:44","modified_gmt":"2026-02-10T11:37:44","slug":"cliff-turvakaide","status":"publish","type":"product","link":"https:\/\/factory.sale\/fi\/tuote\/cliff-turvakaide\/","title":{"rendered":"CLIFF turvakaide"},"content":{"rendered":"<h2><span style=\"font-size: 14pt;\">CLIFF turvakaide<\/span><\/h2>\n<p><strong>Suojakaide on valmistettu kevyest\u00e4 puusta ja se sopii seuraaviin CLIFF-kiukaisiin:<\/strong><\/p>\n<ul>\n<li>HUUM CLIFF 6 kW<\/li>\n<li>HUUM CLIFF 9 kW<\/li>\n<li>HUUM CLIFF 10,5 kW<\/li>\n<\/ul>\n<p>&nbsp;<\/p>\n<p><strong>Tuotetiedot:<\/strong><\/p>\n<ul>\n<li>PAINO 2 kg<\/li>\n<li>PITUUS: 54,5 cm<\/li>\n<li>LEVEYS: 54,5 cm<\/li>\n<li>EAN: 4744103019342<\/li>\n<\/ul>\n<p>&nbsp;<\/p>\n<div class=\"video-wrapper \"><iframe loading=\"lazy\" title=\"HUUM CLIFF safety railing\" src=\"https:\/\/player.vimeo.com\/video\/986267389?dnt=1&amp;app_id=122963\" width=\"500\" height=\"281\" frameborder=\"0\" allow=\"autoplay; fullscreen; picture-in-picture; clipboard-write; encrypted-media; web-share\" referrerpolicy=\"strict-origin-when-cross-origin\"><\/iframe><\/div>\n<p>&nbsp;<\/p>\n<p><a title=\"Avaa video uudessa v\u00e4lilehdess\u00e4\" href=\"https:\/\/vimeo.com\/986267389\" target=\"_blank\" rel=\"noopener\">Avaa video uudessa v\u00e4lilehdess\u00e4<\/a><\/p>\n<p><a title=\"Tutustu samankaltaisiin tuotteisiin t\u00e4\u00e4ll\u00e4\" href=\"https:\/\/factory.sale\/fi\/tuote-osasto\/saniteetti\/sauna-kiukaiden-tarvikkeet\/\">Tutustu samankaltaisiin tuotteisiin t\u00e4\u00e4ll\u00e4<\/a><\/p>\n","protected":false},"excerpt":{"rendered":"<p>HUUM CLIFF -kiukaan suojakaide nostaa saunan turvallisuustason uudelle tasolle ja lis\u00e4\u00e4 tyylikkyytt\u00e4 kiukaallesi. T\u00e4m\u00e4 est\u00e4\u00e4 tahattoman kosketuksen kuuman kiukaan kanssa ja n\u00e4ytt\u00e4\u00e4 samalla hyv\u00e4lt\u00e4.<\/p>\n","protected":false},"featured_media":100035,"comment_status":"open","ping_status":"closed","template":"","meta":{"_acf_changed":false},"factory":[],"free-shipment":[],"product_brand":[4433],"product_cat":[4893],"product_tag":[859],"class_list":{"0":"post-27567","1":"product","2":"type-product","3":"status-publish","4":"has-post-thumbnail","6":"product_brand-huum-fi","7":"product_cat-sauna-kiukaiden-tarvikkeet","8":"product_tag-huum-fi","10":"first","11":"instock","12":"sale","13":"taxable","14":"shipping-taxable","15":"purchasable","16":"product-type-simple"},"acf":[],"_links":{"self":[{"href":"https:\/\/factory.sale\/fi\/wp-json\/wp\/v2\/product\/27567","targetHints":{"allow":["GET"]}}],"collection":[{"href":"https:\/\/factory.sale\/fi\/wp-json\/wp\/v2\/product"}],"about":[{"href":"https:\/\/factory.sale\/fi\/wp-json\/wp\/v2\/types\/product"}],"replies":[{"embeddable":true,"href":"https:\/\/factory.sale\/fi\/wp-json\/wp\/v2\/comments?post=27567"}],"wp:featuredmedia":[{"embeddable":true,"href":"https:\/\/factory.sale\/fi\/wp-json\/wp\/v2\/media\/100035"}],"wp:attachment":[{"href":"https:\/\/factory.sale\/fi\/wp-json\/wp\/v2\/media?parent=27567"}],"wp:term":[{"taxonomy":"factory","embeddable":true,"href":"https:\/\/factory.sale\/fi\/wp-json\/wp\/v2\/factory?post=27567"},{"taxonomy":"free-shipment","embeddable":true,"href":"https:\/\/factory.sale\/fi\/wp-json\/wp\/v2\/free-shipment?post=27567"},{"taxonomy":"product_brand","embeddable":true,"href":"https:\/\/factory.sale\/fi\/wp-json\/wp\/v2\/product_brand?post=27567"},{"taxonomy":"product_cat","embeddable":true,"href":"https:\/\/factory.sale\/fi\/wp-json\/wp\/v2\/product_cat?post=27567"},{"taxonomy":"product_tag","embeddable":true,"href":"https:\/\/factory.sale\/fi\/wp-json\/wp\/v2\/product_tag?post=27567"}],"curies":[{"name":"wp","href":"https:\/\/api.w.org\/{rel}","templated":true}]}}