{"id":27561,"date":"2023-02-13T12:53:05","date_gmt":"2023-05-05T07:58:26","guid":{"rendered":"https:\/\/factory.sale\/?post_type=product&#038;p=27561"},"modified":"2024-06-30T04:26:18","modified_gmt":"2024-06-30T04:26:18","slug":"puinen-ampari","status":"publish","type":"product","link":"https:\/\/factory.sale\/fi\/tuote\/puinen-ampari\/","title":{"rendered":"Puinen \u00e4mp\u00e4ri"},"content":{"rendered":"<p>Laadukkaat puiset \u00e4mp\u00e4rit saunak\u00e4ytt\u00f6\u00f6n.<\/p>\n<p>Muovinen sis\u00e4osa pident\u00e4\u00e4 tuotteen k\u00e4ytt\u00f6ik\u00e4\u00e4 ja helpottaa puhdistusta.<\/p>\n<p>Koodi: BP01<\/p>\n","protected":false},"excerpt":{"rendered":"<p>Laadukkaat puiset \u00e4mp\u00e4rit saunak\u00e4ytt\u00f6\u00f6n.<\/p>\n<p>Muovinen sis\u00e4osa pident\u00e4\u00e4 tuotteen k\u00e4ytt\u00f6ik\u00e4\u00e4 ja helpottaa puhdistusta.<\/p>\n","protected":false},"featured_media":22938,"comment_status":"open","ping_status":"closed","template":"","meta":{"_acf_changed":false},"factory":[],"free-shipment":[],"product_brand":[],"product_cat":[1334],"product_tag":[2271],"class_list":{"0":"post-27561","1":"product","2":"type-product","3":"status-publish","4":"has-post-thumbnail","6":"product_cat-saunatarvikkeet","7":"product_tag-wooden-fi","9":"first","10":"instock","11":"sale","12":"taxable","13":"shipping-taxable","14":"purchasable","15":"product-type-simple"},"acf":[],"_links":{"self":[{"href":"https:\/\/factory.sale\/fi\/wp-json\/wp\/v2\/product\/27561","targetHints":{"allow":["GET"]}}],"collection":[{"href":"https:\/\/factory.sale\/fi\/wp-json\/wp\/v2\/product"}],"about":[{"href":"https:\/\/factory.sale\/fi\/wp-json\/wp\/v2\/types\/product"}],"replies":[{"embeddable":true,"href":"https:\/\/factory.sale\/fi\/wp-json\/wp\/v2\/comments?post=27561"}],"wp:featuredmedia":[{"embeddable":true,"href":"https:\/\/factory.sale\/fi\/wp-json\/wp\/v2\/media\/22938"}],"wp:attachment":[{"href":"https:\/\/factory.sale\/fi\/wp-json\/wp\/v2\/media?parent=27561"}],"wp:term":[{"taxonomy":"factory","embeddable":true,"href":"https:\/\/factory.sale\/fi\/wp-json\/wp\/v2\/factory?post=27561"},{"taxonomy":"free-shipment","embeddable":true,"href":"https:\/\/factory.sale\/fi\/wp-json\/wp\/v2\/free-shipment?post=27561"},{"taxonomy":"product_brand","embeddable":true,"href":"https:\/\/factory.sale\/fi\/wp-json\/wp\/v2\/product_brand?post=27561"},{"taxonomy":"product_cat","embeddable":true,"href":"https:\/\/factory.sale\/fi\/wp-json\/wp\/v2\/product_cat?post=27561"},{"taxonomy":"product_tag","embeddable":true,"href":"https:\/\/factory.sale\/fi\/wp-json\/wp\/v2\/product_tag?post=27561"}],"curies":[{"name":"wp","href":"https:\/\/api.w.org\/{rel}","templated":true}]}}