{"id":27559,"date":"2023-02-13T12:30:21","date_gmt":"2023-05-05T07:55:40","guid":{"rendered":"https:\/\/factory.sale\/?post_type=product&#038;p=27559"},"modified":"2024-06-25T18:41:42","modified_gmt":"2024-06-25T18:41:42","slug":"amparikauha-duo-valkoinen","status":"publish","type":"product","link":"https:\/\/factory.sale\/fi\/tuote\/amparikauha-duo-valkoinen\/","title":{"rendered":"\u00c4mpari+Kauha duo (valkoinen)"},"content":{"rendered":"<p>\u00c4mp\u00e4ri ja kauha ovat erottamattomat, ja siksi ne tulevat samassa paketissa.<\/p>\n<p>&nbsp;<\/p>\n<p><strong>Tuotetiedot:<\/strong><\/p>\n<ul>\n<li>\u00c4mp\u00e4rin korkeus &#8211; 20 cm;<\/li>\n<li>\u00c4mp\u00e4rin halkaisija &#8211; 24 cm;<\/li>\n<li>\u00c4mp\u00e4rin paino &#8211; 652 g;<\/li>\n<li>\u00c4mp\u00e4rin tilavuus &#8211; 5,0 l;<\/li>\n<li>Kauhan kokonaispituus &#8211; 41 cm;<\/li>\n<li>Kauhan paino &#8211; 183 g;<\/li>\n<li>Kauhan tilavuus &#8211; 0,3 l;<\/li>\n<li>Pakkauksen mitat &#8211; 21 x 25 x 25 cm.<\/li>\n<li>Koodi: BLDW01<\/li>\n<\/ul>\n<p>&nbsp;<\/p>\n<p>&nbsp;<\/p>\n","protected":false},"excerpt":{"rendered":"<p>\u00c4mp\u00e4ri ja kauha ovat erottamattomat, ja siksi ne tulevat samassa paketissa.<\/p>\n","protected":false},"featured_media":22919,"comment_status":"open","ping_status":"closed","template":"","meta":{"_acf_changed":false},"factory":[],"free-shipment":[],"product_brand":[],"product_cat":[1027],"product_tag":[809],"class_list":{"0":"post-27559","1":"product","2":"type-product","3":"status-publish","4":"has-post-thumbnail","6":"product_cat-sauna-accessories-2","7":"product_tag-sauna","9":"first","10":"instock","11":"sale","12":"taxable","13":"shipping-taxable","14":"purchasable","15":"product-type-simple"},"acf":[],"_links":{"self":[{"href":"https:\/\/factory.sale\/fi\/wp-json\/wp\/v2\/product\/27559","targetHints":{"allow":["GET"]}}],"collection":[{"href":"https:\/\/factory.sale\/fi\/wp-json\/wp\/v2\/product"}],"about":[{"href":"https:\/\/factory.sale\/fi\/wp-json\/wp\/v2\/types\/product"}],"replies":[{"embeddable":true,"href":"https:\/\/factory.sale\/fi\/wp-json\/wp\/v2\/comments?post=27559"}],"wp:featuredmedia":[{"embeddable":true,"href":"https:\/\/factory.sale\/fi\/wp-json\/wp\/v2\/media\/22919"}],"wp:attachment":[{"href":"https:\/\/factory.sale\/fi\/wp-json\/wp\/v2\/media?parent=27559"}],"wp:term":[{"taxonomy":"factory","embeddable":true,"href":"https:\/\/factory.sale\/fi\/wp-json\/wp\/v2\/factory?post=27559"},{"taxonomy":"free-shipment","embeddable":true,"href":"https:\/\/factory.sale\/fi\/wp-json\/wp\/v2\/free-shipment?post=27559"},{"taxonomy":"product_brand","embeddable":true,"href":"https:\/\/factory.sale\/fi\/wp-json\/wp\/v2\/product_brand?post=27559"},{"taxonomy":"product_cat","embeddable":true,"href":"https:\/\/factory.sale\/fi\/wp-json\/wp\/v2\/product_cat?post=27559"},{"taxonomy":"product_tag","embeddable":true,"href":"https:\/\/factory.sale\/fi\/wp-json\/wp\/v2\/product_tag?post=27559"}],"curies":[{"name":"wp","href":"https:\/\/api.w.org\/{rel}","templated":true}]}}