{"id":27552,"date":"2022-09-14T11:15:07","date_gmt":"2023-05-05T07:32:41","guid":{"rendered":"https:\/\/factory.sale\/?post_type=product&#038;p=27552"},"modified":"2025-03-26T01:38:32","modified_gmt":"2025-03-25T22:38:32","slug":"ds-1-gt-1l","status":"publish","type":"product","link":"https:\/\/factory.sale\/fi\/tuote\/ds-1-gt-1l\/","title":{"rendered":"DS 1 GT 1L"},"content":{"rendered":"<p>Bakteereja ja sieni\u00e4 (hiivamaiset sienet) tappava neste kasvien pintojen ja prosessilinjojen desinfiointiin elintarviketeollisuudessa, mukaan lukien elintarvikekosketuspinnat. Nopea desinfiointi 1 minuutissa.<\/p>\n<p>Valmis k\u00e4ytt\u00f6\u00f6n.<\/p>\n<p>Bakteereja ja sieni\u00e4 (hiivamaiset sienet) tappava neste kasvien pintojen ja prosessilinjojen desinfiointiin elintarviketeollisuudessa, mukaan lukien elintarvikekosketuspinnat.<\/p>\n<p>Suositellaan k\u00e4ytett\u00e4v\u00e4ksi hyvinvointi-, hiustenhoito- ja kauneussalongeissa sek\u00e4 catering-laitoksissa.<\/p>\n<p>1 litran pullossa.<\/p>\n<p>V\u00e4himm\u00e4istilaus 6 pulloa<\/p>\n","protected":false},"excerpt":{"rendered":"<p>Bakteereja ja sieni\u00e4 (hiivamaiset sienet) tappava neste kasvien pintojen ja prosessilinjojen desinfiointiin elintarviketeollisuudessa, mukaan lukien elintarvikekosketuspinnat. Nopea desinfiointi 1 minuutissa.<\/p>\n","protected":false},"featured_media":13178,"comment_status":"open","ping_status":"closed","template":"","meta":{"_acf_changed":false},"factory":[],"free-shipment":[],"product_brand":[],"product_cat":[440,422],"product_tag":[1423,556,1409],"class_list":{"0":"post-27552","1":"product","2":"type-product","3":"status-publish","4":"has-post-thumbnail","6":"product_cat-desinfiointiaineet-ja-omahygienia","7":"product_cat-keemia-fi","8":"product_tag-chemistry-fi","9":"product_tag-disinfectant-fi","10":"product_tag-disinfecting-fi","12":"first","13":"instock","14":"sale","15":"taxable","16":"shipping-taxable","17":"purchasable","18":"product-type-simple"},"acf":[],"_links":{"self":[{"href":"https:\/\/factory.sale\/fi\/wp-json\/wp\/v2\/product\/27552","targetHints":{"allow":["GET"]}}],"collection":[{"href":"https:\/\/factory.sale\/fi\/wp-json\/wp\/v2\/product"}],"about":[{"href":"https:\/\/factory.sale\/fi\/wp-json\/wp\/v2\/types\/product"}],"replies":[{"embeddable":true,"href":"https:\/\/factory.sale\/fi\/wp-json\/wp\/v2\/comments?post=27552"}],"wp:featuredmedia":[{"embeddable":true,"href":"https:\/\/factory.sale\/fi\/wp-json\/wp\/v2\/media\/13178"}],"wp:attachment":[{"href":"https:\/\/factory.sale\/fi\/wp-json\/wp\/v2\/media?parent=27552"}],"wp:term":[{"taxonomy":"factory","embeddable":true,"href":"https:\/\/factory.sale\/fi\/wp-json\/wp\/v2\/factory?post=27552"},{"taxonomy":"free-shipment","embeddable":true,"href":"https:\/\/factory.sale\/fi\/wp-json\/wp\/v2\/free-shipment?post=27552"},{"taxonomy":"product_brand","embeddable":true,"href":"https:\/\/factory.sale\/fi\/wp-json\/wp\/v2\/product_brand?post=27552"},{"taxonomy":"product_cat","embeddable":true,"href":"https:\/\/factory.sale\/fi\/wp-json\/wp\/v2\/product_cat?post=27552"},{"taxonomy":"product_tag","embeddable":true,"href":"https:\/\/factory.sale\/fi\/wp-json\/wp\/v2\/product_tag?post=27552"}],"curies":[{"name":"wp","href":"https:\/\/api.w.org\/{rel}","templated":true}]}}