{"id":27548,"date":"2023-02-12T20:52:32","date_gmt":"2023-05-04T11:56:31","guid":{"rendered":"https:\/\/factory.sale\/?post_type=product&#038;p=27548"},"modified":"2025-10-28T10:57:14","modified_gmt":"2025-10-28T07:57:14","slug":"sauna-kuutio-3-x-6-m-oleskelutilalla","status":"publish","type":"product","link":"https:\/\/factory.sale\/fi\/tuote\/sauna-kuutio-3-x-6-m-oleskelutilalla\/","title":{"rendered":"Saunakuutio 3 x 6 m oleskelutilalla"},"content":{"rendered":"<p><strong>Runko.<\/strong><\/p>\n<p>T\u00e4m\u00e4 saunakuutio koostuu kahdesta liitetyst\u00e4 rungosta: 3286 x 4286 mm + 3286 x 2286 mm. Runko on valmistettu liimalevyst\u00e4 kuusipuusta. Runko koostuu alarungosta (100 x 160 mm), pylv\u00e4ist\u00e4 (140 x 140 mm) ja yl\u00e4kehikosta (140 x 200 mm) ja kest\u00e4\u00e4 183 kg\/m2 kattokuorman.<\/p>\n<p><strong>Sein\u00e4t.<\/strong><\/p>\n<p>1000 x 2200 mm sein\u00e4t on valmistettu kuusipuusta. Kevyet, kultaisen valkoiset kuuset ovat ihanteellisia kuutio-rakennusten suunnitteluun.<\/p>\n<p>Standardi t\u00e4yspaneelisein\u00e4.<\/p>\n<p>Sein\u00e4kehys 45 x 45 mm, paneeli peitetty 96 x 12 mm sis\u00e4puolella ja ulkopuolella 145 x 18 mm vaakasuorilla kuusipanelilevyill\u00e4.<\/p>\n<p><strong>Eristetty t\u00e4yspaneelisein\u00e4.<\/strong><\/p>\n<p>Eristys &#8211; 50 mm (kivivilla). Sein\u00e4kehys 45 x 45 mm, paneeli peitetty sis\u00e4puolelta 96 x 12 mm ja ulkopuolelta 145 x 18 mm vaakasuorilla kuusipanelilevyill\u00e4.<\/p>\n<p><strong>Katto.<\/strong><\/p>\n<p>Kattopaneelit on rakennettu kaksoisrakenteella ja peitetty 18 x 145 mm viimeistelylaudoilla. T\u00e4m\u00e4 rakenne kest\u00e4\u00e4 183 kg\/m2. Kaikkien Viking-kuutioiden kattojen korkeus on 2853 mm ja kaltevuus 1.310 (2,29%). K\u00e4yt\u00e4mme MIDA SELF KSK:ta kattop\u00e4\u00e4llysteen\u00e4, sen itsekiinnittyv\u00e4n elastomeerisen bitumimembraanin kattavan koko pinnan. Asennus on nopea, helppo ja turvallinen tapa kattaa kaikki kuutiot. Sinun tarvitsee vain avata, kiinnitt\u00e4\u00e4 nauloilla, poistaa suojakalvo ja painaa.<\/p>\n<p>Saunan sis\u00e4ll\u00e4: Saunan penkit ovat lehtipuuta; alumiiniset liukuovet (3 kiskoa) ovat 3000 x 2000 mm. Puinen suihkuovi (kuusesta) &#8211; 990 x 2195 mm; lasiovi saunatilaan &#8211; 698 x 1855 mm.<\/p>\n<p><strong>Alumiiniset liukuovet Alutech.<\/strong><\/p>\n<div class=\"group w-full text-gray-800 dark:text-gray-100 border-b border-black\/10 dark:border-gray-900\/50 bg-gray-50 dark:bg-[#444654]\">\n<div class=\"flex p-4 gap-4 text-base md:gap-6 md:max-w-2xl lg:max-w-xl xl:max-w-3xl md:py-6 lg:px-0 m-auto\">\n<div class=\"relative flex flex-col w-[calc(100%-50px)] gap-1 md:gap-3 lg:w-[calc(100%-115px)]\">\n<div class=\"flex flex-grow flex-col gap-3\">\n<div class=\"min-h-[20px] flex flex-col items-start gap-4 whitespace-pre-wrap break-words\">\n<div class=\"markdown prose w-full break-words dark:prose-invert light\">\n<p>Liukuvat osat on kehystetty alumiinikehyksill\u00e4, jotka on valmistettu &#8220;kylm\u00e4st\u00e4&#8221; yhdest\u00e4 alumiiniprofiilien kammiosta ilman eristystiivisteit\u00e4. Alumiinikehyksen liukuminen on tehty niin, ett\u00e4 koko rakenne on vakaa. Kehyspy\u00f6r\u00e4t on suunniteltu liitt\u00e4m\u00e4\u00e4n liikkeeseen ja niiss\u00e4 on alumiiniprofiilit pysty- ja vaakas\u00e4\u00e4t\u00f6\u00e4 varten, mik\u00e4 mahdollistaa liikkuvien osien eritt\u00e4in helpon liikkumisen. Tiivistysharja est\u00e4\u00e4 p\u00f6lyn p\u00e4\u00e4syn rakenteeseen ja kompensoi tuulen t\u00e4rin\u00e4\u00e4. Kaikki liikkuvat osat on eritt\u00e4in helppo irrottaa ja laittaa takaisin, joten lasin puhdistaminen ulkopuolelta ei ole ongelma. Suljetussa asennossa j\u00e4rjestelm\u00e4ss\u00e4 on automaattiset asennot lukitukselle ja avaukselle. Kahvat ja lukot on rakennettu alumiiniprofiiliin, joten lasi pysyy aina puhtaana avattaessa.<\/p>\n<p><strong>Sauna huoneen tilavuus on 17 m3.<\/strong><\/p>\n<p>&nbsp;<\/p>\n<p><strong>Tuotetiedot:<\/strong><\/p>\n<ul>\n<li>Henkil\u00f6m\u00e4\u00e4r\u00e4: 6 henkil\u00f6\u00e4<\/li>\n<li>Puulaji: Kuusi<\/li>\n<li>Muoto: Suorakaide<\/li>\n<li>Huoneita: 4<\/li>\n<li>Sis\u00e4tila: 18,0 m2<\/li>\n<li>Sauna-alue: 4,0 m2<\/li>\n<li>Korkeus: 2853 mm<\/li>\n<li>Sein\u00e4n korkeus: 2200 mm<\/li>\n<li>Lattian paksuus: 28 mm<\/li>\n<li>Ulkoiset verhoukset: 18 mm<\/li>\n<li>Sis\u00e4iset verhoukset: 12 mm<\/li>\n<li>Sein\u00e4n paksuus: 75 mm<\/li>\n<li>Eristys: 50 mm kivivilla<\/li>\n<li>Ulkomitat: 3286 x 4286 + 3286 x 2286 mm<\/li>\n<li>Oven koko: 3000 x 2200 mm<\/li>\n<li>Sis\u00e4inen tummennettu lasiovi: 620 x 1800 mm<\/li>\n<li>Koodi: GSC3X6<\/li>\n<\/ul>\n<div class=\"group w-full text-gray-800 dark:text-gray-100 border-b border-black\/10 dark:border-gray-900\/50 bg-gray-50 dark:bg-[#444654]\">\n<div class=\"flex p-4 gap-4 text-base md:gap-6 md:max-w-2xl lg:max-w-xl xl:max-w-3xl md:py-6 lg:px-0 m-auto\">\n<div class=\"relative flex flex-col w-[calc(100%-50px)] gap-1 md:gap-3 lg:w-[calc(100%-115px)]\">\n<div class=\"flex flex-grow flex-col gap-3\"><\/div>\n<div class=\"flex justify-between lg:block\">\n<div class=\"text-gray-400 flex self-end lg:self-center justify-center mt-2 gap-2 md:gap-3 lg:gap-1 lg:absolute lg:top-0 lg:translate-x-full lg:right-0 lg:mt-0 lg:pl-2 visible\">\n<ul>\n<li>Kokoamisaika: 11 tuntia<\/li>\n<li>Lavojen koko (P x L x K): 1. lava 3,4 x 1,2 x 2,6 m ja 2. lava 4,4 x 1,2 x 2,6 m<\/li>\n<\/ul>\n<p>On eritt\u00e4in t\u00e4rke\u00e4\u00e4, ett\u00e4 tuotteelle on asianmukainen alusta. Siksi suosittelemme noudattamaan piirustuksiamme ja konsultoimaan p\u00e4tev\u00e4\u00e4 paikallista rakentajaa tai insin\u00f6\u00f6ri\u00e4. Tuotteen alustan sopivuus paikalleen on \u00e4\u00e4rimm\u00e4isen t\u00e4rke\u00e4\u00e4.<\/p>\n<p>Virheellisen alustan vuoksi rakenne voi halkeilla. Jos tuote on ep\u00e4tasaisesti asetettu, rakennuksen geometrinen muoto voi muuttua, mik\u00e4 voi johtaa oven \/ ikkunoiden v\u00e4\u00e4ntymiseen ja\/tai aukkoihin. Pahimmassa tapauksessa tuote voi jopa romahtaa.<\/p>\n<p>Ennen alustan rakentamista varmista, ett\u00e4 otat huomioon maiseman ja maaper\u00e4n olosuhteet, joille tuote sijoitetaan. Alusta tuotteen alla on valmisteltava erityisesti tuotetta varten. Alustan on oltava homogeeninen, tiivis ja tasainen. Varmista, ett\u00e4 alustan ominaisuudet eiv\u00e4t muutu ajan my\u00f6t\u00e4. Suosittelemme tekem\u00e4\u00e4n alustan betonista ja vedenerist\u00e4m\u00e4\u00e4n sen ennen asennusta. Jos et noudata suosituksia alustan rakentamisesta, tuote menett\u00e4\u00e4 takuunsa!<\/p>\n<p><strong>SAUNAN K\u00c4YTT\u00c4MINEN JA VALMISTAUTUMINEN SAUNAN K\u00c4YTT\u00d6\u00d6N.<\/strong><\/p>\n<p>Jos sinulla on puul\u00e4mmitteinen kiuas, varmista, ett\u00e4 poistat kiukaan savupiipun suojakalvon ennen l\u00e4mmitt\u00e4mist\u00e4.<br \/>\nTarkista sauna ennen l\u00e4mmitt\u00e4mist\u00e4. Ei palavia esineit\u00e4 saa j\u00e4tt\u00e4\u00e4 kiukaan p\u00e4\u00e4lle tai sen l\u00e4heisyyteen.<br \/>\nTarkista, ett\u00e4 vesis\u00e4ili\u00f6ss\u00e4 on vett\u00e4 (jos k\u00e4yt\u00e4t sit\u00e4).<br \/>\nVarmista, ett\u00e4 saunan ovi on avattavissa helposti ennen k\u00e4ytt\u00f6\u00e4. Tarvittaessa saunaoven s\u00e4\u00e4t\u00f6 on asiakkaan vastuulla.<br \/>\n\u00c4l\u00e4 kiinnit\u00e4 mit\u00e4\u00e4n lis\u00e4tarvikkeita tai hyllyj\u00e4 kiukaan yl\u00e4puolelle.<br \/>\nKytke sauna p\u00e4\u00e4lle.<br \/>\nL\u00e4mp\u00f6mittarin tulee olla saunassa p\u00e4\u00e4n korkeudella. Se on oltava riitt\u00e4v\u00e4n kaukana kiukaasta, jotta se ei anna v\u00e4\u00e4ri\u00e4 lukemia.<br \/>\nOdota, ett\u00e4 sauna saavuttaa vaaditun l\u00e4mp\u00f6tilan (yleens\u00e4 80-90 \u00b0C).<br \/>\nKaikkien k\u00e4ytt\u00e4jien on oltava tietoisia potentiaalisista vaaroista ja vaatimuksista ennen saunomista!<\/p>\n<p>&nbsp;<\/p>\n<p><strong>Tuotevalikoimastamme l\u00f6yd\u00e4t my\u00f6s saunaasi sopivan<a href=\"https:\/\/factory.sale\/fi\/tuote-osasto\/saniteetti\/saunan-kiukaat\/\" target=\"_blank\" rel=\"noopener\"> kiukaan<\/a>:<\/strong><\/p>\n<ul>\n<li><a href=\"https:\/\/factory.sale\/fi\/tuote\/sahkoinen-lattialammitin-harvia-club-k135g\/\" target=\"_blank\" rel=\"noopener\">S\u00c4HK\u00d6INEN LATTIAL\u00c4MMITIN HARVIA CLUB K13,5G<\/a><\/li>\n<li><a href=\"https:\/\/factory.sale\/fi\/tuote\/sahkokiuas-harvia-club-k15g\/\" target=\"_blank\" rel=\"noopener\">S\u00c4HK\u00d6L\u00c4MMITYS HARVIA CLUB K15G<\/a><\/li>\n<li><a href=\"https:\/\/factory.sale\/fi\/tuote\/sauun-sahkokiukas-harvia-legend-po11-11-0kw-setti\/\" target=\"_blank\" rel=\"noopener\">S\u00c4HK\u00d6KIUKAS HARVIA LEGEND PO11, 11,0KW, SETTI<\/a><\/li>\n<\/ul>\n<p>&nbsp;<\/p>\n<p><strong>Perusta<\/strong><\/p>\n<p><img loading=\"lazy\" decoding=\"async\" class=\"alignnone wp-image-22748\" src=\"https:\/\/factory.sale\/wp-content\/uploads\/2023\/02\/Screenshot-2023-02-09-at-14.58.31-300x166.png\" sizes=\"auto, (max-width: 423px) 100vw, 423px\" srcset=\"https:\/\/factory.sale\/wp-content\/uploads\/2023\/02\/Screenshot-2023-02-09-at-14.58.31-300x166.png 300w, https:\/\/factory.sale\/wp-content\/uploads\/2023\/02\/Screenshot-2023-02-09-at-14.58.31-150x83.png 150w, https:\/\/factory.sale\/wp-content\/uploads\/2023\/02\/Screenshot-2023-02-09-at-14.58.31-600x333.png 600w, https:\/\/factory.sale\/wp-content\/uploads\/2023\/02\/Screenshot-2023-02-09-at-14.58.31.png 858w\" alt=\"\" width=\"423\" height=\"234\" \/><\/p>\n<div class=\"group w-full text-gray-800 dark:text-gray-100 border-b border-black\/10 dark:border-gray-900\/50 bg-gray-50 dark:bg-[#444654]\">\n<div class=\"flex p-4 gap-4 text-base md:gap-6 md:max-w-2xl lg:max-w-xl xl:max-w-3xl md:py-6 lg:px-0 m-auto\">\n<div class=\"relative flex flex-col w-[calc(100%-50px)] gap-1 md:gap-3 lg:w-[calc(100%-115px)]\">\n<div class=\"flex flex-grow flex-col gap-3\">\n<div class=\"min-h-[20px] flex flex-col items-start gap-4 whitespace-pre-wrap break-words\">\n<div class=\"markdown prose w-full break-words dark:prose-invert light\">\n<p><strong>HUOMIOITAVAT ASIAT ENNEN SAUNAN K\u00c4YTT\u00d6\u00c4<\/strong><\/p>\n<p>Nauti rentouttavasta saunan l\u00e4mm\u00f6st\u00e4 ja sen monista terveyshy\u00f6dyist\u00e4. Muista kuitenkin, ett\u00e4 pitk\u00e4aikainen oleskelu kuumassa saunassa nostaa kehon l\u00e4mp\u00f6tilaa, mik\u00e4 voi olla vaarallista erityisesti syd\u00e4n- tai muilla terveysriskeill\u00e4 oleville henkil\u00f6ille. Yleens\u00e4 suositeltu aika saunassa on 10-15 minuuttia. L\u00e4mmitysjakson j\u00e4lkeen pid\u00e4 noin 5 minuutin tauko ja toista.<\/p>\n<p><strong>Lis\u00e4ksi:<\/strong><\/p>\n<p>Tutustu turvallisuusohjeisiin ja pysy poissa kiukaan l\u00e4heisyydest\u00e4, kun se on kuuma. Ole eritt\u00e4in varovainen liikkuessasi saunassa, koska penkit ja lattiat voivat olla liukkaita! Saunaa ei saa k\u00e4ytt\u00e4\u00e4 raskaana olevat naiset eik\u00e4 hyvin pienet lapset. Poista kaikki korut ennen kuin menet kuumaan saunaan.<\/p>\n<p><strong>HUOLTO<\/strong><\/p>\n<p>Puut ovat luonnonmateriaaleja ja voivat muuttua ajan my\u00f6t\u00e4. Erilaiset halkeamat ja rakenteelliset tai v\u00e4rilliset muutokset eiv\u00e4t ole vikoja vaan ominaisuuksia puulle. Luonnonpuu (ilman kyll\u00e4styst\u00e4) muuttuu harmahtavaksi, kun se j\u00e4tet\u00e4\u00e4n koskemattomaksi pidemm\u00e4ksi aikaa. My\u00f6hemmin se voi muuttua sinert\u00e4v\u00e4ksi ja homehtua.<\/p>\n<p>K\u00e4sittele ja maalaa puu suojatakseen tuote ulkoap\u00e4in. Suosittelemme tarkistamaan sauna joka 6. kuukausi ja arvioimaan uudelleen kyll\u00e4st\u00e4misen ja maalaamisen tarpeen. Kes\u00e4ll\u00e4 saunan ollessa k\u00e4ytt\u00e4m\u00e4tt\u00e4 pid\u00e4 t\u00e4ysi vesi\u00e4mp\u00e4ri saunassa. Saunan ovet on s\u00e4\u00e4dett\u00e4v\u00e4 s\u00e4\u00e4nn\u00f6llisesti. Pid\u00e4 saunan ilmanvaihto auki koko ajan, jotta se kuivuu ja ilmaantuu hometta. Penkkien tahrojen poistamiseksi k\u00e4yt\u00e4 mietoa saippuavett\u00e4 ja pehme\u00e4\u00e4 puuvillakangasta. Sit\u00e4 voidaan k\u00e4ytt\u00e4\u00e4 my\u00f6s kiukaan puhdistamiseen &#8211; varmista vain, ett\u00e4 se on sammutettu ja t\u00e4ysin j\u00e4\u00e4htynyt puhdistettaessa. \u00c4l\u00e4 k\u00e4yt\u00e4 hankausaineita tai voimakkaita kemikaaleja penkkeihin, koska ne voivat valkaista ja v\u00e4\u00e4rist\u00e4\u00e4 puuta, pilata sen rakenteen ja saada sen harmaantumaan. N\u00e4ill\u00e4 yksinkertaisilla huoltovinkkeill\u00e4 saunasi pysyy kutsuvana, raikkaana ja nautinnollisena!<\/p>\n<\/div>\n<\/div>\n<\/div>\n<div class=\"flex justify-between lg:block\">\n<div class=\"text-gray-400 flex self-end lg:self-center justify-center mt-2 gap-2 md:gap-3 lg:gap-1 lg:absolute lg:top-0 lg:translate-x-full lg:right-0 lg:mt-0 lg:pl-2 visible\">\n<p>&nbsp;<\/p>\n<div class=\"flex gap-1\"><\/div>\n<\/div>\n<\/div>\n<\/div>\n<\/div>\n<\/div>\n<\/div>\n<\/div>\n<\/div>\n<\/div>\n<\/div>\n<\/div>\n<\/div>\n<\/div>\n<\/div>\n<\/div>\n<\/div>\n<p>&nbsp;<\/p>\n","protected":false},"excerpt":{"rendered":"<p>Puinen saunakuutio 3 x 6 m oleskelutilalla, jossa on tilaa enint\u00e4\u00e4n 6 hengelle.<\/p>\n","protected":false},"featured_media":22888,"comment_status":"open","ping_status":"closed","template":"","meta":{"_acf_changed":false},"factory":[],"free-shipment":[],"product_brand":[],"product_cat":[798,2256],"product_tag":[809],"class_list":{"0":"post-27548","1":"product","2":"type-product","3":"status-publish","4":"has-post-thumbnail","6":"product_cat-sauna-2","7":"product_cat-sauna-cubes","8":"product_tag-sauna","10":"first","11":"instock","12":"sale","13":"downloadable","14":"taxable","15":"shipping-taxable","16":"purchasable","17":"product-type-simple"},"acf":[],"_links":{"self":[{"href":"https:\/\/factory.sale\/fi\/wp-json\/wp\/v2\/product\/27548","targetHints":{"allow":["GET"]}}],"collection":[{"href":"https:\/\/factory.sale\/fi\/wp-json\/wp\/v2\/product"}],"about":[{"href":"https:\/\/factory.sale\/fi\/wp-json\/wp\/v2\/types\/product"}],"replies":[{"embeddable":true,"href":"https:\/\/factory.sale\/fi\/wp-json\/wp\/v2\/comments?post=27548"}],"wp:featuredmedia":[{"embeddable":true,"href":"https:\/\/factory.sale\/fi\/wp-json\/wp\/v2\/media\/22888"}],"wp:attachment":[{"href":"https:\/\/factory.sale\/fi\/wp-json\/wp\/v2\/media?parent=27548"}],"wp:term":[{"taxonomy":"factory","embeddable":true,"href":"https:\/\/factory.sale\/fi\/wp-json\/wp\/v2\/factory?post=27548"},{"taxonomy":"free-shipment","embeddable":true,"href":"https:\/\/factory.sale\/fi\/wp-json\/wp\/v2\/free-shipment?post=27548"},{"taxonomy":"product_brand","embeddable":true,"href":"https:\/\/factory.sale\/fi\/wp-json\/wp\/v2\/product_brand?post=27548"},{"taxonomy":"product_cat","embeddable":true,"href":"https:\/\/factory.sale\/fi\/wp-json\/wp\/v2\/product_cat?post=27548"},{"taxonomy":"product_tag","embeddable":true,"href":"https:\/\/factory.sale\/fi\/wp-json\/wp\/v2\/product_tag?post=27548"}],"curies":[{"name":"wp","href":"https:\/\/api.w.org\/{rel}","templated":true}]}}