{"id":27545,"date":"2023-02-10T11:15:12","date_gmt":"2023-05-04T11:37:18","guid":{"rendered":"https:\/\/factory.sale\/?post_type=product&#038;p=27545"},"modified":"2025-10-28T10:59:11","modified_gmt":"2025-10-28T07:59:11","slug":"saunakuutio-3-x-5-m-oleskelutilalla","status":"publish","type":"product","link":"https:\/\/factory.sale\/fi\/tuote\/saunakuutio-3-x-5-m-oleskelutilalla\/","title":{"rendered":"Saunakuutio 3 x 5 m oleskelutilalla"},"content":{"rendered":"<p><strong>Runko<\/strong>.<\/p>\n<p>T\u00e4m\u00e4 saunakuutio on valmistettu kahdesta yhteen kytketyst\u00e4 rungosta: 3286 x 3286 mm + 3286 x 2286 mm. Runko on valmistettu liimapuuparruista, jotka kest\u00e4v\u00e4t 183 kg\/m2 kattokuormaa. Runko koostuu alarungosta (100 x 160 mm), pylv\u00e4ist\u00e4 (140 x 140 mm) ja yl\u00e4osan rungosta (140 x 200 mm).<\/p>\n<p><strong>Sein\u00e4t.<\/strong><\/p>\n<p>1000 x 2200 mm sein\u00e4t on valmistettu kuusipuusta. Vaalean kultaisen kuusen ulkon\u00e4k\u00f6 sopii hyvin kuutioiden rakennussuunnitteluun.<\/p>\n<p><strong>T\u00e4ysipaneelisein\u00e4.<\/strong><\/p>\n<p>Sein\u00e4n runko 45 x 45 mm, joka on peitetty 96 x 12 mm sis\u00e4- ja ulkopuolisilla 145 x 18 mm vaakasuorilla kuusiverhoilupaneeleilla.<\/p>\n<p>Eristetty t\u00e4ysipaneelisein\u00e4.<\/p>\n<p>Eristys &#8211; 50 mm (kivivilla). Sein\u00e4n runko 45 x 45 mm, joka on peitetty sis\u00e4puolelta 96 x 12 mm ja ulkopuolelta 145 x 18 mm vaakasuorilla kuusiverhoilupaneeleilla.<\/p>\n<p><strong>Katto.<\/strong><\/p>\n<p>Kattopaneelit on rakennettu kaksinkertaisilla kattotuolirakenteilla ja ne on p\u00e4\u00e4llystetty 18 x 145 mm viimeistelyp\u00e4\u00e4llysteill\u00e4. T\u00e4m\u00e4 rakenne kest\u00e4\u00e4 183 kg\/m2. Kuution katto on 2853 mm korkea ja siin\u00e4 on 1,310 (2,29%) kaltevuus. Kattop\u00e4\u00e4llysteen\u00e4 k\u00e4ytet\u00e4\u00e4n MIDA SELF KSK -elastomeerista bitumikalvoa, joka peitt\u00e4\u00e4 koko pinnan. Kattorullien asennus on nopea, yksinkertainen ja turvallinen tapa kattaa kuutio. Sinun tarvitsee vain rullata se auki, kiinnitt\u00e4\u00e4 se nauloilla, poistaa suojakalvo ja painaa paikoilleen.<\/p>\n<p><strong>Saunan sis\u00e4ll\u00e4:<\/strong><\/p>\n<ul>\n<li>Saunan penkit on valmistettu lehtipuusta;<\/li>\n<li>Alumiininen liukuovi-j\u00e4rjestelm\u00e4 (3 rataa) on 3000 x 2000 mm.<\/li>\n<li>Puinen suihkun ovi (kuusesta) &#8211; 990 x 2195 mm;<\/li>\n<li>Lasiovi saunahuoneeseen &#8211; 698 x 1855 mm.<\/li>\n<\/ul>\n<p>&nbsp;<\/p>\n<p><strong>Alumiiniset liukuovet Alutech.<\/strong><\/p>\n<p>Liukuvat osat kehystet\u00e4\u00e4n alumiinikehyksill\u00e4, jotka on valmistettu &#8220;kylm\u00e4st\u00e4&#8221; yhden kammion alumiiniprofiileista, joissa on ei-erist\u00e4v\u00e4t tiivisteet. Alumiinirungon liukuminen on tehty niin, ett\u00e4 koko rakenne on vakaa. Runkorullilla on alumiiniprofiilit, jotka on suunniteltu kiinnitett\u00e4v\u00e4ksi liikkeeseen pysty- ja vaakas\u00e4\u00e4d\u00f6n tarjoamiseksi eritt\u00e4in helpon liikkeen liikkuvissa osissa. Tiivistyskarmit est\u00e4v\u00e4t p\u00f6lyn p\u00e4\u00e4syn rakenteeseen ja kompensoivat tuulen v\u00e4r\u00e4htely\u00e4. Kaikki liikkuvat osat on eritt\u00e4in helppo irrottaa ja laittaa takaisin, joten lasin puhdistuksessa ei ole ongelmaa ulkopuolelta. Suljetussa asennossa j\u00e4rjestelm\u00e4ss\u00e4 on automaattiset lukittu ja avattu asennot. Kahvat ja lukot on rakennettu alumiiniprofiiliin, joten lasi pysyy aina puhtaana avaamisen aikana.<\/p>\n<p><strong>Sauna-tilavuus on 17 m3.<\/strong><\/p>\n<p>Huomio! Tuotekuvat voivat poiketa standardituotekuvauksesta. Tuote on modulaarinen ja sein\u00e4j\u00e4rjestely\u00e4 voidaan muuttaa!<\/p>\n<p>&nbsp;<\/p>\n<p><strong>Tuotetiedot:<\/strong><\/p>\n<ul>\n<li>Henkil\u00f6t: 6 henkil\u00f6\u00e4<\/li>\n<li>Puutavara: Kuusi<\/li>\n<li>Muoto: Suorakaide<\/li>\n<li>Huone: 3<\/li>\n<li>Sis\u00e4tila-ala: 15,0 m2<\/li>\n<li>Sauna-ala: 4,0 m2<\/li>\n<li>Kokonaiskorkeus: 2853 mm<\/li>\n<li>Sein\u00e4n korkeus: 2200 mm<\/li>\n<li>Lattian paksuus: 28 mm<\/li>\n<li>Ulkokoristelu: 18 mm<\/li>\n<li>Sis\u00e4koristelu: 12mm<\/li>\n<li>Sein\u00e4n paksuus: 75 mm<\/li>\n<li>Eristys: 50 mm kivivilla<\/li>\n<li>Ulkomitat: 3286 x 3286 + 3286 x 2286 mm<\/li>\n<li>Oven koko: 3000 x 2200 mm<\/li>\n<li>Sis\u00e4tilan tummennettu lasiovi: 620 x 1800 mm<\/li>\n<li>Koodi: GSC3X5<\/li>\n<\/ul>\n<p>&nbsp;<\/p>\n<p><strong>STANDARDIPAKETTI:<\/strong><\/p>\n<ul>\n<li>2 kpl puutarhakuutiorunkoa kuusesta, koko 3 x 3 m + 3 x 2 m;<\/li>\n<li>Itsekiinnittyv\u00e4t bitumikatteiset kattopaneelit;<\/li>\n<li>9 standardikokoista t\u00e4yspaneelisein\u00e4\u00e4;<\/li>\n<li>7 eristetty\u00e4 t\u00e4yspaneelisein\u00e4\u00e4;<\/li>\n<li>1 eristetty sein\u00e4, johon on asennettu karkaistulasi ovea varten saunassa;<\/li>\n<li>Kaikki kattopaneelit ovat eristettyj\u00e4;<\/li>\n<li>2 saunanlauteet lehtipuusta;<\/li>\n<li>Kolme tilaa sis\u00e4ll\u00e4: sauna (2 x 2 m), oleskeluhuone (3 x 3 m), suihkuhuone (1 x 2 m);<\/li>\n<li>L\u00e4mm\u00f6nkest\u00e4v\u00e4t levyt kiukaalle;<\/li>\n<li>1 sis\u00e4lasiovi saunalle;<\/li>\n<li>Vaihtotilassa olevat ovet\/sein\u00e4t;<\/li>\n<li>1 kpl alumiinisia liukuovij\u00e4rjestelmi\u00e4 (3 raitaa) Alutech.<\/li>\n<\/ul>\n<p>&nbsp;<\/p>\n<p><strong>Tuotevalikoimastamme l\u00f6yd\u00e4t my\u00f6s saunaasi sopivan<a href=\"https:\/\/factory.sale\/fi\/tuote-osasto\/saniteetti\/saunan-kiukaat\/\" target=\"_blank\" rel=\"noopener\"> kiukaan<\/a>:<\/strong><\/p>\n<ul>\n<li><a href=\"https:\/\/factory.sale\/fi\/tuote\/sahkoinen-lattialammitin-harvia-club-k135g\/\" target=\"_blank\" rel=\"noopener\">S\u00c4HK\u00d6INEN LATTIAL\u00c4MMITIN HARVIA CLUB K13,5G<\/a><\/li>\n<li><a href=\"https:\/\/factory.sale\/fi\/tuote\/sahkokiuas-harvia-club-k15g\/\" target=\"_blank\" rel=\"noopener\">S\u00c4HK\u00d6L\u00c4MMITYS HARVIA CLUB K15G<\/a><\/li>\n<li><a href=\"https:\/\/factory.sale\/fi\/tuote\/sauun-sahkokiukas-harvia-legend-po11-11-0kw-setti\/\" target=\"_blank\" rel=\"noopener\">S\u00c4HK\u00d6KIUKAS HARVIA LEGEND PO11, 11,0KW, SETTI<\/a><\/li>\n<\/ul>\n<p>&nbsp;<\/p>\n<p><strong>Perusta<\/strong><\/p>\n<p><img loading=\"lazy\" decoding=\"async\" class=\"alignnone wp-image-22748\" src=\"https:\/\/factory.sale\/wp-content\/uploads\/2023\/02\/Screenshot-2023-02-09-at-14.58.31-300x166.png\" sizes=\"auto, (max-width: 423px) 100vw, 423px\" srcset=\"https:\/\/factory.sale\/wp-content\/uploads\/2023\/02\/Screenshot-2023-02-09-at-14.58.31-300x166.png 300w, https:\/\/factory.sale\/wp-content\/uploads\/2023\/02\/Screenshot-2023-02-09-at-14.58.31-150x83.png 150w, https:\/\/factory.sale\/wp-content\/uploads\/2023\/02\/Screenshot-2023-02-09-at-14.58.31-600x333.png 600w, https:\/\/factory.sale\/wp-content\/uploads\/2023\/02\/Screenshot-2023-02-09-at-14.58.31.png 858w\" alt=\"\" width=\"423\" height=\"234\" \/><\/p>\n<p>On eritt\u00e4in t\u00e4rke\u00e4\u00e4, ett\u00e4 saunassa on oikea pohja. Siksi suosittelemme, ett\u00e4 noudatat luonnoksiamme ja otat yhteytt\u00e4 p\u00e4tev\u00e4n paikallisen rakentajan tai insin\u00f6\u00f6rin kanssa. On eritt\u00e4in t\u00e4rke\u00e4\u00e4 varmistaa, ett\u00e4 saunasi pohja sopii sijaintiin.<br \/>\nV\u00e4\u00e4r\u00e4n pohjan vuoksi rakenne voi halkeilla. Jos tuote on sijoitettu ep\u00e4tasaisesti, rakennuksen geometrinen muoto voi muuttua, mik\u00e4 voi aiheuttaa oviin\/ikkunoihin<br \/>\nv\u00e4\u00e4ntymist\u00e4 ja\/tai rakoja. Pahimmassa tapauksessa tuote voi jopa romahtaa.<\/p>\n<ul>\n<li>Ennen pohjan rakentamista tulee huomioida maisemat ja maaolosuhteet, joilla sauna seisoo.<\/li>\n<li>Tuotteen alla oleva pohja on valmistettava erityisesti saunaa varten.<\/li>\n<li>Pohjan tulee olla tasainen, tiivis ja tasainen.<\/li>\n<li>Varmista, ett\u00e4 pohjan ominaisuudet eiv\u00e4t muutu ajan my\u00f6t\u00e4. Suosittelemme, ett\u00e4 pohja tehd\u00e4\u00e4n betonista ja vesieristet\u00e4\u00e4n ennen asennusta.<\/li>\n<li>Jos et noudata alustan rakentamissuosituksia, tuote menett\u00e4\u00e4 takuunsa!<\/li>\n<\/ul>\n<p>&nbsp;<\/p>\n<p><strong>SAUNAN K\u00c4YTT\u00d6 JA SAUNAN VALMISTELU K\u00c4YTT\u00d6\u00d6N.<\/strong><\/p>\n<p>Jos sinulla on puul\u00e4mmitteinen kiuas, muista poistaa kiukaan savupiipun suojakalvo ennen l\u00e4mmityst\u00e4.<br \/>\nTarkista sauna ennen l\u00e4mmitt\u00e4mist\u00e4. Kiukaan p\u00e4\u00e4lle tai l\u00e4helle ei saa j\u00e4tt\u00e4\u00e4 syttyvi\u00e4 esineit\u00e4.<br \/>\nTarkista, ett\u00e4 vesis\u00e4ili\u00f6ss\u00e4 on vett\u00e4 (jos k\u00e4yt\u00e4t sit\u00e4).<br \/>\nVarmista ennen k\u00e4ytt\u00f6\u00e4, ett\u00e4 saunan ovi on avattu ja helppo avata. Saunan ovi tulee tarvittaessa s\u00e4\u00e4t\u00e4\u00e4 asiakkaan toimesta.<br \/>\n\u00c4l\u00e4 asenna lis\u00e4tarvikkeita tai hyllyj\u00e4 l\u00e4mmittimen yl\u00e4puolelle.<br \/>\nKytke saunan kiuas p\u00e4\u00e4lle.<br \/>\nL\u00e4mp\u00f6mittarin tulee olla saunassa p\u00e4\u00e4n tasolla. Sen tulisi olla kauempana l\u00e4mmittimest\u00e4, jotta se ei anna v\u00e4\u00e4r\u00e4\u00e4 lukemaa.<br \/>\nOdota, ett\u00e4 sauna saavuttaa vaaditun l\u00e4mp\u00f6tilan (normaalisti 80-90 \u00baC).<br \/>\nKaikkien k\u00e4ytt\u00e4jien tulee olla tietoisia mahdollisista vaaroista ja vaatimuksista ennen saunaan osallistumista!<\/p>\n<p>&nbsp;<\/p>\n<p><strong>HUOMIOITAVAA SAUNAA K\u00c4YTETT\u00c4ESS\u00c4<\/strong><\/p>\n<p>Nauti saunasi rentouttavan l\u00e4mm\u00f6n monista terveyshy\u00f6dyist\u00e4. Mutta muista: pitki\u00e4 aikoja kuumassa saunassa oleminen nostaa kehon l\u00e4mp\u00f6tilaa, mik\u00e4 voi olla vaarallista varsinkin niille, joilla on syd\u00e4nsairaus tai muita terveysriskej\u00e4. Yleens\u00e4 suositeltu aika saunassa on 10-15 minuuttia. Pid\u00e4 5 minuutin tauko l\u00e4mmitysjakson j\u00e4lkeen ja toista sitten.<\/p>\n<p><strong>My\u00f6s:<\/strong><\/p>\n<p>Tutustu turvallisuusohjeisiin ja pysy kaukana l\u00e4mmittimest\u00e4, kun se on kuuma.<br \/>\nOle eritt\u00e4in varovainen liikkuessasi saunassa, sill\u00e4 lauteet ja lattiat voivat olla liukkaita!<br \/>\nRaskaana olevat naiset tai hyvin pienet lapset eiv\u00e4t saa k\u00e4ytt\u00e4\u00e4 saunaa.<br \/>\nPoista kaikki korut ennen kuumaan saunaan menoa.<\/p>\n<p><strong>HUOLTO<\/strong><\/p>\n<p>Puu on luonnollinen materiaali ja voi muuttua ajan my\u00f6t\u00e4. Erikokoiset halkeamat ja rakenteelliset tai v\u00e4rimuutokset eiv\u00e4t ole puutteita, vaan ne ovat puun piirteit\u00e4. Luonnonpuu (ei kyll\u00e4stetty) muuttuu harmahtavaksi j\u00e4\u00e4ty\u00e4\u00e4n hetkeksi koskemattomaksi. My\u00f6hemmin se voi sinerty\u00e4\u00a0ja peittyy homeella.<\/p>\n<p>Kyll\u00e4st\u00e4 ja maalaa puu suojaamaan tuotetta ulkopuolelta. Suosittelemme saunan tarkastusta 6 kuukauden v\u00e4lein ja uudelleenkyll\u00e4styksen sek\u00e4 maalauksen tarpeen arvioimista.<br \/>\nKun sauna ei ole k\u00e4yt\u00f6ss\u00e4 kes\u00e4ll\u00e4, pid\u00e4 siell\u00e4 vesi\u00e4mp\u00e4ri\u00e4 mik\u00e4 on t\u00e4ynn\u00e4 vett\u00e4.<br \/>\nSaunan ovet tulee s\u00e4\u00e4t\u00e4\u00e4 s\u00e4\u00e4nn\u00f6llisesti.<br \/>\nSaunan tuuletus kannattaa pit\u00e4\u00e4 auki koko ajan, jotta se ehtii kuivua ja tuulettua homeen v\u00e4ltt\u00e4miseksi.<br \/>\nK\u00e4yt\u00e4 penkkitahrojen poistamiseen mietoa saippuavett\u00e4 ja pehme\u00e4\u00e4 puuvillaliinaa. T\u00e4t\u00e4 voidaan k\u00e4ytt\u00e4\u00e4 my\u00f6s itse l\u00e4mmittimess\u00e4 \u2013 varmista vain, ett\u00e4 se on pois p\u00e4\u00e4lt\u00e4 ja t\u00e4ysin j\u00e4\u00e4htynyt, kun puhdistat sen.<br \/>\n\u00c4l\u00e4 k\u00e4yt\u00e4 penkeill\u00e4 vahvoja tai hankaavia kemikaaleja, koska ne voivat valkaista ja v\u00e4\u00e4nt\u00e4\u00e4 puuta, pilaamalla sen pinnan ja v\u00e4rin.<br \/>\nN\u00e4iden yksinkertaisten huoltovinkkien avulla saunasi pysyy kutsuvana, raikkaana ja nautinnollisena!<\/p>\n<p>&nbsp;<\/p>\n","protected":false},"excerpt":{"rendered":"<p>Puusaunan kuutio koko 3&#215;5 m, jossa oleskelutila 6 henkil\u00f6lle<\/p>\n","protected":false},"featured_media":22876,"comment_status":"open","ping_status":"closed","template":"","meta":{"_acf_changed":false},"factory":[],"free-shipment":[],"product_brand":[],"product_cat":[1317,2258],"product_tag":[2106],"class_list":{"0":"post-27545","1":"product","2":"type-product","3":"status-publish","4":"has-post-thumbnail","6":"product_cat-sauna-fi","7":"product_cat-saunakuutiot","8":"product_tag-sauna-fi","10":"first","11":"instock","12":"sale","13":"taxable","14":"shipping-taxable","15":"purchasable","16":"product-type-simple"},"acf":[],"_links":{"self":[{"href":"https:\/\/factory.sale\/fi\/wp-json\/wp\/v2\/product\/27545","targetHints":{"allow":["GET"]}}],"collection":[{"href":"https:\/\/factory.sale\/fi\/wp-json\/wp\/v2\/product"}],"about":[{"href":"https:\/\/factory.sale\/fi\/wp-json\/wp\/v2\/types\/product"}],"replies":[{"embeddable":true,"href":"https:\/\/factory.sale\/fi\/wp-json\/wp\/v2\/comments?post=27545"}],"wp:featuredmedia":[{"embeddable":true,"href":"https:\/\/factory.sale\/fi\/wp-json\/wp\/v2\/media\/22876"}],"wp:attachment":[{"href":"https:\/\/factory.sale\/fi\/wp-json\/wp\/v2\/media?parent=27545"}],"wp:term":[{"taxonomy":"factory","embeddable":true,"href":"https:\/\/factory.sale\/fi\/wp-json\/wp\/v2\/factory?post=27545"},{"taxonomy":"free-shipment","embeddable":true,"href":"https:\/\/factory.sale\/fi\/wp-json\/wp\/v2\/free-shipment?post=27545"},{"taxonomy":"product_brand","embeddable":true,"href":"https:\/\/factory.sale\/fi\/wp-json\/wp\/v2\/product_brand?post=27545"},{"taxonomy":"product_cat","embeddable":true,"href":"https:\/\/factory.sale\/fi\/wp-json\/wp\/v2\/product_cat?post=27545"},{"taxonomy":"product_tag","embeddable":true,"href":"https:\/\/factory.sale\/fi\/wp-json\/wp\/v2\/product_tag?post=27545"}],"curies":[{"name":"wp","href":"https:\/\/api.w.org\/{rel}","templated":true}]}}