{"id":27539,"date":"2023-02-10T10:15:30","date_gmt":"2023-05-04T10:34:14","guid":{"rendered":"https:\/\/factory.sale\/?post_type=product&#038;p=27539"},"modified":"2024-06-28T01:48:34","modified_gmt":"2024-06-28T01:48:34","slug":"sauna-cube-3-x-4-m-saunakoppi-lounge-tilalla","status":"publish","type":"product","link":"https:\/\/factory.sale\/fi\/tuote\/sauna-cube-3-x-4-m-saunakoppi-lounge-tilalla\/","title":{"rendered":"Saunakuutio 3 x 4 m saunakoppi lounge-tilalla"},"content":{"rendered":"<p><strong>Runko.<\/strong><\/p>\n<p>Runko on valmistettu liimapuurimoista kuusi. Runko koostuu alarungosta (100 x 160 mm), pystypilareista (140 x 140 mm), yl\u00e4kannattimesta (140 x 200 mm) ja kest\u00e4\u00e4 183 kg\/m2 kattokuorman.<\/p>\n<p><strong>Sein\u00e4t.<\/strong><\/p>\n<p>1000 x 2200 mm sein\u00e4t on valmistettu Pohjois-Euroopan kuusipuusta. Vaaleat, kultaisen valkoiset kuusipuut sopivat erinomaisesti Cube-rakennusten suunnitteluun.<\/p>\n<p><strong>Standardi t\u00e4yspaneelisein\u00e4.<\/strong><\/p>\n<p>Sein\u00e4kehykset ovat 45 x 45 mm ja levyt ovat p\u00e4\u00e4llystetty 96 x 12 mm:ll\u00e4 sis\u00e4puolella ja ulkopuolella 145 x 18 mm:n vaakasuuntaisilla kuusipaneelilaudoilla.<\/p>\n<p><strong>Eristetty t\u00e4yspaneelisein\u00e4.<\/strong><\/p>\n<p>Sein\u00e4kehykset ovat 45 x 45 mm ja levyt ovat p\u00e4\u00e4llystetty 96 x 12 mm:ll\u00e4 sis\u00e4puolella ja ulkopuolella 145 x 18 mm:n vaakasuuntaisilla kuusipaneelilaudoilla.<\/p>\n<p><strong>Eristetty t\u00e4yspaneelisein\u00e4 pienill\u00e4 ikkunoilla (neli\u00f6 tai suorakaide).<\/strong><\/p>\n<p>Sein\u00e4kehykset ovat 45 x 45 mm ja levyt ovat p\u00e4\u00e4llystetty 96 x 12 mm:ll\u00e4 sis\u00e4puolella ja ulkopuolella 145 x 18 mm:n vaakasuuntaisilla kuusipaneelilaudoilla. Ikkunoiden koko on 180 x 1200 mm ja 200 x 200 mm.<\/p>\n<p><strong>Koristeellinen aurinkosuojasein\u00e4.<\/strong><\/p>\n<p>Sein\u00e4kehykset ovat 75 x 45 mm ja vaakasuuntainen aurinkosuojasein\u00e4 koostuu 18 x 95 mm:n laudoista.<\/p>\n<p><strong>Puinen l\u00e4mp\u00f6lasisein\u00e4.<\/strong><\/p>\n<p>Sein\u00e4kehykset ovat 75 x 45 mm ja sein\u00e4ss\u00e4 on t\u00e4ysin l\u00e4mp\u00f6k\u00e4sitelty lasi.<\/p>\n<p><strong>Katto.<\/strong><\/p>\n<p>Kattopaneelit on rakennettu kahden ristikon rakenteella ja p\u00e4\u00e4llystetty 18 x 145 mm:n viimeistelylaudoilla. T\u00e4m\u00e4 rakenne kest\u00e4\u00e4 183 kg\/m2. Kuutiorakennusten katot ovat 2853 mm korkeita ja niill\u00e4 on 1.310 (2,29%) kaltevuus. Kattoverhoiluna k\u00e4ytet\u00e4\u00e4n MIDA SELF KSK -kalvoa, joka on itseliimautuva elastomeerinen bitumikalvo, joka peitt\u00e4\u00e4 koko pinnan. K\u00e4\u00e4rittyjen kattojen asennus on nopea, yksinkertainen ja turvallinen tapa kattaa kuutio. Sinun tarvitsee vain rullata se auki ja kiinnitt\u00e4\u00e4 nauloilla.<\/p>\n<p><strong>Saunan tilavuus on 17 m3.<\/strong><\/p>\n<p><strong>Standard setti:<\/strong><\/p>\n<p>Puutarhakuution runko kuusipuusta; Puulattia; Kattolevyt, joissa on itseliimautuva bitumikermi; 4 standardi t\u00e4yspaneelisein\u00e4\u00e4; 3 koristeellista aurinkosuojaa lasilla; 2 puista lasisein\u00e4\u00e4; 4 eristetty\u00e4 t\u00e4yspaneelisein\u00e4\u00e4; 1 eristetty t\u00e4yspaneelisein\u00e4 pienell\u00e4 ikkunalla (neli\u00f6); 1 eristetty t\u00e4yspaneelisein\u00e4 pienell\u00e4 ikkunalla (suorakaide); 2 eristetty\u00e4 kattopaneelia; 3 saunapenkki\u00e4 lehtipuusta; Kolme tilaa sis\u00e4ll\u00e4: sauna, oleskelutila ja pukuhuone\/kylpyhuone; L\u00e4mp\u00f6\u00e4 kest\u00e4v\u00e4t levyt kiukaalle; Alumiininen 2-raiteinen liukuovij\u00e4rjestelm\u00e4 Alutech; Sis\u00e4iset lasiovet; Pukuhuoneen ovet\/tilanjakajat.<\/p>\n<p>&nbsp;<\/p>\n<p><strong>Tuotetiedot:<\/strong><\/p>\n<ul>\n<li>Henkil\u00f6m\u00e4\u00e4r\u00e4: 6 henkil\u00f6\u00e4<\/li>\n<li>Puulaji: Kuusi<\/li>\n<li>Muoto: Suorakulmio<\/li>\n<li>Huone: 3<\/li>\n<li>Sis\u00e4pinta-ala: 12,0 m2<\/li>\n<li>Saunan pinta-ala: 4,0 m2<\/li>\n<li>Kokonaiskorkeus: 2853 mm<\/li>\n<li>Sein\u00e4n korkeus: 2200 mm<\/li>\n<li>Ulko- ja sis\u00e4pinnan verhous: 18 mm \/ 12 mm<\/li>\n<li>Sein\u00e4n paksuus: 75 mm<\/li>\n<li>Eristys: 50 mm kivivillaa<\/li>\n<li>Ulkomitat: 4286 x 3286 mm<\/li>\n<li>Oven koko: 2000 x 2200 mm<\/li>\n<li>Sis\u00e4iset tummennetut lasiovet: 620 x 1800 mm<\/li>\n<li>Koodi: GS4X3<\/li>\n<\/ul>\n<p>&nbsp;<\/p>\n<p><strong>Pakkaustiedot:<\/strong><\/p>\n<ul>\n<li>Kokoonpanoaika: 10 tuntia<\/li>\n<li>Lavojen koko (P x L x K): 4,4 x 1,2 x 2,6 m<\/li>\n<li>Paino: 1700 kg<\/li>\n<\/ul>\n<p>&nbsp;<\/p>\n<p>&nbsp;<\/p>\n<p>&nbsp;<\/p>\n<p><strong>Perusteet<\/strong><\/p>\n<p>&nbsp;<\/p>\n<p>&nbsp;<\/p>\n<p><img loading=\"lazy\" decoding=\"async\" class=\"alignnone wp-image-22835\" src=\"https:\/\/factory.sale\/wp-content\/uploads\/2023\/02\/Screenshot-2023-02-10-at-12.00.14-300x156.png\" alt=\"\" width=\"465\" height=\"242\" srcset=\"https:\/\/factory.sale\/wp-content\/uploads\/2023\/02\/Screenshot-2023-02-10-at-12.00.14-300x156.png 300w, https:\/\/factory.sale\/wp-content\/uploads\/2023\/02\/Screenshot-2023-02-10-at-12.00.14-150x78.png 150w, https:\/\/factory.sale\/wp-content\/uploads\/2023\/02\/Screenshot-2023-02-10-at-12.00.14-600x311.png 600w, https:\/\/factory.sale\/wp-content\/uploads\/2023\/02\/Screenshot-2023-02-10-at-12.00.14.png 840w\" sizes=\"auto, (max-width: 465px) 100vw, 465px\" \/><\/p>\n<p>&nbsp;<\/p>\n<p>On eritt\u00e4in t\u00e4rke\u00e4\u00e4, ett\u00e4 Cubeille on oikea perusta. Siksi suosittelemme seuraamaan piirustuksiamme ja konsultoimaan paikallista p\u00e4tev\u00e4\u00e4 rakentajaa tai insin\u00f6\u00f6ri\u00e4. Tuotteen perustan sopivuus paikalleen on eritt\u00e4in t\u00e4rke\u00e4\u00e4. Ep\u00e4sopiva perusta voi aiheuttaa halkeamia rakenteeseen. Ep\u00e4tasainen perusta voi muuttaa rakennuksen geometrista muotoa, joka voi johtaa ovien ja\/tai ikkunoiden v\u00e4\u00e4ntymiseen ja\/tai raon muodostumiseen. Pahimmassa tapauksessa tuote voi jopa romahtaa.<\/p>\n<p>Ennen perustuksen rakentamista, varmista ett\u00e4 huomioit maaston ja maaper\u00e4n olosuhteet, joille tuote tulee sijoittaa. Perustus on valmistettava nimenomaan tuotetta varten. Perustuksen on oltava homogeeninen, tiivis ja tasainen. Huolehdi, ett\u00e4 perustuksen ominaisuudet eiv\u00e4t muutu ajan my\u00f6t\u00e4. Suosittelemme tekem\u00e4\u00e4n perustuksen betonista ja vesierist\u00e4m\u00e4\u00e4n sen ennen asennusta. Jos et noudata suosituksia perustuksen rakentamisessa, tuote menett\u00e4\u00e4 takuunsa!<\/p>\n<p>&nbsp;<\/p>\n<p><strong>K\u00c4YTT\u00c4MINEN JA VALMISTAUTUMINEN SAUNAN K\u00c4YTT\u00d6\u00d6N<\/strong><\/p>\n<p>Jos k\u00e4yt\u00e4t puul\u00e4mmitteist\u00e4 kiuasta, varmista, ett\u00e4 kiukaan savupiipun suojakalvo poistetaan ennen l\u00e4mmityst\u00e4. Tarkista sauna ennen l\u00e4mmityst\u00e4. \u00c4l\u00e4 j\u00e4t\u00e4 palavia esineit\u00e4 kiukaan l\u00e4helle. Tarkista, ett\u00e4 vesis\u00e4ili\u00f6ss\u00e4 on vett\u00e4 (jos k\u00e4yt\u00e4t sit\u00e4). Varmista, ett\u00e4 saunan ovi on avattavissa helposti ennen k\u00e4ytt\u00f6\u00e4. Tarvittaessa asiakkaan on s\u00e4\u00e4dett\u00e4v\u00e4 saunan ovi. \u00c4l\u00e4 asenna kiukaan p\u00e4\u00e4lle ylim\u00e4\u00e4r\u00e4isi\u00e4 varusteita tai hyllyj\u00e4. Kytke sauna p\u00e4\u00e4lle. L\u00e4mp\u00f6mittarin tulisi olla saunassa p\u00e4\u00e4n korkeudella ja kauempana kiukaasta, jotta se ei anna v\u00e4\u00e4r\u00e4\u00e4 lukemaa. Odota saunan saavuttavan tarvittava l\u00e4mp\u00f6tila (yleens\u00e4 80-90 \u00b0C). Kaikkien k\u00e4ytt\u00e4jien on oltava tietoisia mahdollisista vaaroista ja vaatimuksista ennen saunaan menemist\u00e4!<\/p>\n<p>&nbsp;<\/p>\n<p><strong>SAUNAA K\u00c4YTETT\u00c4ESS\u00c4 HUOMIOITAVAA<\/strong><\/p>\n<p>Nauti saunan rentouttavasta l\u00e4mm\u00f6st\u00e4 ja sen terveysvaikutuksista. Muista kuitenkin, ett\u00e4 pitk\u00e4\u00e4n kuumassa saunassa oleminen nostaa kehon l\u00e4mp\u00f6tilaa, mik\u00e4 voi olla vaarallista, erityisesti syd\u00e4nsairauksia tai muita terveysriskej\u00e4 sairastaville.<\/p>\n<p>&nbsp;<\/p>\n<p><strong>Lis\u00e4ksi:<\/strong><\/p>\n<p>Tutustu turvallisuusohjeisiin ja pysy kaukana l\u00e4mpim\u00e4st\u00e4 kiukaasta.<br \/>\nOle varovainen liikkuessasi saunassa, sill\u00e4 penkit ja lattia voivat olla liukkaita!<br \/>\nSaunaa ei tule k\u00e4ytt\u00e4\u00e4 raskaana olevien naisten tai hyvin pienten lasten kanssa.<br \/>\nPoista kaikki korut ennen kuin menet kuumalle lauteelle.<\/p>\n<p>&nbsp;<\/p>\n<p><strong>HUOLTO<\/strong><\/p>\n<p>Puutavara on luonnollinen materiaali ja voi muuttua ajan my\u00f6t\u00e4. Erilaiset halkeamat ja rakenteelliset tai v\u00e4rimuutokset eiv\u00e4t ole virheit\u00e4 vaan ominaisuuksia puutavaralle. Luonnonpuutavara (ei k\u00e4sitelty) muuttuu harmahtavaksi jos sit\u00e4 ei k\u00e4sitell\u00e4, ja my\u00f6hemmin se voi sinerty\u00e4 ja peitty\u00e4 homeella.<\/p>\n<p>K\u00e4sittele ja maalaa puu suojatakseen tuotetta ulkopuolelta. Suosittelemme tarkastamaan saunan joka kuudes kuukausi ja arvioimaan uudelleenk\u00e4sittelyn ja maalauksen tarpeen. Kun sauna ei ole k\u00e4yt\u00f6ss\u00e4, pid\u00e4 \u00e4mp\u00e4ri t\u00e4ynn\u00e4 vett\u00e4 saunassa kes\u00e4n aikana. Saunan ovet on s\u00e4\u00e4nn\u00f6llisesti s\u00e4\u00e4detty. Saunan ilmanvaihtoa tulee pit\u00e4\u00e4 auki koko ajan, jotta sauna kuivuu ja ilmankierto est\u00e4\u00e4 homeen kasvun. Penkkien tahrojen poistamiseen k\u00e4yt\u00e4 mietoa saippuavett\u00e4 ja pehme\u00e4\u00e4 puuvillaliinaa. T\u00e4m\u00e4 on my\u00f6s k\u00e4ytett\u00e4viss\u00e4 kiukaan puhdistukseen &#8211; varmista vain, ett\u00e4 se on sammutettu ja t\u00e4ysin j\u00e4\u00e4htynyt puhdistuksen aikana. \u00c4l\u00e4 k\u00e4yt\u00e4 karkeita tai hankaavia kemikaaleja penkkeihin, koska ne voivat valkaista ja v\u00e4\u00e4rist\u00e4\u00e4 puuta, pilata sen ulkon\u00e4\u00f6n ja muuttaa sen harmaaksi. N\u00e4iden yksinkertaisten huoltovinkkien avulla sauna pysyy kutsuvana, raikkaana ja nautittavana!<\/p>\n<p>&nbsp;<\/p>\n<p>&nbsp;<\/p>\n","protected":false},"excerpt":{"rendered":"<p>Puinen saunakuutio 3 x 4 m lounge-tilalla, johon mahtuu jopa 6 henkil\u00f6\u00e4.<\/p>\n","protected":false},"featured_media":22840,"comment_status":"open","ping_status":"closed","template":"","meta":{"_acf_changed":false},"factory":[],"free-shipment":[],"product_brand":[],"product_cat":[1317,2258],"product_tag":[3162,2106],"class_list":{"0":"post-27539","1":"product","2":"type-product","3":"status-publish","4":"has-post-thumbnail","6":"product_cat-sauna-fi","7":"product_cat-saunakuutiot","8":"product_tag-electric-heater-fi","9":"product_tag-sauna-fi","11":"first","12":"instock","13":"sale","14":"taxable","15":"shipping-taxable","16":"purchasable","17":"product-type-simple"},"acf":[],"_links":{"self":[{"href":"https:\/\/factory.sale\/fi\/wp-json\/wp\/v2\/product\/27539","targetHints":{"allow":["GET"]}}],"collection":[{"href":"https:\/\/factory.sale\/fi\/wp-json\/wp\/v2\/product"}],"about":[{"href":"https:\/\/factory.sale\/fi\/wp-json\/wp\/v2\/types\/product"}],"replies":[{"embeddable":true,"href":"https:\/\/factory.sale\/fi\/wp-json\/wp\/v2\/comments?post=27539"}],"wp:featuredmedia":[{"embeddable":true,"href":"https:\/\/factory.sale\/fi\/wp-json\/wp\/v2\/media\/22840"}],"wp:attachment":[{"href":"https:\/\/factory.sale\/fi\/wp-json\/wp\/v2\/media?parent=27539"}],"wp:term":[{"taxonomy":"factory","embeddable":true,"href":"https:\/\/factory.sale\/fi\/wp-json\/wp\/v2\/factory?post=27539"},{"taxonomy":"free-shipment","embeddable":true,"href":"https:\/\/factory.sale\/fi\/wp-json\/wp\/v2\/free-shipment?post=27539"},{"taxonomy":"product_brand","embeddable":true,"href":"https:\/\/factory.sale\/fi\/wp-json\/wp\/v2\/product_brand?post=27539"},{"taxonomy":"product_cat","embeddable":true,"href":"https:\/\/factory.sale\/fi\/wp-json\/wp\/v2\/product_cat?post=27539"},{"taxonomy":"product_tag","embeddable":true,"href":"https:\/\/factory.sale\/fi\/wp-json\/wp\/v2\/product_tag?post=27539"}],"curies":[{"name":"wp","href":"https:\/\/api.w.org\/{rel}","templated":true}]}}