{"id":27536,"date":"2023-02-10T07:50:30","date_gmt":"2023-05-04T09:54:38","guid":{"rendered":"https:\/\/factory.sale\/?post_type=product&#038;p=27536"},"modified":"2025-10-28T10:58:27","modified_gmt":"2025-10-28T07:58:27","slug":"saunakuutio-3x3-m-pukkuuhuoneella","status":"publish","type":"product","link":"https:\/\/factory.sale\/fi\/tuote\/saunakuutio-3x3-m-pukkuuhuoneella\/","title":{"rendered":"Saunakuutio 3&#215;3 m pukuhuoneella"},"content":{"rendered":"<div class=\"group w-full text-gray-800 dark:text-gray-100 border-b border-black\/10 dark:border-gray-900\/50 bg-gray-50 dark:bg-[#444654]\">\n<div class=\"flex p-4 gap-4 text-base md:gap-6 md:max-w-2xl lg:max-w-xl xl:max-w-3xl md:py-6 lg:px-0 m-auto\">\n<div class=\"relative flex flex-col w-[calc(100%-50px)] gap-1 md:gap-3 lg:w-[calc(100%-115px)]\">\n<div class=\"flex flex-grow flex-col gap-3\">\n<div class=\"min-h-[20px] flex flex-col items-start gap-4 whitespace-pre-wrap break-words\">\n<div class=\"markdown prose w-full break-words dark:prose-invert light\">\n<p><strong>Kehikot.<\/strong><\/p>\n<p>Kehikot valmistetaan liimapuusta tehtyjen kuusisahojen avulla. Kehikko koostuu alakehikosta (100 x 160 mm), pylv\u00e4ist\u00e4 (140 x 140 mm) ja yl\u00e4kehikosta (140 x 200 mm) ja kest\u00e4\u00e4 183 kg\/m2 kattokuormaa.<\/p>\n<p><strong>Sein\u00e4t.<\/strong><\/p>\n<p>1000 x 2200 mm sein\u00e4t ovat kuusipuuta. Kevyet, kullanvalkoiset kuusipuut ovat ihanteellisia kuutioiden rakennussuunnittelussa.<\/p>\n<p><strong>Vakio t\u00e4yspaneelisein\u00e4.<\/strong><\/p>\n<p>Sein\u00e4kehys 45 x 45 mm, paneeli peitetty 96 x 12 mm sis\u00e4puolella ja ulkopuolella 145 x 18 mm vaakasuorilla kuusiverhouksilla.<\/p>\n<p><strong>Eristetty t\u00e4yspaneelisein\u00e4.<\/strong><\/p>\n<p>Sein\u00e4kehys 45 x 45 mm, paneeli peitetty 96 x 12 mm sis\u00e4puolella ja ulkopuolella 145 x 18 mm vaakasuorilla kuusiverhouksilla.<\/p>\n<p><strong>Eristetty t\u00e4yspaneelisein\u00e4, jossa on suorakulmainen ikkuna.<\/strong><\/p>\n<p>Sein\u00e4kehys 45 x 45 mm, paneeli peitetty 96 x 12 mm sis\u00e4puolella ja ulkopuolella 145 x 18 mm vaakasuorilla kuusiverhouksilla. Ikkunan koko: 180 x 1200 mm.<\/p>\n<p><strong>Katto.<\/strong><\/p>\n<p>Kattopaneelit rakennetaan kaksinkertaisella ristikkoj\u00e4rjestelm\u00e4ll\u00e4 ja peitet\u00e4\u00e4n 18 x 145 mm viimeistelylaudoilla. T\u00e4m\u00e4 rakenne kest\u00e4\u00e4 183 kg\/m2. Kuutiorakennuksen katot ovat 2853 mm korkeat ja niiss\u00e4 on 1,310 (2,29%) kaltevuus. MIDA SELF KSK -kermi\u00e4 k\u00e4ytet\u00e4\u00e4n kattop\u00e4\u00e4llysteen\u00e4, sen itsekiinnittyv\u00e4 elastomeerinen bitumimembraani kattaa koko pinnan. Rullakaton asennus on nopea, helppo ja turvallinen tapa kattaa kaikki kuutiot. Sinun tarvitsee vain levitt\u00e4\u00e4 se, kiinnitt\u00e4\u00e4 se nauloilla, poistaa suojakalvo ja painaa.<\/p>\n<p><strong>Saunan tilavuus on 17 m3.<\/strong><\/p>\n<p>&nbsp;<\/p>\n<p><strong>Tuotetiedot:<\/strong><\/p>\n<ul>\n<li>Henkil\u00f6m\u00e4\u00e4r\u00e4: 6 henkil\u00f6\u00e4<\/li>\n<li>Puulaji: kuusi<\/li>\n<li>Muoto: suorakulmio<\/li>\n<li>Huoneet: 4<\/li>\n<li>Sis\u00e4pinta-ala: 9,0 m2<\/li>\n<li>Sauna-ala: 4,0 m2<\/li>\n<li>Kokonaiskorkeus: 2849 mm<\/li>\n<li>Lattian paksuus: 28 mm<\/li>\n<li>Ulkoiset verhoukset: 18 mm<\/li>\n<li>Sis\u00e4iset verhoukset: 12 mm<\/li>\n<li>Sein\u00e4n paksuus: 75 mm<\/li>\n<li>Eristys: 50 mm kivivilla<\/li>\n<li>Ulkomitat: 3286 x 3286 mm<\/li>\n<li>Oven koko: 990 x 2195 mm<\/li>\n<li>Sis\u00e4inen tummennettu lasiovi: 620 x 1800 mm<\/li>\n<li>Ikkunan koko: 180 x 1200 mm<\/li>\n<li>Koodi: GSC3X3<\/li>\n<\/ul>\n<p>&nbsp;<\/p>\n<p><strong>Vakiopaketti:<\/strong><\/p>\n<p>1 kpl puutarhakuutiorunko kuusesta 3 x 3 m; Kattolevyt itsekiinnittyv\u00e4ll\u00e4 bitumikalvolla; 6 vakio t\u00e4yspaneelisein\u00e4\u00e4; 7 eristetty\u00e4 t\u00e4yspaneelisein\u00e4\u00e4; 1 eristetty sein\u00e4, jossa on seurantalasinen ovi saunaan; 1 eristetty t\u00e4yspaneelisein\u00e4, jossa on suorakulmainen ikkuna; Kaikki kattolevyt on eristetty; 2 saunaistuinta lehtikuusesta; 4 tilaa sis\u00e4ll\u00e4: sauna (2 x 2 m); eteinen (1 x 2 m); vaatehuone (1 x 1 m); suihkuhuone (1 x 2 m); Kuumuutta kest\u00e4v\u00e4t laatat kiukaalle; 1 sis\u00e4inen lasiovi saunaan; 1 kpl vaatehuoneen ovi; 1 kpl suihkuhuoneen ovi; 1 kpl puiset ovi, joissa on tummennettu lasi (819 x 2032 mm).<\/p>\n<ul>\n<li>Kokoonpanoaika: 10 tuntia<\/li>\n<li>Lavojen koko: (P x L x K) 3,4 x 1,2 x 2,6 m<\/li>\n<\/ul>\n<\/div>\n<\/div>\n<\/div>\n<div class=\"flex justify-between lg:block\">\n<div class=\"text-gray-400 flex self-end lg:self-center justify-center mt-2 gap-2 md:gap-3 lg:gap-1 lg:absolute lg:top-0 lg:translate-x-full lg:right-0 lg:mt-0 lg:pl-2 visible\">\n<div class=\"nd-region\">\n<h2><strong style=\"font-size: 16px;\">Voit l\u00f6yt\u00e4\u00e4 sopivan kiukaan saunasi <a href=\"https:\/\/factory.sale\/fi\/tuote-osasto\/saniteetti\/saunan-kiukaat\/\" target=\"_blank\" rel=\"noopener\">l\u00e4mmitt\u00e4miseen<\/a> valikoimastamme:<\/strong><\/h2>\n<\/div>\n<div class=\"flex-1 overflow-hidden\">\n<div class=\"react-scroll-to-bottom--css-vaneu-79elbk h-full dark:bg-gray-800\">\n<div class=\"react-scroll-to-bottom--css-vaneu-1n7m0yu\">\n<div class=\"flex flex-col items-center text-sm dark:bg-gray-800\">\n<div class=\"group w-full text-gray-800 dark:text-gray-100 border-b border-black\/10 dark:border-gray-900\/50 bg-gray-50 dark:bg-[#444654]\">\n<div class=\"flex p-4 gap-4 text-base md:gap-6 md:max-w-2xl lg:max-w-xl xl:max-w-3xl md:py-6 lg:px-0 m-auto\">\n<div class=\"relative flex flex-col w-[calc(100%-50px)] gap-1 md:gap-3 lg:w-[calc(100%-115px)]\">\n<div class=\"flex flex-grow flex-col gap-3\">\n<div class=\"min-h-[20px] flex flex-col items-start gap-4 whitespace-pre-wrap break-words\">\n<div class=\"markdown prose w-full break-words dark:prose-invert light\">\n<ul>\n<li><a href=\"https:\/\/factory.sale\/fi\/tuote\/sahkoinen-lattialammitin-harvia-club-k135g\/\" target=\"_blank\" rel=\"noopener\">ELEKTRONINEN LATTIAKIUAS HARVIA CLUB K13,5G<\/a><\/li>\n<li><a href=\"https:\/\/factory.sale\/fi\/tuote\/sahkokiuas-harvia-club-k15g\/\" target=\"_blank\" rel=\"noopener\">ELEKTRONINEN KIUAS HARVIA CLUB K15G<\/a><\/li>\n<li><a href=\"https:\/\/factory.sale\/fi\/tuote\/sauun-sahkokiukas-harvia-legend-po11-11-0kw-setti\/\" target=\"_blank\" rel=\"noopener\">ELEKTRONINEN SAUNAKIUAS HARVIA LEGEND PO11, 11,0 KW, SARJA<\/a><\/li>\n<\/ul>\n<\/div>\n<p>&nbsp;<\/p>\n<div class=\"markdown prose w-full break-words dark:prose-invert light\">\n<p>&nbsp;<\/p>\n<p><img loading=\"lazy\" decoding=\"async\" class=\"alignnone wp-image-22813\" src=\"https:\/\/factory.sale\/wp-content\/uploads\/2023\/02\/Screenshot-2023-02-10-at-09.48.20-300x168.png\" alt=\"\" width=\"393\" height=\"220\" srcset=\"https:\/\/factory.sale\/wp-content\/uploads\/2023\/02\/Screenshot-2023-02-10-at-09.48.20-300x168.png 300w, https:\/\/factory.sale\/wp-content\/uploads\/2023\/02\/Screenshot-2023-02-10-at-09.48.20-150x84.png 150w, https:\/\/factory.sale\/wp-content\/uploads\/2023\/02\/Screenshot-2023-02-10-at-09.48.20-600x336.png 600w, https:\/\/factory.sale\/wp-content\/uploads\/2023\/02\/Screenshot-2023-02-10-at-09.48.20.png 874w\" sizes=\"auto, (max-width: 393px) 100vw, 393px\" \/><\/p>\n<p>&nbsp;<\/p>\n<p>Perustus on eritt\u00e4in t\u00e4rke\u00e4 osa kuution rakentamisessa. Suosittelemme noudattamaan luonnoksiamme ja konsultoimaan p\u00e4tev\u00e4\u00e4 paikallista rakentajaa tai insin\u00f6\u00f6ri\u00e4. On t\u00e4rke\u00e4\u00e4 varmistaa, ett\u00e4 saunan perusta sopii paikkaan, johon se rakennetaan. Huonosti tehty perusta voi johtaa rakenteen halkeamiseen ja ep\u00e4tasaiseen istumiseen, mik\u00e4 voi johtaa oven\/ikkunoiden v\u00e4\u00e4ntymiseen ja\/tai rakoiluun. Pahimmassa tapauksessa tuote voi jopa romahtaa.<\/p>\n<p>Ennen perustuksen rakentamista varmista, ett\u00e4 otat huomioon maiseman ja maaper\u00e4n olosuhteet, joihin sauna tulee seisomaan. Tuotteen alla oleva perusta on valmistettava erityisesti saunaan sopivaksi. Perustuksen on oltava homogeeninen, tiukka ja tasainen. Varmista, ett\u00e4 perustuksen ominaisuudet eiv\u00e4t muutu ajan my\u00f6t\u00e4. Suosittelemme betoniperustuksen valmistamista ja vedenerist\u00e4mist\u00e4 ennen asennusta. Jos et noudata suosituksia perustuksen rakentamisesta, tuotteen takuu raukeaa!<\/p>\n<p>&nbsp;<\/p>\n<p><strong>SAUNAN K\u00c4YTT\u00d6 JA SAUNAN VALMISTELU K\u00c4YTT\u00d6\u00d6N.<\/strong><\/p>\n<p>Jos sinulla on puul\u00e4mmitteinen kiuas, muista poistaa kiukaan savupiipun suojakalvo ennen l\u00e4mmityst\u00e4.<br \/>\nTarkista sauna ennen l\u00e4mmitt\u00e4mist\u00e4. Kiukaan p\u00e4\u00e4lle tai l\u00e4helle ei saa j\u00e4tt\u00e4\u00e4 syttyvi\u00e4 esineit\u00e4.<br \/>\nTarkista, ett\u00e4 vesis\u00e4ili\u00f6ss\u00e4 on vett\u00e4 (jos k\u00e4yt\u00e4t sit\u00e4).<br \/>\nVarmista ennen k\u00e4ytt\u00f6\u00e4, ett\u00e4 saunan ovi on avattu ja helppo avata. Saunan ovi tulee tarvittaessa s\u00e4\u00e4t\u00e4\u00e4 asiakkaan toimesta.<br \/>\n\u00c4l\u00e4 asenna lis\u00e4tarvikkeita tai hyllyj\u00e4 l\u00e4mmittimen yl\u00e4puolelle.<br \/>\nKytke saunan kiuas p\u00e4\u00e4lle.<br \/>\nL\u00e4mp\u00f6mittarin tulee olla saunassa p\u00e4\u00e4n tasolla. Sen tulisi olla kauempana l\u00e4mmittimest\u00e4, jotta se ei anna v\u00e4\u00e4r\u00e4\u00e4 lukemaa.<br \/>\nOdota, ett\u00e4 sauna saavuttaa vaaditun l\u00e4mp\u00f6tilan (normaalisti 80-90 \u00baC).<br \/>\nKaikkien k\u00e4ytt\u00e4jien tulee olla tietoisia mahdollisista vaaroista ja vaatimuksista ennen saunaan osallistumista!<\/p>\n<p>&nbsp;<\/p>\n<p><strong>HUOMIOITAVAA SAUNAA K\u00c4YTETT\u00c4ESS\u00c4<\/strong><\/p>\n<p>Nauti saunasi rentouttavan l\u00e4mm\u00f6n monista terveyshy\u00f6dyist\u00e4. Mutta muista: pitki\u00e4 aikoja kuumassa saunassa oleminen nostaa kehon l\u00e4mp\u00f6tilaa, mik\u00e4 voi olla vaarallista varsinkin niille, joilla on syd\u00e4nsairaus tai muita terveysriskej\u00e4. Yleens\u00e4 suositeltu aika saunassa on 10-15 minuuttia. Pid\u00e4 5 minuutin tauko l\u00e4mmitysjakson j\u00e4lkeen ja toista sitten.<\/p>\n<p><strong>My\u00f6s:<\/strong><\/p>\n<p>Tutustu turvallisuusohjeisiin ja pysy kaukana l\u00e4mmittimest\u00e4, kun se on kuuma.<br \/>\nOle eritt\u00e4in varovainen liikkuessasi saunassa, sill\u00e4 lauteet ja lattiat voivat olla liukkaita!<br \/>\nRaskaana olevat naiset tai hyvin pienet lapset eiv\u00e4t saa k\u00e4ytt\u00e4\u00e4 saunaa.<br \/>\nPoista kaikki korut ennen kuumaan saunaan menoa.<\/p>\n<p><strong>HUOLTO<\/strong><\/p>\n<p>Puu on luonnollinen materiaali ja voi muuttua ajan my\u00f6t\u00e4. Erikokoiset halkeamat ja rakenteelliset tai v\u00e4rimuutokset eiv\u00e4t ole puutteita, vaan ne ovat puun piirteit\u00e4. Luonnonpuu (ei kyll\u00e4stetty) muuttuu harmahtavaksi j\u00e4\u00e4ty\u00e4\u00e4n hetkeksi koskemattomaksi. My\u00f6hemmin se voi sinerty\u00e4\u00a0ja peittyy homeella.<\/p>\n<p>Kyll\u00e4st\u00e4 ja maalaa puu suojaamaan tuotetta ulkopuolelta. Suosittelemme saunan tarkastusta 6 kuukauden v\u00e4lein ja uudelleenkyll\u00e4styksen sek\u00e4 maalauksen tarpeen arvioimista.<br \/>\nKun sauna ei ole k\u00e4yt\u00f6ss\u00e4 kes\u00e4ll\u00e4, pid\u00e4 siell\u00e4 vesi\u00e4mp\u00e4ri\u00e4 mik\u00e4 on t\u00e4ynn\u00e4 vett\u00e4.<br \/>\nSaunan ovet tulee s\u00e4\u00e4t\u00e4\u00e4 s\u00e4\u00e4nn\u00f6llisesti.<br \/>\nSaunan tuuletus kannattaa pit\u00e4\u00e4 auki koko ajan, jotta se ehtii kuivua ja tuulettua homeen v\u00e4ltt\u00e4miseksi.<br \/>\nK\u00e4yt\u00e4 penkkitahrojen poistamiseen mietoa saippuavett\u00e4 ja pehme\u00e4\u00e4 puuvillaliinaa. T\u00e4t\u00e4 voidaan k\u00e4ytt\u00e4\u00e4 my\u00f6s itse l\u00e4mmittimess\u00e4 \u2013 varmista vain, ett\u00e4 se on pois p\u00e4\u00e4lt\u00e4 ja t\u00e4ysin j\u00e4\u00e4htynyt, kun puhdistat sen.<br \/>\n\u00c4l\u00e4 k\u00e4yt\u00e4 penkeill\u00e4 vahvoja tai hankaavia kemikaaleja, koska ne voivat valkaista ja v\u00e4\u00e4nt\u00e4\u00e4 puuta, pilaamalla sen pinnan ja v\u00e4rin.<br \/>\nN\u00e4iden yksinkertaisten huoltovinkkien avulla saunasi pysyy kutsuvana, raikkaana ja nautinnollisena!<\/p>\n<p>&nbsp;<\/p>\n<\/div>\n<\/div>\n<\/div>\n<\/div>\n<\/div>\n<\/div>\n<\/div>\n<\/div>\n<\/div>\n<\/div>\n<\/div>\n<\/div>\n<\/div>\n<\/div>\n<\/div>\n","protected":false},"excerpt":{"rendered":"<p>Puinen saunakuutio 3\u00d73 m pukuhuoneella jopa 6 hengelle.<\/p>\n","protected":false},"featured_media":22830,"comment_status":"open","ping_status":"closed","template":"","meta":{"_acf_changed":false},"factory":[],"free-shipment":[],"product_brand":[],"product_cat":[1317,2258],"product_tag":[3162,4384,2106],"class_list":{"0":"post-27536","1":"product","2":"type-product","3":"status-publish","4":"has-post-thumbnail","6":"product_cat-sauna-fi","7":"product_cat-saunakuutiot","8":"product_tag-electric-heater-fi","9":"product_tag-heater-fi","10":"product_tag-sauna-fi","12":"first","13":"instock","14":"sale","15":"taxable","16":"shipping-taxable","17":"purchasable","18":"product-type-simple"},"acf":[],"_links":{"self":[{"href":"https:\/\/factory.sale\/fi\/wp-json\/wp\/v2\/product\/27536","targetHints":{"allow":["GET"]}}],"collection":[{"href":"https:\/\/factory.sale\/fi\/wp-json\/wp\/v2\/product"}],"about":[{"href":"https:\/\/factory.sale\/fi\/wp-json\/wp\/v2\/types\/product"}],"replies":[{"embeddable":true,"href":"https:\/\/factory.sale\/fi\/wp-json\/wp\/v2\/comments?post=27536"}],"wp:featuredmedia":[{"embeddable":true,"href":"https:\/\/factory.sale\/fi\/wp-json\/wp\/v2\/media\/22830"}],"wp:attachment":[{"href":"https:\/\/factory.sale\/fi\/wp-json\/wp\/v2\/media?parent=27536"}],"wp:term":[{"taxonomy":"factory","embeddable":true,"href":"https:\/\/factory.sale\/fi\/wp-json\/wp\/v2\/factory?post=27536"},{"taxonomy":"free-shipment","embeddable":true,"href":"https:\/\/factory.sale\/fi\/wp-json\/wp\/v2\/free-shipment?post=27536"},{"taxonomy":"product_brand","embeddable":true,"href":"https:\/\/factory.sale\/fi\/wp-json\/wp\/v2\/product_brand?post=27536"},{"taxonomy":"product_cat","embeddable":true,"href":"https:\/\/factory.sale\/fi\/wp-json\/wp\/v2\/product_cat?post=27536"},{"taxonomy":"product_tag","embeddable":true,"href":"https:\/\/factory.sale\/fi\/wp-json\/wp\/v2\/product_tag?post=27536"}],"curies":[{"name":"wp","href":"https:\/\/api.w.org\/{rel}","templated":true}]}}