{"id":27524,"date":"2023-02-10T07:02:35","date_gmt":"2023-05-04T08:51:25","guid":{"rendered":"https:\/\/factory.sale\/?post_type=product&#038;p=27524"},"modified":"2024-06-27T21:06:37","modified_gmt":"2024-06-27T21:06:37","slug":"saunakuuttio-2x4-muutoshuoneella","status":"publish","type":"product","link":"https:\/\/factory.sale\/fi\/tuote\/saunakuuttio-2x4-muutoshuoneella\/","title":{"rendered":"Saunakuutio 2&#215;4 pukuhuoneella"},"content":{"rendered":"<div>\n<p><strong>Runko<\/strong><\/p>\n<p>Runko on tehty liimattuista kuusisahatavarakannoista. Runko koostuu alarungosta (100 x 160 mm), pystypylv\u00e4ist\u00e4 (140 x 140 mm) ja yl\u00e4pohjarungosta (140 x 200 mm), joka kest\u00e4\u00e4 295 kg\/m\u00b2 kattokuormaa.<\/p>\n<p><strong>Sein\u00e4t<\/strong><\/p>\n<p>1000 x 2200 mm sein\u00e4t ovat kuusipuusta valmistettuja. Vaaleat, kultaisen valkoiset kuuset sopivat erinomaisesti kuutioiden rakentamiseen.<\/p>\n<p><strong>Eristetty t\u00e4yspaneelisein\u00e4<\/strong><\/p>\n<p>Sein\u00e4kehys on 45 x 45 mm, paneeli on peitetty sis\u00e4- ja ulkopuolelta 96 x 12 mm:n sek\u00e4 145 x 18 mm:n vaakasuoralla kuusisahalaudoituksella.<\/p>\n<p><strong>Koristeellinen aurinkosuojasein\u00e4<\/strong><\/p>\n<p>Sein\u00e4kehys on 75 x 45 mm, vaakasuuntainen aurinkosuojasein\u00e4 koostuu 18 x 95 mm:n levyisist\u00e4 laudoista.<\/p>\n<p><strong>Puinen karkaistu lasisein\u00e4<\/strong><\/p>\n<p>Sein\u00e4kehys on 75 x 45 mm ja siin\u00e4 on t\u00e4ysin karkaistu lasi-ikkuna.<\/p>\n<p><strong>Katto<\/strong><\/p>\n<p>Kattopaneelit on rakennettu kahdella harjaltaan rakennetulla kattorakenteella ja peitetty 18 x 145 mm:n viimeistelylaudoituksella. T\u00e4m\u00e4 rakenne kest\u00e4\u00e4 442 kg\/m\u00b2. Kuutioiden kattojen korkeus on 2853 mm ja kaltevuus on 1,310 (2,29 %). K\u00e4yt\u00e4mme MIDA SELF KSK:ta kattop\u00e4\u00e4llysteen\u00e4, joka on itseliimautuva elastomeerinen bitumikalvo koko pinnan kattamiseen. Rullakaton asennus on nopea, yksinkertainen ja turvallinen tapa kattaa kaikki kuutiot. Sinun tarvitsee vain rullata, kiinnitt\u00e4\u00e4 nauloilla, poistaa suojakalvo ja painaa.<\/p>\n<p><strong>Sis\u00e4tila<\/strong>: Saunapenkit ovat lehtipuusta. Sis\u00e4inen lasiovi on ruskeaksi karkaistua lasia. Ovien koko on 698 x 1855 mm ja karkaistun lasin paksuus on 8 mm. Saunan ulko-ovi on 819 x 2032 mm (kuusesta) suurilla karkaistuilla lasi-ikkunoilla ja lukolla.<\/p>\n<p>&nbsp;<\/p>\n<p><strong>Saunan tilavuus on 24 m\u00b3.<\/strong><\/p>\n<p>&nbsp;<\/p>\n<p><strong>Tuotetiedot:<\/strong><\/p>\n<ul>\n<li>Henkil\u00f6t: 2-5 henkil\u00f6\u00e4<\/li>\n<li>Puutavara: kuusi<\/li>\n<li>Muoto: suorakulmio<\/li>\n<li>Huone: 2<\/li>\n<li>Sis\u00e4tila: 8,0 m\u00b2<\/li>\n<li>Saunan ala: 6,0 m\u00b2<\/li>\n<li>Korkeus: 2853 mm<\/li>\n<li>Seinien korkeus: 2200 mm<\/li>\n<li>Lattian paksuus: 28 mm<\/li>\n<li>Ulkoista pintaa verhoileva lauta: 18 mm<\/li>\n<li>Sis\u00e4pintaa verhoileva lauta: 12 mm<\/li>\n<li>Sein\u00e4n paksuus: 75 mm<\/li>\n<li>Ulkomitat: 2286 x 4286 mm<\/li>\n<li>Oven koko: 817 x 2035 mm<\/li>\n<li>Sis\u00e4tilojen tummennetun lasin ovi: 620 x 1800 mm<\/li>\n<li>Ikkunan koko: 1000 x 2200 mm<\/li>\n<li>Koodi: GSCH2X4<\/li>\n<\/ul>\n<div class=\"group w-full text-gray-800 dark:text-gray-100 border-b border-black\/10 dark:border-gray-900\/50 bg-gray-50 dark:bg-[#444654]\">\n<div class=\"flex p-4 gap-4 text-base md:gap-6 md:max-w-2xl lg:max-w-xl xl:max-w-3xl md:py-6 lg:px-0 m-auto\">\n<div class=\"relative flex flex-col w-[calc(100%-50px)] gap-1 md:gap-3 lg:w-[calc(100%-115px)]\">\n<div class=\"flex flex-grow flex-col gap-3\">\n<div class=\"min-h-[20px] flex flex-col items-start gap-4 whitespace-pre-wrap break-words\">\n<div class=\"markdown prose w-full break-words dark:prose-invert light\">\n<p>Vakiosetti: Puutarhakuutiorunko kuusesta; Eristetyt kattopaneelit; Itsekiinnittyv\u00e4 bitumimembraani katon pinnoitukseen; 5 eristetty\u00e4 t\u00e4yspaneelia seiniss\u00e4; 1 eristetty t\u00e4yspaneeli sis\u00e4puolelle; 2 vakiona olevaa t\u00e4yspaneelia sis\u00e4puolelle; 3 puista tummennettua lasisein\u00e4\u00e4; 1 eristetty v\u00e4lisein\u00e4 lasisella saunan oviaukolla; 1 koristeellinen aurinkosuojasein\u00e4 lasilla; Puinen ovi tummennetulla lasilla; Uros-ja naarashirsilattia; Saunan lauteet lehtikuusesta; L\u00e4mm\u00f6nkest\u00e4v\u00e4t levyt kiukaalle; Kaksi tilaa sis\u00e4ll\u00e4: sauna ja pukeutumistila; Kokoonpano-ohjeet, piirustukset ja tuotteen huolto-ohjeet.<\/p>\n<p><strong>Kuljetustiedot:<\/strong><\/p>\n<ul>\n<li>Lavakoko (P x L x K): 4,4 x 1,2 x 2,6 m<\/li>\n<li>Paino: 1700 kg<\/li>\n<\/ul>\n<p>Tuotevalikoimastamme l\u00f6yd\u00e4t my\u00f6s sopivan kiukaan saunaasi.<\/p>\n<\/div>\n<\/div>\n<\/div>\n<div class=\"flex justify-between lg:block\">\n<div class=\"text-gray-400 flex self-end lg:self-center justify-center mt-2 gap-2 md:gap-3 lg:gap-1 lg:absolute lg:top-0 lg:translate-x-full lg:right-0 lg:mt-0 lg:pl-2 visible\">\n<div class=\"group w-full text-gray-800 dark:text-gray-100 border-b border-black\/10 dark:border-gray-900\/50 bg-gray-50 dark:bg-[#444654]\">\n<div class=\"flex p-4 gap-4 text-base md:gap-6 md:max-w-2xl lg:max-w-xl xl:max-w-3xl md:py-6 lg:px-0 m-auto\">\n<div class=\"relative flex flex-col w-[calc(100%-50px)] gap-1 md:gap-3 lg:w-[calc(100%-115px)]\">\n<div class=\"flex justify-between lg:block\">\n<div class=\"text-gray-400 flex self-end lg:self-center justify-center mt-2 gap-2 md:gap-3 lg:gap-1 lg:absolute lg:top-0 lg:translate-x-full lg:right-0 lg:mt-0 lg:pl-2 visible\"><\/div>\n<\/div>\n<\/div>\n<\/div>\n<\/div>\n<\/div>\n<\/div>\n<\/div>\n<\/div>\n<\/div>\n<p><strong>Tuotevalikoimastamme l\u00f6yd\u00e4t my\u00f6s saunaasi sopivan kiukaan:<\/strong><\/p>\n<\/div>\n<ul>\n<li><a href=\"https:\/\/factory.sale\/fi\/tuote\/sahkoinen-lattialammitin-harvia-club-k135g\/\" target=\"_blank\" rel=\"noopener\">S\u00c4HK\u00d6INEN LATTIAL\u00c4MMITIN HARVIA CLUB K13,5G<\/a><\/li>\n<li><a href=\"https:\/\/factory.sale\/fi\/tuote\/sahkokiuas-harvia-club-k15g\/\" target=\"_blank\" rel=\"noopener\">S\u00c4HK\u00d6L\u00c4MMITYS HARVIA CLUB K15G<\/a><\/li>\n<li><a href=\"https:\/\/factory.sale\/fi\/tuote\/sauun-sahkokiukas-harvia-legend-po11-11-0kw-setti\/\" target=\"_blank\" rel=\"noopener\">S\u00c4HK\u00d6KIUKAS HARVIA LEGEND PO11, 11,0KW, SETTI<\/a><\/li>\n<\/ul>\n<div><\/div>\n<h2>Perusta<\/h2>\n<p><img loading=\"lazy\" decoding=\"async\" class=\"alignnone wp-image-22782\" src=\"https:\/\/factory.sale\/wp-content\/uploads\/2023\/02\/Screenshot-2023-02-09-at-18.50.29-300x172.png\" alt=\"\" width=\"392\" height=\"225\" srcset=\"https:\/\/factory.sale\/wp-content\/uploads\/2023\/02\/Screenshot-2023-02-09-at-18.50.29-300x172.png 300w, https:\/\/factory.sale\/wp-content\/uploads\/2023\/02\/Screenshot-2023-02-09-at-18.50.29-150x86.png 150w, https:\/\/factory.sale\/wp-content\/uploads\/2023\/02\/Screenshot-2023-02-09-at-18.50.29-600x343.png 600w, https:\/\/factory.sale\/wp-content\/uploads\/2023\/02\/Screenshot-2023-02-09-at-18.50.29.png 850w\" sizes=\"auto, (max-width: 392px) 100vw, 392px\" \/><\/p>\n<p>On eritt\u00e4in t\u00e4rke\u00e4\u00e4, ett\u00e4 saunassa on oikea pohja. Siksi suosittelemme, ett\u00e4 noudatat luonnoksiamme ja otat yhteytt\u00e4 p\u00e4tev\u00e4n paikallisen rakentajan tai insin\u00f6\u00f6rin kanssa. On eritt\u00e4in t\u00e4rke\u00e4\u00e4 varmistaa, ett\u00e4 saunasi pohja sopii sijaintiin.<br \/>\nV\u00e4\u00e4r\u00e4n pohjan vuoksi rakenne voi halkeilla. Jos tuote on sijoitettu ep\u00e4tasaisesti, rakennuksen geometrinen muoto voi muuttua, mik\u00e4 voi aiheuttaa oviin\/ikkunoihin<br \/>\nv\u00e4\u00e4ntymist\u00e4 ja\/tai rakoja. Pahimmassa tapauksessa tuote voi jopa romahtaa.<\/p>\n<ul>\n<li>Ennen pohjan rakentamista tulee huomioida maisemat ja maaolosuhteet, joilla sauna seisoo.<\/li>\n<li>Tuotteen alla oleva pohja on valmistettava erityisesti saunaa varten.<\/li>\n<li>Pohjan tulee olla tasainen, tiivis ja tasainen.<\/li>\n<li>Varmista, ett\u00e4 pohjan ominaisuudet eiv\u00e4t muutu ajan my\u00f6t\u00e4. Suosittelemme, ett\u00e4 pohja tehd\u00e4\u00e4n betonista ja vesieristet\u00e4\u00e4n ennen asennusta.<\/li>\n<li>Jos et noudata alustan rakentamissuosituksia, tuote menett\u00e4\u00e4 takuunsa!<\/li>\n<\/ul>\n<p>&nbsp;<\/p>\n<p><strong>SAUNAN K\u00c4YTT\u00d6 JA SAUNAN VALMISTELU K\u00c4YTT\u00d6\u00d6N.<\/strong><\/p>\n<p>Jos sinulla on puul\u00e4mmitteinen kiuas, muista poistaa kiukaan savupiipun suojakalvo ennen l\u00e4mmityst\u00e4.<br \/>\nTarkista sauna ennen l\u00e4mmitt\u00e4mist\u00e4. Kiukaan p\u00e4\u00e4lle tai l\u00e4helle ei saa j\u00e4tt\u00e4\u00e4 syttyvi\u00e4 esineit\u00e4.<br \/>\nTarkista, ett\u00e4 vesis\u00e4ili\u00f6ss\u00e4 on vett\u00e4 (jos k\u00e4yt\u00e4t sit\u00e4).<br \/>\nVarmista ennen k\u00e4ytt\u00f6\u00e4, ett\u00e4 saunan ovi on avattu ja helppo avata. Saunan ovi tulee tarvittaessa s\u00e4\u00e4t\u00e4\u00e4 asiakkaan toimesta.<br \/>\n\u00c4l\u00e4 asenna lis\u00e4tarvikkeita tai hyllyj\u00e4 l\u00e4mmittimen yl\u00e4puolelle.<br \/>\nKytke saunan kiuas p\u00e4\u00e4lle.<br \/>\nL\u00e4mp\u00f6mittarin tulee olla saunassa p\u00e4\u00e4n tasolla. Sen tulisi olla kauempana l\u00e4mmittimest\u00e4, jotta se ei anna v\u00e4\u00e4r\u00e4\u00e4 lukemaa.<br \/>\nOdota, ett\u00e4 sauna saavuttaa vaaditun l\u00e4mp\u00f6tilan (normaalisti 80-90 \u00baC).<br \/>\nKaikkien k\u00e4ytt\u00e4jien tulee olla tietoisia mahdollisista vaaroista ja vaatimuksista ennen saunaan osallistumista!<\/p>\n<p>&nbsp;<\/p>\n<p><strong>HUOMIOITAVAA SAUNAA K\u00c4YTETT\u00c4ESS\u00c4<\/strong><\/p>\n<p>Nauti saunasi rentouttavan l\u00e4mm\u00f6n monista terveyshy\u00f6dyist\u00e4. Mutta muista: pitki\u00e4 aikoja kuumassa saunassa oleminen nostaa kehon l\u00e4mp\u00f6tilaa, mik\u00e4 voi olla vaarallista varsinkin niille, joilla on syd\u00e4nsairaus tai muita terveysriskej\u00e4. Yleens\u00e4 suositeltu aika saunassa on 10-15 minuuttia. Pid\u00e4 5 minuutin tauko l\u00e4mmitysjakson j\u00e4lkeen ja toista sitten.<\/p>\n<p><strong>My\u00f6s:<\/strong><\/p>\n<p>Tutustu turvallisuusohjeisiin ja pysy kaukana l\u00e4mmittimest\u00e4, kun se on kuuma.<br \/>\nOle eritt\u00e4in varovainen liikkuessasi saunassa, sill\u00e4 lauteet ja lattiat voivat olla liukkaita!<br \/>\nRaskaana olevat naiset tai hyvin pienet lapset eiv\u00e4t saa k\u00e4ytt\u00e4\u00e4 saunaa.<br \/>\nPoista kaikki korut ennen kuumaan saunaan menoa.<\/p>\n<p><strong>HUOLTO<\/strong><\/p>\n<p>Puu on luonnollinen materiaali ja voi muuttua ajan my\u00f6t\u00e4. Erikokoiset halkeamat ja rakenteelliset tai v\u00e4rimuutokset eiv\u00e4t ole puutteita, vaan ne ovat puun piirteit\u00e4. Luonnonpuu (ei kyll\u00e4stetty) muuttuu harmahtavaksi j\u00e4\u00e4ty\u00e4\u00e4n hetkeksi koskemattomaksi. My\u00f6hemmin se voi sinerty\u00e4\u00a0ja peittyy homeella.<\/p>\n<p>Kyll\u00e4st\u00e4 ja maalaa puu suojaamaan tuotetta ulkopuolelta. Suosittelemme saunan tarkastusta 6 kuukauden v\u00e4lein ja uudelleenkyll\u00e4styksen sek\u00e4 maalauksen tarpeen arvioimista.<br \/>\nKun sauna ei ole k\u00e4yt\u00f6ss\u00e4 kes\u00e4ll\u00e4, pid\u00e4 siell\u00e4 vesi\u00e4mp\u00e4ri\u00e4 mik\u00e4 on t\u00e4ynn\u00e4 vett\u00e4.<br \/>\nSaunan ovet tulee s\u00e4\u00e4t\u00e4\u00e4 s\u00e4\u00e4nn\u00f6llisesti.<br \/>\nSaunan tuuletus kannattaa pit\u00e4\u00e4 auki koko ajan, jotta se ehtii kuivua ja tuulettua homeen v\u00e4ltt\u00e4miseksi.<br \/>\nK\u00e4yt\u00e4 penkkitahrojen poistamiseen mietoa saippuavett\u00e4 ja pehme\u00e4\u00e4 puuvillaliinaa. T\u00e4t\u00e4 voidaan k\u00e4ytt\u00e4\u00e4 my\u00f6s itse l\u00e4mmittimess\u00e4 \u2013 varmista vain, ett\u00e4 se on pois p\u00e4\u00e4lt\u00e4 ja t\u00e4ysin j\u00e4\u00e4htynyt, kun puhdistat sen.<br \/>\n\u00c4l\u00e4 k\u00e4yt\u00e4 penkeill\u00e4 vahvoja tai hankaavia kemikaaleja, koska ne voivat valkaista ja v\u00e4\u00e4nt\u00e4\u00e4 puuta, pilaamalla sen pinnan ja v\u00e4rin.<br \/>\nN\u00e4iden yksinkertaisten huoltovinkkien avulla saunasi pysyy kutsuvana, raikkaana ja nautinnollisena!<\/p>\n<p>&nbsp;<\/p>\n","protected":false},"excerpt":{"rendered":"<p>Puinen saunakuutio 2&#215;4 m, jossa on tilaa 2-5 henkil\u00f6lle ja erillinen pukuhuonehuone.<\/p>\n","protected":false},"featured_media":22791,"comment_status":"open","ping_status":"closed","template":"","meta":{"_acf_changed":false},"factory":[],"free-shipment":[],"product_brand":[],"product_cat":[1317,2258],"product_tag":[],"class_list":{"0":"post-27524","1":"product","2":"type-product","3":"status-publish","4":"has-post-thumbnail","6":"product_cat-sauna-fi","7":"product_cat-saunakuutiot","9":"first","10":"instock","11":"sale","12":"taxable","13":"shipping-taxable","14":"purchasable","15":"product-type-simple"},"acf":[],"_links":{"self":[{"href":"https:\/\/factory.sale\/fi\/wp-json\/wp\/v2\/product\/27524","targetHints":{"allow":["GET"]}}],"collection":[{"href":"https:\/\/factory.sale\/fi\/wp-json\/wp\/v2\/product"}],"about":[{"href":"https:\/\/factory.sale\/fi\/wp-json\/wp\/v2\/types\/product"}],"replies":[{"embeddable":true,"href":"https:\/\/factory.sale\/fi\/wp-json\/wp\/v2\/comments?post=27524"}],"wp:featuredmedia":[{"embeddable":true,"href":"https:\/\/factory.sale\/fi\/wp-json\/wp\/v2\/media\/22791"}],"wp:attachment":[{"href":"https:\/\/factory.sale\/fi\/wp-json\/wp\/v2\/media?parent=27524"}],"wp:term":[{"taxonomy":"factory","embeddable":true,"href":"https:\/\/factory.sale\/fi\/wp-json\/wp\/v2\/factory?post=27524"},{"taxonomy":"free-shipment","embeddable":true,"href":"https:\/\/factory.sale\/fi\/wp-json\/wp\/v2\/free-shipment?post=27524"},{"taxonomy":"product_brand","embeddable":true,"href":"https:\/\/factory.sale\/fi\/wp-json\/wp\/v2\/product_brand?post=27524"},{"taxonomy":"product_cat","embeddable":true,"href":"https:\/\/factory.sale\/fi\/wp-json\/wp\/v2\/product_cat?post=27524"},{"taxonomy":"product_tag","embeddable":true,"href":"https:\/\/factory.sale\/fi\/wp-json\/wp\/v2\/product_tag?post=27524"}],"curies":[{"name":"wp","href":"https:\/\/api.w.org\/{rel}","templated":true}]}}