{"id":27522,"date":"2022-08-24T12:13:44","date_gmt":"2023-05-04T08:23:55","guid":{"rendered":"https:\/\/factory.sale\/?post_type=product&#038;p=27522"},"modified":"2025-03-24T23:40:33","modified_gmt":"2025-03-24T20:40:33","slug":"infrapunasauna-kahdelle","status":"publish","type":"product","link":"https:\/\/factory.sale\/fi\/tuote\/infrapunasauna-kahdelle\/","title":{"rendered":"Infrapunasauna kahdelle"},"content":{"rendered":"<p><strong>Lis\u00e4tietoja:<\/strong><\/p>\n<ul>\n<li>Koko: 1200 x 1150 x 1900 mm<\/li>\n<li>Teho: 1750W<\/li>\n<li>Hiilidioksidiparilat 5 kpl<\/li>\n<li>Tummennetut l\u00e4mp\u00f6s\u00e4teily\u00e4 kest\u00e4v\u00e4t lasit<\/li>\n<li>CD\/radio<\/li>\n<li>V\u00e4riterapia<\/li>\n<li>Ilman ionisaattori<\/li>\n<li>S\u00e4hk\u00f6inen ohjauspaneeli<\/li>\n<li>LED-valot<\/li>\n<li>Ei suositella eritt\u00e4in kosteisiin huoneisiin<\/li>\n<li>V\u00e4ri: valkoinen<\/li>\n<\/ul>\n<p>&nbsp;<\/p>\n<p><strong>MITEN INFRAPUNASAUNA EROAA TAVALLISESTA SAUNASTA?<\/strong><\/p>\n<p>Kuumaa ilmaa k\u00e4ytet\u00e4\u00e4n l\u00e4mm\u00f6n siirt\u00e4miseen ihmiskehoon perinteisess\u00e4 saunassa, kun taas infrapunas\u00e4teily l\u00e4mmitt\u00e4\u00e4 suoraan kehon kudoksia. Vaikka infrapunasaunan l\u00e4mp\u00f6tila on mukavan l\u00e4mmin, pysyen v\u00e4lill\u00e4 35-45\u00b0C, sen l\u00e4mp\u00f6vaikutus on syvempi ja tehokkaampi. Lis\u00e4ksi infrapunasaunalla on parantava vaikutus ihmiskehoon ja sit\u00e4 k\u00e4ytet\u00e4\u00e4n terapeuttisiin tarkoituksiin. Infrapunas\u00e4teily imeytyy suoraan kudoksiin, aiheuttaen intensiivist\u00e4 hikoilua ilman korkeiden l\u00e4mp\u00f6tilojen ep\u00e4mukavuutta. Hikoilu infrapunasaunassa on l\u00e4hes kolme kertaa intensiivisemp\u00e4\u00e4 kuin tavallisessa saunassa (jonka l\u00e4mp\u00f6tila on yleens\u00e4 80-110 \u00b0C). Useita toksiineja kuten myrkyllisi\u00e4 aineita, alkoholia, nikotiinia, kolesterolia ja mahdollisesti karsinogeenisia raskasmetalleja, kuten sinkki\u00e4, lyijy\u00e4, nikkeli\u00e4, vapautuu hikoilun kautta. Ihon huokoset puhdistuvat, ihon s\u00e4vy, elastisuus, rakenne ja ulkon\u00e4k\u00f6 paranevat.<\/p>\n<p>\u2022 Infrapunasaunan alhaisempi l\u00e4mp\u00f6tilataso sopii niille, jotka joutuvat olemaan varovaisia saunatoimenpiteiden kanssa syd\u00e4n- ja verisuonisairauksien takia.<\/p>\n<p>\u2022 Infrapunasauna ei my\u00f6sk\u00e4\u00e4n kuormita tai vaikeuta hengityst\u00e4, koska siin\u00e4 ei ole liiallista kosteutta eik\u00e4 tavallisen saunan korkeaa ilman l\u00e4mp\u00f6tilaa.<\/p>\n<p>\u2022 Imeytynyt infrapunas\u00e4teily aiheuttaa l\u00e4mm\u00f6n levi\u00e4misen koko kehoon<\/p>\n<p>\u2022 Infrapunasaunan alhaisempi l\u00e4mp\u00f6tilataso sopii henkil\u00f6ille, jotka ovat varovaisia saunomisessa syd\u00e4n- ja verisuonitautien takia.<\/p>\n<p>\u2022 Infrapunasauna ei my\u00f6sk\u00e4\u00e4n kuormita hengityst\u00e4 tai tee hengitt\u00e4misest\u00e4 vaikeaa, koska siin\u00e4 ei ole liiallista kosteutta eik\u00e4 normaalin saunan korkeaa ilman l\u00e4mp\u00f6tilaa.<\/p>\n<p>\u2022 Imeytynyt infrapunas\u00e4teily levitt\u00e4\u00e4 l\u00e4mp\u00f6\u00e4 koko kehoon ja vaikuttaa rauhoittavasti.<\/p>\n<p>\u2022 Infrapunasauna v\u00e4hent\u00e4\u00e4 v\u00e4symyst\u00e4 ja stressi\u00e4.<\/p>\n<p>\u2022 Infrapunasaunan k\u00e4ytt\u00f6 on k\u00e4tev\u00e4mp\u00e4\u00e4, koska l\u00e4mmitysaika on lyhyempi ja k\u00e4ytt\u00f6kustannukset ovat alhaisemmat.<\/p>\n<p>&nbsp;<\/p>\n<p>&nbsp;<\/p>\n<p><strong>MITK\u00c4 OVAT INFRAPUNASAUNAN P\u00c4\u00c4ASIALISET POSITIIVISET JA TERVEELLISET VAIKUTUKSET KEHOON?<\/strong><\/p>\n<p>Infrapunasauna polttaa kaloreita ja auttaa v\u00e4hent\u00e4m\u00e4\u00e4n rasvakudosta. Keho tarvitsee energiaa hikoilun eritt\u00e4miseen: 0,586 kcal tarvitaan 1 g hien eritt\u00e4miseen. American Medical Association -lehti toteaa: \u201dKohtuullisella hikoilulla korotettuun l\u00e4mp\u00f6tilaan reagoiva henkil\u00f6 voi menett\u00e4\u00e4 jopa 500 g painoa 30 minuutin saunomisen aikana, mik\u00e4 vastaa noin 300 kcal. Hyvin hikoilevat henkil\u00f6t voivat sen sijaan kuluttaa keskim\u00e4\u00e4rin 600\u2013800 kcal, mik\u00e4 vastaa 10\u201315 km juoksemista. Vaikka menetetty paino palautuu veden kustannuksella, kulutetun kalorim\u00e4\u00e4r\u00e4n ei katsota palautuvan.\u201d Infrapunasauna on hy\u00f6dyllinen henkil\u00f6ille, jotka eiv\u00e4t voi liikuntaesteidens\u00e4 takia harjoittaa s\u00e4\u00e4nn\u00f6llisesti liikuntaa, mutta haluavat hallita painoa ja edist\u00e4\u00e4 terveytt\u00e4 fyysisen toiminnan yhteydess\u00e4.<\/p>\n<p>&nbsp;<\/p>\n<p><strong>Keskim\u00e4\u00e4r\u00e4isen 68-kiloisen henkil\u00f6n kuluttamat kalorit 30 minuutin ajan:<\/strong><\/p>\n<p>Laji Kcal kulutettu:<\/p>\n<ul>\n<li>Soutu 600<\/li>\n<li>Pitk\u00e4n matkan juoksu 590<\/li>\n<li>Intensiivinen mailapeli 510<\/li>\n<li>Rintauinnit 300<\/li>\n<li>Tennis (nopea peli) 265<\/li>\n<li>Py\u00f6r\u00e4ily 225<\/li>\n<li>Golf 150<\/li>\n<li>K\u00e4vely 150<\/li>\n<li>Infrapunasauna 600-800<\/li>\n<\/ul>\n<p>Infrapunasauna vahvistaa syd\u00e4n- ja verisuonij\u00e4rjestelm\u00e4\u00e4. Hien erittymisen ohella tapahtuu muitakin muutoksia, joiden tarkoituksena on p\u00e4\u00e4st\u00e4 eroon ylim\u00e4\u00e4r\u00e4isest\u00e4 l\u00e4mm\u00f6st\u00e4. Syd\u00e4men syke ja tilavuus lis\u00e4\u00e4ntyv\u00e4t, ja syd\u00e4n pumppaa enemm\u00e4n verta laajentuneiden verisuonten kautta, jolloin saavutetaan samanlaiset tulokset kuin liikunnassa.<\/p>\n<p>Saksalaisten tutkijoiden suorittaman tutkimuksen mukaan perifeerinen verenkierto parani ja verenpainelukemat laskivat I ja II asteen verenpainepotilailla tunnin infrapunasaunassa.<\/p>\n<p>Infrapunasauna puhdistaa ihoa, parantaa sen ulkon\u00e4k\u00f6\u00e4, stimuloi ihosolujen uudistumista parantamalla ihon verenkiertoa ja aineenvaihduntaa. Iho tulee pehme\u00e4mm\u00e4ksi, s\u00e4vy ja kimmoisuus paranevat. Kliiniset tutkimukset osoittavat, ett\u00e4 aknen, ekseeman, psoriasiksen, palovammojen ja haavojen paraneminen on nopeampaa. Haavat paranevat nopeammin ja arvet ovat pienempi\u00e4, keloidien pehmenemist\u00e4 on havaittu.<\/p>\n<p>Infrapunasauna my\u00f6s nopeuttaa selluliitin v\u00e4hentymist\u00e4. Infrapunas\u00e4teily laajentaa perifeerisi\u00e4 verisuonia, mik\u00e4 lievitt\u00e4\u00e4 kipua. L\u00e4\u00e4ketieteess\u00e4 infrapunalamppuja on k\u00e4ytetty vuosikymmeni\u00e4 lihas- ja nivelongelmien hoitoon. Parantunut verenkierto varmistaa, ett\u00e4 j\u00e4nnittyneet lihakset saavat happea ja ravinteita, ja aineenvaihdunnan kuona-aineet poistuvat. Tuloksena lihasj\u00e4nnitys ja nivelj\u00e4ykkyys v\u00e4henev\u00e4t ja elimist\u00f6n luonnolliset palautumisprosessit aktivoituvat.<\/p>\n<p>Japanilais-amerikkalaisten tutkijoiden tutkimukset vahvistavat infrapunas\u00e4teilyn terapeuttisen vaikutuksen kroonisiin tuki- ja liikuntaelinsairauksiin ja posttraumaattiseen kuntoutukseen. 45 asteen infrapunasaunan j\u00e4lkeen kollageenis\u00e4ikeiden venyvyys parani noin 20-30%, mik\u00e4 on eritt\u00e4in t\u00e4rke\u00e4\u00e4 harjoitushoidon suorittamisessa. Infrapunasauna on erinomainen esiharjoitusl\u00e4mmittely urheilijoille: lihasj\u00e4nnitys v\u00e4henee, nivelten joustavuus ja liikerata lis\u00e4\u00e4ntyv\u00e4t.<\/p>\n","protected":false},"excerpt":{"rendered":"<p>Infrapunasauna kahdelle on korkealaatuinen setrisauna, jossa infrapunas\u00e4teily imeytyy suoraan kudoksiin, aiheuttaen intensiivist\u00e4 hikoilua ilman korkeiden l\u00e4mp\u00f6tilojen ep\u00e4mukavuutta. Infrapunasaunassa hikoilu on l\u00e4hes kolme kertaa intensiivisemp\u00e4\u00e4 kuin tavallisessa saunassa (jonka l\u00e4mp\u00f6tila on yleens\u00e4 80-110 \u00b0C).<\/p>\n","protected":false},"featured_media":11922,"comment_status":"open","ping_status":"closed","template":"","meta":{"_acf_changed":false},"factory":[],"free-shipment":[],"product_brand":[],"product_cat":[2443,1317],"product_tag":[2106],"class_list":{"0":"post-27522","1":"product","2":"type-product","3":"status-publish","4":"has-post-thumbnail","6":"product_cat-infrapunasauna","7":"product_cat-sauna-fi","8":"product_tag-sauna-fi","10":"first","11":"instock","12":"sale","13":"taxable","14":"shipping-taxable","15":"purchasable","16":"product-type-simple"},"acf":[],"_links":{"self":[{"href":"https:\/\/factory.sale\/fi\/wp-json\/wp\/v2\/product\/27522","targetHints":{"allow":["GET"]}}],"collection":[{"href":"https:\/\/factory.sale\/fi\/wp-json\/wp\/v2\/product"}],"about":[{"href":"https:\/\/factory.sale\/fi\/wp-json\/wp\/v2\/types\/product"}],"replies":[{"embeddable":true,"href":"https:\/\/factory.sale\/fi\/wp-json\/wp\/v2\/comments?post=27522"}],"wp:featuredmedia":[{"embeddable":true,"href":"https:\/\/factory.sale\/fi\/wp-json\/wp\/v2\/media\/11922"}],"wp:attachment":[{"href":"https:\/\/factory.sale\/fi\/wp-json\/wp\/v2\/media?parent=27522"}],"wp:term":[{"taxonomy":"factory","embeddable":true,"href":"https:\/\/factory.sale\/fi\/wp-json\/wp\/v2\/factory?post=27522"},{"taxonomy":"free-shipment","embeddable":true,"href":"https:\/\/factory.sale\/fi\/wp-json\/wp\/v2\/free-shipment?post=27522"},{"taxonomy":"product_brand","embeddable":true,"href":"https:\/\/factory.sale\/fi\/wp-json\/wp\/v2\/product_brand?post=27522"},{"taxonomy":"product_cat","embeddable":true,"href":"https:\/\/factory.sale\/fi\/wp-json\/wp\/v2\/product_cat?post=27522"},{"taxonomy":"product_tag","embeddable":true,"href":"https:\/\/factory.sale\/fi\/wp-json\/wp\/v2\/product_tag?post=27522"}],"curies":[{"name":"wp","href":"https:\/\/api.w.org\/{rel}","templated":true}]}}