{"id":27520,"date":"2022-08-24T12:27:04","date_gmt":"2023-05-04T08:17:02","guid":{"rendered":"https:\/\/factory.sale\/?post_type=product&#038;p=27520"},"modified":"2024-06-30T12:10:22","modified_gmt":"2024-06-30T12:10:22","slug":"infrapunasauna-neljalle-henkilolle-valkoinen","status":"publish","type":"product","link":"https:\/\/factory.sale\/fi\/tuote\/infrapunasauna-neljalle-henkilolle-valkoinen\/","title":{"rendered":"Infrapunasauna nelj\u00e4lle henkil\u00f6lle, valkoinen"},"content":{"rendered":"<p><strong>Lis\u00e4tietoja:<\/strong><\/p>\n<ul>\n<li>Koko: 1750 x 1350 x 1900 mm<\/li>\n<li>Teho: 2500 W<\/li>\n<li>Hiiliter\u00e4svastukset 7 kpl<\/li>\n<li>Tummennetut l\u00e4mp\u00f6\u00e4 kest\u00e4v\u00e4t turvalasit<\/li>\n<li>CD\/radio<\/li>\n<li>V\u00e4riterapia<\/li>\n<li>Ilman ionisaattori<\/li>\n<li>Elektroninen ohjauspaneeli<\/li>\n<li>Led-valot<\/li>\n<li>Ei suositella eritt\u00e4in kosteisiin tiloihin<\/li>\n<li>V\u00e4ri: valkoinen<\/li>\n<\/ul>\n<p>&nbsp;<\/p>\n<p><strong>MITEN INFRAPUNASAUNA EROAA TAVALLISESTA SAUNASTA?<\/strong><\/p>\n<p>Vaikka tavallisessa saunassa k\u00e4ytet\u00e4\u00e4n kuumaa ilmaa siirt\u00e4m\u00e4\u00e4n l\u00e4mp\u00f6\u00e4 ihmiskehoon, infrapunas\u00e4teily l\u00e4mmitt\u00e4\u00e4 suoraan kehon kudoksia. Vaikka infrapunasaunan l\u00e4mp\u00f6tila on mukavan l\u00e4mmin, 35-45\u00b0C, sen l\u00e4mp\u00f6vaikutus on syvempi ja tehokkaampi. Lis\u00e4ksi infrapunasaunalla on parantava vaikutus ihmiskehoon ja sit\u00e4 k\u00e4ytet\u00e4\u00e4n terapeuttisiin tarkoituksiin. Infrapunas\u00e4teily imeytyy suoraan kudoksiin, aiheuttaen intensiivist\u00e4 hikoilua ilman korkean l\u00e4mp\u00f6tilan ep\u00e4mukavuutta. Hikoilu infrapunasaunassa on l\u00e4hes kolme kertaa voimakkaampaa kuin tavallisessa saunassa (jonka l\u00e4mp\u00f6tila on p\u00e4\u00e4asiassa 80-110 \u00b0C). Useita j\u00e4tetuotteita, kuten toksiineja, alkoholia, nikotiinia, kolesterolia ja mahdollisesti sy\u00f6p\u00e4\u00e4 aiheuttavia raskasmetalleja, kuten sinkki\u00e4, lyijy\u00e4, nikkeli\u00e4, vapautuu hikoilun kautta. Ihon huokoset puhdistuvat, ihon s\u00e4vy, elastisuus, rakenne ja ihon v\u00e4ri paranevat.<\/p>\n<p>\u2022 Infrapunasaunan alhaisempi l\u00e4mp\u00f6tilataso sopii niille, jotka joutuvat olemaan varovaisia saunatoimenpiteiden suhteen syd\u00e4n- ja verisuonisairauksien vuoksi.<br \/>\n\u2022 Infrapunasauna ei my\u00f6sk\u00e4\u00e4n rasita tai tee hengityst\u00e4 vaikeaksi, koska siin\u00e4 ei ole liiallista kosteutta ja normaalin saunan korkeaa ilman l\u00e4mp\u00f6tilaa.<br \/>\n\u2022 Imeytynyt infrauttas\u00e4teily indusoi l\u00e4mm\u00f6n levi\u00e4mist\u00e4 koko kehoon ja sill\u00e4 on rauhoittava vaikutus.<br \/>\n\u2022 Infrapunasauna v\u00e4hent\u00e4\u00e4 v\u00e4symyst\u00e4 ja stressi\u00e4.<br \/>\n\u2022 Lis\u00e4ksi infrapunasauna on k\u00e4tev\u00e4mpi k\u00e4ytt\u00e4\u00e4, koska l\u00e4mpenemisaika on lyhyempi ja k\u00e4ytt\u00f6kustannukset ovat alhaisemmat.<\/p>\n<div class=\"group w-full text-gray-800 dark:text-gray-100 border-b border-black\/10 dark:border-gray-900\/50 bg-gray-50 dark:bg-[#444654]\">\n<div class=\"flex p-4 gap-4 text-base md:gap-6 md:max-w-2xl lg:max-w-xl xl:max-w-3xl md:py-6 lg:px-0 m-auto\">\n<div class=\"relative flex flex-col w-[calc(100%-50px)] gap-1 md:gap-3 lg:w-[calc(100%-115px)]\">\n<div class=\"flex flex-grow flex-col gap-3\">\n<div class=\"min-h-[20px] flex flex-col items-start gap-4 whitespace-pre-wrap break-words\">\n<div class=\"markdown prose w-full break-words dark:prose-invert light\">\n<p>&nbsp;<\/p>\n<p><strong>MITK\u00c4 OVAT INFRAPUNASAUNAN P\u00c4\u00c4ASIALLISET POSITIIVISET, TERVEYDELLISET VAIKUTUKSET KEHOON?<\/strong><\/p>\n<p>Infrapunasauna polttaa kaloreita ja auttaa v\u00e4hent\u00e4m\u00e4\u00e4n rasvakudosta. Keho tarvitsee energiaa hien eritt\u00e4miseen: 0,586 kcal tarvitaan yhden gramman hien eritt\u00e4miseen. American Medical Association -lehti toteaa: &#8220;Kohonneeseen l\u00e4mp\u00f6tilaan reagoiva, kohtuullisesti hikoileva henkil\u00f6, jolla on keskim\u00e4\u00e4r\u00e4inen koulutus, voi menett\u00e4\u00e4 jopa 500 grammaa 30 minuutin saunassa oleskelun aikana, mik\u00e4 vastaa noin 300 kaloria. Hyv\u00e4n hikoiluherkkyyden omaava henkil\u00f6 voi kuitenkin kuluttaa helposti keskim\u00e4\u00e4rin 600-800 kaloria, mik\u00e4 vastaa 10-15 kilometrin juoksemista. Vaikka menetetty paino palautuu veden kustannuksella, kulutettujen kalorien m\u00e4\u00e4r\u00e4\u00e4 ei palauteta. &#8221; Infrapunasauna on hy\u00f6dyllinen niille, jotka eiv\u00e4t voi liikkua s\u00e4\u00e4nn\u00f6llisesti, mutta haluavat hallita painoaan ja edist\u00e4\u00e4 terveytt\u00e4 samalla fyysisen aktiivisuuden kanssa.<\/p>\n<p><strong>Keskim\u00e4\u00e4r\u00e4inen henkil\u00f6, joka painaa 68 kg, kuluttaa kaloreita 30 minuutin ajan:<\/strong><\/p>\n<p>Urheilulaji Kulutetut kalorit:<\/p>\n<ul>\n<li>Soutu 600<\/li>\n<li>Pitk\u00e4 matka juoksu 590<\/li>\n<li>Intensiivinen mailapeli 510<\/li>\n<li>Rintauinti 300<\/li>\n<li>Tennis (nopea peli) 265<\/li>\n<li>Py\u00f6r\u00e4ily 225<\/li>\n<li>Golf 150<\/li>\n<li>K\u00e4vely 150<\/li>\n<li>Infrapunasauna 600-800<\/li>\n<\/ul>\n<p>Infrapunasauna vahvistaa syd\u00e4n- ja verisuonij\u00e4rjestelm\u00e4\u00e4. Hien erityksen ohella tapahtuu useita muita muutoksia ylim\u00e4\u00e4r\u00e4isen l\u00e4mm\u00f6n poistamiseksi. Syd\u00e4men syke ja tilavuus kasvavat ja syd\u00e4n pumppaa enemm\u00e4n verta laajentuneiden verisuonten l\u00e4pi, saavuttaen siten liikunnan tulokset. Saksalaisten tutkijoiden tekem\u00e4n tutkimuksen mukaan perifeerinen verenkierto parani ja verenpaineen lukemat laskivat I ja II asteen hypertension potilailla tunnin infrapunasaunan j\u00e4lkeen. Infrapunasauna puhdistaa ihon, parantaa ihon ulkon\u00e4k\u00f6\u00e4, stimuloi ihosolujen uudistumista parantamalla ihon verenkiertoa ja aineenvaihduntaa. Iho muuttuu pehme\u00e4mm\u00e4ksi, s\u00e4vy ja elastisuus paranevat. Kliiniset tutkimukset osoittavat nopeampaa paranemista akneen, ekseemaan, psoriasikseen, palovammoihin ja haavoihin. Haavat paranevat nopeammin ja arvet ovat pienemm\u00e4t, keloidien pehmenemist\u00e4 on havaittu. Infrapunasauna my\u00f6s nopeuttaa selluliitin v\u00e4hentymist\u00e4. Infrapunas\u00e4teily lievitt\u00e4\u00e4 kipua laajentamalla perifeerisi\u00e4 verisuonia. L\u00e4\u00e4ketieteess\u00e4 infrapunalamppuja on k\u00e4ytetty vuosikymmeni\u00e4 lihas- ja nivelongelmien hoitoon. Parannettu verenkierto varmistaa j\u00e4nnittyneiden lihasten varustamisen hapekkaalla verell\u00e4 ja aineenvaihdunnan aineenvaihduntatuotteiden poiston. T\u00e4m\u00e4n seurauksena lihasj\u00e4nnitys ja nivelj\u00e4ykkyys v\u00e4henev\u00e4t ja kehon luonnolliset palautumisprosessit aktivoituvat. Japanin ja Yhdysvaltojen tutkijoiden tutkimukset vahvistavat infrapunas\u00e4teilyn terapeuttisen vaikutuksen tuki- ja liikuntaelinten kroonisiin sairauksiin ja posttraumaattiseen kuntoutukseen. 45 asteen infrapunasaunan j\u00e4lkeen kollageenikuitujen venyvyys paranee noin 20-30%, mik\u00e4 on eritt\u00e4in t\u00e4rke\u00e4\u00e4 harjoitushoidon suorittamisessa. Urheilijoille infrapunasauna on erinomainen esiharjoitusl\u00e4mmittely: lihaskireys v\u00e4henee, nivelten joustavuus ja liikkuvuus lis\u00e4\u00e4ntyv\u00e4t. Fyysisen ponnistuksen j\u00e4lkeen infrapuna kiihdytt\u00e4\u00e4 palautumista, korjaa hapenpuutetta, parantaa verenkiertoa, lievitt\u00e4\u00e4 lihasj\u00e4nnityst\u00e4 ja kipua. Infrapunas\u00e4teilyll\u00e4 on terapeuttinen vaikutus moniin sairauksiin, kuten reumatoidinen niveltulehdus, nivelrikko, krooniset niska- ja alaselk\u00e4kiput jne. Se on my\u00f6s sopiva ik\u00e4\u00e4ntymisen aiheuttamien ongelmien lievitt\u00e4miseen, kuten nivelj\u00e4ykkyyteen ja kipuun.<\/p>\n<\/div>\n<\/div>\n<\/div>\n<\/div>\n<\/div>\n<\/div>\n","protected":false},"excerpt":{"rendered":"<p><strong>Infrapunasauna nelj\u00e4lle henkil\u00f6lle.<\/strong><\/p>\n<p>Infrapunasauna on laadukas setrisauna, jossa infrapunas\u00e4teily imeytyy suoraan kudoksiin, aiheuttaen intensiivist\u00e4 hikoilua ilman korkean l\u00e4mp\u00f6tilan ep\u00e4mukavuutta. Infrapunasaunassa hikoilu on l\u00e4hes kolme kertaa voimakkaampaa kuin tavallisessa saunassa (jonka l\u00e4mp\u00f6tila on p\u00e4\u00e4asiassa 80-110 \u00b0C).<\/p>\n","protected":false},"featured_media":11906,"comment_status":"open","ping_status":"closed","template":"","meta":{"_acf_changed":false},"factory":[],"free-shipment":[],"product_brand":[],"product_cat":[2443,1317],"product_tag":[2106],"class_list":{"0":"post-27520","1":"product","2":"type-product","3":"status-publish","4":"has-post-thumbnail","6":"product_cat-infrapunasauna","7":"product_cat-sauna-fi","8":"product_tag-sauna-fi","10":"first","11":"instock","12":"sale","13":"taxable","14":"shipping-taxable","15":"purchasable","16":"product-type-simple"},"acf":[],"_links":{"self":[{"href":"https:\/\/factory.sale\/fi\/wp-json\/wp\/v2\/product\/27520","targetHints":{"allow":["GET"]}}],"collection":[{"href":"https:\/\/factory.sale\/fi\/wp-json\/wp\/v2\/product"}],"about":[{"href":"https:\/\/factory.sale\/fi\/wp-json\/wp\/v2\/types\/product"}],"replies":[{"embeddable":true,"href":"https:\/\/factory.sale\/fi\/wp-json\/wp\/v2\/comments?post=27520"}],"wp:featuredmedia":[{"embeddable":true,"href":"https:\/\/factory.sale\/fi\/wp-json\/wp\/v2\/media\/11906"}],"wp:attachment":[{"href":"https:\/\/factory.sale\/fi\/wp-json\/wp\/v2\/media?parent=27520"}],"wp:term":[{"taxonomy":"factory","embeddable":true,"href":"https:\/\/factory.sale\/fi\/wp-json\/wp\/v2\/factory?post=27520"},{"taxonomy":"free-shipment","embeddable":true,"href":"https:\/\/factory.sale\/fi\/wp-json\/wp\/v2\/free-shipment?post=27520"},{"taxonomy":"product_brand","embeddable":true,"href":"https:\/\/factory.sale\/fi\/wp-json\/wp\/v2\/product_brand?post=27520"},{"taxonomy":"product_cat","embeddable":true,"href":"https:\/\/factory.sale\/fi\/wp-json\/wp\/v2\/product_cat?post=27520"},{"taxonomy":"product_tag","embeddable":true,"href":"https:\/\/factory.sale\/fi\/wp-json\/wp\/v2\/product_tag?post=27520"}],"curies":[{"name":"wp","href":"https:\/\/api.w.org\/{rel}","templated":true}]}}