{"id":27501,"date":"2023-04-12T10:27:19","date_gmt":"2023-05-03T13:31:16","guid":{"rendered":"https:\/\/factory.sale\/?post_type=product&#038;p=27501"},"modified":"2026-04-15T15:07:53","modified_gmt":"2026-04-15T12:07:53","slug":"saunum-base-s","status":"publish","type":"product","link":"https:\/\/factory.sale\/fi\/tuote\/saunum-base-s\/","title":{"rendered":"Saunum Base S"},"content":{"rendered":"<p>Saunan sis\u00e4inen ilmastointilaite Saunum Base S on erinomainen lis\u00e4 varassa olevan puu- tai s\u00e4hk\u00f6l\u00e4mmittimen kanssa, sill\u00e4 se varmistaa tasaisemman kosteuden ja l\u00e4mp\u00f6tilan h\u00f6yryhuoneessa.<\/p>\n<p>Saunan sis\u00e4inen ilmastointilaite Saunum Base S, joka on integroitu tai asennettu levyn taakse, vet\u00e4\u00e4 kuumaa ilmaa h\u00f6yryhuoneen yl\u00e4osan ilmakanavista ja kylm\u00e4\u00e4 ilmaa alemmista ilmakanavista. Ilmastointilaitteen sis\u00e4ll\u00e4 ilmakerrokset ja h\u00f6yryh\u00f6yryt sekoittuvat taianomaisesti ja j\u00e4\u00e4hdytetty ilmahiukkasten ja h\u00f6yryh\u00f6yryjen seos poistuu laitteesta, mik\u00e4 varmistaa tasaisemman l\u00e4mp\u00f6tilan koko h\u00f6yryhuoneessa ja tarjoaa nautintoa p\u00e4\u00e4st\u00e4 varpaisiin.<\/p>\n<p>Sis\u00e4inen ilmastointilaite on varustettu Himalajan suolapalloilla, jotka rikastuttavat ilmaa suolaioneilla ja joilla on parantava vaikutus sek\u00e4 hengityselimist\u00f6\u00f6n ett\u00e4 ihoon.<\/p>\n<p>Teleskooppipellin ansiosta Saunum Base S:n korkeutta voi s\u00e4\u00e4t\u00e4\u00e4 v\u00e4lill\u00e4 169-230 cm.<\/p>\n<p>&nbsp;<\/p>\n<p><strong>Tekniset tiedot:<\/strong><\/p>\n<ul>\n<li>PAINO: 20 kg<\/li>\n<li>KORKEUS: 169-230 cm<\/li>\n<li>LEVEYS: 42,3 cm<\/li>\n<li>SYVYYS: 22,6 cm<\/li>\n<li>TAKUU: 2 vuotta<\/li>\n<\/ul>\n<p>&nbsp;<\/p>\n<p><strong>Paketti sis\u00e4lt\u00e4\u00e4:<\/strong><\/p>\n<ul>\n<li>antrasiitin harmaa runko<\/li>\n<li>yl\u00e4verkko<\/li>\n<li>suolapallot (7 kpl)<\/li>\n<li>musta kosketuskytkin<\/li>\n<\/ul>\n<p>&nbsp;<\/p>\n<p>&nbsp;<\/p>\n<p>*** Saunan sis\u00e4inen ilmastointilaite Saunum Base S vaatii lis\u00e4virtakaapelin, joka vastaa l\u00e4mp\u00f6tilaymp\u00e4rist\u00f6\u00e4.<\/p>\n<p>&nbsp;<\/p>\n<p>EAN: <span data-sheets-root=\"1\">4745090012415<\/span><\/p>\n<p>&nbsp;<\/p>\n<div class=\"video-wrapper \"><iframe loading=\"lazy\" title=\"Saunum sauna\" width=\"500\" height=\"281\" src=\"https:\/\/www.youtube.com\/embed\/1lVH7jjWL0s?feature=oembed\" frameborder=\"0\" allow=\"accelerometer; autoplay; clipboard-write; encrypted-media; gyroscope; picture-in-picture; web-share\" referrerpolicy=\"strict-origin-when-cross-origin\" allowfullscreen><\/iframe><\/div>\n<p>&nbsp;<\/p>\n<p>&nbsp;<\/p>\n","protected":false},"excerpt":{"rendered":"<p>Saunan sis\u00e4inen ilmastointilaite Saunum Base S on erinomainen lis\u00e4 varassa olevan puu- tai s\u00e4hk\u00f6l\u00e4mmittimen kanssa, sill\u00e4 se varmistaa tasaisemman kosteuden ja l\u00e4mp\u00f6tilan h\u00f6yryhuoneessa.<\/p>\n","protected":false},"featured_media":9197,"comment_status":"open","ping_status":"closed","template":"","meta":{"_acf_changed":false},"factory":[],"free-shipment":[],"product_brand":[],"product_cat":[4877],"product_tag":[2431,2106,599,2430],"class_list":{"0":"post-27501","1":"product","2":"type-product","3":"status-publish","4":"has-post-thumbnail","6":"product_cat-ilmankiertotuotteet","7":"product_tag-base-s-fi","8":"product_tag-sauna-fi","9":"product_tag-saunum-2-fi","10":"product_tag-saunum-base-fi","12":"first","13":"instock","14":"sale","15":"taxable","16":"shipping-taxable","17":"purchasable","18":"product-type-simple"},"acf":[],"_links":{"self":[{"href":"https:\/\/factory.sale\/fi\/wp-json\/wp\/v2\/product\/27501","targetHints":{"allow":["GET"]}}],"collection":[{"href":"https:\/\/factory.sale\/fi\/wp-json\/wp\/v2\/product"}],"about":[{"href":"https:\/\/factory.sale\/fi\/wp-json\/wp\/v2\/types\/product"}],"replies":[{"embeddable":true,"href":"https:\/\/factory.sale\/fi\/wp-json\/wp\/v2\/comments?post=27501"}],"wp:featuredmedia":[{"embeddable":true,"href":"https:\/\/factory.sale\/fi\/wp-json\/wp\/v2\/media\/9197"}],"wp:attachment":[{"href":"https:\/\/factory.sale\/fi\/wp-json\/wp\/v2\/media?parent=27501"}],"wp:term":[{"taxonomy":"factory","embeddable":true,"href":"https:\/\/factory.sale\/fi\/wp-json\/wp\/v2\/factory?post=27501"},{"taxonomy":"free-shipment","embeddable":true,"href":"https:\/\/factory.sale\/fi\/wp-json\/wp\/v2\/free-shipment?post=27501"},{"taxonomy":"product_brand","embeddable":true,"href":"https:\/\/factory.sale\/fi\/wp-json\/wp\/v2\/product_brand?post=27501"},{"taxonomy":"product_cat","embeddable":true,"href":"https:\/\/factory.sale\/fi\/wp-json\/wp\/v2\/product_cat?post=27501"},{"taxonomy":"product_tag","embeddable":true,"href":"https:\/\/factory.sale\/fi\/wp-json\/wp\/v2\/product_tag?post=27501"}],"curies":[{"name":"wp","href":"https:\/\/api.w.org\/{rel}","templated":true}]}}