{"id":27466,"date":"2022-12-27T15:35:30","date_gmt":"2023-05-02T08:14:42","guid":{"rendered":"https:\/\/factory.sale\/?post_type=product&#038;p=27466"},"modified":"2024-06-27T13:22:01","modified_gmt":"2024-06-27T13:22:01","slug":"bamboo-parketti-bamboo-supreme-high-density-natural-lakka","status":"publish","type":"product","link":"https:\/\/factory.sale\/fi\/tuote\/bamboo-parketti-bamboo-supreme-high-density-natural-lakka\/","title":{"rendered":"Bamboo Parketti Bamboo Supreme High Density Natural (lakka)"},"content":{"rendered":"<p>MOSO\u00ae Bamboo Supreme parkettikokoelmassa on laaja valikoima erilaisia bambulamelityylej\u00e4 ja -v\u00e4rej\u00e4. Kevytpainoisuutensa vuoksi MOSO Supreme -lauta on eritt\u00e4in helppo ja k\u00e4tev\u00e4 asentaa. Itse parkettilauta koostuu kahdesta bambukerroksesta: 4 mm:n pintakerroksesta ja pohjakerroksesta, joka on valmistettu ristipainetusta bambus\u00e4leik\u00f6st\u00e4. Tuotekoodi: BF-DT409<\/p>\n<p><strong>57,80 \u20ac per 1m2.<\/strong><\/p>\n<p>T\u00e4m\u00e4n tuotteen v\u00e4himm\u00e4isostom\u00e4\u00e4r\u00e4 on 30 m2.<\/p>\n<p>Pintakerros on hiontakelpoinen, mik\u00e4 helpottaa lattian kunnostamista. Huomattavasti paksumpi pintakerros takaa parketille todella pitk\u00e4n k\u00e4ytt\u00f6i\u00e4n. 10 mm:n kokonaispaksuus on ohuempi verrattuna muihin puulattioihin. T\u00e4m\u00e4 on etu korjausprojekteissa, joissa uusi lattia asennetaan suoraan vanhan lattian p\u00e4\u00e4lle.<\/p>\n<p>Ohuempi lattia mahdollistaa my\u00f6s paremman l\u00e4mm\u00f6nsiirron, joten Bamboo Supreme sopii erityisen hyvin asennettavaksi rakennuksiin, joissa on vesilattial\u00e4mmitys.<\/p>\n<p>100% bambua, 2-kerrosrakenne<\/p>\n<p>Pintakerros: korkeapainepuristettu (HD)<\/p>\n<p>Hiontakerros: 4 mm<\/p>\n<p>\u00d6ljy: Woca (levit\u00e4 viimeinen \u00f6ljykerros lattian asennuksen j\u00e4lkeen)<\/p>\n<p>S\u00e4vy: Natural<\/p>\n<p>Mitat: 920 x 96 x 10 mm<\/p>\n<p>Parketin voi asentaa ilman liimaa<\/p>\n<p>Ideaali lattial\u00e4mmityksen kanssa<\/p>\n<p>Takuu: 30 vuotta<\/p>\n<p>CO2-neutraali<\/p>\n<p>Tuotteella on ISO 9001 -sertifikaatti<\/p>\n<p>Tuote on saatavilla ennakkotilauksena<\/p>\n<p>Toimitusaika : 2-3 viikkoa<\/p>\n<p>&nbsp;<\/p>\n<p><a href=\"https:\/\/factory.sale\/wp-content\/uploads\/2022\/12\/Floorselector-4.pdf\" target=\"_blank\" rel=\"noopener\">Lataa valikoima<\/a><\/p>\n","protected":false},"excerpt":{"rendered":"<p>MOSO\u00ae Bamboo Supreme parkettikokoelmassa on laaja valikoima erilaisia bambulamelityylej\u00e4 ja -v\u00e4rej\u00e4. Kevytpainoisuutensa vuoksi MOSO Supreme -lauta on eritt\u00e4in helppo ja k\u00e4tev\u00e4 asentaa. Itse parkettilauta koostuu kahdesta bambukerroksesta: 4 mm:n pintakerroksesta ja pohjakerroksesta, joka on valmistettu ristipainetusta bambus\u00e4leik\u00f6st\u00e4. Tuotekoodi: BF-DT409<\/p>\n","protected":false},"featured_media":18398,"comment_status":"open","ping_status":"closed","template":"","meta":{"_acf_changed":false},"factory":[],"free-shipment":[],"product_brand":[],"product_cat":[1686,1721],"product_tag":[],"class_list":{"0":"post-27466","1":"product","2":"type-product","3":"status-publish","4":"has-post-thumbnail","6":"product_cat-bambulattia","7":"product_cat-moso-bamboo-supreme-kokoelma","9":"first","10":"instock","11":"sale","12":"taxable","13":"shipping-taxable","14":"purchasable","15":"product-type-simple"},"acf":[],"_links":{"self":[{"href":"https:\/\/factory.sale\/fi\/wp-json\/wp\/v2\/product\/27466","targetHints":{"allow":["GET"]}}],"collection":[{"href":"https:\/\/factory.sale\/fi\/wp-json\/wp\/v2\/product"}],"about":[{"href":"https:\/\/factory.sale\/fi\/wp-json\/wp\/v2\/types\/product"}],"replies":[{"embeddable":true,"href":"https:\/\/factory.sale\/fi\/wp-json\/wp\/v2\/comments?post=27466"}],"wp:featuredmedia":[{"embeddable":true,"href":"https:\/\/factory.sale\/fi\/wp-json\/wp\/v2\/media\/18398"}],"wp:attachment":[{"href":"https:\/\/factory.sale\/fi\/wp-json\/wp\/v2\/media?parent=27466"}],"wp:term":[{"taxonomy":"factory","embeddable":true,"href":"https:\/\/factory.sale\/fi\/wp-json\/wp\/v2\/factory?post=27466"},{"taxonomy":"free-shipment","embeddable":true,"href":"https:\/\/factory.sale\/fi\/wp-json\/wp\/v2\/free-shipment?post=27466"},{"taxonomy":"product_brand","embeddable":true,"href":"https:\/\/factory.sale\/fi\/wp-json\/wp\/v2\/product_brand?post=27466"},{"taxonomy":"product_cat","embeddable":true,"href":"https:\/\/factory.sale\/fi\/wp-json\/wp\/v2\/product_cat?post=27466"},{"taxonomy":"product_tag","embeddable":true,"href":"https:\/\/factory.sale\/fi\/wp-json\/wp\/v2\/product_tag?post=27466"}],"curies":[{"name":"wp","href":"https:\/\/api.w.org\/{rel}","templated":true}]}}