{"id":27423,"date":"2023-04-28T14:01:30","date_gmt":"2023-04-28T14:21:33","guid":{"rendered":"https:\/\/factory.sale\/?post_type=product&#038;p=27423"},"modified":"2024-06-26T21:43:04","modified_gmt":"2024-06-26T21:43:04","slug":"tuuletin-caframo-ecofan-air-deco-ii-musta","status":"publish","type":"product","link":"https:\/\/factory.sale\/fi\/tuote\/tuuletin-caframo-ecofan-air-deco-ii-musta\/","title":{"rendered":"Tuuletin Caframo ECOFAN AIR DECO II, musta"},"content":{"rendered":"<p>Ecofan AirDeco on autenttisten Ecofanien seuraava sukupolven malli, joka sis\u00e4lt\u00e4\u00e4 palkitun patenttihakemuksen mukaisen suunnittelun, uuden esteettisyyden ja yleisen suorituskyvyn.<\/p>\n<p>&nbsp;<\/p>\n<ul>\n<li>Ideaali kaikille huonekooille 190 CFM (322 m\u00b3\/h)<\/li>\n<li>L\u00e4mmit\u00e4 huone jopa 42% nopeammin<\/li>\n<li>Alustemperatuuri 70\u00b0C &#8211; 345\u00b0C<\/li>\n<li>Todistettu v\u00e4hent\u00e4v\u00e4n polttoaineen kulutusta ja p\u00e4\u00e4st\u00f6j\u00e4 jopa 19%<\/li>\n<li>4 vuoden takuu<\/li>\n<li>Tuotteen koko: 7,62 cm x 10,16 cm x 23,97 cm 9 tuuman ter\u00e4 (228 mm)<\/li>\n<\/ul>\n<p>&nbsp;<\/p>\n<p>&nbsp;<\/p>\n<p><strong>TUOTTEEN TIEDOT:<\/strong><\/p>\n<ul>\n<li>PAINO (NAULA): 2,33<\/li>\n<li>UOM: KPL<\/li>\n<li>TERIEN V\u00c4RI: Musta<\/li>\n<li>CFM: 190<\/li>\n<li>TYYLI: Moderni<\/li>\n<li>L\u00c4MP\u00d6TILAVALIKOIMA: 70\u00b0C &#8211; 345\u00b0C<\/li>\n<li>RAJOITETTU TAKUU: 4 vuotta<\/li>\n<li>TUOTTEEN KOKO: 7,62 cm x 10,16 cm x 23,97 cm<\/li>\n<\/ul>\n<p>&nbsp;<\/p>\n<p><a href=\"https:\/\/factory.sale\/wp-content\/uploads\/2023\/04\/Airdeco-manual.pdf\" target=\"_blank\" rel=\"noopener\">Manuaalinen<\/a><\/p>\n<p>&nbsp;<\/p>\n<p>&nbsp;<\/p>\n<div class=\"video-wrapper \"><iframe loading=\"lazy\" title=\"Introducing the New Ecofan AirDeco I, Caframo&#039;s Premium Performing Wood Stove Fan\" width=\"500\" height=\"281\" src=\"https:\/\/www.youtube.com\/embed\/s7-LS0yzUoM?feature=oembed\" frameborder=\"0\" allow=\"accelerometer; autoplay; clipboard-write; encrypted-media; gyroscope; picture-in-picture; web-share\" referrerpolicy=\"strict-origin-when-cross-origin\" allowfullscreen><\/iframe><\/div>\n","protected":false},"excerpt":{"rendered":"<ul>\n<li>Ideaali kaikille huonekooille 190 CFM (322 m\u00b3\/h)<\/li>\n<li>L\u00e4mmit\u00e4 huone jopa 42% nopeammin<\/li>\n<li>Alustemperatuuri 70\u00b0C &#8211; 345\u00b0C<\/li>\n<li>Todistettu v\u00e4hent\u00e4v\u00e4n polttoaineen kulutusta ja p\u00e4\u00e4st\u00f6j\u00e4 jopa 19%<\/li>\n<li>4 vuoden takuu<\/li>\n<li>Tuotteen koko: 7,62 cm x 10,16 cm x 23,97 cm 9 tuuman ter\u00e4 (228 mm)<\/li>\n<\/ul>\n<p>&nbsp;<\/p>\n","protected":false},"featured_media":61934,"comment_status":"open","ping_status":"closed","template":"","meta":{"_acf_changed":false},"factory":[],"free-shipment":[],"product_brand":[],"product_cat":[1325],"product_tag":[],"class_list":{"0":"post-27423","1":"product","2":"type-product","3":"status-publish","4":"has-post-thumbnail","6":"product_cat-lammitys-vesi-ja-ilmanvaihto","8":"first","9":"instock","10":"sale","11":"taxable","12":"shipping-taxable","13":"purchasable","14":"product-type-simple"},"acf":[],"_links":{"self":[{"href":"https:\/\/factory.sale\/fi\/wp-json\/wp\/v2\/product\/27423","targetHints":{"allow":["GET"]}}],"collection":[{"href":"https:\/\/factory.sale\/fi\/wp-json\/wp\/v2\/product"}],"about":[{"href":"https:\/\/factory.sale\/fi\/wp-json\/wp\/v2\/types\/product"}],"replies":[{"embeddable":true,"href":"https:\/\/factory.sale\/fi\/wp-json\/wp\/v2\/comments?post=27423"}],"wp:featuredmedia":[{"embeddable":true,"href":"https:\/\/factory.sale\/fi\/wp-json\/wp\/v2\/media\/61934"}],"wp:attachment":[{"href":"https:\/\/factory.sale\/fi\/wp-json\/wp\/v2\/media?parent=27423"}],"wp:term":[{"taxonomy":"factory","embeddable":true,"href":"https:\/\/factory.sale\/fi\/wp-json\/wp\/v2\/factory?post=27423"},{"taxonomy":"free-shipment","embeddable":true,"href":"https:\/\/factory.sale\/fi\/wp-json\/wp\/v2\/free-shipment?post=27423"},{"taxonomy":"product_brand","embeddable":true,"href":"https:\/\/factory.sale\/fi\/wp-json\/wp\/v2\/product_brand?post=27423"},{"taxonomy":"product_cat","embeddable":true,"href":"https:\/\/factory.sale\/fi\/wp-json\/wp\/v2\/product_cat?post=27423"},{"taxonomy":"product_tag","embeddable":true,"href":"https:\/\/factory.sale\/fi\/wp-json\/wp\/v2\/product_tag?post=27423"}],"curies":[{"name":"wp","href":"https:\/\/api.w.org\/{rel}","templated":true}]}}