{"id":27411,"date":"2023-04-28T12:41:33","date_gmt":"2023-04-28T13:29:10","guid":{"rendered":"https:\/\/factory.sale\/?post_type=product&#038;p=27411"},"modified":"2024-06-26T10:15:52","modified_gmt":"2024-06-26T10:15:52","slug":"ventilaattori-caframo-ecofan-air-deco-i-musta","status":"publish","type":"product","link":"https:\/\/factory.sale\/fi\/tuote\/ventilaattori-caframo-ecofan-air-deco-i-musta\/","title":{"rendered":"Ventilaattori Caframo ECOFAN AIR DECO I, musta"},"content":{"rendered":"<p>Ventilaattori AirDeco on autenttisten Ecofanien seuraava sukupolvena, jossa on palkittu patenttihakemuksen mukainen suunnittelu, uusi esteettisyys ja yleinen suorituskyky.<\/p>\n<ul>\n<li>160 CFM (272 m\u00b3\/h)<\/li>\n<li>L\u00e4mmitt\u00e4\u00e4 huoneen jopa 36% nopeammin<\/li>\n<li>Alkamisl\u00e4mp\u00f6tila 110\u00b0C &#8211; 345\u00b0C<\/li>\n<li>Osoitettu v\u00e4hent\u00e4v\u00e4n polttoaineen k\u00e4ytt\u00f6\u00e4 ja p\u00e4\u00e4st\u00f6j\u00e4 jopa 17%<\/li>\n<li>4 vuoden takuu<\/li>\n<li>Tuotteen koko: 6,6 cm x 10,16 cm x 22,35 cm<\/li>\n<li>8-tuumainen ter\u00e4 (203 mm)<\/li>\n<\/ul>\n<p>&nbsp;<\/p>\n<p><strong>TUOTETIEDOT:<\/strong><\/p>\n<ul>\n<li>PAINO (LB): 1,84<\/li>\n<li>UOM: EA<\/li>\n<li>LAPPIEN V\u00c4RI: Musta<\/li>\n<li>CFM: 160<\/li>\n<li>TY\u00d6TYYLI: Nykyaikainen<\/li>\n<li>K\u00c4YTT\u00d6L\u00c4MP\u00d6TILA: 65\u00b0C &#8211; 345\u00b0C<\/li>\n<li>RAJOITETTU TAKUU: 4 vuotta<\/li>\n<li>TUOTTEEN KOKO: 6,6 cm x 10,16 cm x 22,35 cm<\/li>\n<\/ul>\n<p>&nbsp;<\/p>\n<p>&nbsp;<\/p>\n<p><a href=\"https:\/\/factory.sale\/wp-content\/uploads\/2023\/04\/ECOFAN-AIRDECO-MANUAL.pdf\" target=\"_blank\" rel=\"noopener\">Manuaalinen<\/a><\/p>\n<p>&nbsp;<\/p>\n<div class=\"video-wrapper \"><iframe loading=\"lazy\" title=\"Introducing the New Ecofan AirDeco I, Caframo&#039;s Premium Performing Wood Stove Fan\" width=\"500\" height=\"281\" src=\"https:\/\/www.youtube.com\/embed\/s7-LS0yzUoM?feature=oembed\" frameborder=\"0\" allow=\"accelerometer; autoplay; clipboard-write; encrypted-media; gyroscope; picture-in-picture; web-share\" referrerpolicy=\"strict-origin-when-cross-origin\" allowfullscreen><\/iframe><\/div>\n","protected":false},"excerpt":{"rendered":"<p>Ventilaattori AirDeco on autenttisten Ecofanien seuraava sukupolvena, jossa on palkittu patenttihakemuksen mukainen suunnittelu, uusi esteettisyys ja yleinen suorituskyky.<\/p>\n<ul>\n<li>160 CFM (272 m\u00b3\/h)<\/li>\n<li>L\u00e4mmitt\u00e4\u00e4 huoneen jopa 36% nopeammin<\/li>\n<li>Alkamisl\u00e4mp\u00f6tila 110\u00b0C &#8211; 345\u00b0C<\/li>\n<li>Osoitettu v\u00e4hent\u00e4v\u00e4n polttoaineen k\u00e4ytt\u00f6\u00e4 ja p\u00e4\u00e4st\u00f6j\u00e4 jopa 17%<\/li>\n<li>4 vuoden takuu<\/li>\n<li>Tuotteen koko: 6,6 cm x 10,16 cm x 22,35 cm<\/li>\n<li>8-tuumainen ter\u00e4 (203 mm)<\/li>\n<\/ul>\n","protected":false},"featured_media":27402,"comment_status":"open","ping_status":"closed","template":"","meta":{"_acf_changed":false},"factory":[],"free-shipment":[],"product_brand":[],"product_cat":[1325],"product_tag":[],"class_list":{"0":"post-27411","1":"product","2":"type-product","3":"status-publish","4":"has-post-thumbnail","6":"product_cat-lammitys-vesi-ja-ilmanvaihto","8":"first","9":"instock","10":"sale","11":"taxable","12":"shipping-taxable","13":"purchasable","14":"product-type-simple"},"acf":[],"_links":{"self":[{"href":"https:\/\/factory.sale\/fi\/wp-json\/wp\/v2\/product\/27411","targetHints":{"allow":["GET"]}}],"collection":[{"href":"https:\/\/factory.sale\/fi\/wp-json\/wp\/v2\/product"}],"about":[{"href":"https:\/\/factory.sale\/fi\/wp-json\/wp\/v2\/types\/product"}],"replies":[{"embeddable":true,"href":"https:\/\/factory.sale\/fi\/wp-json\/wp\/v2\/comments?post=27411"}],"wp:featuredmedia":[{"embeddable":true,"href":"https:\/\/factory.sale\/fi\/wp-json\/wp\/v2\/media\/27402"}],"wp:attachment":[{"href":"https:\/\/factory.sale\/fi\/wp-json\/wp\/v2\/media?parent=27411"}],"wp:term":[{"taxonomy":"factory","embeddable":true,"href":"https:\/\/factory.sale\/fi\/wp-json\/wp\/v2\/factory?post=27411"},{"taxonomy":"free-shipment","embeddable":true,"href":"https:\/\/factory.sale\/fi\/wp-json\/wp\/v2\/free-shipment?post=27411"},{"taxonomy":"product_brand","embeddable":true,"href":"https:\/\/factory.sale\/fi\/wp-json\/wp\/v2\/product_brand?post=27411"},{"taxonomy":"product_cat","embeddable":true,"href":"https:\/\/factory.sale\/fi\/wp-json\/wp\/v2\/product_cat?post=27411"},{"taxonomy":"product_tag","embeddable":true,"href":"https:\/\/factory.sale\/fi\/wp-json\/wp\/v2\/product_tag?post=27411"}],"curies":[{"name":"wp","href":"https:\/\/api.w.org\/{rel}","templated":true}]}}