{"id":27392,"date":"2023-04-28T11:34:53","date_gmt":"2023-04-28T12:33:12","guid":{"rendered":"https:\/\/factory.sale\/?post_type=product&#038;p=27392"},"modified":"2025-03-20T23:41:13","modified_gmt":"2025-03-20T20:41:13","slug":"ventilaattori-caframo-ecofan-812-musta","status":"publish","type":"product","link":"https:\/\/factory.sale\/fi\/tuote\/ventilaattori-caframo-ecofan-812-musta\/","title":{"rendered":"Ventilaattori Caframo ECOFAN 812, musta"},"content":{"rendered":"<ul>\n<li>Ideaali kaikille huonekooille 175 CFM (297 m\u00b3\/h)<\/li>\n<li>L\u00e4mmitt\u00e4\u00e4 huoneen jopa 38% nopeammin<\/li>\n<li>Osoitettu v\u00e4hent\u00e4v\u00e4n polttoaineen k\u00e4ytt\u00f6\u00e4 ja p\u00e4\u00e4st\u00f6j\u00e4 jopa 18%<\/li>\n<li>K\u00e4ytt\u00f6l\u00e4mp\u00f6tila 85\u00b0C &#8211; 345\u00b0C<\/li>\n<li>2 vuoden takuu<\/li>\n<\/ul>\n<p>&nbsp;<\/p>\n<p>Esittelemme Ecofanin &#8211; t\u00e4ydellisen lis\u00e4yksen kotiisi, joka on sek\u00e4 ymp\u00e4rist\u00f6yst\u00e4v\u00e4llinen ett\u00e4 tehokas. T\u00e4m\u00e4 keskikokoinen tuuletin tarjoaa voimaa 125 kuutiometri\u00e4 minuutissa, varmistaen, ett\u00e4 kotisi pysyy viile\u00e4n\u00e4 ja mukavana ilman s\u00e4hk\u00f6\u00e4 tai paristoja. Ecofan on valmistettu korkealaatuisista materiaaleista kest\u00e4m\u00e4\u00e4n ja lis\u00e4\u00e4m\u00e4\u00e4n eleganssia mihin tahansa tilaan. Lis\u00e4ksi sen ymp\u00e4rist\u00f6yst\u00e4v\u00e4llinen muotoilu antaa sinulle mielenrauhan tiet\u00e4en, ett\u00e4 teet osasi planeetan hyv\u00e4ksi. P\u00e4ivit\u00e4 kotisi Ecofanilla t\u00e4n\u00e4\u00e4n ja koe t\u00e4ydellinen yhdistelm\u00e4 muotoa ja toimintaa!<\/p>\n<p>&nbsp;<\/p>\n<p>&nbsp;<\/p>\n<p><strong><br \/>\nTUOTETIEDOT:<\/strong><\/p>\n<ul>\n<li>TUOTTEEN KOKO: 8,38 cm x 13,97 cm x 25,40 cm<\/li>\n<li>PAINO (LB): 3,22<\/li>\n<li>UOM: EA<\/li>\n<li>UPC: 062503812177<\/li>\n<li>LAPPIEN V\u00c4RI: Musta<\/li>\n<li>CFM: 175<\/li>\n<li>TY\u00d6TYYLI: Klassinen<\/li>\n<li>POLTTOPOLTTOAINES\u00c4\u00c4ST\u00d6T (%): 18<\/li>\n<li>K\u00c4YTT\u00d6L\u00c4MP\u00d6TILA: 85\u00b0C &#8211; 345\u00b0C<\/li>\n<li>RAJOITETTU TAKUU: 2 vuotta<\/li>\n<\/ul>\n<p>&nbsp;<\/p>\n<p>&nbsp;<\/p>\n<p>&nbsp;<\/p>\n<p><a href=\"https:\/\/factory.sale\/wp-content\/uploads\/2023\/04\/ECOFAN.pdf\" target=\"_blank\" rel=\"noopener\">Manuaal<\/a><\/p>\n<div class=\"video-wrapper \"><iframe loading=\"lazy\" title=\"What Makes Ecofan Such a Worthwhile Investment? Let Our Fans Tell You.\" width=\"500\" height=\"281\" src=\"https:\/\/www.youtube.com\/embed\/X-Lve9MhJtY?feature=oembed\" frameborder=\"0\" allow=\"accelerometer; autoplay; clipboard-write; encrypted-media; gyroscope; picture-in-picture; web-share\" referrerpolicy=\"strict-origin-when-cross-origin\" allowfullscreen><\/iframe><\/div>\n","protected":false},"excerpt":{"rendered":"<ul>\n<li>Ideaali kaikille huonekooille 175 CFM (297 m\u00b3\/h)<\/li>\n<li>L\u00e4mmitt\u00e4\u00e4 huoneen jopa 38% nopeammin<\/li>\n<li>Osoitettu v\u00e4hent\u00e4v\u00e4n polttoaineen k\u00e4ytt\u00f6\u00e4 ja p\u00e4\u00e4st\u00f6j\u00e4 jopa 18%<\/li>\n<li>K\u00e4ytt\u00f6l\u00e4mp\u00f6tila 85\u00b0C &#8211; 345\u00b0C<\/li>\n<li>2 vuoden takuu<\/li>\n<\/ul>\n","protected":false},"featured_media":27383,"comment_status":"open","ping_status":"closed","template":"","meta":{"_acf_changed":false},"factory":[],"free-shipment":[],"product_brand":[],"product_cat":[1325],"product_tag":[],"class_list":{"0":"post-27392","1":"product","2":"type-product","3":"status-publish","4":"has-post-thumbnail","6":"product_cat-lammitys-vesi-ja-ilmanvaihto","8":"first","9":"instock","10":"sale","11":"taxable","12":"shipping-taxable","13":"purchasable","14":"product-type-simple"},"acf":[],"_links":{"self":[{"href":"https:\/\/factory.sale\/fi\/wp-json\/wp\/v2\/product\/27392","targetHints":{"allow":["GET"]}}],"collection":[{"href":"https:\/\/factory.sale\/fi\/wp-json\/wp\/v2\/product"}],"about":[{"href":"https:\/\/factory.sale\/fi\/wp-json\/wp\/v2\/types\/product"}],"replies":[{"embeddable":true,"href":"https:\/\/factory.sale\/fi\/wp-json\/wp\/v2\/comments?post=27392"}],"wp:featuredmedia":[{"embeddable":true,"href":"https:\/\/factory.sale\/fi\/wp-json\/wp\/v2\/media\/27383"}],"wp:attachment":[{"href":"https:\/\/factory.sale\/fi\/wp-json\/wp\/v2\/media?parent=27392"}],"wp:term":[{"taxonomy":"factory","embeddable":true,"href":"https:\/\/factory.sale\/fi\/wp-json\/wp\/v2\/factory?post=27392"},{"taxonomy":"free-shipment","embeddable":true,"href":"https:\/\/factory.sale\/fi\/wp-json\/wp\/v2\/free-shipment?post=27392"},{"taxonomy":"product_brand","embeddable":true,"href":"https:\/\/factory.sale\/fi\/wp-json\/wp\/v2\/product_brand?post=27392"},{"taxonomy":"product_cat","embeddable":true,"href":"https:\/\/factory.sale\/fi\/wp-json\/wp\/v2\/product_cat?post=27392"},{"taxonomy":"product_tag","embeddable":true,"href":"https:\/\/factory.sale\/fi\/wp-json\/wp\/v2\/product_tag?post=27392"}],"curies":[{"name":"wp","href":"https:\/\/api.w.org\/{rel}","templated":true}]}}