{"id":27374,"date":"2023-04-27T08:52:54","date_gmt":"2023-04-28T11:11:43","guid":{"rendered":"https:\/\/factory.sale\/?post_type=product&#038;p=27374"},"modified":"2024-06-26T06:18:50","modified_gmt":"2024-06-26T06:18:50","slug":"tuuletin-caframo-ecofan-810-musta-varin","status":"publish","type":"product","link":"https:\/\/factory.sale\/fi\/tuote\/tuuletin-caframo-ecofan-810-musta-varin\/","title":{"rendered":"Tuuletin Caframo ECOFAN 810, musta v\u00e4rin"},"content":{"rendered":"<div>Esittelemme Ecofan Classicin &#8211; t\u00e4ydellisen lis\u00e4yksen kotiisi, joka on sek\u00e4 ymp\u00e4rist\u00f6yst\u00e4v\u00e4llinen ett\u00e4 tehokas. T\u00e4m\u00e4 keskikokoinen tuuletin tarjoaa voimakkaan 125 kuutiometrin ilmavirran minuutissa, varmistaen, ett\u00e4 kotisi pysyy viile\u00e4n\u00e4 ja mukavana ilman s\u00e4hk\u00f6\u00e4 tai paristoja. Ecofan Classic on valmistettu korkealaatuisista materiaaleista, kest\u00e4v\u00e4 ja lis\u00e4\u00e4 eleganttia kosketusta mihin tahansa tilaan. Lis\u00e4ksi sen ymp\u00e4rist\u00f6yst\u00e4v\u00e4llisen suunnittelun ansiosta voit nauttia mielenrauhasta tiet\u00e4en, ett\u00e4 teet oman osasi maapallon hyv\u00e4ksi. P\u00e4ivit\u00e4 kotisi Ecofan Classicilla t\u00e4n\u00e4\u00e4n ja koe t\u00e4ydellinen yhdistelm\u00e4 muotoa ja toiminnallisuutta!<\/div>\n<div><\/div>\n<div>\n<ul>\n<li>Ideaali huoneille, joiden pinta-ala on enint\u00e4\u00e4n 240<\/li>\n<li>neli\u00f6jalkaa 125 CFM (212 m\u00b3\/h)<\/li>\n<li>L\u00e4mmitt\u00e4\u00e4 huoneesi jopa 31% nopeammin<\/li>\n<li>Osoitettu v\u00e4hent\u00e4v\u00e4n polttoaineen k\u00e4ytt\u00f6\u00e4 ja p\u00e4\u00e4st\u00f6j\u00e4 jopa 14%<\/li>\n<li>Toimintal\u00e4mp\u00f6tila 100\u00b0C &#8211; 345\u00b0C<\/li>\n<li>2 vuoden takuu<\/li>\n<\/ul>\n<p>&nbsp;<\/p>\n<p><strong>TUOTETIEDOT:<\/strong><\/p>\n<ul>\n<li>MITAT: 7,62 cm x 13,97 cm x 22,8 cm<\/li>\n<li>PAINO (LB): 2,38<\/li>\n<li>UOM: EA<\/li>\n<li>UPC: 062503810043<\/li>\n<li>LAPIOIDEN V\u00c4RI: Musta<\/li>\n<li>CFM: 125<\/li>\n<li>TYYLIT: Classic<\/li>\n<li>POLTTOTURVALLISUUS (%): 14<\/li>\n<li>K\u00c4YTT\u00d6L\u00c4MP\u00d6ALUE: 100\u00b0C &#8211; 345\u00b0C<\/li>\n<li>RAJOITETTU TAKUU: 2 vuotta<\/li>\n<\/ul>\n<\/div>\n<div>\n<p>&nbsp;<\/p>\n<p><a href=\"https:\/\/ecofan.caframobrands.com\/mwdownloads\/download\/link\/id\/3\" target=\"_blank\" rel=\"noopener\">Manuaalinen<\/a><\/p>\n<p>&nbsp;<\/p>\n<div class=\"video-wrapper \"><iframe loading=\"lazy\" title=\"What Makes Ecofan Such a Worthwhile Investment? Let Our Fans Tell You.\" width=\"500\" height=\"281\" src=\"https:\/\/www.youtube.com\/embed\/X-Lve9MhJtY?feature=oembed\" frameborder=\"0\" allow=\"accelerometer; autoplay; clipboard-write; encrypted-media; gyroscope; picture-in-picture; web-share\" referrerpolicy=\"strict-origin-when-cross-origin\" allowfullscreen><\/iframe><\/div>\n<\/div>\n","protected":false},"excerpt":{"rendered":"<ul>\n<li>Ideaali huoneille, joiden pinta-ala on enint\u00e4\u00e4n 240<\/li>\n<li>neli\u00f6jalkaa 125 CFM (212 m\u00b3\/h)<\/li>\n<li>L\u00e4mmitt\u00e4\u00e4 huoneesi jopa 31% nopeammin<\/li>\n<li>Osoitettu v\u00e4hent\u00e4v\u00e4n polttoaineen k\u00e4ytt\u00f6\u00e4 ja p\u00e4\u00e4st\u00f6j\u00e4 jopa 14%<\/li>\n<li>Toimintal\u00e4mp\u00f6tila 100\u00b0C &#8211; 345\u00b0C<\/li>\n<li>2 vuoden takuu<\/li>\n<\/ul>\n","protected":false},"featured_media":27364,"comment_status":"open","ping_status":"closed","template":"","meta":{"_acf_changed":false},"factory":[],"free-shipment":[],"product_brand":[],"product_cat":[1325],"product_tag":[],"class_list":{"0":"post-27374","1":"product","2":"type-product","3":"status-publish","4":"has-post-thumbnail","6":"product_cat-lammitys-vesi-ja-ilmanvaihto","8":"first","9":"instock","10":"sale","11":"taxable","12":"shipping-taxable","13":"purchasable","14":"product-type-simple"},"acf":[],"_links":{"self":[{"href":"https:\/\/factory.sale\/fi\/wp-json\/wp\/v2\/product\/27374","targetHints":{"allow":["GET"]}}],"collection":[{"href":"https:\/\/factory.sale\/fi\/wp-json\/wp\/v2\/product"}],"about":[{"href":"https:\/\/factory.sale\/fi\/wp-json\/wp\/v2\/types\/product"}],"replies":[{"embeddable":true,"href":"https:\/\/factory.sale\/fi\/wp-json\/wp\/v2\/comments?post=27374"}],"wp:featuredmedia":[{"embeddable":true,"href":"https:\/\/factory.sale\/fi\/wp-json\/wp\/v2\/media\/27364"}],"wp:attachment":[{"href":"https:\/\/factory.sale\/fi\/wp-json\/wp\/v2\/media?parent=27374"}],"wp:term":[{"taxonomy":"factory","embeddable":true,"href":"https:\/\/factory.sale\/fi\/wp-json\/wp\/v2\/factory?post=27374"},{"taxonomy":"free-shipment","embeddable":true,"href":"https:\/\/factory.sale\/fi\/wp-json\/wp\/v2\/free-shipment?post=27374"},{"taxonomy":"product_brand","embeddable":true,"href":"https:\/\/factory.sale\/fi\/wp-json\/wp\/v2\/product_brand?post=27374"},{"taxonomy":"product_cat","embeddable":true,"href":"https:\/\/factory.sale\/fi\/wp-json\/wp\/v2\/product_cat?post=27374"},{"taxonomy":"product_tag","embeddable":true,"href":"https:\/\/factory.sale\/fi\/wp-json\/wp\/v2\/product_tag?post=27374"}],"curies":[{"name":"wp","href":"https:\/\/api.w.org\/{rel}","templated":true}]}}