{"id":27329,"date":"2023-04-27T07:32:09","date_gmt":"2023-04-27T08:44:55","guid":{"rendered":"https:\/\/factory.sale\/?post_type=product&#038;p=27329"},"modified":"2024-07-01T19:33:56","modified_gmt":"2024-07-01T19:33:56","slug":"tuuletin-caframo-ecofan-800-pakko","status":"publish","type":"product","link":"https:\/\/factory.sale\/fi\/tuote\/tuuletin-caframo-ecofan-800-pakko\/","title":{"rendered":"Tuuletin Caframo ECOFAN 800, pakko"},"content":{"rendered":"<ul>\n<li>Ihanteellinen huoneille, joiden pinta-ala on enint\u00e4\u00e4n 11,2 m2<\/li>\n<li>100 CFM (170 m\u00b3\/h)<\/li>\n<li>L\u00e4mmitt\u00e4\u00e4 huoneesi jopa 20% nopeammin<\/li>\n<li>Osoitettu v\u00e4hent\u00e4v\u00e4n polttoaineenkulutusta ja p\u00e4\u00e4st\u00f6j\u00e4 jopa<\/li>\n<li>12% K\u00e4ytt\u00f6l\u00e4mp\u00f6tila 110\u00b0C &#8211; 345\u00b0C<\/li>\n<li>2 vuoden takuu<\/li>\n<\/ul>\n<p>Koe l\u00e4mm\u00f6n ja mukavuuden tunne tehokkaan puuliesituulettimemme avulla. Tuulettimemme on suunniteltu jakamaan l\u00e4mp\u00f6 tasaisesti koko oleskelutilaasi, toimii hiljaisesti ja tehokkaasti, kierr\u00e4tt\u00e4\u00e4 l\u00e4mmint\u00e4 ilmaa ja maksimoi liesisi tehokkuuden. Valmistettu laadukkaista materiaaleista ja kest\u00e4m\u00e4\u00e4n pitk\u00e4\u00e4n, puuliesituulettimemme on t\u00e4ydellinen lis\u00e4 jokaiseen kotiin, joka etsii kest\u00e4v\u00e4mp\u00e4\u00e4 ja ymp\u00e4rist\u00f6yst\u00e4v\u00e4llisemp\u00e4\u00e4 tapaa l\u00e4mmitt\u00e4\u00e4 oleskelutilaansa. Tilaa nyt ja nauti viihtyis\u00e4mm\u00e4st\u00e4 ja mukavammasta talvikaudesta!<\/p>\n<p>&nbsp;<\/p>\n<p><strong>Tuotetiedot:<\/strong><\/p>\n<ul>\n<li>TUOTTEEN KOKO: 7,62 cm x 13,97 cm x 21,59 cm<\/li>\n<li>PAINO (KG): 0,84<\/li>\n<li>YKSIKK\u00d6M\u00c4\u00c4R\u00c4: kpl<\/li>\n<li>UPC: 062503800600<\/li>\n<li>TER\u00c4N V\u00c4RI: Musta<\/li>\n<li>CFM: 100<\/li>\n<li>TYLI: Klassinen<\/li>\n<li>POLTTOTUOTTEIDEN S\u00c4\u00c4ST\u00d6 (%): 12<\/li>\n<li>K\u00c4YTT\u00d6L\u00c4MP\u00d6TILA: 110\u00b0C &#8211; 345\u00b0C<\/li>\n<li>RAJOITETTU TAKUU: 2 vuotta<\/li>\n<\/ul>\n","protected":false},"excerpt":{"rendered":"<p>Kaikkien ensimm\u00e4inen puulla toimiva tuuletin<\/p>\n<ul>\n<li>Ihanteellinen huoneille, joiden pinta-ala on enint\u00e4\u00e4n 11,2 m2<\/li>\n<li>100 CFM (170 m\u00b3\/h)<\/li>\n<li>L\u00e4mmitt\u00e4\u00e4 huoneesi jopa 20% nopeammin<\/li>\n<li>Osoitettu v\u00e4hent\u00e4v\u00e4n polttoaineenkulutusta ja p\u00e4\u00e4st\u00f6j\u00e4 jopa<\/li>\n<li>12% K\u00e4ytt\u00f6l\u00e4mp\u00f6tila 110\u00b0C &#8211; 345\u00b0C<\/li>\n<li>2 vuoden takuu<\/li>\n<\/ul>\n","protected":false},"featured_media":27319,"comment_status":"open","ping_status":"closed","template":"","meta":{"_acf_changed":false},"factory":[],"free-shipment":[],"product_brand":[],"product_cat":[1325],"product_tag":[],"class_list":{"0":"post-27329","1":"product","2":"type-product","3":"status-publish","4":"has-post-thumbnail","6":"product_cat-lammitys-vesi-ja-ilmanvaihto","8":"first","9":"instock","10":"sale","11":"taxable","12":"shipping-taxable","13":"purchasable","14":"product-type-simple"},"acf":[],"_links":{"self":[{"href":"https:\/\/factory.sale\/fi\/wp-json\/wp\/v2\/product\/27329","targetHints":{"allow":["GET"]}}],"collection":[{"href":"https:\/\/factory.sale\/fi\/wp-json\/wp\/v2\/product"}],"about":[{"href":"https:\/\/factory.sale\/fi\/wp-json\/wp\/v2\/types\/product"}],"replies":[{"embeddable":true,"href":"https:\/\/factory.sale\/fi\/wp-json\/wp\/v2\/comments?post=27329"}],"wp:featuredmedia":[{"embeddable":true,"href":"https:\/\/factory.sale\/fi\/wp-json\/wp\/v2\/media\/27319"}],"wp:attachment":[{"href":"https:\/\/factory.sale\/fi\/wp-json\/wp\/v2\/media?parent=27329"}],"wp:term":[{"taxonomy":"factory","embeddable":true,"href":"https:\/\/factory.sale\/fi\/wp-json\/wp\/v2\/factory?post=27329"},{"taxonomy":"free-shipment","embeddable":true,"href":"https:\/\/factory.sale\/fi\/wp-json\/wp\/v2\/free-shipment?post=27329"},{"taxonomy":"product_brand","embeddable":true,"href":"https:\/\/factory.sale\/fi\/wp-json\/wp\/v2\/product_brand?post=27329"},{"taxonomy":"product_cat","embeddable":true,"href":"https:\/\/factory.sale\/fi\/wp-json\/wp\/v2\/product_cat?post=27329"},{"taxonomy":"product_tag","embeddable":true,"href":"https:\/\/factory.sale\/fi\/wp-json\/wp\/v2\/product_tag?post=27329"}],"curies":[{"name":"wp","href":"https:\/\/api.w.org\/{rel}","templated":true}]}}