{"id":27308,"date":"2023-04-26T13:50:37","date_gmt":"2023-04-26T15:03:43","guid":{"rendered":"https:\/\/factory.sale\/?post_type=product&#038;p=27308"},"modified":"2024-06-27T13:43:22","modified_gmt":"2024-06-27T13:43:22","slug":"led-lamppu-caframo-joi","status":"publish","type":"product","link":"https:\/\/factory.sale\/fi\/tuote\/led-lamppu-caframo-joi\/","title":{"rendered":"LED-lamppu Caframo, JOI"},"content":{"rendered":"<p>JOI-lamppu k\u00e4ytt\u00e4\u00e4 termoelektrist\u00e4 teknologiaa, muuntaen yhden teekynttil\u00e4n tuottaman l\u00e4mm\u00f6n tuottaakseen 100 kertaa enemm\u00e4n valoa, k\u00e4ytt\u00e4en siihen kahdeksaa LED-valoa.<\/p>\n<ul>\n<li>S\u00e4\u00e4nkest\u00e4v\u00e4 ruostumattomasta ter\u00e4ksest\u00e4 valmistettu kotelo<\/li>\n<li>Laajennettava yl\u00e4osa<\/li>\n<li>Kevyt ja kannettava 1 vuoden takuu<\/li>\n<li>Valmistettu Kanadassa<\/li>\n<\/ul>\n<p>&nbsp;<\/p>\n<p>&nbsp;<\/p>\n<p><strong>Tuotetiedot:<\/strong><\/p>\n<ul>\n<li>PAINO (kg): 2,27<\/li>\n<li>UOM: EA<\/li>\n<li>UPC: 062503831000<\/li>\n<li>V\u00c4RI : Ruostumaton ter\u00e4s<\/li>\n<li>LEDIEN M\u00c4\u00c4R\u00c4: 8<\/li>\n<li>RAJOITETTU TAKUU: 1 vuosi<\/li>\n<\/ul>\n<p>&nbsp;<\/p>\n<h3><\/h3>\n<h3 class=\"style-scope ytd-watch-metadata\">Kuinka k\u00e4ytt\u00e4\u00e4 JOI-lamppua<\/h3>\n<p class=\"style-scope ytd-watch-metadata\"><div class=\"video-wrapper \"><iframe loading=\"lazy\" title=\"How to use your JOI lamp by Caframo\" width=\"500\" height=\"281\" src=\"https:\/\/www.youtube.com\/embed\/g32lGliHGa0?feature=oembed\" frameborder=\"0\" allow=\"accelerometer; autoplay; clipboard-write; encrypted-media; gyroscope; picture-in-picture; web-share\" referrerpolicy=\"strict-origin-when-cross-origin\" allowfullscreen><\/iframe><\/div><\/p>\n<h3 class=\"style-scope ytd-watch-metadata\">Yleiskatsaus JOI-lampustaHow to use your JOI lamp<\/h3>\n<div class=\"video-wrapper \"><iframe loading=\"lazy\" title=\"JOI Lamp by Caframo\" width=\"500\" height=\"281\" src=\"https:\/\/www.youtube.com\/embed\/-HkJPbWxJw0?feature=oembed\" frameborder=\"0\" allow=\"accelerometer; autoplay; clipboard-write; encrypted-media; gyroscope; picture-in-picture; web-share\" referrerpolicy=\"strict-origin-when-cross-origin\" allowfullscreen><\/iframe><\/div>\n<p>&nbsp;<\/p>\n<p><a href=\"https:\/\/www.youtube.com\/watch?v=-HkJPbWxJw0\" target=\"_blank\" rel=\"noopener\">Manuaalinen<\/a><\/p>\n","protected":false},"excerpt":{"rendered":"<p>JOI-lamppu k\u00e4ytt\u00e4\u00e4 termoelektrist\u00e4 teknologiaa, muuntaen yhden teekynttil\u00e4n tuottaman l\u00e4mm\u00f6n tuottaakseen 100 kertaa enemm\u00e4n valoa, k\u00e4ytt\u00e4en siihen kahdeksaa LED-valoa.<\/p>\n<ul>\n<li>S\u00e4\u00e4nkest\u00e4v\u00e4 ruostumattomasta ter\u00e4ksest\u00e4 valmistettu kotelo<\/li>\n<li>Laajennettava yl\u00e4osa<\/li>\n<li>Kevyt ja kannettava 1 vuoden takuu<\/li>\n<li>Valmistettu Kanadassa<\/li>\n<\/ul>\n<p>&nbsp;<\/p>\n","protected":false},"featured_media":27299,"comment_status":"open","ping_status":"closed","template":"","meta":{"_acf_changed":false},"factory":[],"free-shipment":[],"product_brand":[],"product_cat":[1319,2436],"product_tag":[],"class_list":{"0":"post-27308","1":"product","2":"type-product","3":"status-publish","4":"has-post-thumbnail","6":"product_cat-huonekalut","7":"product_cat-lamput","9":"first","10":"instock","11":"sale","12":"taxable","13":"shipping-taxable","14":"purchasable","15":"product-type-simple"},"acf":[],"_links":{"self":[{"href":"https:\/\/factory.sale\/fi\/wp-json\/wp\/v2\/product\/27308","targetHints":{"allow":["GET"]}}],"collection":[{"href":"https:\/\/factory.sale\/fi\/wp-json\/wp\/v2\/product"}],"about":[{"href":"https:\/\/factory.sale\/fi\/wp-json\/wp\/v2\/types\/product"}],"replies":[{"embeddable":true,"href":"https:\/\/factory.sale\/fi\/wp-json\/wp\/v2\/comments?post=27308"}],"wp:featuredmedia":[{"embeddable":true,"href":"https:\/\/factory.sale\/fi\/wp-json\/wp\/v2\/media\/27299"}],"wp:attachment":[{"href":"https:\/\/factory.sale\/fi\/wp-json\/wp\/v2\/media?parent=27308"}],"wp:term":[{"taxonomy":"factory","embeddable":true,"href":"https:\/\/factory.sale\/fi\/wp-json\/wp\/v2\/factory?post=27308"},{"taxonomy":"free-shipment","embeddable":true,"href":"https:\/\/factory.sale\/fi\/wp-json\/wp\/v2\/free-shipment?post=27308"},{"taxonomy":"product_brand","embeddable":true,"href":"https:\/\/factory.sale\/fi\/wp-json\/wp\/v2\/product_brand?post=27308"},{"taxonomy":"product_cat","embeddable":true,"href":"https:\/\/factory.sale\/fi\/wp-json\/wp\/v2\/product_cat?post=27308"},{"taxonomy":"product_tag","embeddable":true,"href":"https:\/\/factory.sale\/fi\/wp-json\/wp\/v2\/product_tag?post=27308"}],"curies":[{"name":"wp","href":"https:\/\/api.w.org\/{rel}","templated":true}]}}