{"id":27270,"date":"2023-04-26T07:39:18","date_gmt":"2023-04-26T08:04:50","guid":{"rendered":"https:\/\/factory.sale\/?post_type=product&#038;p=27270"},"modified":"2024-06-25T20:24:48","modified_gmt":"2024-06-25T20:24:48","slug":"inmotion-climber","status":"publish","type":"product","link":"https:\/\/factory.sale\/fi\/tuote\/inmotion-climber\/","title":{"rendered":"INMOTION Climber"},"content":{"rendered":"<div class=\"flex-1 overflow-hidden\">\n<div class=\"react-scroll-to-bottom--css-zrebq-79elbk h-full dark:bg-gray-800\">\n<div class=\"react-scroll-to-bottom--css-zrebq-1n7m0yu\">\n<div class=\"flex flex-col items-center text-sm dark:bg-gray-800\">\n<div class=\"group w-full text-gray-800 dark:text-gray-100 border-b border-black\/10 dark:border-gray-900\/50 bg-gray-50 dark:bg-[#444654]\">\n<div class=\"text-base gap-4 md:gap-6 md:max-w-2xl lg:max-w-xl xl:max-w-3xl p-4 md:py-6 flex lg:px-0 m-auto\">\n<div class=\"relative flex w-[calc(100%-50px)] flex-col gap-1 md:gap-3 lg:w-[calc(100%-115px)]\">\n<div class=\"flex flex-grow flex-col gap-3\">\n<div class=\"min-h-[20px] flex flex-col items-start gap-4 whitespace-pre-wrap break-words\">\n<div class=\"markdown prose w-full break-words dark:prose-invert light\">\n<h2>INMOTION Climber &#8211; Tuplaa voima, tuplaa hauskuus<\/h2>\n<h3><\/h3>\n<h3>Uusi Kokemuksia Nautittavaksi<\/h3>\n<p>Climber on INMOTIONin ensimm\u00e4inen s\u00e4hk\u00f6potkulauta, jossa on kaksinkertaiset moottorit. Siin\u00e4 on kaksi 750W moottoria, joista yhteens\u00e4 tulee jopa 1500W nimellisteho, mik\u00e4 tekee siit\u00e4 helpon hallita 36% kaltevuuksia, m\u00e4ki\u00e4 ja mit\u00e4 tahansa maastoa.<\/p>\n<h3>Nauti Ultranopeasta Nopeudesta<\/h3>\n<p>Climber saavuttaa vaikuttavan nopeuden jopa 38 km\/h. Lis\u00e4ksi se pystyy kiihdytt\u00e4m\u00e4\u00e4n nopeasti 0:sta 25 km\/h: iin vain 3,5 sekunnissa.<\/p>\n<h3>Raskas Sade? Ei Ongelmaa!<\/h3>\n<p>Climber on rakennettu kest\u00e4m\u00e4\u00e4n kaiken, mink\u00e4 el\u00e4m\u00e4 sen eteen heitt\u00e4\u00e4, sill\u00e4 siin\u00e4 on IPX6-luokiteltu roiske- ja vesitiiviys, joten voit tutkia ja seikkailla vapaasti.<\/p>\n<h3>\u00c4lyk\u00e4s, Turvallinen ja Luotettava<\/h3>\n<p>Climberissa on \u00e4lyk\u00e4s akunhallintaj\u00e4rjestelm\u00e4 (BMS), joka seuraa jatkuvasti jokaisen akkusolun tilaa ja parantaa akkupaketin k\u00e4ytett\u00e4v\u00e4\u00e4 kapasiteettia. Lis\u00e4ksi se on varustettu akun tasapainottajalla akkupaketissa, joka pident\u00e4\u00e4 kunkin solun k\u00e4ytt\u00f6ik\u00e4\u00e4 ja lataa turvallisesti.<\/p>\n<h3>Huolto Ei Ole Koskaan Ollut Helpompaa<\/h3>\n<p>Modulaarisen suunnittelun ja split-rim -tekniikan ansiosta rengasvaihto voidaan tehd\u00e4 helposti. Nauti miellytt\u00e4v\u00e4st\u00e4 huoltokokemuksesta autotallissasi vain 10 minuutissa.<\/p>\n<h3>Vau, Mik\u00e4 Jarrutus!<\/h3>\n<p>Climber on varustettu tehokkaalla jarruj\u00e4rjestelm\u00e4ll\u00e4, jossa on s\u00e4hk\u00f6inen jarru molemmilla renkailla ja levyjarru takarenkaalla, mik\u00e4 tarjoaa tarkemman hallinnan jarrutustapahtumissa ja reaktioaika voi olla vain 0,01 sekuntia.<\/p>\n<h3>Odottamaton Mukavuus Odotetun Renkaan Kanssa<\/h3>\n<p>Climberissa k\u00e4ytet\u00e4\u00e4n 10 tuuman matalan vierint\u00e4vastuksen renkaita, joissa on extrapaksu sis\u00e4putki, mik\u00e4 auttaa v\u00e4hent\u00e4m\u00e4\u00e4n puhkeamisen todenn\u00e4k\u00f6isyytt\u00e4 ja tarjoaa paremman pidon, mukavuuden ja kest\u00e4vyyden. Aja helposti kaupunkimaisemassa ja nauti tasaisesta ajosta alusta loppuun vaikka suurella nopeudella.<\/p>\n<h3>K\u00e4sittele Helposti Raskaita Matkustajia<\/h3>\n<p>Alumiininen lentokoneiden k\u00e4ytt\u00e4m\u00e4 runko tekee Climberista erityisen vahvan ja kest\u00e4v\u00e4n, tarjoten maksimaalisen kuormituskyvyn 130 kg, mik\u00e4 yleens\u00e4 riitt\u00e4\u00e4 ylim\u00e4\u00e4r\u00e4isen varustuksen kuljettamiseen.<\/p>\n<\/div>\n<\/div>\n<\/div>\n<div class=\"flex justify-between lg:block\">\n<div class=\"text-gray-400 flex self-end lg:self-center justify-center mt-2 gap-2 md:gap-3 lg:gap-1 lg:absolute lg:top-0 lg:translate-x-full lg:right-0 lg:mt-0 lg:pl-2 visible\"><\/div>\n<\/div>\n<\/div>\n<\/div>\n<\/div>\n<div class=\"w-full h-32 md:h-48 flex-shrink-0\">\n<p><strong>PARAMETRIT:<\/strong><\/p>\n<\/div>\n<\/div>\n<\/div>\n<\/div>\n<\/div>\n<div class=\"absolute bottom-0 left-0 w-full border-t md:border-t-0 dark:border-white\/20 md:border-transparent md:dark:border-transparent md:bg-vert-light-gradient bg-white dark:bg-gray-800 md:!bg-transparent dark:md:bg-vert-dark-gradient pt-2\">\n<form class=\"stretch mx-2 flex flex-row gap-3 last:mb-2 md:mx-4 md:last:mb-6 lg:mx-auto lg:max-w-2xl xl:max-w-3xl\">\n<div class=\"relative flex h-full flex-1 items-stretch md:flex-col\">\n<div class=\"\">\n<div class=\"h-full flex ml-1 md:w-full md:m-auto md:mb-2 gap-0 md:gap-2 justify-center\">\n<div class=\"flex w-full items-center justify-center gap-2\">\n<ul>\n<li>Malli: Kiipeilij\u00e4<\/li>\n<li>Latausaika: n. 9 tuntia<\/li>\n<li>Py\u00f6r\u00e4tyypit: Pneumaattiset etu- ja takarenkaat<\/li>\n<li>Suurin toimintas\u00e4de*: 56 km \/ 35 mailia<\/li>\n<li>Suurin nopeus: 38 km\/h \/ 23,7 mph<\/li>\n<li>Nettopaino: 20,8 kg<\/li>\n<li>Suurin kaltevuus*: 36 %<\/li>\n<li>Maksimikuormitus: 130 kg (286,6 paunaa)<\/li>\n<li>Moottorin teho (nimellis): 450 W*2<\/li>\n<li>Max. Teho: 750W*2<\/li>\n<li>Laturin l\u00e4ht\u00f6j\u00e4nnite: 42V<\/li>\n<li>Laturin l\u00e4ht\u00f6virta: 2 A<\/li>\n<li>Jarrutyypit: Elektroninen ja levyjarru<\/li>\n<li>IP-luokitukset (runko): IP56<\/li>\n<li>IP-luokitukset (akku): IPX7<\/li>\n<li>Mitat avattuna: 1167*510*1195mm<\/li>\n<li>Mitat taitettuna: 1165*510*590mm<\/li>\n<\/ul>\n<\/div>\n<\/div>\n<\/div>\n<\/div>\n<\/form>\n<\/div>\n","protected":false},"excerpt":{"rendered":"<h3>INMOTION Climber &#8211; Tuplaa voima, tuplaa hauskuus<\/h3>\n<h3>Uusi Kokemuksia Nautittavaksi<\/h3>\n<p>Climber on INMOTIONin ensimm\u00e4inen s\u00e4hk\u00f6potkulauta, jossa on kaksinkertaiset moottorit. Siin\u00e4 on kaksi 750W moottoria, joista yhteens\u00e4 tulee jopa 1500W nimellisteho, mik\u00e4 tekee siit\u00e4 helpon hallita 36% kaltevuuksia, m\u00e4ki\u00e4 ja mit\u00e4 tahansa maastoa.<\/p>\n","protected":false},"featured_media":27267,"comment_status":"open","ping_status":"closed","template":"","meta":{"_acf_changed":false},"factory":[],"free-shipment":[],"product_brand":[],"product_cat":[1312,1311],"product_tag":[],"class_list":{"0":"post-27270","1":"product","2":"type-product","3":"status-publish","4":"has-post-thumbnail","6":"product_cat-e-skootterit","7":"product_cat-viihde-elektroniikka","9":"first","10":"instock","11":"sale","12":"taxable","13":"shipping-taxable","14":"purchasable","15":"product-type-simple"},"acf":[],"_links":{"self":[{"href":"https:\/\/factory.sale\/fi\/wp-json\/wp\/v2\/product\/27270","targetHints":{"allow":["GET"]}}],"collection":[{"href":"https:\/\/factory.sale\/fi\/wp-json\/wp\/v2\/product"}],"about":[{"href":"https:\/\/factory.sale\/fi\/wp-json\/wp\/v2\/types\/product"}],"replies":[{"embeddable":true,"href":"https:\/\/factory.sale\/fi\/wp-json\/wp\/v2\/comments?post=27270"}],"wp:featuredmedia":[{"embeddable":true,"href":"https:\/\/factory.sale\/fi\/wp-json\/wp\/v2\/media\/27267"}],"wp:attachment":[{"href":"https:\/\/factory.sale\/fi\/wp-json\/wp\/v2\/media?parent=27270"}],"wp:term":[{"taxonomy":"factory","embeddable":true,"href":"https:\/\/factory.sale\/fi\/wp-json\/wp\/v2\/factory?post=27270"},{"taxonomy":"free-shipment","embeddable":true,"href":"https:\/\/factory.sale\/fi\/wp-json\/wp\/v2\/free-shipment?post=27270"},{"taxonomy":"product_brand","embeddable":true,"href":"https:\/\/factory.sale\/fi\/wp-json\/wp\/v2\/product_brand?post=27270"},{"taxonomy":"product_cat","embeddable":true,"href":"https:\/\/factory.sale\/fi\/wp-json\/wp\/v2\/product_cat?post=27270"},{"taxonomy":"product_tag","embeddable":true,"href":"https:\/\/factory.sale\/fi\/wp-json\/wp\/v2\/product_tag?post=27270"}],"curies":[{"name":"wp","href":"https:\/\/api.w.org\/{rel}","templated":true}]}}