{"id":27140,"date":"2023-01-30T09:40:25","date_gmt":"2023-04-18T10:31:39","guid":{"rendered":"https:\/\/factory.sale\/?post_type=product&#038;p=27140"},"modified":"2026-03-05T16:46:37","modified_gmt":"2026-03-05T13:46:37","slug":"sahkolammitin-huum-cliff-mini-3-5-kw","status":"publish","type":"product","link":"https:\/\/factory.sale\/fi\/tuote\/sahkolammitin-huum-cliff-mini-3-5-kw\/","title":{"rendered":"S\u00e4hk\u00f6kiuas HUUM CLIFF MINI 3.5 kW"},"content":{"rendered":"<p>HUUM CLIFF Mini -s\u00e4hk\u00f6kiuas on hoikempi ja sein\u00e4\u00e4n asennettava versio palkitusta CLIFF-kiukaasta. Kuten isoveljens\u00e4, my\u00f6s CLIFF Mini on saanut inspiraationsa pohjoismaisista rantakallioista ja erottuu sirolla, kivipintaa korostavalla muotoilullaan. CLIFF-kiukaiden parin tekee erityiseksi niiden kekseli\u00e4s ja ymp\u00e4rist\u00f6yst\u00e4v\u00e4llinen rakenne. CLIFF-kiukaiden s\u00e4leet valmistetaan STEEL-s\u00e4hk\u00f6kiukaan tuotannossa syntyvist\u00e4 ter\u00e4slevyn leikkuuj\u00e4tteist\u00e4. N\u00e4in materiaalia ei mene hukkaan, ja yhdest\u00e4 ruostumattomasta ter\u00e4slevyst\u00e4 syntyy kaksi kiuasta. Hoikasta muodosta huolimatta CLIFF Mini vet\u00e4\u00e4 runsaasti kivi\u00e4 ja tarjoaa pehme\u00e4t, pitk\u00e4kestoiset l\u00f6ylyt. Sis\u00e4\u00e4nrakennettu ilmakanava nopeuttaa kiukaan l\u00e4mpi\u00e4mist\u00e4. CLIFF Minin suojaet\u00e4isyys seinist\u00e4 on vain 6 cm, joten se sopii erinomaisesti my\u00f6s pieniin kotisaunoihin.<\/p>\n<p>Suosittelemme asentamaan kiukaaseen suojakaiteen \u2013 joko HUUMin suojakaiteen tai mittatilausty\u00f6n\u00e4 valmistetun suojakaiteen, jotta saunassa olisi enemm\u00e4n turvallisuutta ja mukavuutta.<\/p>\n<p>Oikean kokoinen kiuas = t\u00e4ydellinen sauna! K\u00e4yt\u00e4 <a href=\"https:\/\/huum.eu\/calculator\/\" target=\"_blank\" rel=\"noopener\">saunalaskuriamme<\/a> l\u00f6yt\u00e4\u00e4ksesi ihanteellisen tehon.<\/p>\n<p><strong>Setti sis\u00e4lt\u00e4\u00e4:<\/strong><\/p>\n<ul>\n<li>s\u00e4hk\u00f6kiuas<\/li>\n<li>s\u00e4\u00e4dett\u00e4v\u00e4t jalat<\/li>\n<\/ul>\n<p><strong>Kiuas tarvitsee lis\u00e4ksi:<\/strong><\/p>\n<ul>\n<li>60 kg <a href=\"https:\/\/factory.sale\/fi\/tuote\/lammittimen-kivet\/\" target=\"_blank\" rel=\"noopener\">kiuaskivi\u00e4<\/a> (3-5 cm)<\/li>\n<li><a href=\"https:\/\/factory.sale\/fi\/tuote-osasto\/saniteetti\/ohjauspaneeli\/huum-fi-2\/\" target=\"_blank\" rel=\"noopener\">ohjauspaneelin<\/a><\/li>\n<li>l\u00e4mm\u00f6nkest\u00e4v\u00e4n virtajohdon<\/li>\n<\/ul>\n<p><strong>Tekniset tiedot:<\/strong><\/p>\n<ul>\n<li>teho: 3,5 kW<\/li>\n<li>l\u00e4mmitetty huone min.: 3 m\u00b3<\/li>\n<li>l\u00e4mmitetty huone max.: 5 m\u00b3<\/li>\n<li>kivien kapasiteetti: 60 kg<\/li>\n<li>paino: 15 kg<\/li>\n<li>korkeus: 975 mm<\/li>\n<li>leveys: 270 mm<\/li>\n<li>syvyys: 160 mm<\/li>\n<\/ul>\n<p><strong>Turvaet\u00e4isyydet:<\/strong><\/p>\n<ul>\n<li>A 60 mm<\/li>\n<li>B 390 mm<\/li>\n<li>C 270 mm<\/li>\n<li>D 160 mm<\/li>\n<li>H 975 mm<\/li>\n<\/ul>\n<p><strong data-start=\"78\" data-end=\"88\">Takuu:<\/strong><\/p>\n<ul>\n<li>kotik\u00e4ytt\u00f6 \u2013 3 vuotta<\/li>\n<li>ammattik\u00e4ytt\u00f6 \u2013 1 vuosi<\/li>\n<\/ul>\n<p>Tarvitsetko varaosia t\u00e4lle kiukaalle? \u2013 L\u00e4het\u00e4 meille s\u00e4hk\u00f6postia. Kaikki muut lis\u00e4varusteet l\u00f6ytyv\u00e4t <a href=\"https:\/\/factory.sale\/fi\/tuote-osasto\/saniteetti\/saunatarvikkeet\/huum-fi-3\/\" target=\"_blank\" rel=\"noopener\">t\u00e4\u00e4lt\u00e4<\/a>.<\/p>\n<p><strong>EAN: 4744103010332<\/strong><\/p>\n<p>&nbsp;<\/p>\n<h2>HUUM CLIFF MINI KIVIEN SIJOITUS<\/h2>\n<div class=\"video-wrapper \"><iframe loading=\"lazy\" title=\"HUUM CLIFF and CLIFF mini stone placement\" width=\"500\" height=\"281\" src=\"https:\/\/www.youtube.com\/embed\/lN9NHwJ8mF0?feature=oembed\" frameborder=\"0\" allow=\"accelerometer; autoplay; clipboard-write; encrypted-media; gyroscope; picture-in-picture; web-share\" referrerpolicy=\"strict-origin-when-cross-origin\" allowfullscreen><\/iframe><\/div>\n<h2>HUUM CLIFF MINI ASENNUS<\/h2>\n<div class=\"video-wrapper \"><iframe loading=\"lazy\" title=\"HUUM CLIFF Mini installation for EU\" width=\"500\" height=\"281\" src=\"https:\/\/www.youtube.com\/embed\/qeWpk16-B8o?feature=oembed\" frameborder=\"0\" allow=\"accelerometer; autoplay; clipboard-write; encrypted-media; gyroscope; picture-in-picture; web-share\" referrerpolicy=\"strict-origin-when-cross-origin\" allowfullscreen><\/iframe><\/div>\n<h2>HUUM SAUNA<\/h2>\n<div class=\"video-wrapper \"><iframe loading=\"lazy\" title=\"Sauna inspiration \u2502 HUUM HIVE Wood \u2502 wood-burning stove\" width=\"500\" height=\"281\" src=\"https:\/\/www.youtube.com\/embed\/s5SwqfqFP9Y?feature=oembed\" frameborder=\"0\" allow=\"accelerometer; autoplay; clipboard-write; encrypted-media; gyroscope; picture-in-picture; web-share\" referrerpolicy=\"strict-origin-when-cross-origin\" allowfullscreen><\/iframe><\/div>\n<p><strong><span style=\"font-size: 18pt;\">MIKSI HUUM?<\/span><\/strong><\/p>\n<div class=\"video-wrapper \"><iframe loading=\"lazy\" title=\"Why HUUM heaters?\" width=\"500\" height=\"281\" src=\"https:\/\/www.youtube.com\/embed\/mstEnCX5Ehs?feature=oembed\" frameborder=\"0\" allow=\"accelerometer; autoplay; clipboard-write; encrypted-media; gyroscope; picture-in-picture; web-share\" referrerpolicy=\"strict-origin-when-cross-origin\" allowfullscreen><\/iframe><\/div>\n","protected":false},"excerpt":{"rendered":"<p>S\u00e4hk\u00f6triker HUUM CLIFF MINI 3.5kW s\u00e4\u00e4st\u00e4\u00e4 tilaa!<\/p>\n<p>S\u00e4hk\u00f6kiuas HUUM CLIFF MINI 3,5kW on kompakti, kapea muotoinen sein\u00e4kiuas, joka on valmistettu Virossa korkealaatuisesta ruostumattomasta ter\u00e4ksest\u00e4. Se on kehitetty pient\u00e4 (3-5 m\u00b3) kotisaunaa ajatellen ja tilaa s\u00e4\u00e4st\u00e4en.<\/p>\n<ul>\n<li>pienet turvaet\u00e4isyydet<\/li>\n<li>keskell\u00e4 oleva sis\u00e4ilmakanava nopeuttaa l\u00e4mmityst\u00e4 25 %<\/li>\n<li>korkea kivikapasiteetti<\/li>\n<li>ruostumaton ter\u00e4s<\/li>\n<\/ul>\n","protected":false},"featured_media":99951,"comment_status":"open","ping_status":"closed","template":"","meta":{"_acf_changed":false},"factory":[],"free-shipment":[5019],"product_brand":[4433],"product_cat":[858,484],"product_tag":[866,2319,2106],"class_list":{"0":"post-27140","1":"product","2":"type-product","3":"status-publish","4":"has-post-thumbnail","6":"free-shipment-ilmainen-toimitus","7":"product_brand-huum-fi","8":"product_cat-huum-fi","9":"product_cat-saunan-kiukaat","10":"product_tag-electric-sauna-heater-fi","11":"product_tag-heaters-fi","12":"product_tag-sauna-fi","14":"first","15":"instock","16":"sale","17":"taxable","18":"shipping-taxable","19":"purchasable","20":"product-type-simple"},"acf":[],"_links":{"self":[{"href":"https:\/\/factory.sale\/fi\/wp-json\/wp\/v2\/product\/27140","targetHints":{"allow":["GET"]}}],"collection":[{"href":"https:\/\/factory.sale\/fi\/wp-json\/wp\/v2\/product"}],"about":[{"href":"https:\/\/factory.sale\/fi\/wp-json\/wp\/v2\/types\/product"}],"replies":[{"embeddable":true,"href":"https:\/\/factory.sale\/fi\/wp-json\/wp\/v2\/comments?post=27140"}],"wp:featuredmedia":[{"embeddable":true,"href":"https:\/\/factory.sale\/fi\/wp-json\/wp\/v2\/media\/99951"}],"wp:attachment":[{"href":"https:\/\/factory.sale\/fi\/wp-json\/wp\/v2\/media?parent=27140"}],"wp:term":[{"taxonomy":"factory","embeddable":true,"href":"https:\/\/factory.sale\/fi\/wp-json\/wp\/v2\/factory?post=27140"},{"taxonomy":"free-shipment","embeddable":true,"href":"https:\/\/factory.sale\/fi\/wp-json\/wp\/v2\/free-shipment?post=27140"},{"taxonomy":"product_brand","embeddable":true,"href":"https:\/\/factory.sale\/fi\/wp-json\/wp\/v2\/product_brand?post=27140"},{"taxonomy":"product_cat","embeddable":true,"href":"https:\/\/factory.sale\/fi\/wp-json\/wp\/v2\/product_cat?post=27140"},{"taxonomy":"product_tag","embeddable":true,"href":"https:\/\/factory.sale\/fi\/wp-json\/wp\/v2\/product_tag?post=27140"}],"curies":[{"name":"wp","href":"https:\/\/api.w.org\/{rel}","templated":true}]}}