{"id":27056,"date":"2023-01-30T09:59:55","date_gmt":"2023-04-16T11:59:20","guid":{"rendered":"https:\/\/factory.sale\/?post_type=product&#038;p=27056"},"modified":"2026-03-05T16:46:37","modified_gmt":"2026-03-05T13:46:37","slug":"lammitin-huum-cliff-9-kw","status":"publish","type":"product","link":"https:\/\/factory.sale\/fi\/tuote\/lammitin-huum-cliff-9-kw\/","title":{"rendered":"S\u00e4hk\u00f6kiuas HUUM CLIFF 9 kW"},"content":{"rendered":"<p>HUUM CLIFF-s\u00e4hk\u00f6kiukaan kivipintaa korostava muotoilu on saanut inspiraationsa pohjoismaisista rantakallioista. N\u00e4ytt\u00e4v\u00e4n ulkon\u00e4\u00f6n lis\u00e4ksi CLIFF erottuu tehokkaalla ja ymp\u00e4rist\u00f6yst\u00e4v\u00e4llisell\u00e4 rakenteellaan. Kiukaan runko valmistetaan ruostumattomasta ter\u00e4slevyst\u00e4 leikatuista osista, jotka syntyv\u00e4t STEEL-s\u00e4hk\u00f6kiukaan tuotannon yhteydess\u00e4. N\u00e4in metallij\u00e4tett\u00e4 ei synny, ja materiaali hy\u00f6dynnet\u00e4\u00e4n t\u00e4ysin. Pienet suojaet\u00e4isyydet ja kapea muoto tekev\u00e4t CLIFF-kiukaasta erinomaisen valinnan my\u00f6s pienempiin saunoihin. Sis\u00e4inen ilmakanava nopeuttaa l\u00e4mmityst\u00e4 25 % ja pident\u00e4\u00e4 l\u00e4mmityselementtien k\u00e4ytt\u00f6ik\u00e4\u00e4. Suuren kivim\u00e4\u00e4r\u00e4n ansiosta HUUM CLIFF tarjoaa pehme\u00e4t ja pitk\u00e4kestoiset l\u00f6ylyt sek\u00e4 takaa rentouttavan saunael\u00e4myksen. Kiukaalle on my\u00f6nnetty Red Dot 2021 -muotoilupalkinto.<\/p>\n<p>Suosittelemme asentamaan kiukaaseen suojakaiteen \u2013 joko HUUMin suojakaiteen tai mittatilausty\u00f6n\u00e4 valmistetun suojakaiteen, jotta saunassa olisi enemm\u00e4n turvallisuutta ja mukavuutta.<\/p>\n<p>Oikean kokoinen kiuas = t\u00e4ydellinen sauna! K\u00e4yt\u00e4 <a href=\"https:\/\/huum.eu\/calculator\/\" target=\"_blank\" rel=\"noopener\">saunalaskuriamme<\/a> l\u00f6yt\u00e4\u00e4ksesi ihanteellisen tehon.<\/p>\n<p><strong>Setti sis\u00e4lt\u00e4\u00e4:<\/strong><\/p>\n<ul>\n<li>s\u00e4hk\u00f6kiuas<\/li>\n<li>s\u00e4\u00e4dett\u00e4v\u00e4t jalat<\/li>\n<\/ul>\n<p><strong>Kiuas tarvitsee lis\u00e4ksi:<\/strong><\/p>\n<ul>\n<li>75 kg <a href=\"https:\/\/factory.sale\/fi\/tuote\/lammittimen-kivet\/\" target=\"_blank\" rel=\"noopener\">kiuaskivi\u00e4<\/a> (3-5 cm)<\/li>\n<li><a href=\"https:\/\/factory.sale\/fi\/tuote-osasto\/saniteetti\/ohjauspaneeli\/huum-fi-2\/\" target=\"_blank\" rel=\"noopener\">ohjauspaneelin<\/a><\/li>\n<li>l\u00e4mm\u00f6nkest\u00e4v\u00e4n virtajohdon<\/li>\n<\/ul>\n<p><strong>Tekniset tiedot:<\/strong><\/p>\n<ul>\n<li>teho: 9 kW<\/li>\n<li>l\u00e4mmitetty huone min.: 8 m\u00b3<\/li>\n<li>l\u00e4mmitetty huone max.: 13 m\u00b3<\/li>\n<li>kivien kapasiteetti: 75 kg<\/li>\n<li>paino: 16 kg<\/li>\n<li>korkeus: 975 mm<\/li>\n<li>leveys: 270 mm<\/li>\n<li>syvyys: 270 mm<\/li>\n<\/ul>\n<p><strong>Turvaet\u00e4isyydet:<\/strong><\/p>\n<ul>\n<li>A 240 mm<\/li>\n<li>B 750 mm<\/li>\n<li>C 270 mm<\/li>\n<li>H 975 mm<\/li>\n<\/ul>\n<p><strong data-start=\"78\" data-end=\"88\">Takuu:<\/strong><\/p>\n<ul>\n<li>kotik\u00e4ytt\u00f6 \u2013 3 vuotta<\/li>\n<li>ammattik\u00e4ytt\u00f6 \u2013 1 vuosi<\/li>\n<\/ul>\n<p>Tarvitsetko varaosia t\u00e4lle kiukaalle? \u2013 L\u00e4het\u00e4 meille s\u00e4hk\u00f6postia. Kaikki muut lis\u00e4varusteet l\u00f6ytyv\u00e4t <a href=\"https:\/\/factory.sale\/fi\/tuote-osasto\/saniteetti\/saunatarvikkeet\/huum-fi-3\/\" target=\"_blank\" rel=\"noopener\">t\u00e4\u00e4lt\u00e4<\/a>.<\/p>\n<p><strong>EAN: 4744103010394<\/strong><\/p>\n<p>&nbsp;<\/p>\n<h2>HUUM CLIFF KIVIEN SIJOITUS<\/h2>\n<div class=\"video-wrapper \"><iframe loading=\"lazy\" title=\"HUUM CLIFF and CLIFF mini stone placement\" width=\"500\" height=\"281\" src=\"https:\/\/www.youtube.com\/embed\/lN9NHwJ8mF0?feature=oembed\" frameborder=\"0\" allow=\"accelerometer; autoplay; clipboard-write; encrypted-media; gyroscope; picture-in-picture; web-share\" referrerpolicy=\"strict-origin-when-cross-origin\" allowfullscreen><\/iframe><\/div>\n<h2>HUUM CLIFF ASENNUS<\/h2>\n<div class=\"video-wrapper \"><iframe loading=\"lazy\" title=\"HUUM CLIFF installation for EU\" width=\"500\" height=\"281\" src=\"https:\/\/www.youtube.com\/embed\/gdU79G71osU?feature=oembed\" frameborder=\"0\" allow=\"accelerometer; autoplay; clipboard-write; encrypted-media; gyroscope; picture-in-picture; web-share\" referrerpolicy=\"strict-origin-when-cross-origin\" allowfullscreen><\/iframe><\/div>\n<h2>HUUM SAUNA<\/h2>\n<div class=\"video-wrapper \"><iframe loading=\"lazy\" title=\"Sauna inspiration \u2502 HUUM HIVE Wood \u2502 wood-burning stove\" width=\"500\" height=\"281\" src=\"https:\/\/www.youtube.com\/embed\/s5SwqfqFP9Y?feature=oembed\" frameborder=\"0\" allow=\"accelerometer; autoplay; clipboard-write; encrypted-media; gyroscope; picture-in-picture; web-share\" referrerpolicy=\"strict-origin-when-cross-origin\" allowfullscreen><\/iframe><\/div>\n<p><strong><span style=\"font-size: 18pt;\">MIKSI HUUM?<\/span><\/strong><\/p>\n<div class=\"video-wrapper \"><iframe loading=\"lazy\" title=\"Why HUUM heaters?\" width=\"500\" height=\"281\" src=\"https:\/\/www.youtube.com\/embed\/mstEnCX5Ehs?feature=oembed\" frameborder=\"0\" allow=\"accelerometer; autoplay; clipboard-write; encrypted-media; gyroscope; picture-in-picture; web-share\" referrerpolicy=\"strict-origin-when-cross-origin\" allowfullscreen><\/iframe><\/div>\n","protected":false},"excerpt":{"rendered":"<p>HUUM CLIFF on kapea s\u00e4hk\u00f6kiuas, jonka turvaet\u00e4isyydet ovat huomattavan pienet, mik\u00e4 tekee siit\u00e4 t\u00e4ydellisen ahtaisiin saunoihin. Hyvin optimoidun rakenteensa ansiosta turvaet\u00e4isyydet seinist\u00e4 pienennet\u00e4\u00e4n pienemmiss\u00e4 malleissa vain 6 cm:iin ja isommissa malleissa 12 cm:iin.<\/p>\n<ul>\n<li>pienet turvaet\u00e4isyydet<\/li>\n<li>keskell\u00e4 oleva sis\u00e4ilmakanava nopeuttaa l\u00e4mmityst\u00e4 25 %<\/li>\n<li>korkea kivikapasiteetti<\/li>\n<li>ruostumaton ter\u00e4s<\/li>\n<\/ul>\n","protected":false},"featured_media":133224,"comment_status":"open","ping_status":"closed","template":"","meta":{"_acf_changed":false},"factory":[],"free-shipment":[5019],"product_brand":[4433],"product_cat":[858,484],"product_tag":[],"class_list":{"0":"post-27056","1":"product","2":"type-product","3":"status-publish","4":"has-post-thumbnail","6":"free-shipment-ilmainen-toimitus","7":"product_brand-huum-fi","8":"product_cat-huum-fi","9":"product_cat-saunan-kiukaat","11":"first","12":"instock","13":"sale","14":"taxable","15":"shipping-taxable","16":"purchasable","17":"product-type-simple"},"acf":[],"_links":{"self":[{"href":"https:\/\/factory.sale\/fi\/wp-json\/wp\/v2\/product\/27056","targetHints":{"allow":["GET"]}}],"collection":[{"href":"https:\/\/factory.sale\/fi\/wp-json\/wp\/v2\/product"}],"about":[{"href":"https:\/\/factory.sale\/fi\/wp-json\/wp\/v2\/types\/product"}],"replies":[{"embeddable":true,"href":"https:\/\/factory.sale\/fi\/wp-json\/wp\/v2\/comments?post=27056"}],"wp:featuredmedia":[{"embeddable":true,"href":"https:\/\/factory.sale\/fi\/wp-json\/wp\/v2\/media\/133224"}],"wp:attachment":[{"href":"https:\/\/factory.sale\/fi\/wp-json\/wp\/v2\/media?parent=27056"}],"wp:term":[{"taxonomy":"factory","embeddable":true,"href":"https:\/\/factory.sale\/fi\/wp-json\/wp\/v2\/factory?post=27056"},{"taxonomy":"free-shipment","embeddable":true,"href":"https:\/\/factory.sale\/fi\/wp-json\/wp\/v2\/free-shipment?post=27056"},{"taxonomy":"product_brand","embeddable":true,"href":"https:\/\/factory.sale\/fi\/wp-json\/wp\/v2\/product_brand?post=27056"},{"taxonomy":"product_cat","embeddable":true,"href":"https:\/\/factory.sale\/fi\/wp-json\/wp\/v2\/product_cat?post=27056"},{"taxonomy":"product_tag","embeddable":true,"href":"https:\/\/factory.sale\/fi\/wp-json\/wp\/v2\/product_tag?post=27056"}],"curies":[{"name":"wp","href":"https:\/\/api.w.org\/{rel}","templated":true}]}}