{"id":26799,"date":"2023-04-10T11:47:58","date_gmt":"2023-04-10T12:22:22","guid":{"rendered":"https:\/\/factory.sale\/?post_type=product&#038;p=26799"},"modified":"2026-04-03T16:42:49","modified_gmt":"2026-04-03T13:42:49","slug":"ruostumattomasta-teraksesta-valmistettu-puinen-kylpytynnyri-ulko-tai-sisakiukaan","status":"publish","type":"product","link":"https:\/\/factory.sale\/fi\/tuote\/ruostumattomasta-teraksesta-valmistettu-puinen-kylpytynnyri-ulko-tai-sisakiukaan\/","title":{"rendered":"Ruostumattomasta ter\u00e4ksest\u00e4 kylpytynnyri (ulko- tai sis\u00e4kiukaalle) 1,6 &#8211; 2m"},"content":{"rendered":"<p>T\u00e4m\u00e4 kylpytynnyri tarjoaa ulkokylpemisen iloja jopa 9 hengelle kerrallaan. Ulkokamiinan tai sis\u00e4isen kamiinan valinnan j\u00e4lkeen voit valita ruostumattoman kylpytynnyrisi koon kylpij\u00f6iden m\u00e4\u00e4r\u00e4n mukaan. Ulkoisen kamiinan malleissa istumatilaa on huomattavasti enemm\u00e4n ja l\u00e4mmitys onnistuu vaivattomasti. Voit nopeuttaa veden l\u00e4mpi\u00e4mist\u00e4 tilaamalla ylellinen palju kannen jo ruostumattoman paljusi tilauksen yhteydess\u00e4 tai j\u00e4lkik\u00e4teen.<\/p>\n<p>Ulkokylpy on suosittua kes\u00e4t talvet. Talvisin hankien keskell\u00e4 nautinto on eksoottisin ja luonnollisesti verenkiertoa virkist\u00e4v\u00e4t avantopyr\u00e4hdykset tai lumienkelten tekeminen hangessa ovat my\u00f6s mahdolliset kuumavesikylvyn ansiosta. Kes\u00e4helteill\u00e4 voit taas k\u00e4ytt\u00e4\u00e4 paljuasi esimerkiksi vilvoitteluun l\u00f6ylyjen v\u00e4liss\u00e4 tai virkist\u00e4v\u00e4\u00e4n aamu pulahdukseen jotta p\u00e4iv\u00e4si k\u00e4ynnistyy t\u00e4ysill\u00e4.<\/p>\n<p>Ruostumaton palju on suunniteltu siten, ett\u00e4 muotoillut penkit ovat nostettavissa pois kylpytynnyrist\u00e4. T\u00e4m\u00e4 helpottaa huomattavasti paljun puhdistusta, lis\u00e4ksi penkit ovat valmistettu kest\u00e4v\u00e4st\u00e4 l\u00e4mp\u00f6puusta jonka ansiosta ne ovat kest\u00e4vyydelt\u00e4\u00e4n huippuluokkaa. Kylpytynnyri on tarkoitettu l\u00e4mmitett\u00e4v\u00e4ksi 32-40 asteeseen jolloin se takaa kylpij\u00f6ille parhaan mahdollisen palju-el\u00e4myksen. Uppokamina mallissa kamiina on suojattu puisella suoja-aidalla, joka suojaa kylpij\u00f6it\u00e4 palovammalta. Kylpytynnyriss\u00e4 nautiskeltaessa on kuitenkin aina noudatettava turvallisuusohjeita ja tervett\u00e4 j\u00e4rke\u00e4. Muista my\u00f6s nauttia runsaasti nestett\u00e4 nestehukan v\u00e4ltt\u00e4miseksi. My\u00f6s saunahattu voi olla tarpeen suojaamassa kylpij\u00e4n p\u00e4\u00e4t\u00e4. Voit tilata my\u00f6s LED-valot tai porej\u00e4rjestelm\u00e4n ulkokylpyysi!<\/p>\n<p>T\u00e4ydellinen kylpytynnyri syntyy huolellisella suunnittelulla, oikeilla varusteilla ja hyvin valitulla kylpyseuralla.<\/p>\n<p>&nbsp;<\/p>\n<p><strong>Hintaan kuuluu:<\/strong><\/p>\n<ul>\n<li>L\u00e4mp\u00f6puulla verhoiltu rosterinen tynnyri<\/li>\n<li>2 kiristysvannetta ruostumattomasta ter\u00e4ksest\u00e4<\/li>\n<li>Tynnyrin muotoon valmistetut istumapenkit<\/li>\n<li>Vedenpoisto hanalla<\/li>\n<\/ul>\n<p>&nbsp;<\/p>\n<table id=\"tablepress-4\" class=\"tablepress tablepress-id-4\" style=\"height: 162px;\" width=\"404\">\n<thead>\n<tr class=\"row-1 odd\">\n<th class=\"column-1\"><strong>Tekniset tiedot:<\/strong><\/th>\n<th class=\"column-2\"><\/th>\n<th class=\"column-3\"><\/th>\n<th class=\"column-4\"><\/th>\n<\/tr>\n<\/thead>\n<tbody class=\"row-hover\">\n<tr class=\"row-2 even\">\n<td class=\"column-1\">Halkaisija<\/td>\n<td class=\"column-2\">1.6 m<\/td>\n<td class=\"column-3\">1.8 m<\/td>\n<td class=\"column-4\">2.0 m<\/td>\n<\/tr>\n<tr class=\"row-3 odd\">\n<td class=\"column-1\">Tilavuus (L)<\/td>\n<td class=\"column-2\">1300<\/td>\n<td class=\"column-3\">1800<\/td>\n<td class=\"column-4\">2300<\/td>\n<\/tr>\n<tr class=\"row-4 even\">\n<td class=\"column-1\">Tilavuus (henkil\u00f6\u00e4)<\/td>\n<td class=\"column-2\">3-4<\/td>\n<td class=\"column-3\">5-6<\/td>\n<td class=\"column-4\">6-8<\/td>\n<\/tr>\n<tr class=\"row-5 odd\">\n<td class=\"column-1\">Paino (kg)<\/td>\n<td class=\"column-2\">270<\/td>\n<td class=\"column-3\">330<\/td>\n<td class=\"column-4\">390<\/td>\n<\/tr>\n<\/tbody>\n<\/table>\n<p>&nbsp;<\/p>\n<ul>\n<li>Tynnyrin korkeus \u2013 1,12 m<\/li>\n<li>Tynnyrin syvyys \u2013 0,98 m<\/li>\n<li>Ruostumattoman ter\u00e4ksen paksuus \u2013 1mm<\/li>\n<li>Sein\u00e4laudan paksuus \u2013 41 mm<\/li>\n<li>Pohjalaudan paksuus \u2013 39 mm<\/li>\n<li>Istuinpenkkien korkeus \u2013 320 mm<\/li>\n<li>Istuinpenkkien leveys \u2013 350 mm<\/li>\n<li>Istuinpenkkien laudanpaksuus \u2013 41 mm<\/li>\n<\/ul>\n<p>&nbsp;<\/p>\n<p>&nbsp;<\/p>\n<p><strong>Hinnat (ei sis. ALV):<\/strong><\/p>\n<ul>\n<li>\u00d81,6 (LTN16) &#8211; 1759,50 EUR<\/li>\n<li>\u00d81,8 (LTN18) &#8211; 2058,50 EUR<\/li>\n<li>\u00d82.0 (LTN20) &#8211; 2242,50 EUR<\/li>\n<\/ul>\n<p>&nbsp;<\/p>\n<p><em><strong>* Saatavilla useita lis\u00e4varusteita. L\u00e4het\u00e4 meille tiedustelu ja kysy lis\u00e4\u00e4!<\/strong><\/em><\/p>\n<p>&nbsp;<\/p>\n<p>&nbsp;<\/p>\n<p><b>Kuljetustiedot:<\/b><\/p>\n<p>Toimitus kuorma-autolla, jossa on takalaitanostin.<\/p>\n","protected":false},"excerpt":{"rendered":"<h2><span style=\"font-size: 14pt;\"><strong>Ylellinen rosterinen kylpytynnyri yhdist\u00e4\u00e4 l\u00e4mp\u00f6k\u00e4sitellyn puun ruostumattomaan ter\u00e4kseen<\/strong><\/span><\/h2>\n<p>Rosterinen kylpytynnyri on suunnittelun huippuluokkaa! T\u00e4m\u00e4 l\u00e4mp\u00f6k\u00e4sitellyll\u00e4 puulla verhoiltu upea kylpytynnyri sis\u00e4lt\u00e4\u00e4 mahtavan salaisuuden; sen sis\u00e4allas on valmistettu ruostumattomasta ter\u00e4ksest\u00e4! Ruostumaton ter\u00e4s tekee t\u00e4st\u00e4 ylellisest\u00e4 kylpytynnyrist\u00e4 s\u00e4\u00e4nkest\u00e4v\u00e4n, ajattoman, helppohoitoisen ja tyylikk\u00e4\u00e4n. Puisten paljujen tarvitsemaa turvottamisvaihetta tai vanteiden kirist\u00e4mist\u00e4 ei en\u00e4\u00e4 tarvita; rosteriallas on vesitiivis, hygieeninen ja helposti pest\u00e4v\u00e4. Todella vahva ulkokuori kauniista sek\u00e4 kest\u00e4v\u00e4st\u00e4 l\u00e4mp\u00f6puusta ruostumattomine ter\u00e4syksityiskohtineen istuttaa kylpytynnyrisi kauniisti pihapiiriisi, oli se sitten kaupunkikodin puutarhassa, huvilan saunarannassa tai tunturin kupeella.<\/p>\n<p>Ruostumaton palju on t\u00e4ynn\u00e4 ylellisyytt\u00e4. Kylpytynnyri on saatavissa kolmessa eri koossa haluamasi henkil\u00f6m\u00e4\u00e4r\u00e4n mukaan. Voit my\u00f6s valita, haluatko ruostumattoman kylpytynnyrisi perinteisell\u00e4 sis\u00e4\u00e4nrakennetulla kamiinalla vai ulkoisella kamiinalla.<\/p>\n","protected":false},"featured_media":102399,"comment_status":"open","ping_status":"closed","template":"","meta":{"_acf_changed":false},"factory":[],"free-shipment":[],"product_brand":[],"product_cat":[2210,2594],"product_tag":[2228],"class_list":{"0":"post-26799","1":"product","2":"type-product","3":"status-publish","4":"has-post-thumbnail","6":"product_cat-kylpytynnyrit","7":"product_cat-puiset-kylpytynnyrit","8":"product_tag-stainless-steel-fi","10":"first","11":"instock","12":"sale","13":"taxable","14":"shipping-taxable","15":"purchasable","16":"product-type-simple"},"acf":[],"_links":{"self":[{"href":"https:\/\/factory.sale\/fi\/wp-json\/wp\/v2\/product\/26799","targetHints":{"allow":["GET"]}}],"collection":[{"href":"https:\/\/factory.sale\/fi\/wp-json\/wp\/v2\/product"}],"about":[{"href":"https:\/\/factory.sale\/fi\/wp-json\/wp\/v2\/types\/product"}],"replies":[{"embeddable":true,"href":"https:\/\/factory.sale\/fi\/wp-json\/wp\/v2\/comments?post=26799"}],"wp:featuredmedia":[{"embeddable":true,"href":"https:\/\/factory.sale\/fi\/wp-json\/wp\/v2\/media\/102399"}],"wp:attachment":[{"href":"https:\/\/factory.sale\/fi\/wp-json\/wp\/v2\/media?parent=26799"}],"wp:term":[{"taxonomy":"factory","embeddable":true,"href":"https:\/\/factory.sale\/fi\/wp-json\/wp\/v2\/factory?post=26799"},{"taxonomy":"free-shipment","embeddable":true,"href":"https:\/\/factory.sale\/fi\/wp-json\/wp\/v2\/free-shipment?post=26799"},{"taxonomy":"product_brand","embeddable":true,"href":"https:\/\/factory.sale\/fi\/wp-json\/wp\/v2\/product_brand?post=26799"},{"taxonomy":"product_cat","embeddable":true,"href":"https:\/\/factory.sale\/fi\/wp-json\/wp\/v2\/product_cat?post=26799"},{"taxonomy":"product_tag","embeddable":true,"href":"https:\/\/factory.sale\/fi\/wp-json\/wp\/v2\/product_tag?post=26799"}],"curies":[{"name":"wp","href":"https:\/\/api.w.org\/{rel}","templated":true}]}}