{"id":26782,"date":"2023-04-10T10:52:03","date_gmt":"2023-04-10T11:27:31","guid":{"rendered":"https:\/\/factory.sale\/?post_type=product&#038;p=26782"},"modified":"2026-04-03T16:47:57","modified_gmt":"2026-04-03T13:47:57","slug":"soikea-puinen-kylpytynnyri-ulkolammittimella-kuusi-lampopuu","status":"publish","type":"product","link":"https:\/\/factory.sale\/fi\/tuote\/soikea-puinen-kylpytynnyri-ulkolammittimella-kuusi-lampopuu\/","title":{"rendered":"Soikea puinen kylpytynnyri (kuusi tai l\u00e4mp\u00f6puu)"},"content":{"rendered":"<p>Soikea puupalju 2 hengelle on kevyt, mik\u00e4 tekee siit\u00e4 helposti siirrett\u00e4v\u00e4n. Aseta se vaikka per\u00e4vaunuun ja vie mukanasi kalastusmatkalle tai piknikille j\u00e4rven rannalle. Soikea puinen kylpytynnyri on varustettu kahdella penkill\u00e4. Unohtumattomista kylpyhetkist\u00e4 nauttimiseen kylpytynnyriin voi asentaa LED-valot ja porej\u00e4rjestelm\u00e4n. Valitse sinulle sopiva puulaji ja nauti kylpytynnyriss\u00e4 vietetyst\u00e4 ajasta!<\/p>\n<p>&nbsp;<\/p>\n<p><strong>Kylpytynnyrin perusvarustukseen sis\u00e4ltyy:<\/strong><\/p>\n<div class=\"tovar_pic\">\n<ul>\n<li>Puinen tynnyri<\/li>\n<li>Tynnyrin muotoon valmistetut istumapenkit<\/li>\n<li>2 kiristysvannetta, ruostumattomasta ter\u00e4ksest\u00e4<\/li>\n<li>Pohjaventtiili ja tulppa<\/li>\n<\/ul>\n<p>&nbsp;<\/p>\n<\/div>\n<table id=\"tablepress-3\" class=\"tablepress tablepress-id-3\" style=\"height: 174px;\" width=\"523\">\n<thead>\n<tr class=\"row-1 odd\">\n<th class=\"column-1\">Tekniset tiedot:<\/th>\n<th class=\"column-2\"><\/th>\n<th class=\"column-3\"><\/th>\n<th class=\"column-4\"><\/th>\n<th class=\"column-5\"><\/th>\n<th class=\"column-6\"><\/th>\n<\/tr>\n<\/thead>\n<tbody class=\"row-hover\">\n<tr class=\"row-2 even\">\n<td class=\"column-1\">Halkaisija:<\/td>\n<td class=\"column-2\">1.6 m<\/td>\n<td class=\"column-3\">1.8 m<\/td>\n<td class=\"column-4\">2.0 m<\/td>\n<td class=\"column-5\">2.2 m<\/td>\n<td class=\"column-6\">2.4 m<\/td>\n<\/tr>\n<tr class=\"row-3 odd\">\n<td class=\"column-1\">Tilavuus (L):<\/td>\n<td class=\"column-2\">1400<\/td>\n<td class=\"column-3\">1900<\/td>\n<td class=\"column-4\">2400<\/td>\n<td class=\"column-5\">2900<\/td>\n<td class=\"column-6\">3600<\/td>\n<\/tr>\n<tr class=\"row-4 even\">\n<td class=\"column-1\">Tilavuus (henkil\u00f6\u00e4):<\/td>\n<td class=\"column-2\">4-6<\/td>\n<td class=\"column-3\">7-8<\/td>\n<td class=\"column-4\">8-10<\/td>\n<td class=\"column-5\">9-11<\/td>\n<td class=\"column-6\">10-12<\/td>\n<\/tr>\n<tr class=\"row-5 odd\">\n<td class=\"column-1\">Paino (kg):<\/td>\n<td class=\"column-2\">200<\/td>\n<td class=\"column-3\">250<\/td>\n<td class=\"column-4\">300<\/td>\n<td class=\"column-5\">350<\/td>\n<td class=\"column-6\">410<\/td>\n<\/tr>\n<\/tbody>\n<\/table>\n<ul>\n<li>Tynnyrin korkeus \u2013 1,12 m<\/li>\n<li>Tynnyrin syvyys \u2013 0,98 m<\/li>\n<li>Sein\u00e4laudan paksuus \u2013 41 mm<\/li>\n<li>Pohjalaudan paksuus \u2013 39 mm<\/li>\n<li>Istuinpenkkien korkeus \u2013 320 mm<\/li>\n<li>Istuinpenkkien leveys \u2013 350 mm<\/li>\n<li>Istuinpenkkien laudanpaksuus \u2013 41 mm<\/li>\n<\/ul>\n<p>&nbsp;<\/p>\n<p>&nbsp;<\/p>\n<p><strong>Hinnat (ei sis. ALV):<\/strong><\/p>\n<ul>\n<li>Kuusi:<\/li>\n<\/ul>\n<p>1.3 x 0.85 m (OE13) \u2013 552 EUR<br \/>\n1.6 x 1 m (OE16) \u2013 575 EUR<\/p>\n<ul>\n<li>L\u00e4mp\u00f6puu:<\/li>\n<\/ul>\n<p>1.3 x 0.85 m (OT13) \u2013 908,50 EUR<br \/>\n1.6 x 1 m (OT16) \u2013 954,50 EUR<\/p>\n<p>&nbsp;<\/p>\n<p>&nbsp;<\/p>\n<p><strong>* Saatavilla useita lis\u00e4varusteita. L\u00e4het\u00e4 meille tiedustelu ja kysy lis\u00e4\u00e4!<\/strong><\/p>\n<p>&nbsp;<\/p>\n<p>&nbsp;<\/p>\n<div id=\"productTabContent\" class=\"tab-content\">\n<div id=\"description\" class=\"tab-pane fade show active\" role=\"tabpanel\" aria-labelledby=\"description-tab\">\n<div class=\"lepopup-element lepopup-element-4 lepopup-element-html lepopup-animated lepopup-fadeIn\" data-type=\"html\" data-top=\"30\" data-left=\"90\" data-animation-in=\"fadeIn\" data-animation-out=\"fadeOut\">\n<div>\n<p><b>Kuljetustiedot:<\/b><\/p>\n<p>Toimitus kuorma-autolla, jossa on takalaitanostin.<\/p>\n<\/div>\n<\/div>\n<\/div>\n<\/div>\n","protected":false},"excerpt":{"rendered":"<p>Soikea puupalju 2 hengelle on kevyt, mik\u00e4 tekee siit\u00e4 helposti siirrett\u00e4v\u00e4n. Aseta se vaikka per\u00e4vaunuun ja vie mukanasi kalastusmatkalle tai piknikille j\u00e4rven rannalle. Soikea puinen kylpytynnyri on varustettu kahdella penkill\u00e4. Unohtumattomista kylpyhetkist\u00e4 nauttimiseen kylpytynnyriin voi asentaa LED-valot ja porej\u00e4rjestelm\u00e4n. Valitse sinulle sopiva puulaji ja nauti kylpytynnyriss\u00e4 vietetyst\u00e4 ajasta!<\/p>\n","protected":false},"featured_media":102387,"comment_status":"open","ping_status":"closed","template":"","meta":{"_acf_changed":false},"factory":[],"free-shipment":[],"product_brand":[],"product_cat":[2210,2594],"product_tag":[2846],"class_list":{"0":"post-26782","1":"product","2":"type-product","3":"status-publish","4":"has-post-thumbnail","6":"product_cat-kylpytynnyrit","7":"product_cat-puiset-kylpytynnyrit","8":"product_tag-hot-tub-fi","10":"first","11":"instock","12":"sale","13":"taxable","14":"shipping-taxable","15":"purchasable","16":"product-type-simple"},"acf":[],"_links":{"self":[{"href":"https:\/\/factory.sale\/fi\/wp-json\/wp\/v2\/product\/26782","targetHints":{"allow":["GET"]}}],"collection":[{"href":"https:\/\/factory.sale\/fi\/wp-json\/wp\/v2\/product"}],"about":[{"href":"https:\/\/factory.sale\/fi\/wp-json\/wp\/v2\/types\/product"}],"replies":[{"embeddable":true,"href":"https:\/\/factory.sale\/fi\/wp-json\/wp\/v2\/comments?post=26782"}],"wp:featuredmedia":[{"embeddable":true,"href":"https:\/\/factory.sale\/fi\/wp-json\/wp\/v2\/media\/102387"}],"wp:attachment":[{"href":"https:\/\/factory.sale\/fi\/wp-json\/wp\/v2\/media?parent=26782"}],"wp:term":[{"taxonomy":"factory","embeddable":true,"href":"https:\/\/factory.sale\/fi\/wp-json\/wp\/v2\/factory?post=26782"},{"taxonomy":"free-shipment","embeddable":true,"href":"https:\/\/factory.sale\/fi\/wp-json\/wp\/v2\/free-shipment?post=26782"},{"taxonomy":"product_brand","embeddable":true,"href":"https:\/\/factory.sale\/fi\/wp-json\/wp\/v2\/product_brand?post=26782"},{"taxonomy":"product_cat","embeddable":true,"href":"https:\/\/factory.sale\/fi\/wp-json\/wp\/v2\/product_cat?post=26782"},{"taxonomy":"product_tag","embeddable":true,"href":"https:\/\/factory.sale\/fi\/wp-json\/wp\/v2\/product_tag?post=26782"}],"curies":[{"name":"wp","href":"https:\/\/api.w.org\/{rel}","templated":true}]}}