{"id":26766,"date":"2023-04-10T08:28:50","date_gmt":"2023-04-10T08:50:27","guid":{"rendered":"https:\/\/factory.sale\/?post_type=product&#038;p=26766"},"modified":"2026-04-03T16:52:44","modified_gmt":"2026-04-03T13:52:44","slug":"kylpytynnyri-lampopuusta-ulko-tai-sisakiukaan","status":"publish","type":"product","link":"https:\/\/factory.sale\/fi\/tuote\/kylpytynnyri-lampopuusta-ulko-tai-sisakiukaan\/","title":{"rendered":"Kylpytynnyri l\u00e4mp\u00f6puusta (ulko- tai sis\u00e4kiukaalle)"},"content":{"rendered":"<p>Pitk\u00e4ik\u00e4inen puul\u00e4mmitteinen kylpytynnyri l\u00e4mp\u00f6puup\u00e4\u00e4llysteell\u00e4. Ulkorunko on valmistettu l\u00e4mp\u00f6puusta. T\u00e4m\u00e4 materiaali on paremmin suojattu kutistumista ja vuotoja vastaan \u200b\u200bkuin raakapuu ja siihen vaikuttavat v\u00e4hemm\u00e4n sienten ja homeen vaikutus. Sill\u00e4 on paremmat l\u00e4mp\u00f6- ja hygieniaominaisuudet, kirkkaampi ja tasaisempi v\u00e4ri ja selke\u00e4 rakenne.<\/p>\n<div><\/div>\n<div><\/div>\n<div>\n<p>&nbsp;<\/p>\n<table id=\"tablepress-15\" class=\"tablepress tablepress-id-15\" style=\"height: 161px;\" width=\"454\">\n<thead>\n<tr class=\"row-1 odd\">\n<th class=\"column-1\"><strong>Tekniset tiedot:<\/strong><\/th>\n<th class=\"column-2\"><\/th>\n<th class=\"column-3\"><\/th>\n<th class=\"column-4\"><\/th>\n<th class=\"column-5\"><\/th>\n<th class=\"column-6\"><\/th>\n<\/tr>\n<\/thead>\n<tbody class=\"row-hover\">\n<tr class=\"row-2 even\">\n<td class=\"column-1\">Halkaisija (m):<\/td>\n<td class=\"column-2\">\u00d81,6<\/td>\n<td class=\"column-3\">\u00d81,8<\/td>\n<td class=\"column-4\">\u00d82,0<\/td>\n<td class=\"column-5\">\u00d82,2<\/td>\n<td class=\"column-6\">\u00d82,4<\/td>\n<\/tr>\n<tr class=\"row-3 odd\">\n<td class=\"column-1\">Tilavuus (henkil\u00f6\u00e4):<\/td>\n<td class=\"column-2\">3-4<\/td>\n<td class=\"column-3\">5-6<\/td>\n<td class=\"column-4\">6-8<\/td>\n<td class=\"column-5\">7-9<\/td>\n<td class=\"column-6\">8-10<\/td>\n<\/tr>\n<tr class=\"row-4 even\">\n<td class=\"column-1\">Tilavuus (L)<\/td>\n<td class=\"column-2\">1300<\/td>\n<td class=\"column-3\">1800<\/td>\n<td class=\"column-4\">2300<\/td>\n<td class=\"column-5\">2900<\/td>\n<td class=\"column-6\">3600<\/td>\n<\/tr>\n<tr class=\"row-5 odd\">\n<td class=\"column-1\">Paino (kg):<\/td>\n<td class=\"column-2\">190<\/td>\n<td class=\"column-3\">240<\/td>\n<td class=\"column-4\">290<\/td>\n<td class=\"column-5\">340<\/td>\n<td class=\"column-6\">400<\/td>\n<\/tr>\n<\/tbody>\n<\/table>\n<ul>\n<li>Tynnyrin korkeus &#8211; 1,12 m<\/li>\n<li>Tynnyrin syvyys &#8211; 0,98 m<\/li>\n<li>Ruostumattoman ter\u00e4ksen paksuus &#8211; 1mm<\/li>\n<li>Sein\u00e4laudan paksuus &#8211; 41 mm<\/li>\n<li>Pohjalaudan paksuus &#8211; 39 mm<\/li>\n<li>Istuinpenkkien korkeus &#8211; 320 mm<\/li>\n<li>Istuinpenkkien leveys &#8211; 350 mm<\/li>\n<li>Istuinpenkkien laudanpaksuus &#8211; 41 mm<\/li>\n<\/ul>\n<p>&nbsp;<\/p>\n<\/div>\n<p>&nbsp;<\/p>\n<p><strong>Hinnat (ei sis. ALV):<\/strong><\/p>\n<ul>\n<li><strong>\u00d81,6 (LT16)<\/strong> &#8211; 1000,50 EUR<\/li>\n<li><strong>\u00d81,8 \u00a0(LT18)<\/strong> &#8211; 1092,50 EUR<\/li>\n<li><strong>\u00d82,0 (LT20)<\/strong> \u00a0&#8211; 1219 EUR<\/li>\n<li><strong>\u00d82,2 (LT22)<\/strong> &#8211; 1357 EUR<\/li>\n<li><strong>\u00d82,4 (LT24)<\/strong> &#8211; 1506,50 EUR<\/li>\n<\/ul>\n<p>&nbsp;<\/p>\n<p>&nbsp;<\/p>\n<p><strong>* Saatavilla useita lis\u00e4varusteita. L\u00e4het\u00e4 meille tiedustelu ja kysy lis\u00e4\u00e4!<\/strong><\/p>\n<p>&nbsp;<\/p>\n<p>&nbsp;<\/p>\n<p><b>Kuljetustiedot:<\/b><\/p>\n<p>Toimitus kuorma-autolla, jossa on takalaitanostin.<\/p>\n","protected":false},"excerpt":{"rendered":"<p>Pitk\u00e4ik\u00e4inen puul\u00e4mmitteinen kylpytynnyri l\u00e4mp\u00f6puup\u00e4\u00e4llysteell\u00e4. Ulkorunko on valmistettu l\u00e4mp\u00f6puusta. T\u00e4m\u00e4 materiaali on paremmin suojattu kutistumista ja vuotoja vastaan \u200b\u200bkuin raakapuu ja siihen vaikuttavat v\u00e4hemm\u00e4n sienten ja homeen vaikutus. Sill\u00e4 on paremmat l\u00e4mp\u00f6- ja hygieniaominaisuudet, kirkkaampi ja tasaisempi v\u00e4ri ja selke\u00e4 rakenne.<\/p>\n<div><\/div>\n","protected":false},"featured_media":102384,"comment_status":"open","ping_status":"closed","template":"","meta":{"_acf_changed":false},"factory":[],"free-shipment":[],"product_brand":[],"product_cat":[2210,2594],"product_tag":[2846],"class_list":{"0":"post-26766","1":"product","2":"type-product","3":"status-publish","4":"has-post-thumbnail","6":"product_cat-kylpytynnyrit","7":"product_cat-puiset-kylpytynnyrit","8":"product_tag-hot-tub-fi","10":"first","11":"instock","12":"sale","13":"taxable","14":"shipping-taxable","15":"purchasable","16":"product-type-simple"},"acf":[],"_links":{"self":[{"href":"https:\/\/factory.sale\/fi\/wp-json\/wp\/v2\/product\/26766","targetHints":{"allow":["GET"]}}],"collection":[{"href":"https:\/\/factory.sale\/fi\/wp-json\/wp\/v2\/product"}],"about":[{"href":"https:\/\/factory.sale\/fi\/wp-json\/wp\/v2\/types\/product"}],"replies":[{"embeddable":true,"href":"https:\/\/factory.sale\/fi\/wp-json\/wp\/v2\/comments?post=26766"}],"wp:featuredmedia":[{"embeddable":true,"href":"https:\/\/factory.sale\/fi\/wp-json\/wp\/v2\/media\/102384"}],"wp:attachment":[{"href":"https:\/\/factory.sale\/fi\/wp-json\/wp\/v2\/media?parent=26766"}],"wp:term":[{"taxonomy":"factory","embeddable":true,"href":"https:\/\/factory.sale\/fi\/wp-json\/wp\/v2\/factory?post=26766"},{"taxonomy":"free-shipment","embeddable":true,"href":"https:\/\/factory.sale\/fi\/wp-json\/wp\/v2\/free-shipment?post=26766"},{"taxonomy":"product_brand","embeddable":true,"href":"https:\/\/factory.sale\/fi\/wp-json\/wp\/v2\/product_brand?post=26766"},{"taxonomy":"product_cat","embeddable":true,"href":"https:\/\/factory.sale\/fi\/wp-json\/wp\/v2\/product_cat?post=26766"},{"taxonomy":"product_tag","embeddable":true,"href":"https:\/\/factory.sale\/fi\/wp-json\/wp\/v2\/product_tag?post=26766"}],"curies":[{"name":"wp","href":"https:\/\/api.w.org\/{rel}","templated":true}]}}