{"id":26756,"date":"2023-04-10T08:00:55","date_gmt":"2023-04-10T08:15:46","guid":{"rendered":"https:\/\/factory.sale\/?post_type=product&#038;p=26756"},"modified":"2026-04-03T16:55:47","modified_gmt":"2026-04-03T13:55:47","slug":"kuusen-kylpytynnyri-ulko-tai-sisakiukaalle","status":"publish","type":"product","link":"https:\/\/factory.sale\/fi\/tuote\/kuusen-kylpytynnyri-ulko-tai-sisakiukaalle\/","title":{"rendered":"Kylpytynnyri kuusesta (ulko- tai sis\u00e4kiukaalle)"},"content":{"rendered":"<p>Puul\u00e4mmitteinen kylpytynnyri sis\u00e4- tai ulkokiukaalla on klassinen ja perinteinen luonnonpuusta valmistettu malli. Se on l\u00e4hes metrin syv\u00e4 ja siin\u00e4 on mukava istuinpenkki. Penkki sopii t\u00e4sm\u00e4lleen puisen kylpytynnyrin muotoon, joten se on turvallinen eik\u00e4 sein\u00e4profiilin ja istuinten v\u00e4liss\u00e4 ole rakoja. Voit valita mink\u00e4 tahansa viidest\u00e4 eri puisesta kylpytynnyrin koosta riippuen henkil\u00f6m\u00e4\u00e4r\u00e4st\u00e4. Jokainen puinen tynnyri on k\u00e4sintehty ja t\u00e4ydennetty puul\u00e4mmitteisell\u00e4 kiukaalla, jossa on yl\u00e4puun latausj\u00e4rjestelm\u00e4. Sis\u00e4kiuas on erotettu vesialueesta puisella esteell\u00e4, joka suojaa sek\u00e4 kiuasta ett\u00e4 ihmisi\u00e4. Suurimpaan puiseen kylpytynnyriin, jossa on sis\u00e4l\u00e4mmitin, mahtuu jopa 10 henkil\u00f6\u00e4!<\/p>\n<p>&nbsp;<\/p>\n<p>&nbsp;<\/p>\n<div class=\"lepopup-element lepopup-element-4 lepopup-element-html lepopup-animated lepopup-fadeIn\" data-type=\"html\" data-top=\"30\" data-left=\"90\" data-animation-in=\"fadeIn\" data-animation-out=\"fadeOut\">\n<div class=\"lepopup-element-html-content\"><strong>Tynnyrin perusvarustukseen kuuluu:<\/strong><\/div>\n<\/div>\n<div class=\"lepopup-element lepopup-element-5 lepopup-element-html lepopup-animated lepopup-fadeIn\" data-type=\"html\" data-top=\"70\" data-left=\"90\" data-animation-in=\"fadeIn\" data-animation-out=\"fadeOut\">\n<div class=\"lepopup-element-html-content\">\n<ul>\n<li>Puinen tynnyri<\/li>\n<li>Tynnyrin muotoon valmistetut istumapenkit<\/li>\n<\/ul>\n<\/div>\n<\/div>\n<p>&nbsp;<\/p>\n<div class=\"lepopup-element lepopup-element-30 lepopup-element-html lepopup-animated lepopup-fadeIn\" data-type=\"html\" data-top=\"305\" data-left=\"90\" data-animation-in=\"fadeIn\" data-animation-out=\"fadeOut\">\n<div class=\"lepopup-element-html-content\">\n<div>\n<p>&nbsp;<\/p>\n<table id=\"tablepress-14\" class=\"tablepress tablepress-id-14\" style=\"height: 153px;\" width=\"521\">\n<thead>\n<tr class=\"row-1\">\n<th class=\"column-1\"><strong>Tekniset tiedot:<\/strong><\/th>\n<th class=\"column-2\"><\/th>\n<th class=\"column-3\"><\/th>\n<th class=\"column-4\"><\/th>\n<th class=\"column-5\"><\/th>\n<th class=\"column-6\"><\/th>\n<\/tr>\n<\/thead>\n<tbody class=\"row-striping row-hover\">\n<tr class=\"row-2\">\n<td class=\"column-1\">Halkaisija (m):<\/td>\n<td class=\"column-2\">\u00d81,6<\/td>\n<td class=\"column-3\">\u00d81,8<\/td>\n<td class=\"column-4\">\u00d82,0<\/td>\n<td class=\"column-5\">\u00d82,2<\/td>\n<td class=\"column-6\">\u00d82,4<\/td>\n<\/tr>\n<tr class=\"row-3\">\n<td class=\"column-1\">Tilavuus (henkil\u00f6\u00e4):<\/td>\n<td class=\"column-2\">4-6<\/td>\n<td class=\"column-3\">7-8<\/td>\n<td class=\"column-4\">8-10<\/td>\n<td class=\"column-5\">9-11<\/td>\n<td class=\"column-6\">10-12<\/td>\n<\/tr>\n<tr class=\"row-4\">\n<td class=\"column-1\">Tilavuus (L)<\/td>\n<td class=\"column-2\">1400<\/td>\n<td class=\"column-3\">1900<\/td>\n<td class=\"column-4\">2400<\/td>\n<td class=\"column-5\">3000<\/td>\n<td class=\"column-6\">3700<\/td>\n<\/tr>\n<tr class=\"row-5\">\n<td class=\"column-1\">Paino (kg):<\/td>\n<td class=\"column-2\">200<\/td>\n<td class=\"column-3\">250<\/td>\n<td class=\"column-4\">300<\/td>\n<td class=\"column-5\">350<\/td>\n<td class=\"column-6\">410<\/td>\n<\/tr>\n<\/tbody>\n<\/table>\n<p>&nbsp;<\/p>\n<\/div>\n<ul>\n<li>Tynnyrin korkeus &#8211; 1,12 m<\/li>\n<li>Tynnyrin syvyys &#8211; 0,98 m<\/li>\n<li>Sein\u00e4laudan paksuus &#8211; 41 mm<\/li>\n<li>Pohjalaudan paksuus &#8211; 39 mm<\/li>\n<li>Istuinpenkkien korkeus &#8211; 320 mm<\/li>\n<li>Istuinpenkkien laudanpaksuus &#8211; 41 mm<\/li>\n<\/ul>\n<\/div>\n<\/div>\n<div class=\"lepopup-element lepopup-element-31 lepopup-element-html lepopup-animated lepopup-fadeIn\" data-type=\"html\" data-top=\"460\" data-left=\"40\" data-animation-in=\"fadeIn\" data-animation-out=\"fadeOut\"><\/div>\n<div class=\"lepopup-element-html-content\"><\/div>\n<p>&nbsp;<\/p>\n<p><strong>Hinnat (ei sis. ALV):<\/strong><\/p>\n<ul>\n<li><strong>\u00d81,6 (LE16)<\/strong> \u2013 632,50 EUR<\/li>\n<li><strong>\u00d81,8 (LE18)<\/strong> \u2013 713 EUR<\/li>\n<li><strong>\u00d82,0 (LE20)<\/strong> \u2013 782 EUR<\/li>\n<li><strong>\u00d82,2 (LE22)<\/strong> \u2013 931,50 EUR<\/li>\n<li><strong>\u00d82,4 (LE24)<\/strong> \u2013 1069,50 EUR<\/li>\n<\/ul>\n<p>&nbsp;<\/p>\n<p><strong>*\u00a0Saatavilla useita lis\u00e4varusteita. L\u00e4het\u00e4 meille tiedustelu ja kysy lis\u00e4\u00e4!<\/strong><\/p>\n<p><strong>\u00a0<\/strong><\/p>\n<p>&nbsp;<\/p>\n<p>&nbsp;<\/p>\n<p><b>Kuljetustiedot:<\/b><\/p>\n<p>Toimitus kuorma-autolla, jossa on takalaitanostin.<\/p>\n","protected":false},"excerpt":{"rendered":"<p>Puul\u00e4mmitteinen kylpytynnyri sis\u00e4- tai ulkokiukaalla on klassinen ja perinteinen luonnonpuusta valmistettu malli. Se on l\u00e4hes metrin syv\u00e4 ja siin\u00e4 on mukava istuinpenkki. Penkki sopii t\u00e4sm\u00e4lleen puisen kylpytynnyrin muotoon, joten se on turvallinen eik\u00e4 sein\u00e4profiilin ja istuinten v\u00e4liss\u00e4 ole rakoja. Voit valita mink\u00e4 tahansa viidest\u00e4 eri puisesta kylpytynnyrin koosta riippuen henkil\u00f6m\u00e4\u00e4r\u00e4st\u00e4. Jokainen puinen tynnyri on k\u00e4sintehty ja t\u00e4ydennetty puul\u00e4mmitteisell\u00e4 kiukaalla, jossa on yl\u00e4puun latausj\u00e4rjestelm\u00e4. Sis\u00e4kiuas on erotettu vesialueesta puisella esteell\u00e4, joka suojaa sek\u00e4 kiuasta ett\u00e4 ihmisi\u00e4. Suurimpaan puiseen kylpytynnyriin, jossa on sis\u00e4l\u00e4mmitin, mahtuu jopa 10 henkil\u00f6\u00e4!<\/p>\n","protected":false},"featured_media":102372,"comment_status":"open","ping_status":"closed","template":"","meta":{"_acf_changed":false},"factory":[],"free-shipment":[],"product_brand":[],"product_cat":[2210,2594],"product_tag":[2846,1612],"class_list":{"0":"post-26756","1":"product","2":"type-product","3":"status-publish","4":"has-post-thumbnail","6":"product_cat-kylpytynnyrit","7":"product_cat-puiset-kylpytynnyrit","8":"product_tag-hot-tub-fi","9":"product_tag-spruce-fi","11":"first","12":"instock","13":"sale","14":"taxable","15":"shipping-taxable","16":"purchasable","17":"product-type-simple"},"acf":[],"_links":{"self":[{"href":"https:\/\/factory.sale\/fi\/wp-json\/wp\/v2\/product\/26756","targetHints":{"allow":["GET"]}}],"collection":[{"href":"https:\/\/factory.sale\/fi\/wp-json\/wp\/v2\/product"}],"about":[{"href":"https:\/\/factory.sale\/fi\/wp-json\/wp\/v2\/types\/product"}],"replies":[{"embeddable":true,"href":"https:\/\/factory.sale\/fi\/wp-json\/wp\/v2\/comments?post=26756"}],"wp:featuredmedia":[{"embeddable":true,"href":"https:\/\/factory.sale\/fi\/wp-json\/wp\/v2\/media\/102372"}],"wp:attachment":[{"href":"https:\/\/factory.sale\/fi\/wp-json\/wp\/v2\/media?parent=26756"}],"wp:term":[{"taxonomy":"factory","embeddable":true,"href":"https:\/\/factory.sale\/fi\/wp-json\/wp\/v2\/factory?post=26756"},{"taxonomy":"free-shipment","embeddable":true,"href":"https:\/\/factory.sale\/fi\/wp-json\/wp\/v2\/free-shipment?post=26756"},{"taxonomy":"product_brand","embeddable":true,"href":"https:\/\/factory.sale\/fi\/wp-json\/wp\/v2\/product_brand?post=26756"},{"taxonomy":"product_cat","embeddable":true,"href":"https:\/\/factory.sale\/fi\/wp-json\/wp\/v2\/product_cat?post=26756"},{"taxonomy":"product_tag","embeddable":true,"href":"https:\/\/factory.sale\/fi\/wp-json\/wp\/v2\/product_tag?post=26756"}],"curies":[{"name":"wp","href":"https:\/\/api.w.org\/{rel}","templated":true}]}}