{"id":26738,"date":"2023-04-09T22:32:45","date_gmt":"2023-04-09T22:43:20","guid":{"rendered":"https:\/\/factory.sale\/?post_type=product&#038;p=26738"},"modified":"2026-01-27T09:55:24","modified_gmt":"2026-01-27T06:55:24","slug":"soikea-kylpytynnyri-terassin-sisalla-185-x-095-m","status":"publish","type":"product","link":"https:\/\/factory.sale\/fi\/tuote\/soikea-kylpytynnyri-terassin-sisalla-185-x-095-m\/","title":{"rendered":"1,85 x 0,95m lasikuituinen ovaali kylpytynnyri terassille"},"content":{"rendered":"<div class=\"lepopup-element lepopup-element-4 lepopup-element-html lepopup-animated lepopup-fadeIn\" data-type=\"html\" data-top=\"30\" data-left=\"90\" data-animation-in=\"fadeIn\" data-animation-out=\"fadeOut\">\n<div><strong>Tuotekoodi: P19<\/strong><\/div>\n<\/div>\n<div><\/div>\n<div><\/div>\n<div class=\"lepopup-element lepopup-element-4 lepopup-element-html lepopup-animated lepopup-fadeIn\" data-type=\"html\" data-top=\"30\" data-left=\"90\" data-animation-in=\"fadeIn\" data-animation-out=\"fadeOut\">\n<div>Suosittelemme k\u00e4ytt\u00e4m\u00e4\u00e4n puurungon, koska allas vaati tuennat pohjan ja penkkien alle ja jotta tuotteen asennus olisi helppoa ja nopeaa. Muista my\u00f6s tilata l\u00e4mp\u00f6eristekansi!<\/div>\n<div><\/div>\n<div><\/div>\n<div class=\"lepopup-element-html-content\"><strong>Kylpytynnyrin perusvarustukseen sis\u00e4ltyy:<\/strong><\/div>\n<\/div>\n<div class=\"lepopup-element lepopup-element-5 lepopup-element-html lepopup-animated lepopup-fadeIn\" data-type=\"html\" data-top=\"70\" data-left=\"90\" data-animation-in=\"fadeIn\" data-animation-out=\"fadeOut\">\n<div class=\"lepopup-element-html-content\">\n<ul>\n<li>Lasikuituallas Gelcoat pinnoitteella<\/li>\n<\/ul>\n<\/div>\n<\/div>\n<div class=\"lepopup-element lepopup-element-30 lepopup-element-html lepopup-animated lepopup-fadeIn\" data-type=\"html\" data-top=\"180\" data-left=\"90\" data-animation-in=\"fadeIn\" data-animation-out=\"fadeOut\">\n<div class=\"lepopup-element-html-content\">\n<p>&nbsp;<\/p>\n<p>&nbsp;<\/p>\n<p><strong>Tekniset tiedot:<\/strong><\/p>\n<ul>\n<li>Koko &#8211; 1,85 \u00d7 0,95 m<\/li>\n<li>Tilavuus &#8211; 800 l<\/li>\n<li>Paino (kg) &#8211; 36 (ilman kamiinaa)<\/li>\n<li>Tynnyrin syvyys &#8211; 0,96 m<\/li>\n<li>Istuinpenkkien korkeus &#8211; 280 mm<\/li>\n<li>Istuinpenkkien leveys &#8211; 480 mm<\/li>\n<\/ul>\n<p>&nbsp;<\/p>\n<p><strong>Kuoren v\u00e4rivaihtelu\u00a0RAL-paletin mukaan:\u00a0<\/strong>RAL5010, RAL6034, RAL7016, RAL1013, RAL9005<\/p>\n<p>&nbsp;<\/p>\n<p><strong>* Saatavilla useita lis\u00e4varusteita. L\u00e4het\u00e4 meille tiedustelu ja kysy lis\u00e4\u00e4!<\/strong><\/p>\n<\/div>\n<\/div>\n","protected":false},"excerpt":{"rendered":"<p>Suosittelemme k\u00e4ytt\u00e4m\u00e4\u00e4n puurungon, koska allas vaati tuennat pohjan ja penkkien alle ja jotta tuotteen asennus olisi helppoa ja nopeaa. Muista my\u00f6s tilata l\u00e4mp\u00f6eristekansi!<\/p>\n","protected":false},"featured_media":26729,"comment_status":"open","ping_status":"closed","template":"","meta":{"_acf_changed":false},"factory":[],"free-shipment":[],"product_brand":[],"product_cat":[2210,2591],"product_tag":[2846],"class_list":{"0":"post-26738","1":"product","2":"type-product","3":"status-publish","4":"has-post-thumbnail","6":"product_cat-kylpytynnyrit","7":"product_cat-upotettavat-kylpytynnyrit","8":"product_tag-hot-tub-fi","10":"first","11":"instock","12":"sale","13":"taxable","14":"shipping-taxable","15":"purchasable","16":"product-type-simple"},"acf":[],"_links":{"self":[{"href":"https:\/\/factory.sale\/fi\/wp-json\/wp\/v2\/product\/26738","targetHints":{"allow":["GET"]}}],"collection":[{"href":"https:\/\/factory.sale\/fi\/wp-json\/wp\/v2\/product"}],"about":[{"href":"https:\/\/factory.sale\/fi\/wp-json\/wp\/v2\/types\/product"}],"replies":[{"embeddable":true,"href":"https:\/\/factory.sale\/fi\/wp-json\/wp\/v2\/comments?post=26738"}],"wp:featuredmedia":[{"embeddable":true,"href":"https:\/\/factory.sale\/fi\/wp-json\/wp\/v2\/media\/26729"}],"wp:attachment":[{"href":"https:\/\/factory.sale\/fi\/wp-json\/wp\/v2\/media?parent=26738"}],"wp:term":[{"taxonomy":"factory","embeddable":true,"href":"https:\/\/factory.sale\/fi\/wp-json\/wp\/v2\/factory?post=26738"},{"taxonomy":"free-shipment","embeddable":true,"href":"https:\/\/factory.sale\/fi\/wp-json\/wp\/v2\/free-shipment?post=26738"},{"taxonomy":"product_brand","embeddable":true,"href":"https:\/\/factory.sale\/fi\/wp-json\/wp\/v2\/product_brand?post=26738"},{"taxonomy":"product_cat","embeddable":true,"href":"https:\/\/factory.sale\/fi\/wp-json\/wp\/v2\/product_cat?post=26738"},{"taxonomy":"product_tag","embeddable":true,"href":"https:\/\/factory.sale\/fi\/wp-json\/wp\/v2\/product_tag?post=26738"}],"curies":[{"name":"wp","href":"https:\/\/api.w.org\/{rel}","templated":true}]}}