{"id":26723,"date":"2023-04-09T22:22:00","date_gmt":"2023-04-09T22:28:46","guid":{"rendered":"https:\/\/factory.sale\/?post_type=product&#038;p=26723"},"modified":"2026-03-24T00:30:35","modified_gmt":"2026-03-23T21:30:35","slug":"pyorea-kylpytynnyri-terassin-sisalla-sisakiuas-o18-m","status":"publish","type":"product","link":"https:\/\/factory.sale\/fi\/tuote\/pyorea-kylpytynnyri-terassin-sisalla-sisakiuas-o18-m\/","title":{"rendered":"1,8 py\u00f6re\u00e4 lasikuituinen kylpytynnyri terassille (sis\u00e4kamiinalle)"},"content":{"rendered":"<div><strong>Tuotekoodi: P18V<\/strong><\/div>\n<div><\/div>\n<div class=\"lepopup-element lepopup-element-4 lepopup-element-html lepopup-animated lepopup-fadeIn\" data-type=\"html\" data-top=\"30\" data-left=\"90\" data-animation-in=\"fadeIn\" data-animation-out=\"fadeOut\">\n<div>\n<p>Kylpytynnyrin voi varustaa puul\u00e4mmitteisell\u00e4 kamiinalla tai s\u00e4hk\u00f6j\u00e4rjestelm\u00e4ll\u00e4, pore-ja\/tai hierontaj\u00e4rjestelm\u00e4ll\u00e4, vedensuodatusj\u00e4rjestelm\u00e4ll\u00e4, LED-valoilla ja muilla lis\u00e4varusteilla jotka n\u00e4et sivun alta. Suosittelemme k\u00e4ytt\u00e4m\u00e4\u00e4n puurungon, koska allas vaati tuennat pohjan ja penkkien alle ja jotta tuotteen asennus olisi helppoa ja nopeaa. Muista my\u00f6s tilata l\u00e4mp\u00f6eristekansi!<\/p>\n<\/div>\n<p>&nbsp;<\/p>\n<div class=\"lepopup-element-html-content\"><strong>Kylpytynnyrin perusvarustukseen sis\u00e4ltyy:<\/strong><\/div>\n<\/div>\n<div class=\"lepopup-element lepopup-element-5 lepopup-element-html lepopup-animated lepopup-fadeIn\" data-type=\"html\" data-top=\"70\" data-left=\"90\" data-animation-in=\"fadeIn\" data-animation-out=\"fadeOut\">\n<div class=\"lepopup-element-html-content\">\n<ul>\n<li>Lasikuituallas Gelcoat pinnoitteella<\/li>\n<li>Uppokamiinan yhteydess\u00e4 mukana on suoja aita<\/li>\n<\/ul>\n<\/div>\n<\/div>\n<div class=\"lepopup-element lepopup-element-30 lepopup-element-html lepopup-animated lepopup-fadeIn\" data-type=\"html\" data-top=\"180\" data-left=\"90\" data-animation-in=\"fadeIn\" data-animation-out=\"fadeOut\">\n<div class=\"lepopup-element-html-content\">\n<p>&nbsp;<\/p>\n<p>&nbsp;<\/p>\n<p><strong>Tekniset tiedot:<\/strong><\/p>\n<ul>\n<li>Koko &#8211; 1,8 \u00d7 1,8 m<\/li>\n<li>Tilavuus &#8211; 1000 l<\/li>\n<li>Paino (kg) &#8211; 55 (ilman kamiinaa)<\/li>\n<li>Tynnyrin syvyys &#8211; 0,96 m<\/li>\n<li>Istuinpenkkien korkeus &#8211; 280 mm<\/li>\n<li>Istuinpenkkien leveys &#8211; 290 mm<\/li>\n<\/ul>\n<\/div>\n<\/div>\n<p>&nbsp;<\/p>\n<p>&nbsp;<\/p>\n<p><strong>Kuoren v\u00e4rivaihtelu\u00a0RAL-paletin mukaan:<\/strong>\u00a0RAL5010, RAL6034, RAL7016, RAL1013, RAL9005<\/p>\n<p>&nbsp;<\/p>\n<p><strong>* Saatavilla useita lis\u00e4varusteita. L\u00e4het\u00e4 meille tiedustelu ja kysy lis\u00e4\u00e4!<\/strong><\/p>\n<p>&nbsp;<\/p>\n<p>&nbsp;<\/p>\n<p><b>Kuljetustiedot:<\/b><\/p>\n<p>Toimitus kuorma-autolla, jossa on takalaitanostin.<\/p>\n","protected":false},"excerpt":{"rendered":"<p>Kylpytynnyrin voi varustaa puul\u00e4mmitteisell\u00e4 kamiinalla tai s\u00e4hk\u00f6j\u00e4rjestelm\u00e4ll\u00e4, pore-ja\/tai hierontaj\u00e4rjestelm\u00e4ll\u00e4, vedensuodatusj\u00e4rjestelm\u00e4ll\u00e4, LED-valoilla ja muilla lis\u00e4varusteilla jotka n\u00e4et sivun alta. Suosittelemme k\u00e4ytt\u00e4m\u00e4\u00e4n puurungon, koska allas vaati tuennat pohjan ja penkkien alle ja jotta tuotteen asennus olisi helppoa ja nopeaa. Muista my\u00f6s tilata l\u00e4mp\u00f6eristekansi!<\/p>\n","protected":false},"featured_media":26720,"comment_status":"open","ping_status":"closed","template":"","meta":{"_acf_changed":false},"factory":[],"free-shipment":[],"product_brand":[],"product_cat":[2210,2591],"product_tag":[2846],"class_list":{"0":"post-26723","1":"product","2":"type-product","3":"status-publish","4":"has-post-thumbnail","6":"product_cat-kylpytynnyrit","7":"product_cat-upotettavat-kylpytynnyrit","8":"product_tag-hot-tub-fi","10":"first","11":"instock","12":"sale","13":"taxable","14":"shipping-taxable","15":"purchasable","16":"product-type-simple"},"acf":[],"_links":{"self":[{"href":"https:\/\/factory.sale\/fi\/wp-json\/wp\/v2\/product\/26723","targetHints":{"allow":["GET"]}}],"collection":[{"href":"https:\/\/factory.sale\/fi\/wp-json\/wp\/v2\/product"}],"about":[{"href":"https:\/\/factory.sale\/fi\/wp-json\/wp\/v2\/types\/product"}],"replies":[{"embeddable":true,"href":"https:\/\/factory.sale\/fi\/wp-json\/wp\/v2\/comments?post=26723"}],"wp:featuredmedia":[{"embeddable":true,"href":"https:\/\/factory.sale\/fi\/wp-json\/wp\/v2\/media\/26720"}],"wp:attachment":[{"href":"https:\/\/factory.sale\/fi\/wp-json\/wp\/v2\/media?parent=26723"}],"wp:term":[{"taxonomy":"factory","embeddable":true,"href":"https:\/\/factory.sale\/fi\/wp-json\/wp\/v2\/factory?post=26723"},{"taxonomy":"free-shipment","embeddable":true,"href":"https:\/\/factory.sale\/fi\/wp-json\/wp\/v2\/free-shipment?post=26723"},{"taxonomy":"product_brand","embeddable":true,"href":"https:\/\/factory.sale\/fi\/wp-json\/wp\/v2\/product_brand?post=26723"},{"taxonomy":"product_cat","embeddable":true,"href":"https:\/\/factory.sale\/fi\/wp-json\/wp\/v2\/product_cat?post=26723"},{"taxonomy":"product_tag","embeddable":true,"href":"https:\/\/factory.sale\/fi\/wp-json\/wp\/v2\/product_tag?post=26723"}],"curies":[{"name":"wp","href":"https:\/\/api.w.org\/{rel}","templated":true}]}}