{"id":26699,"date":"2025-10-12T21:58:34","date_gmt":"2023-04-09T22:05:45","guid":{"rendered":"https:\/\/factory.sale\/?post_type=product&#038;p=26699"},"modified":"2026-03-24T00:23:59","modified_gmt":"2026-03-23T21:23:59","slug":"quattro-kylpytynnyri-terassin-sisalla-17x2m","status":"publish","type":"product","link":"https:\/\/factory.sale\/fi\/tuote\/quattro-kylpytynnyri-terassin-sisalla-17x2m\/","title":{"rendered":"1,7x2m &#8220;Quattro&#8221; lasikuituinen kylpytynnyri terassille"},"content":{"rendered":"<div class=\"lepopup-element lepopup-element-4 lepopup-element-html lepopup-animated lepopup-fadeIn\" data-type=\"html\" data-top=\"30\" data-left=\"90\" data-animation-in=\"fadeIn\" data-animation-out=\"fadeOut\">\n<div>\n<p><video style=\"max-width: 100%; height: auto; display: block;\" preload=\"auto\" autoplay=\"autoplay\" loop=\"loop\" muted=\"\" controls=\"controls\" width=\"900\" height=\"1350\"><source src=\"https:\/\/factory.sale\/wp-content\/uploads\/2023\/04\/video-8lle-palju-terassille-quattro-tee-se-itse-2.0\u04451.7.mp4\" type=\"video\/mp4\" \/>Your browser does not support the video tag.<\/video><\/p>\n<p><strong>Tuotekoodi: P217<\/strong><\/p>\n<\/div>\n<p>&nbsp;<\/p>\n<div>\n<p><strong>Kylpytynnyrin perusvarustukseen sis\u00e4ltyy:<\/strong><\/p>\n<div class=\"lepopup-element lepopup-element-5 lepopup-element-html lepopup-animated lepopup-fadeIn\" data-type=\"html\" data-top=\"70\" data-left=\"90\" data-animation-in=\"fadeIn\" data-animation-out=\"fadeOut\">\n<div class=\"lepopup-element-html-content\">\n<ul>\n<li>Lasikuituallas Gelcoat pinnoitteella<\/li>\n<li>4 kpl pehme\u00e4 niskatukea<\/li>\n<\/ul>\n<\/div>\n<\/div>\n<div class=\"lepopup-element lepopup-element-30 lepopup-element-html lepopup-animated lepopup-fadeIn\" data-type=\"html\" data-top=\"205\" data-left=\"90\" data-animation-in=\"fadeIn\" data-animation-out=\"fadeOut\">\n<div class=\"lepopup-element-html-content\">\n<p>&nbsp;<\/p>\n<p><strong>Tekniset tiedot:<\/strong><\/p>\n<ul>\n<li>Koko &#8211; 2,0 \u00d7 1,7 m<\/li>\n<li>Tilavuus &#8211; 1400 l<\/li>\n<li>Paino (kg) &#8211; 68 (ilman kamiinaa)<\/li>\n<li>Tynnyrin syvyys &#8211; 0,96 m<\/li>\n<li>Istuinpenkkien korkeus &#8211; 280 mm<\/li>\n<li>Istuinpenkkien leveys &#8211; 460 mm<\/li>\n<\/ul>\n<\/div>\n<p>&nbsp;<\/p>\n<p>&nbsp;<\/p>\n<p>&nbsp;<\/p>\n<p><strong>Kuoren v\u00e4rivaihtelu\u00a0RAL-paletin mukaan:\u00a0<\/strong>RAL5010, RAL6034, RAL7016, RAL1013, RAL9005<\/p>\n<p>&nbsp;<\/p>\n<p><strong>* Saatavilla useita lis\u00e4varusteita. L\u00e4het\u00e4 meille tiedustelu ja kysy lis\u00e4\u00e4!<\/strong><\/p>\n<\/div>\n<\/div>\n<\/div>\n<p>&nbsp;<\/p>\n<p>&nbsp;<\/p>\n<div class=\"lepopup-element lepopup-element-4 lepopup-element-html lepopup-animated lepopup-fadeIn\" data-type=\"html\" data-top=\"30\" data-left=\"90\" data-animation-in=\"fadeIn\" data-animation-out=\"fadeOut\">\n<div>\n<p><b>Kuljetustiedot:<\/b><\/p>\n<p>Toimitus kuorma-autolla, jossa on takalaitanostin.<\/p>\n<\/div>\n<\/div>\n","protected":false},"excerpt":{"rendered":"<div>Tilavin terassille sopiva neli\u00f6palju johon mahtuu jopa 8 henke\u00e4. T\u00e4ss\u00e4 lasikuitu kylpytynnyriss\u00e4 on eritt\u00e4in mukavat istuimet, 4 integroitua niskatukia ja askelma, joka voi k\u00e4ytt\u00e4\u00e4 my\u00f6s vauvaistuimena. T\u00e4ss\u00e4 tee-se-itse palju paketissa mit\u00e4\u00e4n l\u00e4pivientej\u00e4 ei ole tehty valmiiksi, joten voit itse p\u00e4\u00e4tt\u00e4\u00e4 mihin haluat sijoittaa kaikki paljun varusteet. Voit muokata pakettia juuri siten miten itse haluat. Valitse puul\u00e4mmitteisen kamiinan (3 mallia) tai s\u00e4hk\u00f6j\u00e4rjestelm\u00e4n, tunnelmallisia LED-valoja, poreet ja\/tai vesihierontaa.<\/div>\n","protected":false},"featured_media":26693,"comment_status":"open","ping_status":"closed","template":"","meta":{"_acf_changed":false},"factory":[],"free-shipment":[],"product_brand":[],"product_cat":[2210,2591],"product_tag":[2846],"class_list":{"0":"post-26699","1":"product","2":"type-product","3":"status-publish","4":"has-post-thumbnail","6":"product_cat-kylpytynnyrit","7":"product_cat-upotettavat-kylpytynnyrit","8":"product_tag-hot-tub-fi","10":"first","11":"instock","12":"sale","13":"taxable","14":"shipping-taxable","15":"purchasable","16":"product-type-simple"},"acf":[],"_links":{"self":[{"href":"https:\/\/factory.sale\/fi\/wp-json\/wp\/v2\/product\/26699","targetHints":{"allow":["GET"]}}],"collection":[{"href":"https:\/\/factory.sale\/fi\/wp-json\/wp\/v2\/product"}],"about":[{"href":"https:\/\/factory.sale\/fi\/wp-json\/wp\/v2\/types\/product"}],"replies":[{"embeddable":true,"href":"https:\/\/factory.sale\/fi\/wp-json\/wp\/v2\/comments?post=26699"}],"wp:featuredmedia":[{"embeddable":true,"href":"https:\/\/factory.sale\/fi\/wp-json\/wp\/v2\/media\/26693"}],"wp:attachment":[{"href":"https:\/\/factory.sale\/fi\/wp-json\/wp\/v2\/media?parent=26699"}],"wp:term":[{"taxonomy":"factory","embeddable":true,"href":"https:\/\/factory.sale\/fi\/wp-json\/wp\/v2\/factory?post=26699"},{"taxonomy":"free-shipment","embeddable":true,"href":"https:\/\/factory.sale\/fi\/wp-json\/wp\/v2\/free-shipment?post=26699"},{"taxonomy":"product_brand","embeddable":true,"href":"https:\/\/factory.sale\/fi\/wp-json\/wp\/v2\/product_brand?post=26699"},{"taxonomy":"product_cat","embeddable":true,"href":"https:\/\/factory.sale\/fi\/wp-json\/wp\/v2\/product_cat?post=26699"},{"taxonomy":"product_tag","embeddable":true,"href":"https:\/\/factory.sale\/fi\/wp-json\/wp\/v2\/product_tag?post=26699"}],"curies":[{"name":"wp","href":"https:\/\/api.w.org\/{rel}","templated":true}]}}