{"id":26687,"date":"2023-04-09T21:48:04","date_gmt":"2023-04-09T21:54:18","guid":{"rendered":"https:\/\/factory.sale\/?post_type=product&#038;p=26687"},"modified":"2026-03-24T00:32:54","modified_gmt":"2026-03-23T21:32:54","slug":"kahdeksankulmainen-kylpytynnyri-terassin-sisalla-24x18m","status":"publish","type":"product","link":"https:\/\/factory.sale\/fi\/tuote\/kahdeksankulmainen-kylpytynnyri-terassin-sisalla-24x18m\/","title":{"rendered":"2,4&#215;1,8m kahdeksankulmainen lasikuituinen kylpytynnyri terassille"},"content":{"rendered":"<p>Uusi kahdeksankulmaisen kylpytynnyrin lasikutu aihio helppo upottaa terassiin sopivaksi, jolloin saat n\u00e4ytt\u00e4v\u00e4n ja toimivan terassiratkaisun pihallesi. Sopii loistavasti isolle ryhm\u00e4lle, johon mahtuu 9-11 henkil\u00f6\u00e4. Altaan tilavuus on 1600 litraa ja koko 2,4\u04451,8\u043c. Lasikuidusta valmistettu aihio on huoleton valinta, sill\u00e4 se kest\u00e4\u00e4 l\u00e4hes ikuisesti ja on helppo pit\u00e4\u00e4 puhtaana. Altaassa on mukavat penkit ja 4 integroitua irrotettavaa niskatyyny\u00e4. Valitse alta poreet, vesihierontaj\u00e4rjestelm\u00e4, valaistus, veden suodatin ja muita varusteita ja luo oman ensiluokkaisen kotikylpyl\u00e4n.Voit valita joko puul\u00e4mmitteisen kamiinan (3 mallia) tai s\u00e4hk\u00f6j\u00e4rjestelm\u00e4n. Lis\u00e4ksi voit hankkia siihen hy\u00f6dyllisi\u00e4 lis\u00e4varusteita kuten hieronta-ja\/tai porej\u00e4rjestelm\u00e4\u00e4, tunnelmallisia LED-valoja, l\u00e4mp\u00f6eristekansi ja muita lis\u00e4varusteita jotka l\u00f6ytyy sivun alta.<\/p>\n<p>&nbsp;<\/p>\n<p>&nbsp;<\/p>\n<p><strong>Tekniset tiedot:<\/strong><\/p>\n<ul>\n<li>Koko \u2013 2,4 \u00d7 1,8 m<\/li>\n<li>Tilavuus \u2013 1600 l<\/li>\n<li>Paino (kg) \u2013 77 (ilman kamiinaa)<\/li>\n<li>Tynnyrin syvyys \u2013 0, 96 m<\/li>\n<\/ul>\n<p>&nbsp;<\/p>\n<p><strong>Paketti sis\u00e4lt\u00e4\u00e4:<\/strong><\/p>\n<ul>\n<li>Lasikuituallas Gelcoat pinnoitteella<\/li>\n<li>4 kpl pehme\u00e4 niskatukea<\/li>\n<\/ul>\n<p>&nbsp;<\/p>\n<p>&nbsp;<\/p>\n<p><strong>Kuoren v\u00e4rivaihtelu\u00a0RAL-paletin mukaan:\u00a0<\/strong>RAL5010, RAL6034, RAL7016, RAL1013, RAL9005<\/p>\n<p>&nbsp;<\/p>\n<p><strong>* Saatavilla useita lis\u00e4varusteita. L\u00e4het\u00e4 meille tiedustelu ja kysy lis\u00e4\u00e4!<\/strong><\/p>\n<p>&nbsp;<\/p>\n<p>&nbsp;<\/p>\n<p><b>Kuljetustiedot:<\/b><\/p>\n<p>Toimitus kuorma-autolla, jossa on takalaitanostin.<\/p>\n","protected":false},"excerpt":{"rendered":"<p>Uusi kahdeksankulmaisen kylpytynnyrin lasikutu aihio helppo upottaa terassiin sopivaksi, jolloin saat n\u00e4ytt\u00e4v\u00e4n ja toimivan terassiratkaisun pihallesi. Sopii loistavasti isolle ryhm\u00e4lle, johon mahtuu 9-11 henkil\u00f6\u00e4. Altaan tilavuus on 1600 litraa ja koko 2,4\u04451,8\u043c. Lasikuidusta valmistettu aihio on huoleton valinta, sill\u00e4 se kest\u00e4\u00e4 l\u00e4hes ikuisesti ja on helppo pit\u00e4\u00e4 puhtaana. Altaassa on mukavat penkit ja 4 integroitua irrotettavaa niskatyyny\u00e4. Valitse alta poreet, vesihierontaj\u00e4rjestelm\u00e4, valaistus, veden suodatin ja muita varusteita ja luo oman ensiluokkaisen kotikylpyl\u00e4n.<\/p>\n","protected":false},"featured_media":26684,"comment_status":"open","ping_status":"closed","template":"","meta":{"_acf_changed":false},"factory":[],"free-shipment":[],"product_brand":[],"product_cat":[2210,2591],"product_tag":[2846],"class_list":{"0":"post-26687","1":"product","2":"type-product","3":"status-publish","4":"has-post-thumbnail","6":"product_cat-kylpytynnyrit","7":"product_cat-upotettavat-kylpytynnyrit","8":"product_tag-hot-tub-fi","10":"first","11":"instock","12":"sale","13":"taxable","14":"shipping-taxable","15":"purchasable","16":"product-type-simple"},"acf":[],"_links":{"self":[{"href":"https:\/\/factory.sale\/fi\/wp-json\/wp\/v2\/product\/26687","targetHints":{"allow":["GET"]}}],"collection":[{"href":"https:\/\/factory.sale\/fi\/wp-json\/wp\/v2\/product"}],"about":[{"href":"https:\/\/factory.sale\/fi\/wp-json\/wp\/v2\/types\/product"}],"replies":[{"embeddable":true,"href":"https:\/\/factory.sale\/fi\/wp-json\/wp\/v2\/comments?post=26687"}],"wp:featuredmedia":[{"embeddable":true,"href":"https:\/\/factory.sale\/fi\/wp-json\/wp\/v2\/media\/26684"}],"wp:attachment":[{"href":"https:\/\/factory.sale\/fi\/wp-json\/wp\/v2\/media?parent=26687"}],"wp:term":[{"taxonomy":"factory","embeddable":true,"href":"https:\/\/factory.sale\/fi\/wp-json\/wp\/v2\/factory?post=26687"},{"taxonomy":"free-shipment","embeddable":true,"href":"https:\/\/factory.sale\/fi\/wp-json\/wp\/v2\/free-shipment?post=26687"},{"taxonomy":"product_brand","embeddable":true,"href":"https:\/\/factory.sale\/fi\/wp-json\/wp\/v2\/product_brand?post=26687"},{"taxonomy":"product_cat","embeddable":true,"href":"https:\/\/factory.sale\/fi\/wp-json\/wp\/v2\/product_cat?post=26687"},{"taxonomy":"product_tag","embeddable":true,"href":"https:\/\/factory.sale\/fi\/wp-json\/wp\/v2\/product_tag?post=26687"}],"curies":[{"name":"wp","href":"https:\/\/api.w.org\/{rel}","templated":true}]}}