{"id":26678,"date":"2023-04-09T21:37:25","date_gmt":"2023-04-09T21:43:16","guid":{"rendered":"https:\/\/factory.sale\/?post_type=product&#038;p=26678"},"modified":"2026-03-24T00:36:43","modified_gmt":"2026-03-23T21:36:43","slug":"kahdeksankulmainen-kylpytynnyri-terassin-sisalla-2x2m","status":"publish","type":"product","link":"https:\/\/factory.sale\/fi\/tuote\/kahdeksankulmainen-kylpytynnyri-terassin-sisalla-2x2m\/","title":{"rendered":"2x2m kahdeksankulmainen lasikuituinen kylpytynnyri terassille"},"content":{"rendered":"<div class=\"lepopup-element lepopup-element-4 lepopup-element-html lepopup-animated lepopup-fadeIn\" data-type=\"html\" data-top=\"30\" data-left=\"90\" data-animation-in=\"fadeIn\" data-animation-out=\"fadeOut\">\n<div><strong>Tuotekoodi: P82<\/strong><\/div>\n<\/div>\n<div><\/div>\n<div class=\"lepopup-element lepopup-element-4 lepopup-element-html lepopup-animated lepopup-fadeIn\" data-type=\"html\" data-top=\"30\" data-left=\"90\" data-animation-in=\"fadeIn\" data-animation-out=\"fadeOut\">\n<div>Kahdeksankulmainen kylpytynnyri on tyylik\u00e4s lasikuidusta valmistettu allas, joka on saatavilla 5 eri v\u00e4riss\u00e4, my\u00f6s helmi\u00e4isen s\u00e4vyisen\u00e4. Paljussa on mukavat penkit ja 4 integroitua pehme\u00e4\u00e4 niskatukea. Lasikuituiset altaat ovat eritt\u00e4in helppohoitoisia ja pitk\u00e4ik\u00e4isi\u00e4. T\u00e4ss\u00e4 tee-se-itse palju paketissa mit\u00e4\u00e4n l\u00e4pivientej\u00e4 ei ole tehty valmiiksi, joten voit itse p\u00e4\u00e4tt\u00e4\u00e4 mihin haluat sijoittaa paljun varusteet. Mik\u00e4li olet k\u00e4tev\u00e4 k\u00e4sist\u00e4si ja haluat s\u00e4\u00e4st\u00e4\u00e4 niin t\u00e4m\u00e4 tee-se-itse rakennuspaketti on sinua varten!<\/div>\n<div>\n<p>Voit valita joko puul\u00e4mmitteisen kamiinan (3 mallia) tai s\u00e4hk\u00f6j\u00e4rjestelm\u00e4n. Lis\u00e4ksi voit hankkia siihen hy\u00f6dyllisi\u00e4 lis\u00e4varusteita kuten hieronta-ja\/tai porej\u00e4rjestelm\u00e4\u00e4, tunnelmallisia LED-valoja, l\u00e4mp\u00f6eristekansi ja muita lis\u00e4varusteita jotka l\u00f6ytyy sivun alta.<\/p>\n<p>&nbsp;<\/p>\n<\/div>\n<div><\/div>\n<div class=\"lepopup-element-html-content\"><strong>Kylpytynnyrin perusvarustukseen sis\u00e4ltyy:<\/strong><\/div>\n<\/div>\n<div class=\"lepopup-element lepopup-element-5 lepopup-element-html lepopup-animated lepopup-fadeIn\" data-type=\"html\" data-top=\"70\" data-left=\"90\" data-animation-in=\"fadeIn\" data-animation-out=\"fadeOut\">\n<div class=\"lepopup-element-html-content\">\n<ul>\n<li>Lasikuituallas Gelcoat pinnoitteella<\/li>\n<\/ul>\n<\/div>\n<\/div>\n<div class=\"lepopup-element lepopup-element-30 lepopup-element-html lepopup-animated lepopup-fadeIn\" data-type=\"html\" data-top=\"180\" data-left=\"90\" data-animation-in=\"fadeIn\" data-animation-out=\"fadeOut\">\n<div class=\"lepopup-element-html-content\">\n<p>&nbsp;<\/p>\n<p>&nbsp;<\/p>\n<p><strong>Tekniset tiedot:<\/strong><\/p>\n<ul>\n<li>Koko &#8211; 2,0 \u00d7 2,0 m<\/li>\n<li>Tilavuus &#8211; 1600 l<\/li>\n<li>Paino (kg) &#8211; 54 (ilman kamiinaa)<\/li>\n<li>Tynnyrin syvyys &#8211; 0,96 m<\/li>\n<li>Istuinpenkkien korkeus &#8211; 274 mm<\/li>\n<li>Istuinpenkkien leveys &#8211; 341 mm<\/li>\n<\/ul>\n<\/div>\n<\/div>\n<p>&nbsp;<\/p>\n<p>&nbsp;<\/p>\n<p><b>Kuljetustiedot:<\/b><\/p>\n<p>Toimitus kuorma-autolla, jossa on takalaitanostin.<\/p>\n","protected":false},"excerpt":{"rendered":"<p>Kahdeksankulmainen kylpytynnyri on tyylik\u00e4s lasikuidusta valmistettu allas, joka on saatavilla 5 eri v\u00e4riss\u00e4, my\u00f6s helmi\u00e4isen s\u00e4vyisen\u00e4. Paljussa on mukavat penkit ja 4 integroitua pehme\u00e4\u00e4 niskatukea. Lasikuituiset altaat ovat eritt\u00e4in helppohoitoisia ja pitk\u00e4ik\u00e4isi\u00e4. T\u00e4ss\u00e4 tee-se-itse palju paketissa mit\u00e4\u00e4n l\u00e4pivientej\u00e4 ei ole tehty valmiiksi, joten voit itse p\u00e4\u00e4tt\u00e4\u00e4 mihin haluat sijoittaa paljun varusteet. Mik\u00e4li olet k\u00e4tev\u00e4 k\u00e4sist\u00e4si ja haluat s\u00e4\u00e4st\u00e4\u00e4 niin t\u00e4m\u00e4 tee-se-itse rakennuspaketti on sinua varten!<\/p>\n","protected":false},"featured_media":26668,"comment_status":"open","ping_status":"closed","template":"","meta":{"_acf_changed":false},"factory":[],"free-shipment":[],"product_brand":[],"product_cat":[2210,2591],"product_tag":[2846],"class_list":{"0":"post-26678","1":"product","2":"type-product","3":"status-publish","4":"has-post-thumbnail","6":"product_cat-kylpytynnyrit","7":"product_cat-upotettavat-kylpytynnyrit","8":"product_tag-hot-tub-fi","10":"first","11":"instock","12":"sale","13":"taxable","14":"shipping-taxable","15":"purchasable","16":"product-type-simple"},"acf":[],"_links":{"self":[{"href":"https:\/\/factory.sale\/fi\/wp-json\/wp\/v2\/product\/26678","targetHints":{"allow":["GET"]}}],"collection":[{"href":"https:\/\/factory.sale\/fi\/wp-json\/wp\/v2\/product"}],"about":[{"href":"https:\/\/factory.sale\/fi\/wp-json\/wp\/v2\/types\/product"}],"replies":[{"embeddable":true,"href":"https:\/\/factory.sale\/fi\/wp-json\/wp\/v2\/comments?post=26678"}],"wp:featuredmedia":[{"embeddable":true,"href":"https:\/\/factory.sale\/fi\/wp-json\/wp\/v2\/media\/26668"}],"wp:attachment":[{"href":"https:\/\/factory.sale\/fi\/wp-json\/wp\/v2\/media?parent=26678"}],"wp:term":[{"taxonomy":"factory","embeddable":true,"href":"https:\/\/factory.sale\/fi\/wp-json\/wp\/v2\/factory?post=26678"},{"taxonomy":"free-shipment","embeddable":true,"href":"https:\/\/factory.sale\/fi\/wp-json\/wp\/v2\/free-shipment?post=26678"},{"taxonomy":"product_brand","embeddable":true,"href":"https:\/\/factory.sale\/fi\/wp-json\/wp\/v2\/product_brand?post=26678"},{"taxonomy":"product_cat","embeddable":true,"href":"https:\/\/factory.sale\/fi\/wp-json\/wp\/v2\/product_cat?post=26678"},{"taxonomy":"product_tag","embeddable":true,"href":"https:\/\/factory.sale\/fi\/wp-json\/wp\/v2\/product_tag?post=26678"}],"curies":[{"name":"wp","href":"https:\/\/api.w.org\/{rel}","templated":true}]}}