{"id":26671,"date":"2025-10-12T21:04:11","date_gmt":"2023-04-09T21:31:36","guid":{"rendered":"https:\/\/factory.sale\/?post_type=product&#038;p=26671"},"modified":"2026-03-24T00:28:02","modified_gmt":"2026-03-23T21:28:02","slug":"kahdeksankulmainen-kylpytynnyri-terassin-sisalla-18x18m","status":"publish","type":"product","link":"https:\/\/factory.sale\/fi\/tuote\/kahdeksankulmainen-kylpytynnyri-terassin-sisalla-18x18m\/","title":{"rendered":"1,8&#215;1,8m kahdeksankulmainen lasikuituinen kylpytynnyri terassille"},"content":{"rendered":"<div class=\"lepopup-element lepopup-element-4 lepopup-element-html lepopup-animated lepopup-fadeIn\" data-type=\"html\" data-top=\"30\" data-left=\"90\" data-animation-in=\"fadeIn\" data-animation-out=\"fadeOut\">\n<div><strong>Tuotekoodi: P8<\/strong><\/div>\n<\/div>\n<div><\/div>\n<div class=\"lepopup-element lepopup-element-4 lepopup-element-html lepopup-animated lepopup-fadeIn\" data-type=\"html\" data-top=\"30\" data-left=\"90\" data-animation-in=\"fadeIn\" data-animation-out=\"fadeOut\">\n<div>K\u00e4yt\u00e4nn\u00f6llinen, turvallinen ja kest\u00e4v\u00e4 kahdeksankulmainen kylpytynnyri terassille. Mukavien istuimien ja 4 pehme\u00e4n kuulokkeen ansiosta voit olla varma, ett\u00e4 saat k\u00e4tev\u00e4n ja mukavan j\u00e4rjestelyn t\u00e4llaisen kansikylpytynnyrin sis\u00e4ll\u00e4. Tuote toimitetaan koottuna ja k\u00e4ytt\u00f6valmiina, lis\u00e4tt\u00e4v\u00e4\u00e4 on vain puurunko. Kahdeksankulmainen lasikuitu sis\u00e4\u00e4nrakennettu kylpytynnyri yksinkertaisesti tyylik\u00e4s ulkoasu, t\u00e4ydellinen yhdistelm\u00e4 modernia teknologiaa ja kohtuulliset hinnat.<\/div>\n<\/div>\n<div><\/div>\n<div><\/div>\n<div class=\"lepopup-element lepopup-element-4 lepopup-element-html lepopup-animated lepopup-fadeIn\" data-type=\"html\" data-top=\"30\" data-left=\"90\" data-animation-in=\"fadeIn\" data-animation-out=\"fadeOut\">\n<div class=\"lepopup-element-html-content\"><strong>Kylpytynnyrin perusvarustukseen sis\u00e4ltyy:<\/strong><\/div>\n<\/div>\n<div class=\"lepopup-element lepopup-element-5 lepopup-element-html lepopup-animated lepopup-fadeIn\" data-type=\"html\" data-top=\"70\" data-left=\"90\" data-animation-in=\"fadeIn\" data-animation-out=\"fadeOut\">\n<div class=\"lepopup-element-html-content\">\n<ul>\n<li>Lasikuituallas Gelcoat pinnoitteella<\/li>\n<\/ul>\n<\/div>\n<\/div>\n<p>&nbsp;<\/p>\n<p>&nbsp;<\/p>\n<p><strong>Tekniset tiedot:<\/strong><\/p>\n<div class=\"lepopup-element lepopup-element-30 lepopup-element-html lepopup-animated lepopup-fadeIn\" data-type=\"html\" data-top=\"180\" data-left=\"90\" data-animation-in=\"fadeIn\" data-animation-out=\"fadeOut\">\n<div class=\"lepopup-element-html-content\">\n<ul>\n<li>Koko &#8211; 1,8 \u00d7 1,8 m<\/li>\n<li>Tilavuus &#8211; 1200 l<\/li>\n<li>Paino (kg) &#8211; 51 (ilman kamiinaa)<\/li>\n<li>Tynnyrin syvyys &#8211; 0,96 m<\/li>\n<li>Istuinpenkkien korkeus &#8211; 274 mm<\/li>\n<li>Istuinpenkkien leveys &#8211; 341 mm<\/li>\n<\/ul>\n<p>&nbsp;<\/p>\n<p><strong>Kuoren v\u00e4rivaihtelu\u00a0RAL-paletin mukaan:\u00a0<\/strong>RAL5010, RAL6034, RAL7016, RAL1013, RAL9005<\/p>\n<p>&nbsp;<\/p>\n<p><strong>* Saatavilla useita lis\u00e4varusteita. L\u00e4het\u00e4 meille tiedustelu ja kysy lis\u00e4\u00e4!<\/strong><\/p>\n<\/div>\n<\/div>\n<p>&nbsp;<\/p>\n<p>&nbsp;<\/p>\n<p><b>Kuljetustiedot:<\/b><\/p>\n<p>Toimitus kuorma-autolla, jossa on takalaitanostin.<\/p>\n","protected":false},"excerpt":{"rendered":"<p>K\u00e4yt\u00e4nn\u00f6llinen, turvallinen ja kest\u00e4v\u00e4 kahdeksankulmainen kylpytynnyri terassille. Mukavien istuimien ja 4 pehme\u00e4n kuulokkeen ansiosta voit olla varma, ett\u00e4 saat k\u00e4tev\u00e4n ja mukavan j\u00e4rjestelyn t\u00e4llaisen kansikylpytynnyrin sis\u00e4ll\u00e4. Tuote toimitetaan koottuna ja k\u00e4ytt\u00f6valmiina, lis\u00e4tt\u00e4v\u00e4\u00e4 on vain puurunko. Kahdeksankulmainen lasikuitu sis\u00e4\u00e4nrakennettu kylpytynnyri yksinkertaisesti tyylik\u00e4s ulkoasu, t\u00e4ydellinen yhdistelm\u00e4 modernia teknologiaa ja kohtuulliset hinnat.<\/p>\n","protected":false},"featured_media":26668,"comment_status":"open","ping_status":"closed","template":"","meta":{"_acf_changed":false},"factory":[],"free-shipment":[],"product_brand":[],"product_cat":[2210,2591],"product_tag":[1488,2846],"class_list":{"0":"post-26671","1":"product","2":"type-product","3":"status-publish","4":"has-post-thumbnail","6":"product_cat-kylpytynnyrit","7":"product_cat-upotettavat-kylpytynnyrit","8":"product_tag-garden-fi","9":"product_tag-hot-tub-fi","11":"first","12":"instock","13":"sale","14":"taxable","15":"shipping-taxable","16":"purchasable","17":"product-type-simple"},"acf":[],"_links":{"self":[{"href":"https:\/\/factory.sale\/fi\/wp-json\/wp\/v2\/product\/26671","targetHints":{"allow":["GET"]}}],"collection":[{"href":"https:\/\/factory.sale\/fi\/wp-json\/wp\/v2\/product"}],"about":[{"href":"https:\/\/factory.sale\/fi\/wp-json\/wp\/v2\/types\/product"}],"replies":[{"embeddable":true,"href":"https:\/\/factory.sale\/fi\/wp-json\/wp\/v2\/comments?post=26671"}],"wp:featuredmedia":[{"embeddable":true,"href":"https:\/\/factory.sale\/fi\/wp-json\/wp\/v2\/media\/26668"}],"wp:attachment":[{"href":"https:\/\/factory.sale\/fi\/wp-json\/wp\/v2\/media?parent=26671"}],"wp:term":[{"taxonomy":"factory","embeddable":true,"href":"https:\/\/factory.sale\/fi\/wp-json\/wp\/v2\/factory?post=26671"},{"taxonomy":"free-shipment","embeddable":true,"href":"https:\/\/factory.sale\/fi\/wp-json\/wp\/v2\/free-shipment?post=26671"},{"taxonomy":"product_brand","embeddable":true,"href":"https:\/\/factory.sale\/fi\/wp-json\/wp\/v2\/product_brand?post=26671"},{"taxonomy":"product_cat","embeddable":true,"href":"https:\/\/factory.sale\/fi\/wp-json\/wp\/v2\/product_cat?post=26671"},{"taxonomy":"product_tag","embeddable":true,"href":"https:\/\/factory.sale\/fi\/wp-json\/wp\/v2\/product_tag?post=26671"}],"curies":[{"name":"wp","href":"https:\/\/api.w.org\/{rel}","templated":true}]}}