{"id":26662,"date":"2023-04-09T20:47:56","date_gmt":"2023-04-09T20:57:13","guid":{"rendered":"https:\/\/factory.sale\/?post_type=product&#038;p=26662"},"modified":"2026-02-17T08:23:39","modified_gmt":"2026-02-17T05:23:39","slug":"uppokamiinat","status":"publish","type":"product","link":"https:\/\/factory.sale\/fi\/tuote\/uppokamiinat\/","title":{"rendered":"Uppokamiinat"},"content":{"rendered":"<p>L\u00e4mmitin tarkoitettu l\u00e4mmitt\u00e4m\u00e4\u00e4n vett\u00e4 kylpytynnyreiss\u00e4 tilavuudeltaan 500-3000 litraa. Polttoaineena voivat olla eri puulajien polttopuut kuten koivu, kuusi, m\u00e4nty jne.<\/p>\n<p>&nbsp;<\/p>\n<p><strong>Puukamiinan k\u00e4yt\u00f6n perusedellytykset:<\/strong><\/p>\n<ul>\n<li>Suurin sallittu veden l\u00e4mp\u00f6tila kylpytynnyriss\u00e4 on 45 astetta.<\/li>\n<li>\u00c4l\u00e4 sulje kamiinan tulo- ja poistoputkia ennen kuin kamiinassa tuli sammunut ja hiillos t\u00e4ysin j\u00e4\u00e4htynyt. (ulkokamiinalle)<\/li>\n<li>\u00c4l\u00e4 aiheuta liiallista painetta kamiinassa (ulkokamiinalle)<\/li>\n<li>\u00c4l\u00e4 anna veden j\u00e4\u00e4ty\u00e4 kamiinassa (ulkokamiinalle)<\/li>\n<li>\u00c4l\u00e4 anna veden j\u00e4\u00e4ty\u00e4 kylpytynnyriss\u00e4 (sis\u00e4kamiinalle)<\/li>\n<\/ul>\n<p>&nbsp;<\/p>\n<p>&nbsp;<\/p>\n<p><strong>Alumiini 27 kW (Tuotekoodi: VA):<\/strong><\/p>\n<ul>\n<li>Korkeus &#8211; 80 cm<\/li>\n<li>Pituus &#8211; 65 cm<\/li>\n<li>Leveys &#8211; 35 cm<\/li>\n<li>Paino &#8211; 20 kg<\/li>\n<li>Teho &#8211; 27 kW<\/li>\n<\/ul>\n<p>&nbsp;<\/p>\n<p><strong>Ruostumaton ter\u00e4s 24 kW (Tuotekoodi: VN):<\/strong><\/p>\n<ul>\n<li>Korkeus &#8211; 80 cm<\/li>\n<li>Pituus &#8211; 65 cm<\/li>\n<li>Leveys &#8211; 35 cm<\/li>\n<li>Paino &#8211; 28 kg<\/li>\n<li>Teho &#8211; 24 kW<\/li>\n<\/ul>\n<p>&nbsp;<\/p>\n<p><strong>Perussarjan kuvaus:<\/strong><\/p>\n<ul>\n<li>Savupiipun alaosa 32 cm, \u00d8114 mm, hitsattu palotilaan<\/li>\n<li>Savupiippu 1 m, \u00d8114 mm<\/li>\n<li>Savupiippu 1 m, \u00d8 114 mm, sadesuojalla<\/li>\n<li>Ashpit<\/li>\n<li>Kokoonpanomateriaalit sis\u00e4ltyv\u00e4t hintaan<\/li>\n<\/ul>\n<p>&nbsp;<\/p>\n<p><em>Polttopuiden enimm\u00e4ispituus:\u00a0\u00a0480 mm<\/em><\/p>\n","protected":false},"excerpt":{"rendered":"<p>L\u00e4mmitin tarkoitettu l\u00e4mmitt\u00e4m\u00e4\u00e4n vett\u00e4 kylpytynnyreiss\u00e4 tilavuudeltaan 500-3000 litraa. Polttoaineena voivat olla eri puulajien polttopuut kuten koivu, kuusi, m\u00e4nty jne.<\/p>\n","protected":false},"featured_media":26653,"comment_status":"open","ping_status":"closed","template":"","meta":{"_acf_changed":false},"factory":[],"free-shipment":[],"product_brand":[],"product_cat":[2309,1329],"product_tag":[2011],"class_list":{"0":"post-26662","1":"product","2":"type-product","3":"status-publish","4":"has-post-thumbnail","6":"product_cat-kylpytynnyrin-kamiinat","7":"product_cat-uunit","8":"product_tag-stove-fi","10":"first","11":"instock","12":"sale","13":"taxable","14":"shipping-taxable","15":"purchasable","16":"product-type-simple"},"acf":[],"_links":{"self":[{"href":"https:\/\/factory.sale\/fi\/wp-json\/wp\/v2\/product\/26662","targetHints":{"allow":["GET"]}}],"collection":[{"href":"https:\/\/factory.sale\/fi\/wp-json\/wp\/v2\/product"}],"about":[{"href":"https:\/\/factory.sale\/fi\/wp-json\/wp\/v2\/types\/product"}],"replies":[{"embeddable":true,"href":"https:\/\/factory.sale\/fi\/wp-json\/wp\/v2\/comments?post=26662"}],"wp:featuredmedia":[{"embeddable":true,"href":"https:\/\/factory.sale\/fi\/wp-json\/wp\/v2\/media\/26653"}],"wp:attachment":[{"href":"https:\/\/factory.sale\/fi\/wp-json\/wp\/v2\/media?parent=26662"}],"wp:term":[{"taxonomy":"factory","embeddable":true,"href":"https:\/\/factory.sale\/fi\/wp-json\/wp\/v2\/factory?post=26662"},{"taxonomy":"free-shipment","embeddable":true,"href":"https:\/\/factory.sale\/fi\/wp-json\/wp\/v2\/free-shipment?post=26662"},{"taxonomy":"product_brand","embeddable":true,"href":"https:\/\/factory.sale\/fi\/wp-json\/wp\/v2\/product_brand?post=26662"},{"taxonomy":"product_cat","embeddable":true,"href":"https:\/\/factory.sale\/fi\/wp-json\/wp\/v2\/product_cat?post=26662"},{"taxonomy":"product_tag","embeddable":true,"href":"https:\/\/factory.sale\/fi\/wp-json\/wp\/v2\/product_tag?post=26662"}],"curies":[{"name":"wp","href":"https:\/\/api.w.org\/{rel}","templated":true}]}}