{"id":26620,"date":"2023-04-09T18:48:03","date_gmt":"2023-04-09T19:07:38","guid":{"rendered":"https:\/\/factory.sale\/?post_type=product&#038;p=26620"},"modified":"2026-02-17T08:29:30","modified_gmt":"2026-02-17T05:29:30","slug":"ulkopuolinen-kamiina-27kw-merialumiini","status":"publish","type":"product","link":"https:\/\/factory.sale\/fi\/tuote\/ulkopuolinen-kamiina-27kw-merialumiini\/","title":{"rendered":"Ulkopuolinen kamiina 27kW merialumiini"},"content":{"rendered":"<p><strong>Tuotekoodi: NA27<\/strong><\/p>\n<p>&nbsp;<\/p>\n<p>L\u00e4mmitin tarkoitettu l\u00e4mmitt\u00e4m\u00e4\u00e4n vett\u00e4 kylpytynnyreiss\u00e4 tilavuudeltaan 500-3000 litraa. Polttoaineena voivat olla eri puulajien polttopuut kuten koivu, kuusi, m\u00e4nty jne.<\/p>\n<p>&nbsp;<\/p>\n<p>&nbsp;<\/p>\n<p><strong>Puukamiinan k\u00e4yt\u00f6n perusedellytykset:<\/strong><\/p>\n<ul>\n<li>Suurin sallittu veden l\u00e4mp\u00f6tila kylpytynnyriss\u00e4 on 45 astetta.<\/li>\n<li>\u00c4l\u00e4 sulje kamiinan tulo- ja poistoputkia ennen kuin kamiinassa tuli sammunut ja hiillos t\u00e4ysin j\u00e4\u00e4htynyt. (ulkokamiinalle)<\/li>\n<li>\u00c4l\u00e4 aiheuta liiallista painetta kamiinassa (ulkokamiinalle)<\/li>\n<li>\u00c4l\u00e4 anna veden j\u00e4\u00e4ty\u00e4 kamiinassa (ulkokamiinalle)<\/li>\n<li>\u00c4l\u00e4 anna veden j\u00e4\u00e4ty\u00e4 kylpytynnyriss\u00e4 (sis\u00e4kamiinalle)<\/li>\n<\/ul>\n<p>&nbsp;<\/p>\n<p><strong>Parametrit:<\/strong><\/p>\n<ul>\n<li>Korkeus: 65 cm<\/li>\n<li>Pituus: 50 cm<\/li>\n<li>Leveys: 35 cm<\/li>\n<li>Materiaali: alumiini ALMG3<\/li>\n<li>Polttopuun pituus maksimi: 415 mm<\/li>\n<li>Paino \u2013 35 kg<\/li>\n<li>Teho \u2013 27 kW<\/li>\n<\/ul>\n<p>&nbsp;<\/p>\n<p><strong>Pakettiin sis\u00e4ltyy:<\/strong><\/p>\n<ul>\n<li>Piipun alaosa 1 m, \u00d8 114 mm<\/li>\n<li>Piipun yl\u00e4osa 1 m, \u00d8 114 mm, sis\u00e4lt\u00e4\u00e4 sadesuojan<\/li>\n<li>L\u00e4piviennit kylpytynnyriin, \u00d8 75 mm<\/li>\n<li>20 cm p\u00e4tk\u00e4t letkua<\/li>\n<li>Kiristyspannat letkuille<\/li>\n<li>Palotilan arina<\/li>\n<\/ul>\n","protected":false},"excerpt":{"rendered":"<p>L\u00e4mmitin tarkoitettu l\u00e4mmitt\u00e4m\u00e4\u00e4n vett\u00e4 kylpytynnyreiss\u00e4 tilavuudeltaan 500-3000 litraa. Polttoaineena voivat olla eri puulajien polttopuut kuten koivu, kuusi, m\u00e4nty jne.<\/p>\n","protected":false},"featured_media":26611,"comment_status":"open","ping_status":"closed","template":"","meta":{"_acf_changed":false},"factory":[],"free-shipment":[],"product_brand":[],"product_cat":[2309,1329],"product_tag":[],"class_list":{"0":"post-26620","1":"product","2":"type-product","3":"status-publish","4":"has-post-thumbnail","6":"product_cat-kylpytynnyrin-kamiinat","7":"product_cat-uunit","9":"first","10":"instock","11":"sale","12":"taxable","13":"shipping-taxable","14":"purchasable","15":"product-type-simple"},"acf":[],"_links":{"self":[{"href":"https:\/\/factory.sale\/fi\/wp-json\/wp\/v2\/product\/26620","targetHints":{"allow":["GET"]}}],"collection":[{"href":"https:\/\/factory.sale\/fi\/wp-json\/wp\/v2\/product"}],"about":[{"href":"https:\/\/factory.sale\/fi\/wp-json\/wp\/v2\/types\/product"}],"replies":[{"embeddable":true,"href":"https:\/\/factory.sale\/fi\/wp-json\/wp\/v2\/comments?post=26620"}],"wp:featuredmedia":[{"embeddable":true,"href":"https:\/\/factory.sale\/fi\/wp-json\/wp\/v2\/media\/26611"}],"wp:attachment":[{"href":"https:\/\/factory.sale\/fi\/wp-json\/wp\/v2\/media?parent=26620"}],"wp:term":[{"taxonomy":"factory","embeddable":true,"href":"https:\/\/factory.sale\/fi\/wp-json\/wp\/v2\/factory?post=26620"},{"taxonomy":"free-shipment","embeddable":true,"href":"https:\/\/factory.sale\/fi\/wp-json\/wp\/v2\/free-shipment?post=26620"},{"taxonomy":"product_brand","embeddable":true,"href":"https:\/\/factory.sale\/fi\/wp-json\/wp\/v2\/product_brand?post=26620"},{"taxonomy":"product_cat","embeddable":true,"href":"https:\/\/factory.sale\/fi\/wp-json\/wp\/v2\/product_cat?post=26620"},{"taxonomy":"product_tag","embeddable":true,"href":"https:\/\/factory.sale\/fi\/wp-json\/wp\/v2\/product_tag?post=26620"}],"curies":[{"name":"wp","href":"https:\/\/api.w.org\/{rel}","templated":true}]}}