{"id":26512,"date":"2023-04-07T07:34:08","date_gmt":"2023-04-07T07:45:42","guid":{"rendered":"https:\/\/factory.sale\/?post_type=product&#038;p=26512"},"modified":"2026-02-20T05:58:36","modified_gmt":"2026-02-20T02:58:36","slug":"tynnyrimaja-4-m","status":"publish","type":"product","link":"https:\/\/factory.sale\/fi\/tuote\/tynnyrimaja-4-m\/","title":{"rendered":"Tynnyrimaja 4 m"},"content":{"rendered":"<div class=\"description woocommerce-product-details__short-description\">\n<p><strong>Perussarja sis\u00e4lt\u00e4\u00e4:<\/strong><\/p>\n<ul>\n<li>Kasaamaton kuusesta sauna<\/li>\n<li>Kuusi \/L\u00e4mp\u00f6puu(kuusi) (sein\u00e4n paksuus 40 mm, \u00d82,2 m, korkeus 2,3 m)<\/li>\n<li>S\u00e4nky 2,1\u04451,6 m<\/li>\n<li>L\u00e4mp\u00f6puiset penkit ja lattia<\/li>\n<li>2 laatikkoa<\/li>\n<li>Jatkettava p\u00f6yt\u00e4<\/li>\n<li>2 avattavaa ikkunaa<\/li>\n<li>3 hylly\u00e4 ja vaatepalkki<\/li>\n<li>Lukolla varustettu puinen ulko-ovi<\/li>\n<li>Bitumihuopakatto<\/li>\n<\/ul>\n<\/div>\n<div class=\"product_meta\">\n<p>&nbsp;<\/p>\n<p>&nbsp;<\/p>\n<p>&nbsp;<\/p>\n<p><strong>Mitat:<\/strong><\/p>\n<ul>\n<li>Korkeus &#8211; 2,3 m<\/li>\n<li>Pituus &#8211; 4,2 m<\/li>\n<li>Halkaisija \u2013 \u00d82,2 m<\/li>\n<li>Paino (kg) &#8211; 860<\/li>\n<li>Paksuus &#8211; 40 mm<\/li>\n<\/ul>\n<p>&nbsp;<\/p>\n<p>&nbsp;<\/p>\n<p><strong>*Saatavana eri v\u00e4reiss\u00e4<\/strong><\/p>\n<p>&nbsp;<\/p>\n<p>&nbsp;<\/p>\n<p><strong>* L\u00e4mp\u00f6puusta valmistetun retkeilypalstan hinta &#8211; 4473.5 EUR<\/strong><\/p>\n<p>&nbsp;<\/p>\n<p><strong>* Saatavilla useita lis\u00e4varusteita. L\u00e4het\u00e4 meille tiedustelu ja kysy lis\u00e4\u00e4!<\/strong><\/p>\n<\/div>\n","protected":false},"excerpt":{"rendered":"<p>L\u00f6yd\u00e4 t\u00e4ydellinen leirint\u00e4m\u00f6kki puutarhaasi! T\u00e4m\u00e4 tasopakattu kuusipuinen sauna sis\u00e4lt\u00e4\u00e4 tilavan vuoteen (2,1 x 1,6 m), l\u00e4mp\u00f6puupenkit ja -lattian, jatkettavan p\u00f6yd\u00e4n, s\u00e4ilytyslaatikot, hyllyt, vaatetangon, lukittavan puuoven sek\u00e4 kest\u00e4v\u00e4n bitumikaton. Suunniteltu mukavuutta ja tyyli\u00e4 varten, siin\u00e4 on avattavat ikkunat ja korkealaatuinen kuusi-\/l\u00e4mp\u00f6puutynnyrirakenne (40 mm paksu, \u00d82,2 m, h=2,3 m). T\u00e4ydellinen valinta ulkona rentoutumiseen ja seikkailuista nauttimiseen!<\/p>\n","protected":false},"featured_media":26500,"comment_status":"open","ping_status":"closed","template":"","meta":{"_acf_changed":false},"factory":[],"free-shipment":[],"product_brand":[],"product_cat":[2889,997],"product_tag":[2105,2106],"class_list":{"0":"post-26512","1":"product","2":"type-product","3":"status-publish","4":"has-post-thumbnail","6":"product_cat-leirintamokit","7":"product_cat-piha-puutarha-fi","8":"product_tag-outdoor-sauna-fi","9":"product_tag-sauna-fi","11":"first","12":"instock","13":"sale","14":"taxable","15":"shipping-taxable","16":"purchasable","17":"product-type-simple"},"acf":[],"_links":{"self":[{"href":"https:\/\/factory.sale\/fi\/wp-json\/wp\/v2\/product\/26512","targetHints":{"allow":["GET"]}}],"collection":[{"href":"https:\/\/factory.sale\/fi\/wp-json\/wp\/v2\/product"}],"about":[{"href":"https:\/\/factory.sale\/fi\/wp-json\/wp\/v2\/types\/product"}],"replies":[{"embeddable":true,"href":"https:\/\/factory.sale\/fi\/wp-json\/wp\/v2\/comments?post=26512"}],"wp:featuredmedia":[{"embeddable":true,"href":"https:\/\/factory.sale\/fi\/wp-json\/wp\/v2\/media\/26500"}],"wp:attachment":[{"href":"https:\/\/factory.sale\/fi\/wp-json\/wp\/v2\/media?parent=26512"}],"wp:term":[{"taxonomy":"factory","embeddable":true,"href":"https:\/\/factory.sale\/fi\/wp-json\/wp\/v2\/factory?post=26512"},{"taxonomy":"free-shipment","embeddable":true,"href":"https:\/\/factory.sale\/fi\/wp-json\/wp\/v2\/free-shipment?post=26512"},{"taxonomy":"product_brand","embeddable":true,"href":"https:\/\/factory.sale\/fi\/wp-json\/wp\/v2\/product_brand?post=26512"},{"taxonomy":"product_cat","embeddable":true,"href":"https:\/\/factory.sale\/fi\/wp-json\/wp\/v2\/product_cat?post=26512"},{"taxonomy":"product_tag","embeddable":true,"href":"https:\/\/factory.sale\/fi\/wp-json\/wp\/v2\/product_tag?post=26512"}],"curies":[{"name":"wp","href":"https:\/\/api.w.org\/{rel}","templated":true}]}}