{"id":26494,"date":"2023-04-06T06:05:49","date_gmt":"2023-04-07T07:15:12","guid":{"rendered":"https:\/\/factory.sale\/?post_type=product&#038;p=26494"},"modified":"2026-03-23T22:52:04","modified_gmt":"2026-03-23T19:52:04","slug":"pystytynnyrisauna-2-hengelle","status":"publish","type":"product","link":"https:\/\/factory.sale\/fi\/tuote\/pystytynnyrisauna-2-hengelle\/","title":{"rendered":"&#8220;SH&#8221; Pystytynnyrisauna 2-hl\u00f6"},"content":{"rendered":"<p><strong>Tuotekoodi: SHE<\/strong><\/p>\n<p>&nbsp;<\/p>\n<p>Pystytynnyrisauna on pieni 2m. ulkosauna, joka valmistetaan joko kuusi- tai kuusen l\u00e4mp\u00f6puusta. Se sopii pieniin puutarhoihin ja k\u00e4ytett\u00e4v\u00e4ksi pienille 2 hengen perheille, pienen kokonsa ansiosta. \u00a0T\u00e4m\u00e4 pystytynnyrisauna vie v\u00e4hemm\u00e4n tilaa kuin muut mallit, mutta siin\u00e4 on kaikki muiden mallien edut.<br \/>\nValitsemalla t\u00e4m\u00e4n ulkosaunan saat erinomaista laatua hyv\u00e4\u00e4n hintaan, sek\u00e4 nopean l\u00e4mmityksen. Lis\u00e4ksi s\u00e4\u00e4st\u00e4t tilaa.<\/p>\n<p>&nbsp;<\/p>\n<p>&nbsp;<\/p>\n<div class=\"lepopup-element lepopup-element-4 lepopup-element-html lepopup-animated lepopup-fadeIn\" data-type=\"html\" data-top=\"20\" data-left=\"80\" data-animation-in=\"fadeIn\" data-animation-out=\"fadeOut\">\n<div class=\"lepopup-element-html-content\"><strong>Tynnyrisaunan perusvarustukseen sis\u00e4ltyy:<\/strong><\/div>\n<\/div>\n<div class=\"lepopup-element lepopup-element-5 lepopup-element-html lepopup-animated lepopup-fadeIn\" data-type=\"html\" data-top=\"55\" data-left=\"90\" data-animation-in=\"fadeIn\" data-animation-out=\"fadeOut\">\n<div class=\"lepopup-element-html-content\">\n<ul>\n<li>Kasaamaton kuusesta sauna<\/li>\n<li>Materiaali: 40 mm paksuista kuusta tai l\u00e4mp\u00f6puuta<\/li>\n<li>Lauteet (lepp\u00e4\u00e4)<\/li>\n<li>Ovi, savulasia<\/li>\n<li>Bitumihuopakatto (musta, ruskea tai vihre\u00e4)<\/li>\n<li>Ilmanvaihtoaukot ja suojaritil\u00e4t<\/li>\n<li>Tynnyrisaunan kiristysvanteet (ruostumattomasta ter\u00e4ksest\u00e4), 4 kpl<\/li>\n<\/ul>\n<\/div>\n<\/div>\n<div class=\"lepopup-element lepopup-element-30 lepopup-element-html lepopup-animated lepopup-fadeIn\" data-type=\"html\" data-top=\"255\" data-left=\"90\" data-animation-in=\"fadeIn\" data-animation-out=\"fadeOut\">\n<div class=\"lepopup-element-html-content\">\n<p>&nbsp;<\/p>\n<p><strong>Koot:<\/strong><\/p>\n<ul>\n<li>Halkaisija &#8211; \u00d82 m tai \u00d82,2 m<\/li>\n<li>Paino (kg) &#8211; 700<\/li>\n<li>Sein\u00e4n paksuus &#8211; 40 mm<\/li>\n<li>Tilavuus &#8211; 2 henkil\u00f6\u00e4<\/li>\n<li>Lasioven koko &#8211; 1890 mm x 707 mm<\/li>\n<li>Puuoven koko &#8211; 1890 mm x 707 mm<\/li>\n<\/ul>\n<\/div>\n<\/div>\n<div class=\"lepopup-element lepopup-element-43 lepopup-element-html lepopup-animated lepopup-fadeIn\" data-type=\"html\" data-top=\"425\" data-left=\"90\" data-animation-in=\"fadeIn\" data-animation-out=\"fadeOut\">\n<div class=\"lepopup-element-html-content\">\n<p>&nbsp;<\/p>\n<p><strong>Kasattuna:<\/strong><\/p>\n<ul>\n<li>Pituus: 2 m<\/li>\n<li>Leveys: 2 m halkaisijaltaan &#8211; 2 m<\/li>\n<li>Korkeus: 2,6 m halkaisijaltaan &#8211; 2 m (ilman piippua)<\/li>\n<\/ul>\n<\/div>\n<\/div>\n<div class=\"lepopup-element lepopup-element-46 lepopup-element-html lepopup-animated lepopup-fadeIn\" data-type=\"html\" data-top=\"535\" data-left=\"90\" data-animation-in=\"fadeIn\" data-animation-out=\"fadeOut\">\n<div class=\"lepopup-element-html-content\">\n<p>&nbsp;<\/p>\n<p><strong>Kasaamattomana (elementtein\u00e4):<\/strong><\/p>\n<ul>\n<li>Pituus: 2 m<\/li>\n<li>Leveys: 0,8 m<\/li>\n<li>Korkeus: 1,5 m varustettu s\u00e4hk\u00f6kiukaalla; 1,8 m varustettu puukiukaalla<\/li>\n<\/ul>\n<p>&nbsp;<\/p>\n<p>&nbsp;<\/p>\n<p>&nbsp;<\/p>\n<p><strong>Katon v\u00e4rit:<\/strong><\/p>\n<p>Ruskea, musta, vihre\u00e4<\/p>\n<p><img loading=\"lazy\" decoding=\"async\" class=\"alignnone wp-image-90748\" src=\"https:\/\/factory.sale\/wp-content\/uploads\/2024\/09\/roof-colours-300x91.png\" alt=\"\" width=\"630\" height=\"191\" srcset=\"https:\/\/factory.sale\/wp-content\/uploads\/2024\/09\/roof-colours-300x91.png 300w, https:\/\/factory.sale\/wp-content\/uploads\/2024\/09\/roof-colours-1024x311.png 1024w, https:\/\/factory.sale\/wp-content\/uploads\/2024\/09\/roof-colours-150x46.png 150w, https:\/\/factory.sale\/wp-content\/uploads\/2024\/09\/roof-colours-600x182.png 600w, https:\/\/factory.sale\/wp-content\/uploads\/2024\/09\/roof-colours.png 1330w\" sizes=\"auto, (max-width: 630px) 100vw, 630px\" \/><\/p>\n<\/div>\n<\/div>\n<p>&nbsp;<\/p>\n<p>&nbsp;<\/p>\n<div class=\"lepopup-element lepopup-element-46 lepopup-element-html lepopup-animated lepopup-fadeIn\" data-type=\"html\" data-top=\"535\" data-left=\"90\" data-animation-in=\"fadeIn\" data-animation-out=\"fadeOut\">\n<div class=\"lepopup-element-html-content\">\n<p><strong>L\u00e4mp\u00f6puusaunan hinta (SHT): 2311,50 \u20ac (ei sis. ALV)<\/strong><\/p>\n<\/div>\n<\/div>\n<p>&nbsp;<\/p>\n<p>&nbsp;<\/p>\n<p><b>Kuljetustiedot:<\/b><\/p>\n<p>Toimitus kuorma-autolla, jossa on takalaitanostin.<\/p>\n","protected":false},"excerpt":{"rendered":"<p>Pystytynnyrisauna on pieni 2m. ulkosauna, joka valmistetaan joko kuusi- tai kuusen l\u00e4mp\u00f6puusta. Se sopii pieniin puutarhoihin ja k\u00e4ytett\u00e4v\u00e4ksi pienille 2 hengen perheille, pienen kokonsa ansiosta. Pystytynnyrisaunapaketti tai sen valmiiksi koottu versio ovat saatavilla sek\u00e4 puul\u00e4mmitteisell\u00e4 ett\u00e4 s\u00e4hk\u00f6l\u00e4mmitteisell\u00e4. T\u00e4m\u00e4 pystytynnyrisauna vie v\u00e4hemm\u00e4n tilaa kuin muut mallit, mutta siin\u00e4 on kaikki muiden mallien edut.<\/p>\n","protected":false},"featured_media":102611,"comment_status":"open","ping_status":"closed","template":"","meta":{"_acf_changed":false},"factory":[],"free-shipment":[],"product_brand":[],"product_cat":[1317,1644],"product_tag":[2105,2106],"class_list":{"0":"post-26494","1":"product","2":"type-product","3":"status-publish","4":"has-post-thumbnail","6":"product_cat-sauna-fi","7":"product_cat-tynnyrisauna","8":"product_tag-outdoor-sauna-fi","9":"product_tag-sauna-fi","11":"first","12":"instock","13":"sale","14":"taxable","15":"shipping-taxable","16":"purchasable","17":"product-type-simple"},"acf":[],"_links":{"self":[{"href":"https:\/\/factory.sale\/fi\/wp-json\/wp\/v2\/product\/26494","targetHints":{"allow":["GET"]}}],"collection":[{"href":"https:\/\/factory.sale\/fi\/wp-json\/wp\/v2\/product"}],"about":[{"href":"https:\/\/factory.sale\/fi\/wp-json\/wp\/v2\/types\/product"}],"replies":[{"embeddable":true,"href":"https:\/\/factory.sale\/fi\/wp-json\/wp\/v2\/comments?post=26494"}],"wp:featuredmedia":[{"embeddable":true,"href":"https:\/\/factory.sale\/fi\/wp-json\/wp\/v2\/media\/102611"}],"wp:attachment":[{"href":"https:\/\/factory.sale\/fi\/wp-json\/wp\/v2\/media?parent=26494"}],"wp:term":[{"taxonomy":"factory","embeddable":true,"href":"https:\/\/factory.sale\/fi\/wp-json\/wp\/v2\/factory?post=26494"},{"taxonomy":"free-shipment","embeddable":true,"href":"https:\/\/factory.sale\/fi\/wp-json\/wp\/v2\/free-shipment?post=26494"},{"taxonomy":"product_brand","embeddable":true,"href":"https:\/\/factory.sale\/fi\/wp-json\/wp\/v2\/product_brand?post=26494"},{"taxonomy":"product_cat","embeddable":true,"href":"https:\/\/factory.sale\/fi\/wp-json\/wp\/v2\/product_cat?post=26494"},{"taxonomy":"product_tag","embeddable":true,"href":"https:\/\/factory.sale\/fi\/wp-json\/wp\/v2\/product_tag?post=26494"}],"curies":[{"name":"wp","href":"https:\/\/api.w.org\/{rel}","templated":true}]}}