{"id":26478,"date":"2023-04-05T20:48:17","date_gmt":"2023-04-05T21:12:06","guid":{"rendered":"https:\/\/factory.sale\/?post_type=product&#038;p=26478"},"modified":"2026-03-22T23:09:09","modified_gmt":"2026-03-22T20:09:09","slug":"ovaalisauna-4-m-4-hengelle-2","status":"publish","type":"product","link":"https:\/\/factory.sale\/fi\/tuote\/ovaalisauna-4-m-4-hengelle-2\/","title":{"rendered":"&#8220;4m&#8221; S424 Ovaalisauna 4-hl\u00f6"},"content":{"rendered":"<p><strong>Tuotekoodi: S424E<\/strong><\/p>\n<p>&nbsp;<\/p>\n<p>Kuusesta tai kuusen l\u00e4mp\u00f6puusta valmistetun ovaalisaunan ulkomuoto on omalaatuinen sen muodon ja tyylin vuoksi. Toisin kuin py\u00f6re\u00e4t ja kulmikkaat ulkosaunat, t\u00e4m\u00e4 on paljon viihtyis\u00e4mpi ja k\u00e4yt\u00e4nn\u00f6llisempi. T\u00e4ss\u00e4 pihasaunan mallissa on tilava l\u00f6ylyhuone, jossa on lauteita kahdella eri tasolla, joten jokainen 6-8 hengen joukosta voi valita itselle mieluisen l\u00f6ylypaikan. Etupuolen ikkuna tuo l\u00f6ylyhuoneeseen paljon luonnonvaloa. Lis\u00e4ksi ovaalin saunan sis\u00e4osassa on iso pukuhuone, jossa on p\u00f6yt\u00e4 ja penkki, joten voit vaihtaa vaatteitasi tai vain rentoutua ja pit\u00e4\u00e4 taukoa l\u00f6ylyist\u00e4.<\/p>\n<p>&nbsp;<\/p>\n<p>&nbsp;<\/p>\n<div class=\"lepopup-element lepopup-element-2 lepopup-element-html lepopup-animated lepopup-fadeIn\" data-type=\"html\" data-top=\"-5\" data-left=\"510\" data-animation-in=\"fadeIn\" data-animation-out=\"fadeOut\">\n<div class=\"lepopup-element-html-content\">\n<div class=\"lepopup-element lepopup-element-4 lepopup-element-html lepopup-animated lepopup-fadeIn\" data-type=\"html\" data-top=\"20\" data-left=\"80\" data-animation-in=\"fadeIn\" data-animation-out=\"fadeOut\">\n<div class=\"lepopup-element-html-content\"><strong>Saunan perusvarustukseen sis\u00e4ltyy:<\/strong><\/div>\n<\/div>\n<div class=\"lepopup-element lepopup-element-5 lepopup-element-html lepopup-animated lepopup-fadeIn\" data-type=\"html\" data-top=\"50\" data-left=\"80\" data-animation-in=\"fadeIn\" data-animation-out=\"fadeOut\">\n<div class=\"lepopup-element-html-content\">\n<ul>\n<li>Kasaamaton kuusesta sauna<\/li>\n<li>Lauteet (lepp\u00e4\u00e4)<\/li>\n<li>Ikkuna<\/li>\n<li>Sis\u00e4ovi savulasia (koko &#8211; 1890 mm x 707 mm)<\/li>\n<li>Ulko-ovi puuovi\u00a0 (koko &#8211; 1890 mm x 707 mm)<\/li>\n<li>Bitumihuopakatto (musta, ruskea tai vihre\u00e4)<\/li>\n<li>Ilmanvaihto aukot ja suojaritil\u00e4t<\/li>\n<li>Saunan puujalakset<\/li>\n<li>Tynnyrisaunan kiristysvanteet (ruostumattomasta ter\u00e4ksest\u00e4), 3 kpl<\/li>\n<\/ul>\n<\/div>\n<\/div>\n<div class=\"lepopup-element lepopup-element-30 lepopup-element-html lepopup-animated lepopup-fadeIn\" data-type=\"html\" data-top=\"290\" data-left=\"80\" data-animation-in=\"fadeIn\" data-animation-out=\"fadeOut\">\n<div class=\"lepopup-element-html-content\">\n<p>&nbsp;<\/p>\n<p>&nbsp;<\/p>\n<p><strong>Mitat koottuna (ulkomitat):<\/strong><\/p>\n<ul>\n<li>Pituus: 4185 mm<\/li>\n<li>Leveys: 2400 mm<\/li>\n<li>Korkeus: 2400 mm ilman savupiippua<\/li>\n<li>Korkeus piipun kanssa: 3313 mm<\/li>\n<\/ul>\n<\/div>\n<\/div>\n<div class=\"lepopup-element lepopup-element-43 lepopup-element-html lepopup-animated lepopup-fadeIn\" data-type=\"html\" data-top=\"420\" data-left=\"80\" data-animation-in=\"fadeIn\" data-animation-out=\"fadeOut\">\n<div class=\"lepopup-element-html-content\">\n<p>&nbsp;<\/p>\n<p>&nbsp;<\/p>\n<p><strong>Pakkauksen koko:<\/strong><\/p>\n<ul>\n<li>Pituus: 2,4 m<\/li>\n<li>Leveys: 1,2 m<\/li>\n<li>Korkeus: 1,8 m varustettu s\u00e4hk\u00f6kiukaalla; 2 m varustettu puukiukaalla<\/li>\n<\/ul>\n<\/div>\n<\/div>\n<\/div>\n<\/div>\n<div class=\"lepopup-element lepopup-element-4 lepopup-element-html lepopup-animated lepopup-fadeIn\" data-type=\"html\" data-top=\"20\" data-left=\"80\" data-animation-in=\"fadeIn\" data-animation-out=\"fadeOut\"><\/div>\n<div data-type=\"html\" data-top=\"20\" data-left=\"80\" data-animation-in=\"fadeIn\" data-animation-out=\"fadeOut\">\n<p>&nbsp;<\/p>\n<p><strong>Katon v\u00e4rit:<\/strong><\/p>\n<p>Ruskea, musta, vihre\u00e4<\/p>\n<p><img loading=\"lazy\" decoding=\"async\" class=\"alignnone wp-image-90748\" src=\"https:\/\/factory.sale\/wp-content\/uploads\/2024\/09\/roof-colours-300x91.png\" alt=\"\" width=\"630\" height=\"191\" srcset=\"https:\/\/factory.sale\/wp-content\/uploads\/2024\/09\/roof-colours-300x91.png 300w, https:\/\/factory.sale\/wp-content\/uploads\/2024\/09\/roof-colours-1024x311.png 1024w, https:\/\/factory.sale\/wp-content\/uploads\/2024\/09\/roof-colours-150x46.png 150w, https:\/\/factory.sale\/wp-content\/uploads\/2024\/09\/roof-colours-600x182.png 600w, https:\/\/factory.sale\/wp-content\/uploads\/2024\/09\/roof-colours.png 1330w\" sizes=\"auto, (max-width: 630px) 100vw, 630px\" \/><\/p>\n<\/div>\n<div data-type=\"html\" data-top=\"20\" data-left=\"80\" data-animation-in=\"fadeIn\" data-animation-out=\"fadeOut\"><\/div>\n<div data-type=\"html\" data-top=\"20\" data-left=\"80\" data-animation-in=\"fadeIn\" data-animation-out=\"fadeOut\">\n<p><strong>Saunan voi ostaa vain kokoamattomana:<\/strong><\/p>\n<ul>\n<li>Pakkauskoot: 2,4m x 1,2m x 2m (pituus x leveys x korkeus)<\/li>\n<\/ul>\n<p>&nbsp;<\/p>\n<p>&nbsp;<\/p>\n<p><strong>L\u00e4mp\u00f6puusaunan hinta (S424T) \u2013 5152 EUR<\/strong><\/p>\n<p>&nbsp;<\/p>\n<p><strong>* Saatavilla useita lis\u00e4varusteita. L\u00e4het\u00e4 meille tiedustelu ja kysy lis\u00e4\u00e4!<\/strong><\/p>\n<\/div>\n<p>&nbsp;<\/p>\n<p>&nbsp;<\/p>\n<p><b>Kuljetustiedot:<\/b><\/p>\n<p>17 m kuorma-auto ilman nostinta: toimitus vain 17 m kuorma-autolla (purkuv\u00e4lineet on j\u00e4rjestett\u00e4v\u00e4 etuk\u00e4teen), kysy lis\u00e4tietoja!<\/p>\n","protected":false},"excerpt":{"rendered":"<p>Kuusesta tai kuusen l\u00e4mp\u00f6puusta valmistetun ovaalisaunan ulkomuoto on omalaatuinen sen muodon ja tyylin vuoksi. Toisin kuin py\u00f6re\u00e4t ja kulmikkaat ulkosaunat, t\u00e4m\u00e4 on paljon viihtyis\u00e4mpi ja k\u00e4yt\u00e4nn\u00f6llisempi.<\/p>\n","protected":false},"featured_media":94576,"comment_status":"open","ping_status":"closed","template":"","meta":{"_acf_changed":false},"factory":[],"free-shipment":[],"product_brand":[],"product_cat":[1317,1644],"product_tag":[],"class_list":{"0":"post-26478","1":"product","2":"type-product","3":"status-publish","4":"has-post-thumbnail","6":"product_cat-sauna-fi","7":"product_cat-tynnyrisauna","9":"first","10":"instock","11":"sale","12":"taxable","13":"shipping-taxable","14":"purchasable","15":"product-type-simple"},"acf":[],"_links":{"self":[{"href":"https:\/\/factory.sale\/fi\/wp-json\/wp\/v2\/product\/26478","targetHints":{"allow":["GET"]}}],"collection":[{"href":"https:\/\/factory.sale\/fi\/wp-json\/wp\/v2\/product"}],"about":[{"href":"https:\/\/factory.sale\/fi\/wp-json\/wp\/v2\/types\/product"}],"replies":[{"embeddable":true,"href":"https:\/\/factory.sale\/fi\/wp-json\/wp\/v2\/comments?post=26478"}],"wp:featuredmedia":[{"embeddable":true,"href":"https:\/\/factory.sale\/fi\/wp-json\/wp\/v2\/media\/94576"}],"wp:attachment":[{"href":"https:\/\/factory.sale\/fi\/wp-json\/wp\/v2\/media?parent=26478"}],"wp:term":[{"taxonomy":"factory","embeddable":true,"href":"https:\/\/factory.sale\/fi\/wp-json\/wp\/v2\/factory?post=26478"},{"taxonomy":"free-shipment","embeddable":true,"href":"https:\/\/factory.sale\/fi\/wp-json\/wp\/v2\/free-shipment?post=26478"},{"taxonomy":"product_brand","embeddable":true,"href":"https:\/\/factory.sale\/fi\/wp-json\/wp\/v2\/product_brand?post=26478"},{"taxonomy":"product_cat","embeddable":true,"href":"https:\/\/factory.sale\/fi\/wp-json\/wp\/v2\/product_cat?post=26478"},{"taxonomy":"product_tag","embeddable":true,"href":"https:\/\/factory.sale\/fi\/wp-json\/wp\/v2\/product_tag?post=26478"}],"curies":[{"name":"wp","href":"https:\/\/api.w.org\/{rel}","templated":true}]}}