{"id":26461,"date":"2023-04-05T16:53:49","date_gmt":"2023-04-05T20:04:14","guid":{"rendered":"https:\/\/factory.sale\/?post_type=product&#038;p=26461"},"modified":"2026-03-22T23:11:41","modified_gmt":"2026-03-22T20:11:41","slug":"ovaalisauna-4-m-4-hengelle-jossa-terassi","status":"publish","type":"product","link":"https:\/\/factory.sale\/fi\/tuote\/ovaalisauna-4-m-4-hengelle-jossa-terassi\/","title":{"rendered":"&#8220;4m&#8221; S424V Ovaalisauna terassilla 4-hl\u00f6"},"content":{"rendered":"<p><strong>Tuotekoodi:<\/strong> <strong>S424VE<\/strong><\/p>\n<p>&nbsp;<\/p>\n<p>Ovaali sauna on t\u00e4ydellinen yhdistelm\u00e4 tyyli\u00e4, k\u00e4yt\u00e4nn\u00f6llisyytt\u00e4 ja yksityiskohtien j\u00e4rkevyytt\u00e4. T\u00e4ss\u00e4 ovaalin tynnyrisaunan mallissa on tilava l\u00f6ylyhuone, jossa on lauteita kahdella tasolla, joten jokainen saunoja voi valita itselle mieluisan l\u00f6ylypaikan. L\u00f6ylyhuoneeseen p\u00e4\u00e4see hyvin luonnonvaloa etupuolen ikkunoiden kautta. T\u00e4m\u00e4n pienen pihasaunan sis\u00e4osassa on iso pukuhuone, jossa on p\u00f6yt\u00e4 ja penkki, joten voit vaihtaa vaatteita tai muuten vain rentoutua l\u00f6ylyhuoneen antimien tai huonon s\u00e4\u00e4n j\u00e4ljilt\u00e4. Ovaalisaunan ulkopuolella on mukavat istuimet ja pieni p\u00f6yt\u00e4, jossa voi vilvoitella ja nauttia raikkaasta ulkoilmasta. Sauna saatavilla vain kasaamattomana.<\/p>\n<p>&nbsp;<\/p>\n<div class=\"lepopup-element lepopup-element-4 lepopup-element-html lepopup-animated lepopup-fadeIn\" data-type=\"html\" data-top=\"20\" data-left=\"80\" data-animation-in=\"fadeIn\" data-animation-out=\"fadeOut\">\n<div class=\"lepopup-element-html-content\"><strong>Saunan perusvarustukseen sis\u00e4ltyy:<\/strong><\/div>\n<\/div>\n<div class=\"lepopup-element lepopup-element-5 lepopup-element-html lepopup-animated lepopup-fadeIn\" data-type=\"html\" data-top=\"50\" data-left=\"80\" data-animation-in=\"fadeIn\" data-animation-out=\"fadeOut\">\n<div class=\"lepopup-element-html-content\">\n<ul>\n<li>Kasaamaton kuusesta sauna<\/li>\n<li>Lauteet (lepp\u00e4\u00e4)<\/li>\n<li>Ikkuna<\/li>\n<li>Sis\u00e4ovi savulasia (koko &#8211; 1890 mm x 707 mm)<\/li>\n<li>Ulko-ovi puuovi\u00a0 (koko &#8211; 1890 mm x 707 mm)<\/li>\n<li>Bitumihuopakatto (musta, ruskea tai vihre\u00e4)<\/li>\n<li>Ilmanvaihto aukot ja suojaritil\u00e4t<\/li>\n<li>Saunan puujalakset<\/li>\n<li>Tynnyrisaunan kiristysvanteet (ruostumattomasta ter\u00e4ksest\u00e4), 3 kpl<\/li>\n<\/ul>\n<\/div>\n<\/div>\n<div class=\"lepopup-element lepopup-element-30 lepopup-element-html lepopup-animated lepopup-fadeIn\" data-type=\"html\" data-top=\"290\" data-left=\"80\" data-animation-in=\"fadeIn\" data-animation-out=\"fadeOut\">\n<div class=\"lepopup-element-html-content\">\n<p>&nbsp;<\/p>\n<p>&nbsp;<\/p>\n<p><strong>Mitat koottuna (ulkomitat):<\/strong><\/p>\n<ul>\n<li>Pituus: 4185 mm<\/li>\n<li>Leveys: 2400 mm<\/li>\n<li>Korkeus: 2400 mm ilman savupiippua<\/li>\n<li>Korkeus piipun kanssa: 3313 mm<\/li>\n<\/ul>\n<\/div>\n<\/div>\n<div class=\"lepopup-element lepopup-element-43 lepopup-element-html lepopup-animated lepopup-fadeIn\" data-type=\"html\" data-top=\"420\" data-left=\"80\" data-animation-in=\"fadeIn\" data-animation-out=\"fadeOut\">\n<div class=\"lepopup-element-html-content\">\n<p>&nbsp;<\/p>\n<p>&nbsp;<\/p>\n<p><strong>Pakkauksen koko:<\/strong><\/p>\n<ul>\n<li>Pituus: 2,4 m<\/li>\n<li>Leveys: 1,2 m<\/li>\n<li>Korkeus: 1,8 m varustettu s\u00e4hk\u00f6kiukaalla; 2 m varustettu puukiukaalla<\/li>\n<\/ul>\n<\/div>\n<\/div>\n<p>&nbsp;<\/p>\n<p>&nbsp;<\/p>\n<p><strong>Katon v\u00e4rit:<\/strong><\/p>\n<p>Ruskea, musta, vihre\u00e4<\/p>\n<p><img loading=\"lazy\" decoding=\"async\" class=\"alignnone wp-image-90748\" src=\"https:\/\/factory.sale\/wp-content\/uploads\/2024\/09\/roof-colours-300x91.png\" alt=\"\" width=\"630\" height=\"191\" srcset=\"https:\/\/factory.sale\/wp-content\/uploads\/2024\/09\/roof-colours-300x91.png 300w, https:\/\/factory.sale\/wp-content\/uploads\/2024\/09\/roof-colours-1024x311.png 1024w, https:\/\/factory.sale\/wp-content\/uploads\/2024\/09\/roof-colours-150x46.png 150w, https:\/\/factory.sale\/wp-content\/uploads\/2024\/09\/roof-colours-600x182.png 600w, https:\/\/factory.sale\/wp-content\/uploads\/2024\/09\/roof-colours.png 1330w\" sizes=\"auto, (max-width: 630px) 100vw, 630px\" \/><\/p>\n<p>&nbsp;<\/p>\n<p>&nbsp;<\/p>\n<p>&nbsp;<\/p>\n<p><strong>Termopuusaunan hinta (S242VT) &#8211; 5152 EUR<\/strong><\/p>\n<p><strong>Saatavilla on paljon lis\u00e4varusteita. L\u00e4het\u00e4 meille kysely ja kysy lis\u00e4tietoja!<\/strong><\/p>\n<p>&nbsp;<\/p>\n<p>&nbsp;<\/p>\n<p><b>Kuljetustiedot:<\/b><\/p>\n<p>17 m kuorma-auto ilman nostinta: toimitus vain 17 m kuorma-autolla (purkuv\u00e4lineet on j\u00e4rjestett\u00e4v\u00e4 etuk\u00e4teen), kysy lis\u00e4tietoja!<\/p>\n","protected":false},"excerpt":{"rendered":"<p>Ovaali sauna on t\u00e4ydellinen yhdistelm\u00e4 tyyli\u00e4, k\u00e4yt\u00e4nn\u00f6llisyytt\u00e4 ja yksityiskohtien j\u00e4rkevyytt\u00e4. T\u00e4ss\u00e4 ovaalin tynnyrisaunan mallissa on tilava l\u00f6ylyhuone, jossa on lauteita kahdella tasolla, joten jokainen saunoja voi valita itselle mieluisan l\u00f6ylypaikan. L\u00f6ylyhuoneeseen p\u00e4\u00e4see hyvin luonnonvaloa etupuolen ikkunoiden kautta. T\u00e4m\u00e4n pienen pihasaunan sis\u00e4osassa on iso pukuhuone, jossa on p\u00f6yt\u00e4 ja penkki, joten voit vaihtaa vaatteita tai muuten vain rentoutua l\u00f6ylyhuoneen antimien tai huonon s\u00e4\u00e4n j\u00e4ljilt\u00e4. Ovaalisaunan ulkopuolella on mukavat istuimet ja pieni p\u00f6yt\u00e4, jossa voi vilvoitella ja nauttia raikkaasta ulkoilmasta. Sauna saatavilla vain kasaamattomana.<\/p>\n","protected":false},"featured_media":94573,"comment_status":"open","ping_status":"closed","template":"","meta":{"_acf_changed":false},"factory":[],"free-shipment":[],"product_brand":[],"product_cat":[1317,1644],"product_tag":[1651,2105,2106],"class_list":{"0":"post-26461","1":"product","2":"type-product","3":"status-publish","4":"has-post-thumbnail","6":"product_cat-sauna-fi","7":"product_cat-tynnyrisauna","8":"product_tag-barrel-sauna-fi","9":"product_tag-outdoor-sauna-fi","10":"product_tag-sauna-fi","12":"first","13":"instock","14":"sale","15":"taxable","16":"shipping-taxable","17":"purchasable","18":"product-type-simple"},"acf":[],"_links":{"self":[{"href":"https:\/\/factory.sale\/fi\/wp-json\/wp\/v2\/product\/26461","targetHints":{"allow":["GET"]}}],"collection":[{"href":"https:\/\/factory.sale\/fi\/wp-json\/wp\/v2\/product"}],"about":[{"href":"https:\/\/factory.sale\/fi\/wp-json\/wp\/v2\/types\/product"}],"replies":[{"embeddable":true,"href":"https:\/\/factory.sale\/fi\/wp-json\/wp\/v2\/comments?post=26461"}],"wp:featuredmedia":[{"embeddable":true,"href":"https:\/\/factory.sale\/fi\/wp-json\/wp\/v2\/media\/94573"}],"wp:attachment":[{"href":"https:\/\/factory.sale\/fi\/wp-json\/wp\/v2\/media?parent=26461"}],"wp:term":[{"taxonomy":"factory","embeddable":true,"href":"https:\/\/factory.sale\/fi\/wp-json\/wp\/v2\/factory?post=26461"},{"taxonomy":"free-shipment","embeddable":true,"href":"https:\/\/factory.sale\/fi\/wp-json\/wp\/v2\/free-shipment?post=26461"},{"taxonomy":"product_brand","embeddable":true,"href":"https:\/\/factory.sale\/fi\/wp-json\/wp\/v2\/product_brand?post=26461"},{"taxonomy":"product_cat","embeddable":true,"href":"https:\/\/factory.sale\/fi\/wp-json\/wp\/v2\/product_cat?post=26461"},{"taxonomy":"product_tag","embeddable":true,"href":"https:\/\/factory.sale\/fi\/wp-json\/wp\/v2\/product_tag?post=26461"}],"curies":[{"name":"wp","href":"https:\/\/api.w.org\/{rel}","templated":true}]}}