{"id":26441,"date":"2023-04-05T15:26:31","date_gmt":"2023-04-05T16:12:23","guid":{"rendered":"https:\/\/factory.sale\/?post_type=product&#038;p=26441"},"modified":"2026-03-22T23:13:47","modified_gmt":"2026-03-22T20:13:47","slug":"4m-kahdella-huoneella-ulkosauna-4-6-hengelle","status":"publish","type":"product","link":"https:\/\/factory.sale\/fi\/tuote\/4m-kahdella-huoneella-ulkosauna-4-6-hengelle\/","title":{"rendered":"&#8220;4m&#8221; S4 Kahdella huoneella tynnyrisauna 4-6 hl\u00f6"},"content":{"rendered":"<p><video style=\"max-width: 100%; height: auto; display: block;\" preload=\"auto\" autoplay=\"autoplay\" loop=\"loop\" muted=\"\" controls=\"controls\" width=\"1500\" height=\"750\"><source src=\"https:\/\/factory.sale\/wp-content\/uploads\/2023\/04\/Barrel-Saunas-960x300-1.mp4\" type=\"video\/mp4\" \/>Your browser does not support the video tag.<\/video><\/p>\n<p>T\u00e4ss\u00e4 esittelemme kokonaan uuden ja innovatiivisen 4 metrin tynnyrisaunan mallin. Ainutlaatuisen jaon ansiosta saunaan p\u00e4\u00e4see molemmilta puolilta, mik\u00e4 antaa joustavuuden valita saunan k\u00e4ytt\u00f6tavan. Saunan toinen puoli on suunniteltu k\u00e4ytett\u00e4v\u00e4ksi saunahuoneena ja toinen puoli on optimoitu lepohuoneeksi. T\u00e4m\u00e4 4 metri\u00e4 pitk\u00e4 sauna on t\u00e4ydellinen koko pienille 4-6 hengen ryhmille.<\/p>\n<p>&nbsp;<\/p>\n<p>&nbsp;<\/p>\n<p><strong>Perussarja sis\u00e4lt\u00e4\u00e4:<\/strong><\/p>\n<ul>\n<li>Kasaamaton kuusesta sauna<\/li>\n<li>Kuusi (S4D)\/ Termopuusaunan (S4D) tynnyri (paksuus 40 mm, \u00d82\/\u00d82,2 m, h = 2,1\/2,3 m \u2013 ilman savupiippua)<\/li>\n<li>L\u00e4mp\u00f6puiset penkit ja p\u00f6yt\u00e4<\/li>\n<li>2 puinen ovi lukolla<\/li>\n<li>Bitumikatto<\/li>\n<li>Ruostumattomasta ter\u00e4ksest\u00e4 valmistetut vanteet \u2013 4 kpl<\/li>\n<\/ul>\n<p>&nbsp;<\/p>\n<p>&nbsp;<\/p>\n<p><strong>Katon v\u00e4rit:<\/strong><\/p>\n<p>Ruskea, musta, vihre\u00e4<\/p>\n<p><img loading=\"lazy\" decoding=\"async\" class=\"alignnone wp-image-90748\" src=\"https:\/\/factory.sale\/wp-content\/uploads\/2024\/09\/roof-colours-300x91.png\" alt=\"\" width=\"630\" height=\"191\" srcset=\"https:\/\/factory.sale\/wp-content\/uploads\/2024\/09\/roof-colours-300x91.png 300w, https:\/\/factory.sale\/wp-content\/uploads\/2024\/09\/roof-colours-1024x311.png 1024w, https:\/\/factory.sale\/wp-content\/uploads\/2024\/09\/roof-colours-150x46.png 150w, https:\/\/factory.sale\/wp-content\/uploads\/2024\/09\/roof-colours-600x182.png 600w, https:\/\/factory.sale\/wp-content\/uploads\/2024\/09\/roof-colours.png 1330w\" sizes=\"auto, (max-width: 630px) 100vw, 630px\" \/><\/p>\n<p>&nbsp;<\/p>\n<p>&nbsp;<\/p>\n<ul>\n<li><strong>Hinta \u00d82,2 m sauna, kuusi (22S4D) &#8211; 2858.45 EUR<\/strong><\/li>\n<li><strong>Termopuusaunan hinta, \u00d82 m (S4D) \u2013 3192.70 EUR<\/strong><\/li>\n<li><strong>Termopuusaunan hinta, \u00d82,2 m (22S4D) &#8211; 3538.48 EUR<\/strong><\/li>\n<\/ul>\n<p>&nbsp;<\/p>\n<p>&nbsp;<\/p>\n<p>&nbsp;<\/p>\n<p><strong>* Saatavilla useita lis\u00e4varusteita. L\u00e4het\u00e4 meille tiedustelu ja kysy lis\u00e4\u00e4!<\/strong><\/p>\n<p>&nbsp;<\/p>\n<p>&nbsp;<\/p>\n<p><b>Kuljetustiedot:<\/b><\/p>\n<p>17 m kuorma-auto ilman nostinta: toimitus vain 17 m kuorma-autolla (purkuv\u00e4lineet on j\u00e4rjestett\u00e4v\u00e4 etuk\u00e4teen), kysy lis\u00e4tietoja!<\/p>\n","protected":false},"excerpt":{"rendered":"<p>T\u00e4ss\u00e4 esittelemme kokonaan uuden ja innovatiivisen 4 metrin tynnyrisaunan mallin. Ainutlaatuisen jaon ansiosta saunaan p\u00e4\u00e4see molemmilta puolilta, mik\u00e4 antaa joustavuuden valita saunan k\u00e4ytt\u00f6tavan. Saunan toinen puoli on suunniteltu k\u00e4ytett\u00e4v\u00e4ksi saunahuoneena ja toinen puoli on optimoitu lepohuoneeksi. T\u00e4m\u00e4 4 metri\u00e4 pitk\u00e4 sauna on t\u00e4ydellinen koko pienille 4-6 hengen ryhmille.<\/p>\n","protected":false},"featured_media":94579,"comment_status":"open","ping_status":"closed","template":"","meta":{"_acf_changed":false},"factory":[],"free-shipment":[],"product_brand":[],"product_cat":[1317,1644],"product_tag":[1651,2105,2106],"class_list":{"0":"post-26441","1":"product","2":"type-product","3":"status-publish","4":"has-post-thumbnail","6":"product_cat-sauna-fi","7":"product_cat-tynnyrisauna","8":"product_tag-barrel-sauna-fi","9":"product_tag-outdoor-sauna-fi","10":"product_tag-sauna-fi","12":"first","13":"instock","14":"sale","15":"taxable","16":"shipping-taxable","17":"purchasable","18":"product-type-simple"},"acf":[],"_links":{"self":[{"href":"https:\/\/factory.sale\/fi\/wp-json\/wp\/v2\/product\/26441","targetHints":{"allow":["GET"]}}],"collection":[{"href":"https:\/\/factory.sale\/fi\/wp-json\/wp\/v2\/product"}],"about":[{"href":"https:\/\/factory.sale\/fi\/wp-json\/wp\/v2\/types\/product"}],"replies":[{"embeddable":true,"href":"https:\/\/factory.sale\/fi\/wp-json\/wp\/v2\/comments?post=26441"}],"wp:featuredmedia":[{"embeddable":true,"href":"https:\/\/factory.sale\/fi\/wp-json\/wp\/v2\/media\/94579"}],"wp:attachment":[{"href":"https:\/\/factory.sale\/fi\/wp-json\/wp\/v2\/media?parent=26441"}],"wp:term":[{"taxonomy":"factory","embeddable":true,"href":"https:\/\/factory.sale\/fi\/wp-json\/wp\/v2\/factory?post=26441"},{"taxonomy":"free-shipment","embeddable":true,"href":"https:\/\/factory.sale\/fi\/wp-json\/wp\/v2\/free-shipment?post=26441"},{"taxonomy":"product_brand","embeddable":true,"href":"https:\/\/factory.sale\/fi\/wp-json\/wp\/v2\/product_brand?post=26441"},{"taxonomy":"product_cat","embeddable":true,"href":"https:\/\/factory.sale\/fi\/wp-json\/wp\/v2\/product_cat?post=26441"},{"taxonomy":"product_tag","embeddable":true,"href":"https:\/\/factory.sale\/fi\/wp-json\/wp\/v2\/product_tag?post=26441"}],"curies":[{"name":"wp","href":"https:\/\/api.w.org\/{rel}","templated":true}]}}