{"id":26427,"date":"2023-04-05T14:05:55","date_gmt":"2023-04-05T14:35:35","guid":{"rendered":"https:\/\/factory.sale\/?post_type=product&#038;p=26427"},"modified":"2026-03-22T23:15:43","modified_gmt":"2026-03-22T20:15:43","slug":"tynnyrisauna-36-m-terassilla-4-hengelle","status":"publish","type":"product","link":"https:\/\/factory.sale\/fi\/tuote\/tynnyrisauna-36-m-terassilla-4-hengelle\/","title":{"rendered":"&#8220;3.6m&#8221; S3V Tynnyrisauna terassilla 4-hl\u00f6"},"content":{"rendered":"<p><video style=\"max-width: 100%; height: auto; display: block;\" preload=\"auto\" autoplay=\"autoplay\" loop=\"loop\" muted=\"\" controls=\"controls\" width=\"1500\" height=\"750\"><source src=\"https:\/\/factory.sale\/wp-content\/uploads\/2023\/04\/Barrel-Saunas-960x300-1.mp4\" type=\"video\/mp4\" \/>Your browser does not support the video tag.<\/video><\/p>\n<p>3,6 metrin tynnyrisauna on erinomainen valinta isoille, 6-8 hengen perheille. Siihen kuuluu mukava l\u00f6ylyhuone ja pieni vilvoittelutila, jossa on hieman penkkitilaa. Tuote on saatavilla sek\u00e4 valmiiksi koottuna ett\u00e4 koottavana, ja se voidaan valmistaa joko kuusesta tai kuusen l\u00e4mp\u00f6puusta. Suosittelemme t\u00e4ydent\u00e4m\u00e4\u00e4n saunaa maisemaikkunalla, koristeellisella laudoituksella ja muilla lis\u00e4varusteilla, jotka lis\u00e4\u00e4v\u00e4t saunan esteettist\u00e4 ilmett\u00e4, k\u00e4yt\u00e4nn\u00f6llisyytt\u00e4 ja identiteetti\u00e4.<\/p>\n<p>&nbsp;<\/p>\n<p>&nbsp;<\/p>\n<div class=\"lepopup-element lepopup-element-4 lepopup-element-html lepopup-animated lepopup-fadeIn\" data-type=\"html\" data-top=\"20\" data-left=\"80\" data-animation-in=\"fadeIn\" data-animation-out=\"fadeOut\">\n<div class=\"lepopup-element-html-content\"><strong>Tynnyrisaunan perusvarustukseen sis\u00e4ltyy:<\/strong><\/div>\n<\/div>\n<div class=\"lepopup-element lepopup-element-5 lepopup-element-html lepopup-animated lepopup-fadeIn\" data-type=\"html\" data-top=\"55\" data-left=\"90\" data-animation-in=\"fadeIn\" data-animation-out=\"fadeOut\">\n<div class=\"lepopup-element-html-content\">\n<ul>\n<li>Lauteet (lepp\u00e4\u00e4)<\/li>\n<li>Ovi (savulasia)<\/li>\n<li>Bitumihuopakatto (musta, ruskea tai vihre\u00e4)<\/li>\n<li>Ilmanvaihtoaukot ja suojaritil\u00e4t<\/li>\n<li>Saunan puujalakset<\/li>\n<li>Tynnyrisaunan kiristysvanteet (ruostumattomasta ter\u00e4ksest\u00e4), 4 kpl<\/li>\n<\/ul>\n<\/div>\n<\/div>\n<div class=\"lepopup-element lepopup-element-30 lepopup-element-html lepopup-animated lepopup-fadeIn\" data-type=\"html\" data-top=\"255\" data-left=\"90\" data-animation-in=\"fadeIn\" data-animation-out=\"fadeOut\">\n<div class=\"lepopup-element-html-content\">\n<p>&nbsp;<\/p>\n<p><strong>Koot:<\/strong><\/p>\n<ul>\n<li>Halkaisija &#8211; \u00d82 m tai \u00d82,2 m<\/li>\n<li>Paino (kg) &#8211; 675<\/li>\n<li>Sein\u00e4n paksuus &#8211; 40 mm<\/li>\n<li>Tilavuus &#8211; 6 henkil\u00f6\u00e4<\/li>\n<li>Lasioven koko &#8211; 1710 mm x 707 mm saunan \u00d82 m<\/li>\n<li>Puuoven koko &#8211; 1710 mm x 707 mm saunan \u00d82 m<\/li>\n<\/ul>\n<\/div>\n<\/div>\n<div class=\"lepopup-element lepopup-element-43 lepopup-element-html lepopup-animated lepopup-fadeIn\" data-type=\"html\" data-top=\"475\" data-left=\"90\" data-animation-in=\"fadeIn\" data-animation-out=\"fadeOut\">\n<div class=\"lepopup-element-html-content\">\n<p>&nbsp;<\/p>\n<p><strong>Kasattuna:<\/strong><\/p>\n<ul>\n<li>Pituus: 3,6 m<\/li>\n<li>Leveys: 2 m halkaisijaltaan &#8211; 2 m<\/li>\n<li>Korkeus: 2,1 m halkaisijaltaan &#8211; 2 m (ilman piippua)<\/li>\n<\/ul>\n<\/div>\n<\/div>\n<div class=\"lepopup-element lepopup-element-46 lepopup-element-html lepopup-animated lepopup-fadeIn\" data-type=\"html\" data-top=\"585\" data-left=\"90\" data-animation-in=\"fadeIn\" data-animation-out=\"fadeOut\">\n<div class=\"lepopup-element-html-content\">\n<p>&nbsp;<\/p>\n<p>&nbsp;<\/p>\n<p><strong>Kasaamattomana (elementtein\u00e4):<\/strong><\/p>\n<ul>\n<li>Pituus: 3,6 m<\/li>\n<li>Leveys: 0,8 m<\/li>\n<li>Korkeus: 1,5 m varustettu s\u00e4hk\u00f6kiukaalla; 1,8 m varustettu puukiukaalla<\/li>\n<\/ul>\n<\/div>\n<\/div>\n<p>&nbsp;<\/p>\n<p>&nbsp;<\/p>\n<p><strong>Saatavana my\u00f6s halkaisijaltaan \u00d82,2m (hinnat ilman ALV):<\/strong><\/p>\n<ul>\n<li>Kuusi (22S3VE) -2415 EUR<\/li>\n<li>L\u00e4mp\u00f6puu (22S3VT) &#8211; 2990 EUR<\/li>\n<\/ul>\n<p>&nbsp;<\/p>\n<p>&nbsp;<\/p>\n<p><strong>Katon v\u00e4rit:<\/strong><\/p>\n<p>Ruskea, musta, vihre\u00e4<\/p>\n<p><img loading=\"lazy\" decoding=\"async\" class=\"alignnone wp-image-90748\" src=\"https:\/\/factory.sale\/wp-content\/uploads\/2024\/09\/roof-colours-300x91.png\" alt=\"\" width=\"630\" height=\"191\" srcset=\"https:\/\/factory.sale\/wp-content\/uploads\/2024\/09\/roof-colours-300x91.png 300w, https:\/\/factory.sale\/wp-content\/uploads\/2024\/09\/roof-colours-1024x311.png 1024w, https:\/\/factory.sale\/wp-content\/uploads\/2024\/09\/roof-colours-150x46.png 150w, https:\/\/factory.sale\/wp-content\/uploads\/2024\/09\/roof-colours-600x182.png 600w, https:\/\/factory.sale\/wp-content\/uploads\/2024\/09\/roof-colours.png 1330w\" sizes=\"auto, (max-width: 630px) 100vw, 630px\" \/><\/p>\n<p>&nbsp;<\/p>\n<p>&nbsp;<\/p>\n<p><strong>*L\u00e4mp\u00f6saunan (S3VT) hinta &#8211; 2760 EUR<\/strong><\/p>\n<p><strong>* Saatavilla on monia lis\u00e4varusteita ja lis\u00e4varusteita. L\u00e4het\u00e4 meille tiedustelu ja kysy lis\u00e4\u00e4!<\/strong><\/p>\n<p>&nbsp;<\/p>\n<p>&nbsp;<\/p>\n<p><b>Kuljetustiedot:<\/b><\/p>\n<p>17 m kuorma-auto ilman nostinta: toimitus vain 17 m kuorma-autolla (purkuv\u00e4lineet on j\u00e4rjestett\u00e4v\u00e4 etuk\u00e4teen), kysy lis\u00e4tietoja!<\/p>\n","protected":false},"excerpt":{"rendered":"<p>3,6 metrin tynnyrisauna on erinomainen valinta isoille, 4 \u00a0hengen perheille. Suosittelemme t\u00e4ydent\u00e4m\u00e4\u00e4n saunaa maisemaikkunalla, koristeellisella laudoituksella ja muilla lis\u00e4varusteilla, jotka lis\u00e4\u00e4v\u00e4t saunan esteettist\u00e4 ilmett\u00e4, k\u00e4yt\u00e4nn\u00f6llisyytt\u00e4 ja identiteetti\u00e4.<\/p>\n","protected":false},"featured_media":94567,"comment_status":"open","ping_status":"closed","template":"","meta":{"_acf_changed":false},"factory":[],"free-shipment":[],"product_brand":[],"product_cat":[1317,1644],"product_tag":[1651,2105,2106],"class_list":{"0":"post-26427","1":"product","2":"type-product","3":"status-publish","4":"has-post-thumbnail","6":"product_cat-sauna-fi","7":"product_cat-tynnyrisauna","8":"product_tag-barrel-sauna-fi","9":"product_tag-outdoor-sauna-fi","10":"product_tag-sauna-fi","12":"first","13":"instock","14":"sale","15":"taxable","16":"shipping-taxable","17":"purchasable","18":"product-type-simple"},"acf":[],"_links":{"self":[{"href":"https:\/\/factory.sale\/fi\/wp-json\/wp\/v2\/product\/26427","targetHints":{"allow":["GET"]}}],"collection":[{"href":"https:\/\/factory.sale\/fi\/wp-json\/wp\/v2\/product"}],"about":[{"href":"https:\/\/factory.sale\/fi\/wp-json\/wp\/v2\/types\/product"}],"replies":[{"embeddable":true,"href":"https:\/\/factory.sale\/fi\/wp-json\/wp\/v2\/comments?post=26427"}],"wp:featuredmedia":[{"embeddable":true,"href":"https:\/\/factory.sale\/fi\/wp-json\/wp\/v2\/media\/94567"}],"wp:attachment":[{"href":"https:\/\/factory.sale\/fi\/wp-json\/wp\/v2\/media?parent=26427"}],"wp:term":[{"taxonomy":"factory","embeddable":true,"href":"https:\/\/factory.sale\/fi\/wp-json\/wp\/v2\/factory?post=26427"},{"taxonomy":"free-shipment","embeddable":true,"href":"https:\/\/factory.sale\/fi\/wp-json\/wp\/v2\/free-shipment?post=26427"},{"taxonomy":"product_brand","embeddable":true,"href":"https:\/\/factory.sale\/fi\/wp-json\/wp\/v2\/product_brand?post=26427"},{"taxonomy":"product_cat","embeddable":true,"href":"https:\/\/factory.sale\/fi\/wp-json\/wp\/v2\/product_cat?post=26427"},{"taxonomy":"product_tag","embeddable":true,"href":"https:\/\/factory.sale\/fi\/wp-json\/wp\/v2\/product_tag?post=26427"}],"curies":[{"name":"wp","href":"https:\/\/api.w.org\/{rel}","templated":true}]}}