{"id":26410,"date":"2023-04-05T13:28:22","date_gmt":"2023-04-05T13:37:36","guid":{"rendered":"https:\/\/factory.sale\/?post_type=product&#038;p=26410"},"modified":"2026-03-22T23:17:42","modified_gmt":"2026-03-22T20:17:42","slug":"tynnyrisauna-28-m-terassilla-4-hengelle","status":"publish","type":"product","link":"https:\/\/factory.sale\/fi\/tuote\/tynnyrisauna-28-m-terassilla-4-hengelle\/","title":{"rendered":"&#8220;2,8m&#8221; S28V Tynnyrisauna terassilla 4-hl\u00f6"},"content":{"rendered":"<p><video style=\"max-width: 100%; height: auto; display: block;\" preload=\"auto\" autoplay=\"autoplay\" loop=\"loop\" muted=\"\" controls=\"controls\" width=\"1500\" height=\"750\"><source src=\"https:\/\/factory.sale\/wp-content\/uploads\/2023\/04\/Barrel-Saunas-960x300-1.mp4\" type=\"video\/mp4\" \/>Your browser does not support the video tag.<\/video><\/p>\n<p>T\u00e4m\u00e4 valikoimastamme suosituin tynnyrisauna on saatavilla 2 metrin halkaisijalla. Siin\u00e4 on mukava l\u00f6ylyhuone 4-6 hengelle, sek\u00e4 penkeill\u00e4 varustettu terassi. Ostamalla l\u00e4mp\u00f6puusta valmistetun ulkosaunan saat kest\u00e4v\u00e4n tuotteen, joka ei lahoa helposti.<br \/>\nVarustamalla t\u00e4m\u00e4n mallin hy\u00f6dyllisill\u00e4 lis\u00e4varusteilla saat ulkosaunan, joka huomioi kaikki toiveesi:<\/p>\n<ul>\n<li>Maisemaikkunan avulla p\u00e4\u00e4set nauttimaan kauniista maisemasta<\/li>\n<li>Koristeellinen laudoitus antaa saunallesi harmonisen ja yhten\u00e4isen ilmeen<\/li>\n<li>Saunalattia tekee tilasta mukavamman<\/li>\n<\/ul>\n<p>&nbsp;<\/p>\n<p>&nbsp;<\/p>\n<p><strong>Perussarja sis\u00e4lt\u00e4\u00e4:<\/strong><\/p>\n<ul>\n<li>Kasaamaton kuusesta sauna<\/li>\n<li>Kuusi (S28VE)\/ L\u00e4mp\u00f6puuta (S28VT) tynnyri (paksuus 40 mm, \u00d82 m, h = 2,1 m \u2013 ilman savupiippua)<\/li>\n<li>L\u00e4mp\u00f6puiset penkit ja p\u00f6yt\u00e4<\/li>\n<li>Ruskea karkaistu lasiovi<\/li>\n<li>Bitumipaanu katto<\/li>\n<li>Ruostumattomasta ter\u00e4ksest\u00e4 valmistetut vanteet \u2013 4 kpl<\/li>\n<\/ul>\n<p>&nbsp;<\/p>\n<p>&nbsp;<\/p>\n<p><strong>Saatavana my\u00f6s halkaisijaltaan \u00d82,2m (hinnat ilman ALV):<\/strong><\/p>\n<ul>\n<li>Kuusesta (22S28VE) -2116 EUR<\/li>\n<li>L\u00e4mp\u00f6puusta (22S28VT) &#8211; 2691 EUR<\/li>\n<\/ul>\n<p>&nbsp;<\/p>\n<p>&nbsp;<\/p>\n<p><strong>*Saunan hinta l\u00e4mp\u00f6puulla (S28VT) &#8211; 2472,50 EUR<\/strong><\/p>\n<p><strong>* Saatavilla useita lis\u00e4varusteita. L\u00e4het\u00e4 meille tiedustelu ja kysy lis\u00e4\u00e4!<\/strong><\/p>\n<p>&nbsp;<\/p>\n<p>&nbsp;<\/p>\n<p><b>Kuljetustiedot:<\/b><\/p>\n<p>17 m kuorma-auto ilman nostinta: toimitus vain 17 m kuorma-autolla (purkuv\u00e4lineet on j\u00e4rjestett\u00e4v\u00e4 etuk\u00e4teen), kysy lis\u00e4tietoja!<\/p>\n","protected":false},"excerpt":{"rendered":"<p>T\u00e4m\u00e4 valikoimastamme suosituin tynnyrisauna on saatavilla 2 metrin halkaisijalla. Siin\u00e4 on mukava l\u00f6ylyhuone 4-6 hengelle, sek\u00e4 penkeill\u00e4 varustettu terassi.<\/p>\n","protected":false},"featured_media":85334,"comment_status":"open","ping_status":"closed","template":"","meta":{"_acf_changed":false},"factory":[],"free-shipment":[],"product_brand":[],"product_cat":[1317,1644],"product_tag":[1651,2105],"class_list":{"0":"post-26410","1":"product","2":"type-product","3":"status-publish","4":"has-post-thumbnail","6":"product_cat-sauna-fi","7":"product_cat-tynnyrisauna","8":"product_tag-barrel-sauna-fi","9":"product_tag-outdoor-sauna-fi","11":"first","12":"instock","13":"sale","14":"taxable","15":"shipping-taxable","16":"purchasable","17":"product-type-simple"},"acf":[],"_links":{"self":[{"href":"https:\/\/factory.sale\/fi\/wp-json\/wp\/v2\/product\/26410","targetHints":{"allow":["GET"]}}],"collection":[{"href":"https:\/\/factory.sale\/fi\/wp-json\/wp\/v2\/product"}],"about":[{"href":"https:\/\/factory.sale\/fi\/wp-json\/wp\/v2\/types\/product"}],"replies":[{"embeddable":true,"href":"https:\/\/factory.sale\/fi\/wp-json\/wp\/v2\/comments?post=26410"}],"wp:featuredmedia":[{"embeddable":true,"href":"https:\/\/factory.sale\/fi\/wp-json\/wp\/v2\/media\/85334"}],"wp:attachment":[{"href":"https:\/\/factory.sale\/fi\/wp-json\/wp\/v2\/media?parent=26410"}],"wp:term":[{"taxonomy":"factory","embeddable":true,"href":"https:\/\/factory.sale\/fi\/wp-json\/wp\/v2\/factory?post=26410"},{"taxonomy":"free-shipment","embeddable":true,"href":"https:\/\/factory.sale\/fi\/wp-json\/wp\/v2\/free-shipment?post=26410"},{"taxonomy":"product_brand","embeddable":true,"href":"https:\/\/factory.sale\/fi\/wp-json\/wp\/v2\/product_brand?post=26410"},{"taxonomy":"product_cat","embeddable":true,"href":"https:\/\/factory.sale\/fi\/wp-json\/wp\/v2\/product_cat?post=26410"},{"taxonomy":"product_tag","embeddable":true,"href":"https:\/\/factory.sale\/fi\/wp-json\/wp\/v2\/product_tag?post=26410"}],"curies":[{"name":"wp","href":"https:\/\/api.w.org\/{rel}","templated":true}]}}