{"id":26377,"date":"2023-04-05T08:20:23","date_gmt":"2023-04-05T08:53:33","guid":{"rendered":"https:\/\/factory.sale\/?post_type=product&#038;p=26377"},"modified":"2026-04-02T09:50:53","modified_gmt":"2026-04-02T06:50:53","slug":"tynnyrisauna-2-3-m-4-hengelle","status":"publish","type":"product","link":"https:\/\/factory.sale\/fi\/tuote\/tynnyrisauna-2-3-m-4-hengelle\/","title":{"rendered":"&#8220;2.3m&#8221; S23 Tynnyrisauna 4-hl\u00f6"},"content":{"rendered":"<p><video style=\"max-width: 100%; height: auto; display: block;\" preload=\"auto\" autoplay=\"autoplay\" loop=\"loop\" muted=\"\" controls=\"controls\" width=\"1500\" height=\"750\"><source src=\"https:\/\/factory.sale\/wp-content\/uploads\/2023\/04\/Barrel-Saunas-960x300-1.mp4\" type=\"video\/mp4\" \/>Your browser does not support the video tag.<\/video><\/p>\n<p>Pieni tynnyrisauna, joka sis\u00e4lt\u00e4\u00e4 l\u00f6ylyhuoneen. Tynnyrisauna sopii erinomaisesti pieneen tilaan 4 hengen perheen k\u00e4ytett\u00e4v\u00e4ksi. T\u00e4m\u00e4 edullinen tynnyrisauna on saatavilla sek\u00e4 tunnissa l\u00e4mpenev\u00e4ll\u00e4 Harvia -puukiukaalla, ett\u00e4 s\u00e4hk\u00f6kiukaalla, joka l\u00e4mmitt\u00e4\u00e4 saunan parissa tunnissa. Ulkosauna on saatavilla sek\u00e4 valmiiksi koottuna ett\u00e4 koottavana. Tynnyrisauna valmistetaan kuusesta tai kuusen l\u00e4mp\u00f6puusta. \u00a0Voit t\u00e4ydent\u00e4\u00e4 tynnyrisaunan lis\u00e4varusteilla.<\/p>\n<p>&nbsp;<\/p>\n<p><strong>Tekniset tiedot:<\/strong><\/p>\n<ul>\n<li>Halkaisija &#8211; \u00d82 m tai \u00d82,2<\/li>\n<li>Paino (kg) &#8211; 600<\/li>\n<li>Sein\u00e4n paksuus &#8211; 40 mm<\/li>\n<li>Tilavuus &#8211; 4 henkil\u00f6\u00e4<\/li>\n<\/ul>\n<p>&nbsp;<\/p>\n<p><strong>Perussarja sis\u00e4lt\u00e4\u00e4:<\/strong><\/p>\n<ul>\n<li>Kasaamaton kuusesta (S23E) saunan runko (paksuus 40 mm, \u00d82 m, h = 2,1m \u2013 ilman savupiippua)<\/li>\n<li>Lauteet lep\u00e4st\u00e4<\/li>\n<li>Ovi (savulasia)<\/li>\n<li>Bitumihuopakatto (musta, ruskea tai vihre\u00e4)<\/li>\n<li>Ilmanvaihtoaukot ja suojaritil\u00e4t<\/li>\n<li>Saunan puujalakset<\/li>\n<li>Tynnyrisaunan kiristysvanteet (ruostumattomasta ter\u00e4ksest\u00e4), 2 kpl<\/li>\n<\/ul>\n<p>&nbsp;<\/p>\n<p>&nbsp;<\/p>\n<p><strong>Saatavana my\u00f6s halkaisijaltaan \u00d82,2m (hinnat ilman ALV):<\/strong><\/p>\n<ul>\n<li>Kuusesta (22S23E) -1851,50 EUR<\/li>\n<li>L\u00e4mp\u00f6puusta (22S23T) &#8211; 2380,50\u00a0EUR<\/li>\n<\/ul>\n<p>&nbsp;<\/p>\n<p>&nbsp;<\/p>\n<p>&nbsp;<\/p>\n<p><strong>Katon v\u00e4rit:<\/strong><\/p>\n<p>Ruskea, musta, vihre\u00e4<\/p>\n<p><img loading=\"lazy\" decoding=\"async\" class=\"alignnone wp-image-90748\" src=\"https:\/\/factory.sale\/wp-content\/uploads\/2024\/09\/roof-colours-300x91.png\" alt=\"\" width=\"630\" height=\"191\" srcset=\"https:\/\/factory.sale\/wp-content\/uploads\/2024\/09\/roof-colours-300x91.png 300w, https:\/\/factory.sale\/wp-content\/uploads\/2024\/09\/roof-colours-1024x311.png 1024w, https:\/\/factory.sale\/wp-content\/uploads\/2024\/09\/roof-colours-150x46.png 150w, https:\/\/factory.sale\/wp-content\/uploads\/2024\/09\/roof-colours-600x182.png 600w, https:\/\/factory.sale\/wp-content\/uploads\/2024\/09\/roof-colours.png 1330w\" sizes=\"auto, (max-width: 630px) 100vw, 630px\" \/><\/p>\n<p>&nbsp;<\/p>\n<p>&nbsp;<\/p>\n<p>&nbsp;<\/p>\n<p><strong>*Saunan hinta l\u00e4mp\u00f6puulla (S23T) &#8211; 2150,50 EUR<\/strong><\/p>\n<p><strong>* Saatavilla useita lis\u00e4varusteita. L\u00e4het\u00e4 meille tiedustelu ja kysy lis\u00e4\u00e4!<\/strong><\/p>\n<p>&nbsp;<\/p>\n<p>&nbsp;<\/p>\n<p><b>Kuljetustiedot:<\/b><\/p>\n<p>Toimitus kuorma-autolla, jossa on takalaitanostin.<\/p>\n<p>&nbsp;<\/p>\n<p>&nbsp;<\/p>\n<p>&nbsp;<\/p>\n","protected":false},"excerpt":{"rendered":"<p>Pieni tynnyrisauna, joka sis\u00e4lt\u00e4\u00e4 l\u00f6ylyhuoneen. Tynnyrisauna sopii erinomaisesti pieneen tilaan 4 hengen perheen k\u00e4ytett\u00e4v\u00e4ksi.<\/p>\n","protected":false},"featured_media":94520,"comment_status":"open","ping_status":"closed","template":"","meta":{"_acf_changed":false},"factory":[],"free-shipment":[],"product_brand":[],"product_cat":[1317,1644],"product_tag":[1651,2105,2106],"class_list":{"0":"post-26377","1":"product","2":"type-product","3":"status-publish","4":"has-post-thumbnail","6":"product_cat-sauna-fi","7":"product_cat-tynnyrisauna","8":"product_tag-barrel-sauna-fi","9":"product_tag-outdoor-sauna-fi","10":"product_tag-sauna-fi","12":"first","13":"instock","14":"sale","15":"taxable","16":"shipping-taxable","17":"purchasable","18":"product-type-simple"},"acf":[],"_links":{"self":[{"href":"https:\/\/factory.sale\/fi\/wp-json\/wp\/v2\/product\/26377","targetHints":{"allow":["GET"]}}],"collection":[{"href":"https:\/\/factory.sale\/fi\/wp-json\/wp\/v2\/product"}],"about":[{"href":"https:\/\/factory.sale\/fi\/wp-json\/wp\/v2\/types\/product"}],"replies":[{"embeddable":true,"href":"https:\/\/factory.sale\/fi\/wp-json\/wp\/v2\/comments?post=26377"}],"wp:featuredmedia":[{"embeddable":true,"href":"https:\/\/factory.sale\/fi\/wp-json\/wp\/v2\/media\/94520"}],"wp:attachment":[{"href":"https:\/\/factory.sale\/fi\/wp-json\/wp\/v2\/media?parent=26377"}],"wp:term":[{"taxonomy":"factory","embeddable":true,"href":"https:\/\/factory.sale\/fi\/wp-json\/wp\/v2\/factory?post=26377"},{"taxonomy":"free-shipment","embeddable":true,"href":"https:\/\/factory.sale\/fi\/wp-json\/wp\/v2\/free-shipment?post=26377"},{"taxonomy":"product_brand","embeddable":true,"href":"https:\/\/factory.sale\/fi\/wp-json\/wp\/v2\/product_brand?post=26377"},{"taxonomy":"product_cat","embeddable":true,"href":"https:\/\/factory.sale\/fi\/wp-json\/wp\/v2\/product_cat?post=26377"},{"taxonomy":"product_tag","embeddable":true,"href":"https:\/\/factory.sale\/fi\/wp-json\/wp\/v2\/product_tag?post=26377"}],"curies":[{"name":"wp","href":"https:\/\/api.w.org\/{rel}","templated":true}]}}