{"id":26358,"date":"2023-04-05T07:44:35","date_gmt":"2023-04-05T08:07:08","guid":{"rendered":"https:\/\/factory.sale\/?post_type=product&#038;p=26358"},"modified":"2026-03-23T23:10:57","modified_gmt":"2026-03-23T20:10:57","slug":"tynnyrisauna-16m-3-hengelle","status":"publish","type":"product","link":"https:\/\/factory.sale\/fi\/tuote\/tynnyrisauna-16m-3-hengelle\/","title":{"rendered":"&#8220;1,6m&#8221; S16 Tynnyrisauna 3-hl\u00f6"},"content":{"rendered":"<p><video style=\"max-width: 100%; height: auto; display: block;\" preload=\"auto\" autoplay=\"autoplay\" loop=\"loop\" muted=\"\" controls=\"controls\" width=\"1500\" height=\"750\"><source src=\"https:\/\/factory.sale\/wp-content\/uploads\/2023\/04\/Barrel-Saunas-960x300-1.mp4\" type=\"video\/mp4\" \/>Your browser does not support the video tag.<\/video><\/p>\n<p>Pienikokoinen ja halpa tynnyrisauna joka sis\u00e4lt\u00e4\u00e4 l\u00f6ylyhuoneen. T\u00e4m\u00e4 on loistava ratkaisu pienille pihoille ja terasseille. Saunan halkaisija on 2 metri\u00e4. Vaikka t\u00e4m\u00e4 ulkosauna onkin tiivis, sinne mahtuu helposti 3-4 henke\u00e4. T\u00e4m\u00e4n pienen tynnyrisaunan voi tilata sek\u00e4 valmiiksi koottuna ett\u00e4 koottavana ja sit\u00e4 valmistetaan kuusesta tai kuusen l\u00e4mp\u00f6puusta. Valitsemalla t\u00e4m\u00e4n 3 henkil\u00f6lle tarkoitetun ulkosaunan saat erinomaista laatua kohtuulliseen hintaan, sek\u00e4 nopean l\u00e4mmityksen.<\/p>\n<p>&nbsp;<\/p>\n<p>&nbsp;<\/p>\n<p><strong>Perussarja sis\u00e4lt\u00e4\u00e4:<\/strong><\/p>\n<ul>\n<li>Kasaamaton kuusesta sauna<\/li>\n<li>Halkaisija &#8211; \u00d82 m<\/li>\n<li>Paino (kg) &#8211; 500<\/li>\n<li>Sein\u00e4n paksuus &#8211; 40 mm<\/li>\n<li>Tilavuus &#8211; 3 henkil\u00f6\u00e4<\/li>\n<li>Lasioven koko &#8211; 1710 mm x 707 mm saunan \u00d82 m<\/li>\n<li>Puuoven koko &#8211; 1710 mm x 707 mm saunan \u00d82 m<\/li>\n<\/ul>\n<p>&nbsp;<\/p>\n<p>&nbsp;<\/p>\n<p>&nbsp;<\/p>\n<p><strong>*Hinta l\u00e4mp\u00f6puisella saunalla (S16T ) &#8211; 1828,50 EUR<\/strong><\/p>\n<p><strong>* Saatavilla useita lis\u00e4varusteita. L\u00e4het\u00e4 meille tiedustelu ja kysy lis\u00e4\u00e4!<\/strong><\/p>\n<p>&nbsp;<\/p>\n<p>&nbsp;<\/p>\n<p><b>Kuljetustiedot:<\/b><\/p>\n<p>Toimitus kuorma-autolla, jossa on takalaitanostin.<\/p>\n","protected":false},"excerpt":{"rendered":"<p>Pienikokoinen ja halpa tynnyrisauna joka sis\u00e4lt\u00e4\u00e4 l\u00f6ylyhuoneen.\u00a0Valitsemalla t\u00e4m\u00e4n 3 henkil\u00f6lle tarkoitetun ulkosaunan saat erinomaista laatua kohtuulliseen hintaan, sek\u00e4 nopean l\u00e4mmityksen.<\/p>\n<p>&nbsp;<\/p>\n","protected":false},"featured_media":102482,"comment_status":"open","ping_status":"closed","template":"","meta":{"_acf_changed":false},"factory":[],"free-shipment":[],"product_brand":[],"product_cat":[1317,1644],"product_tag":[2105,2106],"class_list":{"0":"post-26358","1":"product","2":"type-product","3":"status-publish","4":"has-post-thumbnail","6":"product_cat-sauna-fi","7":"product_cat-tynnyrisauna","8":"product_tag-outdoor-sauna-fi","9":"product_tag-sauna-fi","11":"first","12":"instock","13":"sale","14":"taxable","15":"shipping-taxable","16":"purchasable","17":"product-type-simple"},"acf":[],"_links":{"self":[{"href":"https:\/\/factory.sale\/fi\/wp-json\/wp\/v2\/product\/26358","targetHints":{"allow":["GET"]}}],"collection":[{"href":"https:\/\/factory.sale\/fi\/wp-json\/wp\/v2\/product"}],"about":[{"href":"https:\/\/factory.sale\/fi\/wp-json\/wp\/v2\/types\/product"}],"replies":[{"embeddable":true,"href":"https:\/\/factory.sale\/fi\/wp-json\/wp\/v2\/comments?post=26358"}],"wp:featuredmedia":[{"embeddable":true,"href":"https:\/\/factory.sale\/fi\/wp-json\/wp\/v2\/media\/102482"}],"wp:attachment":[{"href":"https:\/\/factory.sale\/fi\/wp-json\/wp\/v2\/media?parent=26358"}],"wp:term":[{"taxonomy":"factory","embeddable":true,"href":"https:\/\/factory.sale\/fi\/wp-json\/wp\/v2\/factory?post=26358"},{"taxonomy":"free-shipment","embeddable":true,"href":"https:\/\/factory.sale\/fi\/wp-json\/wp\/v2\/free-shipment?post=26358"},{"taxonomy":"product_brand","embeddable":true,"href":"https:\/\/factory.sale\/fi\/wp-json\/wp\/v2\/product_brand?post=26358"},{"taxonomy":"product_cat","embeddable":true,"href":"https:\/\/factory.sale\/fi\/wp-json\/wp\/v2\/product_cat?post=26358"},{"taxonomy":"product_tag","embeddable":true,"href":"https:\/\/factory.sale\/fi\/wp-json\/wp\/v2\/product_tag?post=26358"}],"curies":[{"name":"wp","href":"https:\/\/api.w.org\/{rel}","templated":true}]}}