{"id":26320,"date":"2023-03-27T21:07:00","date_gmt":"2023-04-04T10:42:23","guid":{"rendered":"https:\/\/factory.sale\/?post_type=product&#038;p=26320"},"modified":"2024-06-30T10:55:16","modified_gmt":"2024-06-30T10:55:16","slug":"kivikori-50-x-50-x-50-cm-6-puolta","status":"publish","type":"product","link":"https:\/\/factory.sale\/fi\/tuote\/kivikori-50-x-50-x-50-cm-6-puolta\/","title":{"rendered":"Kivikori 50 x 50 x 50 cm 6-puolta"},"content":{"rendered":"<p>Kivikori on kivill\u00e4, betonilla ja joskus hiekalla tai mullalla t\u00e4ytetty kuution\/py\u00f6re\u00e4n muotoinen kori tai\u00a0laatikko, joka sopii t\u00e4ydellisesti pohjoisen ilmaston puutarhoihin!<\/p>\n<p>Galvanoitu ter\u00e4slanka auttaa pys\u00e4ytt\u00e4m\u00e4\u00e4n eroosion synnyn.<\/p>\n<p>&nbsp;<\/p>\n<p><strong>Lis\u00e4tiedot:<\/strong><\/p>\n<ul>\n<li>Verkon koko: 75 x 75 mm<\/li>\n<li>Mitat: 50 x 50 x 50 cm\/6 puolta<\/li>\n<\/ul>\n<p>&nbsp;<\/p>\n<p>&nbsp;<\/p>\n<p>Kivet eiv\u00e4t kuulu sarjaan!<\/p>\n","protected":false},"excerpt":{"rendered":"<p>Kivikori on kivill\u00e4, betonilla ja joskus hiekalla tai mullalla t\u00e4ytetty kuution\/py\u00f6re\u00e4n muotoinen kori tai\u00a0laatikko, joka sopii t\u00e4ydellisesti pohjoisen ilmaston puutarhoihin!<\/p>\n","protected":false},"featured_media":25775,"comment_status":"open","ping_status":"closed","template":"","meta":{"_acf_changed":false},"factory":[],"free-shipment":[],"product_brand":[],"product_cat":[997,917],"product_tag":[1035,1488,1034,1489],"class_list":{"0":"post-26320","1":"product","2":"type-product","3":"status-publish","4":"has-post-thumbnail","6":"product_cat-piha-puutarha-fi","7":"product_cat-garden-yard","8":"product_tag-garden","9":"product_tag-garden-fi","10":"product_tag-yard","11":"product_tag-yard-fi","13":"first","14":"instock","15":"sale","16":"taxable","17":"shipping-taxable","18":"purchasable","19":"product-type-simple"},"acf":[],"_links":{"self":[{"href":"https:\/\/factory.sale\/fi\/wp-json\/wp\/v2\/product\/26320","targetHints":{"allow":["GET"]}}],"collection":[{"href":"https:\/\/factory.sale\/fi\/wp-json\/wp\/v2\/product"}],"about":[{"href":"https:\/\/factory.sale\/fi\/wp-json\/wp\/v2\/types\/product"}],"replies":[{"embeddable":true,"href":"https:\/\/factory.sale\/fi\/wp-json\/wp\/v2\/comments?post=26320"}],"wp:featuredmedia":[{"embeddable":true,"href":"https:\/\/factory.sale\/fi\/wp-json\/wp\/v2\/media\/25775"}],"wp:attachment":[{"href":"https:\/\/factory.sale\/fi\/wp-json\/wp\/v2\/media?parent=26320"}],"wp:term":[{"taxonomy":"factory","embeddable":true,"href":"https:\/\/factory.sale\/fi\/wp-json\/wp\/v2\/factory?post=26320"},{"taxonomy":"free-shipment","embeddable":true,"href":"https:\/\/factory.sale\/fi\/wp-json\/wp\/v2\/free-shipment?post=26320"},{"taxonomy":"product_brand","embeddable":true,"href":"https:\/\/factory.sale\/fi\/wp-json\/wp\/v2\/product_brand?post=26320"},{"taxonomy":"product_cat","embeddable":true,"href":"https:\/\/factory.sale\/fi\/wp-json\/wp\/v2\/product_cat?post=26320"},{"taxonomy":"product_tag","embeddable":true,"href":"https:\/\/factory.sale\/fi\/wp-json\/wp\/v2\/product_tag?post=26320"}],"curies":[{"name":"wp","href":"https:\/\/api.w.org\/{rel}","templated":true}]}}