{"id":26318,"date":"2023-03-27T21:17:33","date_gmt":"2023-04-04T10:40:13","guid":{"rendered":"https:\/\/factory.sale\/?post_type=product&#038;p=26318"},"modified":"2024-06-29T10:36:56","modified_gmt":"2024-06-29T10:36:56","slug":"kivikori-50-x-50-x-50-cm-5-puolta","status":"publish","type":"product","link":"https:\/\/factory.sale\/fi\/tuote\/kivikori-50-x-50-x-50-cm-5-puolta\/","title":{"rendered":"Kivikori 50 x 50 x 50 cm 5-puolta"},"content":{"rendered":"<p>Kivikori on kivill\u00e4, betonilla ja joskus hiekalla tai mullalla t\u00e4ytetty kuution\/py\u00f6re\u00e4n muotoinen kori tai\u00a0laatikko, joka sopii t\u00e4ydellisesti pohjoisen ilmaston puutarhoihin!<\/p>\n<p>Galvanoitu ter\u00e4slanka auttaa pys\u00e4ytt\u00e4m\u00e4\u00e4n eroosion synnyn.<\/p>\n<p>&nbsp;<\/p>\n<p><strong>Lis\u00e4tiedot<\/strong>:<\/p>\n<ul>\n<li>Verkon koko: 75 x 575 mm<\/li>\n<li>Mitat: 50 x 50 x 50 cm\/5 puolta<\/li>\n<\/ul>\n<p>&nbsp;<\/p>\n<p>&nbsp;<\/p>\n<p><em>Kivet eiv\u00e4t kuulu sarjaan!<\/em><\/p>\n","protected":false},"excerpt":{"rendered":"<p>Kivikori on kivill\u00e4, betonilla ja joskus hiekalla tai mullalla t\u00e4ytetty kuution\/py\u00f6re\u00e4n muotoinen kori tai\u00a0laatikko, joka sopii t\u00e4ydellisesti pohjoisen ilmaston puutarhoihin!<\/p>\n<p>&nbsp;<\/p>\n","protected":false},"featured_media":25775,"comment_status":"open","ping_status":"closed","template":"","meta":{"_acf_changed":false},"factory":[],"free-shipment":[],"product_brand":[],"product_cat":[997],"product_tag":[2223,872],"class_list":{"0":"post-26318","1":"product","2":"type-product","3":"status-publish","4":"has-post-thumbnail","6":"product_cat-piha-puutarha-fi","7":"product_tag-galvanized-steel-fi","8":"product_tag-steel-fi","10":"first","11":"instock","12":"sale","13":"taxable","14":"shipping-taxable","15":"purchasable","16":"product-type-simple"},"acf":[],"_links":{"self":[{"href":"https:\/\/factory.sale\/fi\/wp-json\/wp\/v2\/product\/26318","targetHints":{"allow":["GET"]}}],"collection":[{"href":"https:\/\/factory.sale\/fi\/wp-json\/wp\/v2\/product"}],"about":[{"href":"https:\/\/factory.sale\/fi\/wp-json\/wp\/v2\/types\/product"}],"replies":[{"embeddable":true,"href":"https:\/\/factory.sale\/fi\/wp-json\/wp\/v2\/comments?post=26318"}],"wp:featuredmedia":[{"embeddable":true,"href":"https:\/\/factory.sale\/fi\/wp-json\/wp\/v2\/media\/25775"}],"wp:attachment":[{"href":"https:\/\/factory.sale\/fi\/wp-json\/wp\/v2\/media?parent=26318"}],"wp:term":[{"taxonomy":"factory","embeddable":true,"href":"https:\/\/factory.sale\/fi\/wp-json\/wp\/v2\/factory?post=26318"},{"taxonomy":"free-shipment","embeddable":true,"href":"https:\/\/factory.sale\/fi\/wp-json\/wp\/v2\/free-shipment?post=26318"},{"taxonomy":"product_brand","embeddable":true,"href":"https:\/\/factory.sale\/fi\/wp-json\/wp\/v2\/product_brand?post=26318"},{"taxonomy":"product_cat","embeddable":true,"href":"https:\/\/factory.sale\/fi\/wp-json\/wp\/v2\/product_cat?post=26318"},{"taxonomy":"product_tag","embeddable":true,"href":"https:\/\/factory.sale\/fi\/wp-json\/wp\/v2\/product_tag?post=26318"}],"curies":[{"name":"wp","href":"https:\/\/api.w.org\/{rel}","templated":true}]}}