{"id":26193,"date":"2023-02-14T14:43:52","date_gmt":"2023-04-03T06:36:19","guid":{"rendered":"https:\/\/factory.sale\/?post_type=product&#038;p=26193"},"modified":"2024-06-27T15:00:35","modified_gmt":"2024-06-27T15:00:35","slug":"valkoinen-pehmustesarja","status":"publish","type":"product","link":"https:\/\/factory.sale\/fi\/tuote\/valkoinen-pehmustesarja\/","title":{"rendered":"Valkoinen pehmustesarja"},"content":{"rendered":"<p>Valkoinen keinonahkainen pehmustesarja Moderni p\u00f6yt\u00e4- ja penkkisetti -tuotetta varten.<\/p>\n<p><em>Hinta ilman p\u00f6yt\u00e4- ja penkkisetti\u00e4!<\/em><\/p>\n<p>Koodi: GSWC<\/p>\n","protected":false},"excerpt":{"rendered":"<p>Valkoinen keinonahkainen pehmustesarja.<\/p>\n","protected":false},"featured_media":23016,"comment_status":"open","ping_status":"closed","template":"","meta":{"_acf_changed":false},"factory":[],"free-shipment":[],"product_brand":[],"product_cat":[1121,2270],"product_tag":[2106],"class_list":{"0":"post-26193","1":"product","2":"type-product","3":"status-publish","4":"has-post-thumbnail","6":"product_cat-saniteetti","7":"product_cat-saunakalusteet","8":"product_tag-sauna-fi","10":"first","11":"instock","12":"sale","13":"taxable","14":"shipping-taxable","15":"purchasable","16":"product-type-simple"},"acf":[],"_links":{"self":[{"href":"https:\/\/factory.sale\/fi\/wp-json\/wp\/v2\/product\/26193","targetHints":{"allow":["GET"]}}],"collection":[{"href":"https:\/\/factory.sale\/fi\/wp-json\/wp\/v2\/product"}],"about":[{"href":"https:\/\/factory.sale\/fi\/wp-json\/wp\/v2\/types\/product"}],"replies":[{"embeddable":true,"href":"https:\/\/factory.sale\/fi\/wp-json\/wp\/v2\/comments?post=26193"}],"wp:featuredmedia":[{"embeddable":true,"href":"https:\/\/factory.sale\/fi\/wp-json\/wp\/v2\/media\/23016"}],"wp:attachment":[{"href":"https:\/\/factory.sale\/fi\/wp-json\/wp\/v2\/media?parent=26193"}],"wp:term":[{"taxonomy":"factory","embeddable":true,"href":"https:\/\/factory.sale\/fi\/wp-json\/wp\/v2\/factory?post=26193"},{"taxonomy":"free-shipment","embeddable":true,"href":"https:\/\/factory.sale\/fi\/wp-json\/wp\/v2\/free-shipment?post=26193"},{"taxonomy":"product_brand","embeddable":true,"href":"https:\/\/factory.sale\/fi\/wp-json\/wp\/v2\/product_brand?post=26193"},{"taxonomy":"product_cat","embeddable":true,"href":"https:\/\/factory.sale\/fi\/wp-json\/wp\/v2\/product_cat?post=26193"},{"taxonomy":"product_tag","embeddable":true,"href":"https:\/\/factory.sale\/fi\/wp-json\/wp\/v2\/product_tag?post=26193"}],"curies":[{"name":"wp","href":"https:\/\/api.w.org\/{rel}","templated":true}]}}