{"id":26191,"date":"2023-02-14T11:21:45","date_gmt":"2023-04-03T06:33:49","guid":{"rendered":"https:\/\/factory.sale\/?post_type=product&#038;p=26191"},"modified":"2024-06-26T06:11:25","modified_gmt":"2024-06-26T06:11:25","slug":"moderni-poyta-ja-penkkisetti","status":"publish","type":"product","link":"https:\/\/factory.sale\/fi\/tuote\/moderni-poyta-ja-penkkisetti\/","title":{"rendered":"Moderni P\u00f6yt\u00e4- ja penkkisetti"},"content":{"rendered":"<p><strong>Moderni design p\u00f6yt\u00e4- ja penkkisetti sis\u00e4lt\u00e4\u00e4:<\/strong><\/p>\n<p>\u25cf p\u00f6yt\u00e4 py\u00f6rill\u00e4 (450 x 600 mm);<br \/>\n\u25cf penkki (450 x 1400 mm);<br \/>\n\u25cf penkki selk\u00e4nojalla (800 x 1900).<\/p>\n<p>&nbsp;<\/p>\n<p>Valmistettu kuusesta.<\/p>\n<p>&nbsp;<\/p>\n<p>&nbsp;<\/p>\n<p><em>*Hinta ilman pehmustesarjaa!<\/em><\/p>\n","protected":false},"excerpt":{"rendered":"<p>Moderni p\u00f6yt\u00e4- ja penkkisetti kuusesta.<\/p>\n","protected":false},"featured_media":23016,"comment_status":"open","ping_status":"closed","template":"","meta":{"_acf_changed":false},"factory":[],"free-shipment":[],"product_brand":[],"product_cat":[1121,2270],"product_tag":[2106,2271],"class_list":{"0":"post-26191","1":"product","2":"type-product","3":"status-publish","4":"has-post-thumbnail","6":"product_cat-saniteetti","7":"product_cat-saunakalusteet","8":"product_tag-sauna-fi","9":"product_tag-wooden-fi","11":"first","12":"instock","13":"sale","14":"taxable","15":"shipping-taxable","16":"purchasable","17":"product-type-simple"},"acf":[],"_links":{"self":[{"href":"https:\/\/factory.sale\/fi\/wp-json\/wp\/v2\/product\/26191","targetHints":{"allow":["GET"]}}],"collection":[{"href":"https:\/\/factory.sale\/fi\/wp-json\/wp\/v2\/product"}],"about":[{"href":"https:\/\/factory.sale\/fi\/wp-json\/wp\/v2\/types\/product"}],"replies":[{"embeddable":true,"href":"https:\/\/factory.sale\/fi\/wp-json\/wp\/v2\/comments?post=26191"}],"wp:featuredmedia":[{"embeddable":true,"href":"https:\/\/factory.sale\/fi\/wp-json\/wp\/v2\/media\/23016"}],"wp:attachment":[{"href":"https:\/\/factory.sale\/fi\/wp-json\/wp\/v2\/media?parent=26191"}],"wp:term":[{"taxonomy":"factory","embeddable":true,"href":"https:\/\/factory.sale\/fi\/wp-json\/wp\/v2\/factory?post=26191"},{"taxonomy":"free-shipment","embeddable":true,"href":"https:\/\/factory.sale\/fi\/wp-json\/wp\/v2\/free-shipment?post=26191"},{"taxonomy":"product_brand","embeddable":true,"href":"https:\/\/factory.sale\/fi\/wp-json\/wp\/v2\/product_brand?post=26191"},{"taxonomy":"product_cat","embeddable":true,"href":"https:\/\/factory.sale\/fi\/wp-json\/wp\/v2\/product_cat?post=26191"},{"taxonomy":"product_tag","embeddable":true,"href":"https:\/\/factory.sale\/fi\/wp-json\/wp\/v2\/product_tag?post=26191"}],"curies":[{"name":"wp","href":"https:\/\/api.w.org\/{rel}","templated":true}]}}