{"id":25767,"date":"2023-02-07T14:44:05","date_gmt":"2023-03-27T15:44:56","guid":{"rendered":"https:\/\/factory.sale\/?post_type=product&#038;p=25767"},"modified":"2024-06-25T13:23:13","modified_gmt":"2024-06-25T13:23:13","slug":"pyorea-kylmapalju-kuusesta-1-2-hengelle","status":"publish","type":"product","link":"https:\/\/factory.sale\/fi\/tuote\/pyorea-kylmapalju-kuusesta-1-2-hengelle\/","title":{"rendered":"PY\u00d6RE\u00c4 KYLM\u00c4PALJU KUUSESTA (1-2 HENGELLE)"},"content":{"rendered":"<p><strong>Koodi:<\/strong> CS12001<\/p>\n<p>Kylm\u00e4palju on suunniteltu erityisesti kylm\u00e4ll\u00e4 vedell\u00e4 t\u00e4ytett\u00e4v\u00e4ksi ja k\u00e4ytett\u00e4v\u00e4ksi saunan tai\u00a0kylpytynnyrin j\u00e4lkeen. Kuumasta kylpytynnyrist\u00e4 tai saunasta kylm\u00e4\u00e4n veteen upottautuminen voi olla\u00a0eritt\u00e4in hy\u00f6dyllist\u00e4. T\u00e4m\u00e4 kylm\u00e4vesiterapia auttaa vapauttamaan lihasten ja nivelten kipua ja turvotusta\u00a0sek\u00e4 parantaa kehon immuunij\u00e4rjestelm\u00e4\u00e4. Hypp\u00e4\u00e4 kylm\u00e4paljuun, istu penkille, upota kehosi veteen ja nauti\u00a0kylm\u00e4vesiterapiasta.\u00a0Puisessa kylm\u00e4paljussa kylpeminen tuntuu miellytt\u00e4v\u00e4lt\u00e4 ja luontoyst\u00e4v\u00e4lliselt\u00e4. Paljun vakiokorkeus on 1\u00a0m ja lattian ja sivuseinien paksuus 38 mm. Kaikki paljussa k\u00e4ytetyt ruuvit on valmistettu ruostumattomasta\u00a0ter\u00e4ksest\u00e4. Paljun penkit on kiinnitetty seiniin, joten se on helppo puhdistaa k\u00e4yt\u00f6n j\u00e4lkeen. Paljussa on\u00a0vedenpoistoventtiili, jossa on letkuliitin, joten kylpytynnyri voidaan tyhjent\u00e4\u00e4 milloin haluat.<\/p>\n<p>&nbsp;<\/p>\n<p>&nbsp;<\/p>\n<p><strong>TEKNISET TIEDOT<\/strong><\/p>\n<p>1-2 hengelle<br \/>\nKuusi<br \/>\nPy\u00f6re\u00e4 muoto<br \/>\nHalkaisija 1165 mm<br \/>\nKokonaiskorkeus 1098 mm<br \/>\nSein\u00e4n korkeus 1045 mm<br \/>\nLattian paksuus 38 mm<br \/>\nSein\u00e4n paksuus 38 mm<br \/>\nUlkomitat 1460 x 1349 mm<\/p>\n<p>&nbsp;<\/p>\n<p><strong>VAKIOSETTI<\/strong><\/p>\n<p>Puinen kylm\u00e4palju;<br \/>\nKiristysnauhat ruostumattomasta ter\u00e4ksest\u00e4;<br \/>\nPuiset penkit paljun sis\u00e4ll\u00e4;<br \/>\nPoistoventtiili;<br \/>\nPortaat.<\/p>\n<p>&nbsp;<\/p>\n<p><strong>Tuotteen pakkaus:<\/strong><\/p>\n<p>\u25cf KIT-versio (alhaisemmat toimituskulu).<\/p>\n<p>\u25cf Voit tilata tuotteen koottuna 100 euron lis\u00e4hintaan.<\/p>\n<p>&nbsp;<\/p>\n<p><strong>Portaat:<\/strong><\/p>\n<p>\u25cf 3 askelmaa kuusesta (vakio)<br \/>\n\u25cf 2 askelmaa kuusesta + 10 euroa<\/p>\n<p>&nbsp;<\/p>\n<p><strong>Peite:<\/strong><\/p>\n<p>\u25cf Teltan suojapeite + 85<br \/>\n\u25cf Puukansi kuusesta + 105 EUR<br \/>\n\u25cf Puukansi kuusesta kyll\u00e4stetty \u201cRemmers\u201d v\u00e4rill\u00e4 + 125 EUR<\/p>\n<p>&nbsp;<\/p>\n<p>&nbsp;<\/p>\n<p><strong>TOIMITUS<\/strong><\/p>\n<p>Kokoamisaika 2 tuntia<br \/>\nLavojen koko (PxLxK) 1.40 x 1.20 x 0.60 m<br \/>\nPaino: 150 kg<br \/>\nVoimme toimittaa valmiiksi kootun paljun tai kokoamatta lavalle pakatun (KIT) paljun yksityiskohtaisten<br \/>\nasennusohjeiden ja piirustusten kanssa.<br \/>\nHalkaisijaltaan 1,9 kootun rahdin koko (P x L x K): 2,1 x 1,2 x 2,2 m.<br \/>\nVoimme lastata 50 kpl KIT kylpytynnyreit\u00e4 tavalliseen 13,6 m kuorma-autoon.<br \/>\nKootun rahdin koko (P x L x K): 1.40 x 1.40 x 1.25 m.<br \/>\nKIT rahdin koko (P x L x K): 1.40 x 1.20 x 0.60 m.<\/p>\n<p>&nbsp;<\/p>\n<p>&nbsp;<\/p>\n<p><strong>KYLL\u00c4ST\u00c4MINEN V\u00c4RILL\u00c4 (+120 Eur) V\u00e4rikartta l\u00f6ytyy kuvien alta.<\/strong><\/p>\n<p><strong>PETSI | MAALI<\/strong><\/p>\n<p><strong>Millaista maalia minun pit\u00e4isi k\u00e4ytt\u00e4\u00e4?<\/strong><\/p>\n<p>Asianmukainen v\u00e4rj\u00e4ys ja kyll\u00e4stys on yksi t\u00e4rkeimmist\u00e4 asioista, joka on otettava huomioon, kun mietit\u00e4\u00e4n,\u00a0kuinka pident\u00e4\u00e4 tuotteesi k\u00e4ytt\u00f6ik\u00e4\u00e4.\u00a0Maali ja luonnollinen puun viimeistely korostavat v\u00e4litt\u00f6m\u00e4sti tuotteesi ulkon\u00e4k\u00f6\u00e4.\u00a0Sinun on p\u00e4\u00e4tett\u00e4v\u00e4, haluatko k\u00e4ytt\u00e4\u00e4 vesiohenteista puupetsi\u00e4 vai maalia. Molemmat tarjoavat tuotteelle\u00a0UV-suojan. Puupetsit antavat puun rakenteen n\u00e4ky\u00e4 l\u00e4pi ja monet niist\u00e4 on nyt saatavilla laajassa\u00a0v\u00e4rivalikoimassa, maalit antavat sinulle voimakkaan v\u00e4rin, mutta peitt\u00e4v\u00e4t puun syyt ja rakenteen.<\/p>\n<p>&nbsp;<\/p>\n<p>*Kun kyseess\u00e4 on puisen kylpytynnyrin kyll\u00e4st\u00e4minen suosittelemme valitsemaan puupetsi -v\u00e4reist\u00e4!<\/p>\n<p>&nbsp;<\/p>\n<p>Sivustolla n\u00e4kyv\u00e4t v\u00e4rit eiv\u00e4t aina vastaa 100 % v\u00e4ri\u00e4, jonka saat. Puumateriaalin v\u00e4ri vaikuttaa lopulliseen\u00a0v\u00e4riin.<br \/>\nKaikki esitetyt kuvat ovat vain havainnollistavia. Todellinen tuote voi vaihdella valituista\u00a0lis\u00e4varusteista tai tuotteen parannuksista riippuen.<\/p>\n","protected":false},"excerpt":{"rendered":"<p>Kylm\u00e4palju on suunniteltu erityisesti kylm\u00e4ll\u00e4 vedell\u00e4 t\u00e4ytett\u00e4v\u00e4ksi ja k\u00e4ytett\u00e4v\u00e4ksi saunan tai\u00a0kylpytynnyrin j\u00e4lkeen. Kuumasta kylpytynnyrist\u00e4 tai saunasta kylm\u00e4\u00e4n veteen upottautuminen voi olla\u00a0eritt\u00e4in hy\u00f6dyllist\u00e4. T\u00e4m\u00e4 kylm\u00e4vesiterapia auttaa vapauttamaan lihasten ja nivelten kipua ja turvotusta\u00a0sek\u00e4 parantaa kehon immuunij\u00e4rjestelm\u00e4\u00e4. Hypp\u00e4\u00e4 kylm\u00e4paljuun, istu penkille, upota kehosi veteen ja nauti\u00a0kylm\u00e4vesiterapiasta.<\/p>\n","protected":false},"featured_media":22538,"comment_status":"open","ping_status":"closed","template":"","meta":{"_acf_changed":false},"factory":[],"free-shipment":[],"product_brand":[],"product_cat":[3028,2210],"product_tag":[],"class_list":{"0":"post-25767","1":"product","2":"type-product","3":"status-publish","4":"has-post-thumbnail","6":"product_cat-kulmavesipaljut","7":"product_cat-kylpytynnyrit","9":"first","10":"instock","11":"sale","12":"taxable","13":"shipping-taxable","14":"purchasable","15":"product-type-simple"},"acf":[],"_links":{"self":[{"href":"https:\/\/factory.sale\/fi\/wp-json\/wp\/v2\/product\/25767","targetHints":{"allow":["GET"]}}],"collection":[{"href":"https:\/\/factory.sale\/fi\/wp-json\/wp\/v2\/product"}],"about":[{"href":"https:\/\/factory.sale\/fi\/wp-json\/wp\/v2\/types\/product"}],"replies":[{"embeddable":true,"href":"https:\/\/factory.sale\/fi\/wp-json\/wp\/v2\/comments?post=25767"}],"wp:featuredmedia":[{"embeddable":true,"href":"https:\/\/factory.sale\/fi\/wp-json\/wp\/v2\/media\/22538"}],"wp:attachment":[{"href":"https:\/\/factory.sale\/fi\/wp-json\/wp\/v2\/media?parent=25767"}],"wp:term":[{"taxonomy":"factory","embeddable":true,"href":"https:\/\/factory.sale\/fi\/wp-json\/wp\/v2\/factory?post=25767"},{"taxonomy":"free-shipment","embeddable":true,"href":"https:\/\/factory.sale\/fi\/wp-json\/wp\/v2\/free-shipment?post=25767"},{"taxonomy":"product_brand","embeddable":true,"href":"https:\/\/factory.sale\/fi\/wp-json\/wp\/v2\/product_brand?post=25767"},{"taxonomy":"product_cat","embeddable":true,"href":"https:\/\/factory.sale\/fi\/wp-json\/wp\/v2\/product_cat?post=25767"},{"taxonomy":"product_tag","embeddable":true,"href":"https:\/\/factory.sale\/fi\/wp-json\/wp\/v2\/product_tag?post=25767"}],"curies":[{"name":"wp","href":"https:\/\/api.w.org\/{rel}","templated":true}]}}