{"id":25765,"date":"2023-02-03T13:20:02","date_gmt":"2023-03-27T15:39:54","guid":{"rendered":"https:\/\/factory.sale\/?post_type=product&#038;p=25765"},"modified":"2025-03-20T19:57:45","modified_gmt":"2025-03-20T16:57:45","slug":"o-2-2m-kylpytynnyri-lampopuusta-8-10-hengelle","status":"publish","type":"product","link":"https:\/\/factory.sale\/fi\/tuote\/o-2-2m-kylpytynnyri-lampopuusta-8-10-hengelle\/","title":{"rendered":"\u00d8 2.2M KYLPYTYNNYRI L\u00c4MP\u00d6PUUSTA (8-10 HENGELLE)"},"content":{"rendered":"<p><strong>Tuotekoodi:<\/strong> HT22001<\/p>\n<p>Rentoudu ylellisess\u00e4 l\u00e4mp\u00f6puusta valmistetussa \u00d8 2.2m kylpytynnyriss\u00e4. T\u00e4m\u00e4 hienoimmasta l\u00e4mp\u00f6puusta valmistettu kylpytynnyri tarjoaa sek\u00e4 tyyli\u00e4 ett\u00e4 mukavuutta. Kylpytynnyrin halkaisija on 2.2 metri\u00e4, siihen mahtuu jopa 8-10 henkil\u00f6\u00e4. Puinen rakenne ei ole vain kaunis, vaan my\u00f6s kest\u00e4v\u00e4, mik\u00e4 varmistaa, ett\u00e4 kylpytynnyrisi kest\u00e4\u00e4 vuosia. \u00c4l\u00e4 tyydy v\u00e4hemp\u00e4\u00e4n, hemmottele itse\u00e4si ja vaihda \u00d8 2.2m l\u00e4mp\u00f6puu- kylpytynnyriin t\u00e4n\u00e4\u00e4n.<br \/>\nJos rakastat luonnonpuuta, t\u00e4m\u00e4 tuote sopii sinulle parhaiten. Tavoitteenamme on tarjota luonnontuotteita ja niiden tarjoamaa kokemusta vihre\u00e4ss\u00e4 ymp\u00e4rist\u00f6ss\u00e4. Puisessa kylpytynnyriss\u00e4 kylpeminen tuntuu miellytt\u00e4v\u00e4lt\u00e4 ja luontoyst\u00e4v\u00e4lliselt\u00e4. Puiset kylpytynnyrimme voidaan valmistaa kuusesta tai l\u00e4mp\u00f6puusta. Kylpytynnyrin vakiosyvyys on 95 cm, lattian ja sivuseinien<br \/>\npaksuus 38 mm. Kaikki kylpytynnyriss\u00e4 k\u00e4ytetyt ruuvit on valmistettu ruostumattomasta ter\u00e4ksest\u00e4.\u00a0Kylpytynnyrin sis\u00e4ll\u00e4 oleva kamiina ja penkit on kiinnitetty seiniin, joten kylpytynnyri on helppo puhdistaa\u00a0k\u00e4yt\u00f6n j\u00e4lkeen. Saatavilla on my\u00f6s ulkoisella puul\u00e4mmitteisell\u00e4 kamiinalla varustettuja malleja, joihin\u00a0mahtuu enemm\u00e4n ihmisi\u00e4. Ulkopuolisessa l\u00e4mmittimiss\u00e4 voi olla pieni lasi-ikkuna ovissa, jotta se n\u00e4ytt\u00e4\u00e4\u00a0miellytt\u00e4v\u00e4mm\u00e4lt\u00e4. Kylpytynnyriss\u00e4 on vedenpoistoventtiili, jossa on letkuliitin, joten kylpytynnyri voidaan\u00a0tyhjent\u00e4\u00e4 milloin haluat.<br \/>\n2.2 m kylpytynnyri \u2013 8 hengelle tai 10 hengelle, jos kylpytynnyriss\u00e4 on ulkoinen kamiina.<\/p>\n<p>&nbsp;<\/p>\n<p><strong>TEKNISET TIEDOT<\/strong><\/p>\n<p>\u25cf 8-10 hengelle<br \/>\n\u25cf L\u00e4mp\u00f6puu<\/p>\n<p>\u25cf Py\u00f6re\u00e4 muoto<br \/>\n\u25cf Kokonaiskorkeus 1045 mm<br \/>\n\u25cf Lattian paksuus 38 mm<br \/>\n\u25cf Sein\u00e4n paksuus 38 mm<\/p>\n<p>&nbsp;<\/p>\n<p><strong>VAKIOSETTI<\/strong><\/p>\n<p>\u25cf L\u00e4mp\u00f6puusta valmistettu kylpytynnyri<br \/>\n\u25cf Kiristimet ruostumattomasta ter\u00e4ksest\u00e4;<br \/>\n\u25cf Ruostumattomasta ter\u00e4ksest\u00e4 valmistettu kamiina savuputkella (kylpytynnyrin sis\u00e4- tai\u00a0ulkopuolella);<br \/>\n\u25cf Puiset penkit;<br \/>\n\u25cf Turva-aita kylpytynnyreille, joiden kamiina on sis\u00e4puolella;<br \/>\n\u25cf Vedenpoistoventtiili;<br \/>\n\u25cf Portaat.<\/p>\n<p>&nbsp;<\/p>\n<p><strong>Kamiina ja savuputki:<\/strong><\/p>\n<p>\u25cf Kylpytynnyrin sis\u00e4puolella oleva suuri kamiina 304 ruostumattomasta ter\u00e4ksest\u00e4 (vakio)<br \/>\n\u25cf Kylpytynnyrin ulkopuolella oleva py\u00f6re\u00e4 kamiina 304 ruostumattomasta ter\u00e4ksest\u00e4 + 125 EUR.<br \/>\n\u25cf Kylpytynnyrin ulkopuolella oleva py\u00f6re\u00e4 kamiina 316 ruostumattomasta ter\u00e4ksest\u00e4 + 225 EUR.<br \/>\n\u25cf Kylpytynnyrin ulkopuolella oleva kahdeksankulmion muotoinen kamiina, 304 ruostumattomasta\u00a0ter\u00e4ksest\u00e4 + 225 EUR<br \/>\n\u25cf Kylpytynnyrin ulkopuolella oleva kahdeksankulmion muotoinen kamiina, 316 ruostumattomasta\u00a0ter\u00e4ksest\u00e4 + 325 EUR<\/p>\n<p>&nbsp;<\/p>\n<p>&nbsp;<\/p>\n<p><strong>Tuotteen pakkaus:<\/strong><\/p>\n<p>\u25cf KIT-versio (alhaisemmat toimituskulut).<br \/>\n\u25cf Voit tilata tuotteen koottuna 100 euron lis\u00e4hintaan.<\/p>\n<p>&nbsp;<\/p>\n<p><strong>Portaat:<\/strong><\/p>\n<p>\u25cf 3 askelmaa kuusesta (vakio)<br \/>\n\u25cf 2 askelmaa kuusesta + 10 euroa<\/p>\n<p>Sivulautojen paksuus: 38 mm<\/p>\n<p>&nbsp;<\/p>\n<p><strong>Savuputken turva-aita:<\/strong><\/p>\n<p>\u25cf Puinen turva-aita +90 EUR<\/p>\n<p>&nbsp;<\/p>\n<p><strong>Peite:<\/strong><\/p>\n<p>\u25cf Teltan suojapeite + 95<br \/>\n\u25cf Puukansi kuusesta + 115 EUR<br \/>\n\u25cf Puukansi kuusesta kyll\u00e4stetty \u201cRemmers\u201d v\u00e4rill\u00e4 + 135 EUR<\/p>\n<p>&nbsp;<\/p>\n<p><strong>Lis\u00e4vaihtoehtoja:<\/strong><\/p>\n<p>\u25cf Pulloteline kuusesta +45 EUR<br \/>\n\u25cf Vesil\u00e4mp\u00f6mittari +40 euroa<\/p>\n<p>&nbsp;<\/p>\n<p>&nbsp;<\/p>\n<p><strong>TOIMITUS<\/strong><\/p>\n<p>Kokoamisaika 6 tuntia<br \/>\nLavojen koko (PxLxK) 2.2 x 1.2 x 0.7 m<br \/>\nPaino: 350 kg<br \/>\nVoimme toimittaa valmiiksi kootut kylpytynnyrit tai kokoamatta lavalle pakatut (KIT) kylpytynnyrit\u00a0yksityiskohtaisten asennusohjeiden ja piirustusten kanssa. Yksi henkil\u00f6 voi helposti koota kylpytynnyrin 6\u00a0tunnissa riippuen sen koosta.<br \/>\nHalkaisijaltaan 2.2 kootun rahdin koko (P x L x K): 2.4 x 1.2 x 2.5 m.<br \/>\nVoimme lastata 50 kpl KIT kylpytynnyreit\u00e4 tavalliseen 13,6 m kuorma-autoon.<br \/>\n\u25cf Kootun rahdin koko (P x L x K): 2.3 x 1.2 x 2.4 m, KIT rahdin koko (P x L x K): 2.2 x 1.2 x 0.6 m.\u00a0Paino: 300 kg<\/p>\n<p>&nbsp;<\/p>\n<p><strong>KYLL\u00c4ST\u00c4MINEN V\u00c4RILL\u00c4 (+120 Eur) V\u00e4rikartta l\u00f6ytyy kuvien alta.<\/strong><\/p>\n<p><strong>PETSI | MAALI<\/strong><\/p>\n<p><strong>Millaista maalia minun pit\u00e4isi k\u00e4ytt\u00e4\u00e4?<\/strong><\/p>\n<p>Asianmukainen v\u00e4rj\u00e4ys ja kyll\u00e4stys on yksi t\u00e4rkeimmist\u00e4 asioista, joka on otettava huomioon, kun mietit\u00e4\u00e4n,\u00a0kuinka pident\u00e4\u00e4 tuotteesi k\u00e4ytt\u00f6ik\u00e4\u00e4. Maali ja luonnollinen puun viimeistely korostavat v\u00e4litt\u00f6m\u00e4sti\u00a0tuotteesi ulkon\u00e4k\u00f6\u00e4. Sinun on p\u00e4\u00e4tett\u00e4v\u00e4, haluatko k\u00e4ytt\u00e4\u00e4 vesiohenteista puupetsi\u00e4 vai maalia. Molemmat\u00a0tarjoavat tuotteelle UV-suojan. Puupetsit antavat puun rakenteen n\u00e4ky\u00e4 l\u00e4pi ja monet niist\u00e4 on nyt\u00a0saatavilla laajassa v\u00e4rivalikoimassa, maalit antavat sinulle voimakkaan v\u00e4rin, mutta peitt\u00e4v\u00e4t puun syyt ja\u00a0rakenteen.<\/p>\n<p>&nbsp;<\/p>\n<p>*Kun kyseess\u00e4 on puisen kylpytynnyrin kyll\u00e4st\u00e4minen suosittelemme valitsemaan puupetsi -v\u00e4reist\u00e4!<\/p>\n<p>Sivustolla n\u00e4kyv\u00e4t v\u00e4rit eiv\u00e4t aina vastaa 100 % v\u00e4ri\u00e4, jonka saat. Puumateriaalin v\u00e4ri vaikuttaa lopulliseen\u00a0v\u00e4riin.<br \/>\nKaikki esitetyt kuvat ovat vain havainnollistavia. Todellinen tuote voi vaihdella valituista\u00a0lis\u00e4varusteista tai tuotteen parannuksista riippuen.<\/p>\n","protected":false},"excerpt":{"rendered":"<p>Rentoudu ylellisess\u00e4 l\u00e4mp\u00f6puusta valmistetussa \u00d8 2.2m kylpytynnyriss\u00e4. T\u00e4m\u00e4 hienoimmasta l\u00e4mp\u00f6puusta valmistettu kylpytynnyri tarjoaa sek\u00e4 tyyli\u00e4 ett\u00e4 mukavuutta. Kylpytynnyrin halkaisija on 2.2 metri\u00e4, siihen mahtuu jopa 8-10 henkil\u00f6\u00e4. Puinen rakenne ei ole vain kaunis, vaan my\u00f6s kest\u00e4v\u00e4, mik\u00e4 varmistaa, ett\u00e4 kylpytynnyrisi kest\u00e4\u00e4 vuosia. \u00c4l\u00e4 tyydy v\u00e4hemp\u00e4\u00e4n, hemmottele itse\u00e4si ja vaihda \u00d8 2.2m l\u00e4mp\u00f6puu- kylpytynnyriin t\u00e4n\u00e4\u00e4n.<br \/>\nJos rakastat luonnonpuuta, t\u00e4m\u00e4 tuote sopii sinulle parhaiten, tavoitteenamme on tarjota luonnontuotteita\u00a0ja niiden tarjoamaa kokemusta vihre\u00e4ss\u00e4 ymp\u00e4rist\u00f6ss\u00e4.<\/p>\n","protected":false},"featured_media":22365,"comment_status":"open","ping_status":"closed","template":"","meta":{"_acf_changed":false},"factory":[],"free-shipment":[],"product_brand":[],"product_cat":[2210,2594],"product_tag":[],"class_list":{"0":"post-25765","1":"product","2":"type-product","3":"status-publish","4":"has-post-thumbnail","6":"product_cat-kylpytynnyrit","7":"product_cat-puiset-kylpytynnyrit","9":"first","10":"instock","11":"sale","12":"taxable","13":"shipping-taxable","14":"purchasable","15":"product-type-simple"},"acf":[],"_links":{"self":[{"href":"https:\/\/factory.sale\/fi\/wp-json\/wp\/v2\/product\/25765","targetHints":{"allow":["GET"]}}],"collection":[{"href":"https:\/\/factory.sale\/fi\/wp-json\/wp\/v2\/product"}],"about":[{"href":"https:\/\/factory.sale\/fi\/wp-json\/wp\/v2\/types\/product"}],"replies":[{"embeddable":true,"href":"https:\/\/factory.sale\/fi\/wp-json\/wp\/v2\/comments?post=25765"}],"wp:featuredmedia":[{"embeddable":true,"href":"https:\/\/factory.sale\/fi\/wp-json\/wp\/v2\/media\/22365"}],"wp:attachment":[{"href":"https:\/\/factory.sale\/fi\/wp-json\/wp\/v2\/media?parent=25765"}],"wp:term":[{"taxonomy":"factory","embeddable":true,"href":"https:\/\/factory.sale\/fi\/wp-json\/wp\/v2\/factory?post=25765"},{"taxonomy":"free-shipment","embeddable":true,"href":"https:\/\/factory.sale\/fi\/wp-json\/wp\/v2\/free-shipment?post=25765"},{"taxonomy":"product_brand","embeddable":true,"href":"https:\/\/factory.sale\/fi\/wp-json\/wp\/v2\/product_brand?post=25765"},{"taxonomy":"product_cat","embeddable":true,"href":"https:\/\/factory.sale\/fi\/wp-json\/wp\/v2\/product_cat?post=25765"},{"taxonomy":"product_tag","embeddable":true,"href":"https:\/\/factory.sale\/fi\/wp-json\/wp\/v2\/product_tag?post=25765"}],"curies":[{"name":"wp","href":"https:\/\/api.w.org\/{rel}","templated":true}]}}